{"id":3029,"date":"2021-10-04T10:26:10","date_gmt":"2021-10-04T07:26:10","guid":{"rendered":"https:\/\/reviva.fi\/product\/andox\/"},"modified":"2026-01-29T10:13:51","modified_gmt":"2026-01-29T08:13:51","slug":"andox","status":"publish","type":"product","link":"https:\/\/reviva.fi\/fi\/tuote\/andox\/","title":{"rendered":"Andox &#8211; Fytoravinteita marjoista ja yrteist\u00e4"},"content":{"rendered":"<p><strong>Andox, Marja- ja yrttiuute<\/strong><\/p>\n<p><span style=\"font-weight: 400;\">Andox\u00ae on yhdistelm\u00e4uute marjoista ja yrteist\u00e4 jotka perustuvat laajakirjoiseen periaatteeseen. Ainutlaatuinen <\/span>Andox\u00ae-koostumus tarjoaa laajan valikoiman v\u00e4ltt\u00e4m\u00e4tt\u00f6mi\u00e4 antioksidantteja.<\/p>\n<p><span class=\"Y2IQFc\" lang=\"fi\">Antioksidantit ovat kehon luonnollinen suoja reaktiivisia happilajeja, kuten vapaita radikaaleja, vastaan. Keho tuottaa useita entsyymej\u00e4, jotka toimivat antioksidantteina. Ne toimivat est\u00e4m\u00e4ll\u00e4, neutraloimalla ja korjaamalla vaurioita, jotka aiheutuvat liiallisesta reaktiivisesta happilajista kehossa. <\/span><\/p>\n<p><strong><span class=\"Y2IQFc\" lang=\"fi\">Antioksidantit suojaavat soluja.\u00a0 <\/span><\/strong><\/p>\n<p><span class=\"Y2IQFc\" lang=\"fi\">Voimme saada kehoon liikaa vapaita radikaaleja stressin, infektioiden, s\u00e4teilyn, auringonoton ja jopa tupakansavun takia. Tutkimukset osoittavat my\u00f6s, ett\u00e4 vapaat radikaalit voivat vaikuttaa ik\u00e4\u00e4ntymisprosessiin. Siksi antioksidantit ovat v\u00e4ltt\u00e4m\u00e4tt\u00f6mi\u00e4 n\u00e4iden prosessien torjumiseksi. <\/span><\/p>\n<p>&nbsp;<\/p>\n","protected":false},"excerpt":{"rendered":"<p>Fytoravinteita marjoista ja yrteist\u00e4.<\/p>\n<p><strong>150 kapselia<\/strong><\/p>\n","protected":false},"featured_media":13366,"comment_status":"open","ping_status":"closed","template":"","meta":{"_acf_changed":false,"inline_featured_image":false,"_kad_blocks_custom_css":"","_kad_blocks_head_custom_js":"","_kad_blocks_body_custom_js":"","_kad_blocks_footer_custom_js":"","_kadence_starter_templates_imported_post":false,"_kad_post_transparent":"default","_kad_post_title":"","_kad_post_layout":"default","_kad_post_sidebar_id":"","_kad_post_content_style":"default","_kad_post_vertical_padding":"default","_kad_post_feature":"","_kad_post_feature_position":"","_kad_post_header":false,"_kad_post_footer":false},"product_brand":[],"product_cat":[141,5978,5982,2357],"product_tag":[1062,2936,1643,1615,1253],"class_list":{"0":"post-3029","1":"product","2":"type-product","3":"status-publish","4":"has-post-thumbnail","6":"product_cat-orter-fi","7":"product_cat-multi-produkter-fi","8":"product_cat-multi-nutrient-fi","9":"product_cat-immunforsvar-fi","10":"product_tag-amalgaamivaurioita","11":"product_tag-antioksidantit","12":"product_tag-sahkoinen-yliherkkyys","13":"product_tag-uupumus-vasymys","14":"product_tag-vapaat-radikaalit","16":"first","17":"instock","18":"taxable","19":"shipping-taxable","20":"purchasable","21":"product-type-simple","22":"entry","23":"content-bg","24":"loop-entry"},"acf":[],"yoast_head":"<!-- This site is optimized with the Yoast SEO plugin v25.8 - https:\/\/yoast.com\/wordpress\/plugins\/seo\/ -->\n<title>Andox - Fytoravinteita marjoista ja yrteist\u00e4 - Reviva<\/title>\n<meta name=\"description\" content=\"Andox - marja- ja yrttiuute, on t\u00e4ynn\u00e4 antioksidantteja jotka auttavat suojaamaan kehoa vapailta radikaaleilta sek\u00e4 tukevat yleist\u00e4 hyvinvointia.\" \/>\n<meta name=\"robots\" content=\"index, follow, max-snippet:-1, max-image-preview:large, max-video-preview:-1\" \/>\n<link rel=\"canonical\" href=\"https:\/\/reviva.fi\/fi\/tuote\/andox\/\" \/>\n<meta property=\"og:locale\" content=\"fi_FI\" \/>\n<meta property=\"og:type\" content=\"article\" \/>\n<meta property=\"og:title\" content=\"Andox - Fytoravinteita marjoista ja yrteist\u00e4 - Reviva\" \/>\n<meta property=\"og:description\" content=\"Andox - marja- ja yrttiuute, on t\u00e4ynn\u00e4 antioksidantteja jotka auttavat suojaamaan kehoa vapailta radikaaleilta sek\u00e4 tukevat yleist\u00e4 hyvinvointia.\" \/>\n<meta property=\"og:url\" content=\"https:\/\/reviva.fi\/fi\/tuote\/andox\/\" \/>\n<meta property=\"og:site_name\" content=\"Reviva\" \/>\n<meta property=\"article:modified_time\" content=\"2026-01-29T08:13:51+00:00\" \/>\n<meta property=\"og:image\" content=\"https:\/\/reviva.fi\/wp-content\/uploads\/2021\/10\/Andox-471-Photoroom-e1765958687737.png\" \/>\n\t<meta property=\"og:image:width\" content=\"2000\" \/>\n\t<meta property=\"og:image:height\" content=\"1333\" \/>\n\t<meta property=\"og:image:type\" content=\"image\/png\" \/>\n<meta name=\"twitter:card\" content=\"summary_large_image\" \/>\n<script type=\"application\/ld+json\" class=\"yoast-schema-graph\">{\"@context\":\"https:\/\/schema.org\",\"@graph\":[{\"@type\":\"WebPage\",\"@id\":\"https:\/\/reviva.fi\/fi\/tuote\/andox\/\",\"url\":\"https:\/\/reviva.fi\/fi\/tuote\/andox\/\",\"name\":\"Andox - Fytoravinteita marjoista ja yrteist\u00e4 - Reviva\",\"isPartOf\":{\"@id\":\"https:\/\/reviva.fi\/fi\/#website\"},\"primaryImageOfPage\":{\"@id\":\"https:\/\/reviva.fi\/fi\/tuote\/andox\/#primaryimage\"},\"image\":{\"@id\":\"https:\/\/reviva.fi\/fi\/tuote\/andox\/#primaryimage\"},\"thumbnailUrl\":\"https:\/\/reviva.fi\/wp-content\/uploads\/2021\/10\/Andox-471-Photoroom-e1765958687737.png\",\"datePublished\":\"2021-10-04T07:26:10+00:00\",\"dateModified\":\"2026-01-29T08:13:51+00:00\",\"description\":\"Andox - marja- ja yrttiuute, on t\u00e4ynn\u00e4 antioksidantteja jotka auttavat suojaamaan kehoa vapailta radikaaleilta sek\u00e4 tukevat yleist\u00e4 hyvinvointia.\",\"breadcrumb\":{\"@id\":\"https:\/\/reviva.fi\/fi\/tuote\/andox\/#breadcrumb\"},\"inLanguage\":\"fi\",\"potentialAction\":[{\"@type\":\"ReadAction\",\"target\":[\"https:\/\/reviva.fi\/fi\/tuote\/andox\/\"]}]},{\"@type\":\"ImageObject\",\"inLanguage\":\"fi\",\"@id\":\"https:\/\/reviva.fi\/fi\/tuote\/andox\/#primaryimage\",\"url\":\"https:\/\/reviva.fi\/wp-content\/uploads\/2021\/10\/Andox-471-Photoroom-e1765958687737.png\",\"contentUrl\":\"https:\/\/reviva.fi\/wp-content\/uploads\/2021\/10\/Andox-471-Photoroom-e1765958687737.png\",\"width\":2000,\"height\":1333,\"caption\":\"Andox\"},{\"@type\":\"BreadcrumbList\",\"@id\":\"https:\/\/reviva.fi\/fi\/tuote\/andox\/#breadcrumb\",\"itemListElement\":[{\"@type\":\"ListItem\",\"position\":1,\"name\":\"Etusivu\",\"item\":\"https:\/\/reviva.fi\/fi\/\"},{\"@type\":\"ListItem\",\"position\":2,\"name\":\"Tuotteet\",\"item\":\"https:\/\/reviva.fi\/produkter\/\"},{\"@type\":\"ListItem\",\"position\":3,\"name\":\"Andox &#8211; Fytoravinteita marjoista ja yrteist\u00e4\"}]},{\"@type\":\"WebSite\",\"@id\":\"https:\/\/reviva.fi\/fi\/#website\",\"url\":\"https:\/\/reviva.fi\/fi\/\",\"name\":\"Reviva\",\"description\":\"\",\"publisher\":{\"@id\":\"https:\/\/reviva.fi\/fi\/#organization\"},\"potentialAction\":[{\"@type\":\"SearchAction\",\"target\":{\"@type\":\"EntryPoint\",\"urlTemplate\":\"https:\/\/reviva.fi\/fi\/?s={search_term_string}\"},\"query-input\":{\"@type\":\"PropertyValueSpecification\",\"valueRequired\":true,\"valueName\":\"search_term_string\"}}],\"inLanguage\":\"fi\"},{\"@type\":\"Organization\",\"@id\":\"https:\/\/reviva.fi\/fi\/#organization\",\"name\":\"Reviva\",\"url\":\"https:\/\/reviva.fi\/fi\/\",\"logo\":{\"@type\":\"ImageObject\",\"inLanguage\":\"fi\",\"@id\":\"https:\/\/reviva.fi\/fi\/#\/schema\/logo\/image\/\",\"url\":\"https:\/\/reviva.fi\/wp-content\/uploads\/2023\/10\/reviva-logo2.svg\",\"contentUrl\":\"https:\/\/reviva.fi\/wp-content\/uploads\/2023\/10\/reviva-logo2.svg\",\"caption\":\"Reviva\"},\"image\":{\"@id\":\"https:\/\/reviva.fi\/fi\/#\/schema\/logo\/image\/\"}}]}<\/script>\n<meta property=\"product:price:amount\" content=\"52.35\" \/>\n<meta property=\"product:price:currency\" content=\"EUR\" \/>\n<meta property=\"og:availability\" content=\"instock\" \/>\n<meta property=\"product:availability\" content=\"instock\" \/>\n<meta property=\"product:retailer_item_id\" content=\"471\" \/>\n<meta property=\"product:condition\" content=\"new\" \/>\n<!-- \/ Yoast SEO plugin. -->","yoast_head_json":{"title":"Andox - Fytoravinteita marjoista ja yrteist\u00e4 - Reviva","description":"Andox - marja- ja yrttiuute, on t\u00e4ynn\u00e4 antioksidantteja jotka auttavat suojaamaan kehoa vapailta radikaaleilta sek\u00e4 tukevat yleist\u00e4 hyvinvointia.","robots":{"index":"index","follow":"follow","max-snippet":"max-snippet:-1","max-image-preview":"max-image-preview:large","max-video-preview":"max-video-preview:-1"},"canonical":"https:\/\/reviva.fi\/fi\/tuote\/andox\/","og_locale":"fi_FI","og_type":"article","og_title":"Andox - Fytoravinteita marjoista ja yrteist\u00e4 - Reviva","og_description":"Andox - marja- ja yrttiuute, on t\u00e4ynn\u00e4 antioksidantteja jotka auttavat suojaamaan kehoa vapailta radikaaleilta sek\u00e4 tukevat yleist\u00e4 hyvinvointia.","og_url":"https:\/\/reviva.fi\/fi\/tuote\/andox\/","og_site_name":"Reviva","article_modified_time":"2026-01-29T08:13:51+00:00","og_image":[{"width":2000,"height":1333,"url":"https:\/\/reviva.fi\/wp-content\/uploads\/2021\/10\/Andox-471-Photoroom-e1765958687737.png","type":"image\/png"}],"twitter_card":"summary_large_image","schema":{"@context":"https:\/\/schema.org","@graph":[{"@type":"WebPage","@id":"https:\/\/reviva.fi\/fi\/tuote\/andox\/","url":"https:\/\/reviva.fi\/fi\/tuote\/andox\/","name":"Andox - Fytoravinteita marjoista ja yrteist\u00e4 - Reviva","isPartOf":{"@id":"https:\/\/reviva.fi\/fi\/#website"},"primaryImageOfPage":{"@id":"https:\/\/reviva.fi\/fi\/tuote\/andox\/#primaryimage"},"image":{"@id":"https:\/\/reviva.fi\/fi\/tuote\/andox\/#primaryimage"},"thumbnailUrl":"https:\/\/reviva.fi\/wp-content\/uploads\/2021\/10\/Andox-471-Photoroom-e1765958687737.png","datePublished":"2021-10-04T07:26:10+00:00","dateModified":"2026-01-29T08:13:51+00:00","description":"Andox - marja- ja yrttiuute, on t\u00e4ynn\u00e4 antioksidantteja jotka auttavat suojaamaan kehoa vapailta radikaaleilta sek\u00e4 tukevat yleist\u00e4 hyvinvointia.","breadcrumb":{"@id":"https:\/\/reviva.fi\/fi\/tuote\/andox\/#breadcrumb"},"inLanguage":"fi","potentialAction":[{"@type":"ReadAction","target":["https:\/\/reviva.fi\/fi\/tuote\/andox\/"]}]},{"@type":"ImageObject","inLanguage":"fi","@id":"https:\/\/reviva.fi\/fi\/tuote\/andox\/#primaryimage","url":"https:\/\/reviva.fi\/wp-content\/uploads\/2021\/10\/Andox-471-Photoroom-e1765958687737.png","contentUrl":"https:\/\/reviva.fi\/wp-content\/uploads\/2021\/10\/Andox-471-Photoroom-e1765958687737.png","width":2000,"height":1333,"caption":"Andox"},{"@type":"BreadcrumbList","@id":"https:\/\/reviva.fi\/fi\/tuote\/andox\/#breadcrumb","itemListElement":[{"@type":"ListItem","position":1,"name":"Etusivu","item":"https:\/\/reviva.fi\/fi\/"},{"@type":"ListItem","position":2,"name":"Tuotteet","item":"https:\/\/reviva.fi\/produkter\/"},{"@type":"ListItem","position":3,"name":"Andox &#8211; Fytoravinteita marjoista ja yrteist\u00e4"}]},{"@type":"WebSite","@id":"https:\/\/reviva.fi\/fi\/#website","url":"https:\/\/reviva.fi\/fi\/","name":"Reviva","description":"","publisher":{"@id":"https:\/\/reviva.fi\/fi\/#organization"},"potentialAction":[{"@type":"SearchAction","target":{"@type":"EntryPoint","urlTemplate":"https:\/\/reviva.fi\/fi\/?s={search_term_string}"},"query-input":{"@type":"PropertyValueSpecification","valueRequired":true,"valueName":"search_term_string"}}],"inLanguage":"fi"},{"@type":"Organization","@id":"https:\/\/reviva.fi\/fi\/#organization","name":"Reviva","url":"https:\/\/reviva.fi\/fi\/","logo":{"@type":"ImageObject","inLanguage":"fi","@id":"https:\/\/reviva.fi\/fi\/#\/schema\/logo\/image\/","url":"https:\/\/reviva.fi\/wp-content\/uploads\/2023\/10\/reviva-logo2.svg","contentUrl":"https:\/\/reviva.fi\/wp-content\/uploads\/2023\/10\/reviva-logo2.svg","caption":"Reviva"},"image":{"@id":"https:\/\/reviva.fi\/fi\/#\/schema\/logo\/image\/"}}]},"product_price_amount":"52.35","product_price_currency":"EUR","og_availability":"instock","product_availability":"instock","product_retailer_item_id":"471","product_condition":"new"},"taxonomy_info":{"product_cat":[{"value":141,"label":"Yrtit"},{"value":5978,"label":"Multi tuotteet"},{"value":5982,"label":"Multi Nutrient"},{"value":2357,"label":"Immuunipuolustus"}],"product_tag":[{"value":1062,"label":"Amalgaamivaurioita"},{"value":2936,"label":"Antioksidantit"},{"value":1643,"label":"s\u00e4hk\u00f6inen yliherkkyys"},{"value":1615,"label":"uupumus v\u00e4symys"},{"value":1253,"label":"vapaat radikaalit"}]},"featured_image_src_large":["https:\/\/reviva.fi\/wp-content\/uploads\/2021\/10\/Andox-471-Photoroom-1024x682.png",1024,682,true],"author_info":[],"comment_info":0,"_links":{"self":[{"href":"https:\/\/reviva.fi\/fi\/wp-json\/wp\/v2\/product\/3029","targetHints":{"allow":["GET"]}}],"collection":[{"href":"https:\/\/reviva.fi\/fi\/wp-json\/wp\/v2\/product"}],"about":[{"href":"https:\/\/reviva.fi\/fi\/wp-json\/wp\/v2\/types\/product"}],"replies":[{"embeddable":true,"href":"https:\/\/reviva.fi\/fi\/wp-json\/wp\/v2\/comments?post=3029"}],"wp:featuredmedia":[{"embeddable":true,"href":"https:\/\/reviva.fi\/fi\/wp-json\/wp\/v2\/media\/13366"}],"wp:attachment":[{"href":"https:\/\/reviva.fi\/fi\/wp-json\/wp\/v2\/media?parent=3029"}],"wp:term":[{"taxonomy":"product_brand","embeddable":true,"href":"https:\/\/reviva.fi\/fi\/wp-json\/wp\/v2\/product_brand?post=3029"},{"taxonomy":"product_cat","embeddable":true,"href":"https:\/\/reviva.fi\/fi\/wp-json\/wp\/v2\/product_cat?post=3029"},{"taxonomy":"product_tag","embeddable":true,"href":"https:\/\/reviva.fi\/fi\/wp-json\/wp\/v2\/product_tag?post=3029"}],"curies":[{"name":"wp","href":"https:\/\/api.w.org\/{rel}","templated":true}]}}