{"id":4093,"date":"2022-09-23T08:53:05","date_gmt":"2022-09-23T05:53:05","guid":{"rendered":"https:\/\/reviva.fi\/product\/cordyceps\/"},"modified":"2026-01-29T15:49:41","modified_gmt":"2026-01-29T13:49:41","slug":"cordyceps","status":"publish","type":"product","link":"https:\/\/reviva.fi\/fi\/tuote\/cordyceps\/","title":{"rendered":"Cordyceps &#8211; Kiinanloisikka"},"content":{"rendered":"<p data-start=\"0\" data-end=\"97\"><strong data-start=\"0\" data-end=\"13\">Cordyceps<\/strong> on ascomycetes-sieniin (pussisienet) kuuluva suku, johon kuuluu noin 600 eri lajia.<\/p>\n<p data-start=\"99\" data-end=\"170\">Cordycepsi\u00e4 k\u00e4ytet\u00e4\u00e4n energian, kest\u00e4vyyden ja palautumisen tukemiseen.<\/p>\n<ul data-start=\"172\" data-end=\"599\">\n<li data-start=\"172\" data-end=\"215\">\n<p data-start=\"174\" data-end=\"215\">Voi lis\u00e4t\u00e4 energiatasoja ja kest\u00e4vyytt\u00e4<\/p>\n<\/li>\n<li data-start=\"216\" data-end=\"279\">\n<p data-start=\"218\" data-end=\"279\">Suosittu urheilijoiden keskuudessa ja v\u00e4symyksen yhteydess\u00e4<\/p>\n<\/li>\n<li data-start=\"280\" data-end=\"355\">\n<p data-start=\"282\" data-end=\"355\">Omaaa adaptogeenisia ominaisuuksia \u2192 auttaa kehoa hallitsemaan stressi\u00e4<\/p>\n<\/li>\n<li data-start=\"356\" data-end=\"399\">\n<p data-start=\"358\" data-end=\"399\">Tukee tasapainoista immuunij\u00e4rjestelm\u00e4\u00e4<\/p>\n<\/li>\n<li data-start=\"400\" data-end=\"437\">\n<p data-start=\"402\" data-end=\"437\">Voi edist\u00e4\u00e4 parempaa verenkiertoa<\/p>\n<\/li>\n<li data-start=\"438\" data-end=\"533\">\n<p data-start=\"440\" data-end=\"533\">K\u00e4ytetty perinteisesti libidon ja elinvoimaisuuden tukemiseen (sek\u00e4 miehill\u00e4 ett\u00e4 naisilla)<\/p>\n<\/li>\n<li data-start=\"534\" data-end=\"599\">\n<p data-start=\"536\" data-end=\"599\">Voi parantaa henkist\u00e4 selkeytt\u00e4 ja v\u00e4hent\u00e4\u00e4 uupumuksen tunnetta<\/p>\n<\/li>\n<\/ul>\n","protected":false},"excerpt":{"rendered":"<p><strong data-start=\"0\" data-end=\"13\">Cordyceps<\/strong> on luonnollinen sieni, jota ihmiset ovat k\u00e4ytt\u00e4neet vuosisatojen ajan. Se on tullut suosituksi mahdollisten terveyshy\u00f6tyjens\u00e4 ansiosta. Cordycepsi\u00e4 k\u00e4ytt\u00e4v\u00e4t henkil\u00f6t voivat kokea lis\u00e4\u00e4ntynytt\u00e4 energiatasoa ja parantunutta kest\u00e4vyytt\u00e4. T\u00e4ll\u00e4 sienell\u00e4 voi olla my\u00f6s my\u00f6nteisi\u00e4 vaikutuksia immuunij\u00e4rjestelm\u00e4\u00e4n.<\/p>\n<p><strong>50 grammaa<\/strong><\/p>\n","protected":false},"featured_media":9714,"comment_status":"closed","ping_status":"closed","template":"","meta":{"_acf_changed":false,"inline_featured_image":false,"_kad_blocks_custom_css":"","_kad_blocks_head_custom_js":"","_kad_blocks_body_custom_js":"","_kad_blocks_footer_custom_js":"","_kadence_starter_templates_imported_post":false,"_kad_post_transparent":"default","_kad_post_title":"","_kad_post_layout":"default","_kad_post_sidebar_id":"","_kad_post_content_style":"default","_kad_post_vertical_padding":"default","_kad_post_feature":"","_kad_post_feature_position":"","_kad_post_header":false,"_kad_post_footer":false},"product_brand":[],"product_cat":[141,2454,2357],"product_tag":[],"class_list":{"0":"post-4093","1":"product","2":"type-product","3":"status-publish","4":"has-post-thumbnail","6":"product_cat-orter-fi","7":"product_cat-evp-nutrition-fi","8":"product_cat-immunforsvar-fi","10":"first","11":"instock","12":"taxable","13":"shipping-taxable","14":"purchasable","15":"product-type-simple","16":"entry","17":"content-bg","18":"loop-entry"},"acf":[],"yoast_head":"<!-- This site is optimized with the Yoast SEO plugin v25.8 - https:\/\/yoast.com\/wordpress\/plugins\/seo\/ -->\n<title>Cordyceps - Kiinanloisikka - Reviva<\/title>\n<meta name=\"robots\" content=\"index, follow, max-snippet:-1, max-image-preview:large, max-video-preview:-1\" \/>\n<link rel=\"canonical\" href=\"https:\/\/reviva.fi\/fi\/tuote\/cordyceps\/\" \/>\n<meta property=\"og:locale\" content=\"fi_FI\" \/>\n<meta property=\"og:type\" content=\"article\" \/>\n<meta property=\"og:title\" content=\"Cordyceps - Kiinanloisikka - Reviva\" \/>\n<meta property=\"og:description\" content=\"Cordyceps on luonnollinen sieni, jota ihmiset ovat k\u00e4ytt\u00e4neet vuosisatojen ajan. Se on tullut suosituksi mahdollisten terveyshy\u00f6tyjens\u00e4 ansiosta. Cordycepsi\u00e4 k\u00e4ytt\u00e4v\u00e4t henkil\u00f6t voivat kokea lis\u00e4\u00e4ntynytt\u00e4 energiatasoa ja parantunutta kest\u00e4vyytt\u00e4. T\u00e4ll\u00e4 sienell\u00e4 voi olla my\u00f6s my\u00f6nteisi\u00e4 vaikutuksia immuunij\u00e4rjestelm\u00e4\u00e4n.  50 grammaa\" \/>\n<meta property=\"og:url\" content=\"https:\/\/reviva.fi\/fi\/tuote\/cordyceps\/\" \/>\n<meta property=\"og:site_name\" content=\"Reviva\" \/>\n<meta property=\"article:modified_time\" content=\"2026-01-29T13:49:41+00:00\" \/>\n<meta property=\"og:image\" content=\"https:\/\/reviva.fi\/wp-content\/uploads\/2022\/09\/cordyceps.png\" \/>\n\t<meta property=\"og:image:width\" content=\"1000\" \/>\n\t<meta property=\"og:image:height\" content=\"838\" \/>\n\t<meta property=\"og:image:type\" content=\"image\/png\" \/>\n<meta name=\"twitter:card\" content=\"summary_large_image\" \/>\n<script type=\"application\/ld+json\" class=\"yoast-schema-graph\">{\"@context\":\"https:\/\/schema.org\",\"@graph\":[{\"@type\":\"WebPage\",\"@id\":\"https:\/\/reviva.fi\/fi\/tuote\/cordyceps\/\",\"url\":\"https:\/\/reviva.fi\/fi\/tuote\/cordyceps\/\",\"name\":\"Cordyceps - Kiinanloisikka - Reviva\",\"isPartOf\":{\"@id\":\"https:\/\/reviva.fi\/fi\/#website\"},\"primaryImageOfPage\":{\"@id\":\"https:\/\/reviva.fi\/fi\/tuote\/cordyceps\/#primaryimage\"},\"image\":{\"@id\":\"https:\/\/reviva.fi\/fi\/tuote\/cordyceps\/#primaryimage\"},\"thumbnailUrl\":\"https:\/\/reviva.fi\/wp-content\/uploads\/2022\/09\/cordyceps.png\",\"datePublished\":\"2022-09-23T05:53:05+00:00\",\"dateModified\":\"2026-01-29T13:49:41+00:00\",\"breadcrumb\":{\"@id\":\"https:\/\/reviva.fi\/fi\/tuote\/cordyceps\/#breadcrumb\"},\"inLanguage\":\"fi\",\"potentialAction\":[{\"@type\":\"ReadAction\",\"target\":[\"https:\/\/reviva.fi\/fi\/tuote\/cordyceps\/\"]}]},{\"@type\":\"ImageObject\",\"inLanguage\":\"fi\",\"@id\":\"https:\/\/reviva.fi\/fi\/tuote\/cordyceps\/#primaryimage\",\"url\":\"https:\/\/reviva.fi\/wp-content\/uploads\/2022\/09\/cordyceps.png\",\"contentUrl\":\"https:\/\/reviva.fi\/wp-content\/uploads\/2022\/09\/cordyceps.png\",\"width\":1000,\"height\":838,\"caption\":\"Cordyceps\"},{\"@type\":\"BreadcrumbList\",\"@id\":\"https:\/\/reviva.fi\/fi\/tuote\/cordyceps\/#breadcrumb\",\"itemListElement\":[{\"@type\":\"ListItem\",\"position\":1,\"name\":\"Etusivu\",\"item\":\"https:\/\/reviva.fi\/fi\/\"},{\"@type\":\"ListItem\",\"position\":2,\"name\":\"Tuotteet\",\"item\":\"https:\/\/reviva.fi\/produkter\/\"},{\"@type\":\"ListItem\",\"position\":3,\"name\":\"Cordyceps &#8211; Kiinanloisikka\"}]},{\"@type\":\"WebSite\",\"@id\":\"https:\/\/reviva.fi\/fi\/#website\",\"url\":\"https:\/\/reviva.fi\/fi\/\",\"name\":\"Reviva\",\"description\":\"\",\"publisher\":{\"@id\":\"https:\/\/reviva.fi\/fi\/#organization\"},\"potentialAction\":[{\"@type\":\"SearchAction\",\"target\":{\"@type\":\"EntryPoint\",\"urlTemplate\":\"https:\/\/reviva.fi\/fi\/?s={search_term_string}\"},\"query-input\":{\"@type\":\"PropertyValueSpecification\",\"valueRequired\":true,\"valueName\":\"search_term_string\"}}],\"inLanguage\":\"fi\"},{\"@type\":\"Organization\",\"@id\":\"https:\/\/reviva.fi\/fi\/#organization\",\"name\":\"Reviva\",\"url\":\"https:\/\/reviva.fi\/fi\/\",\"logo\":{\"@type\":\"ImageObject\",\"inLanguage\":\"fi\",\"@id\":\"https:\/\/reviva.fi\/fi\/#\/schema\/logo\/image\/\",\"url\":\"https:\/\/reviva.fi\/wp-content\/uploads\/2023\/10\/reviva-logo2.svg\",\"contentUrl\":\"https:\/\/reviva.fi\/wp-content\/uploads\/2023\/10\/reviva-logo2.svg\",\"caption\":\"Reviva\"},\"image\":{\"@id\":\"https:\/\/reviva.fi\/fi\/#\/schema\/logo\/image\/\"}}]}<\/script>\n<meta property=\"product:price:amount\" content=\"31.45\" \/>\n<meta property=\"product:price:currency\" content=\"EUR\" \/>\n<meta property=\"og:availability\" content=\"instock\" \/>\n<meta property=\"product:availability\" content=\"instock\" \/>\n<meta property=\"product:retailer_item_id\" content=\"491\" \/>\n<meta property=\"product:condition\" content=\"new\" \/>\n<!-- \/ Yoast SEO plugin. -->","yoast_head_json":{"title":"Cordyceps - Kiinanloisikka - Reviva","robots":{"index":"index","follow":"follow","max-snippet":"max-snippet:-1","max-image-preview":"max-image-preview:large","max-video-preview":"max-video-preview:-1"},"canonical":"https:\/\/reviva.fi\/fi\/tuote\/cordyceps\/","og_locale":"fi_FI","og_type":"article","og_title":"Cordyceps - Kiinanloisikka - Reviva","og_description":"Cordyceps on luonnollinen sieni, jota ihmiset ovat k\u00e4ytt\u00e4neet vuosisatojen ajan. Se on tullut suosituksi mahdollisten terveyshy\u00f6tyjens\u00e4 ansiosta. Cordycepsi\u00e4 k\u00e4ytt\u00e4v\u00e4t henkil\u00f6t voivat kokea lis\u00e4\u00e4ntynytt\u00e4 energiatasoa ja parantunutta kest\u00e4vyytt\u00e4. T\u00e4ll\u00e4 sienell\u00e4 voi olla my\u00f6s my\u00f6nteisi\u00e4 vaikutuksia immuunij\u00e4rjestelm\u00e4\u00e4n.  50 grammaa","og_url":"https:\/\/reviva.fi\/fi\/tuote\/cordyceps\/","og_site_name":"Reviva","article_modified_time":"2026-01-29T13:49:41+00:00","og_image":[{"width":1000,"height":838,"url":"https:\/\/reviva.fi\/wp-content\/uploads\/2022\/09\/cordyceps.png","type":"image\/png"}],"twitter_card":"summary_large_image","schema":{"@context":"https:\/\/schema.org","@graph":[{"@type":"WebPage","@id":"https:\/\/reviva.fi\/fi\/tuote\/cordyceps\/","url":"https:\/\/reviva.fi\/fi\/tuote\/cordyceps\/","name":"Cordyceps - Kiinanloisikka - Reviva","isPartOf":{"@id":"https:\/\/reviva.fi\/fi\/#website"},"primaryImageOfPage":{"@id":"https:\/\/reviva.fi\/fi\/tuote\/cordyceps\/#primaryimage"},"image":{"@id":"https:\/\/reviva.fi\/fi\/tuote\/cordyceps\/#primaryimage"},"thumbnailUrl":"https:\/\/reviva.fi\/wp-content\/uploads\/2022\/09\/cordyceps.png","datePublished":"2022-09-23T05:53:05+00:00","dateModified":"2026-01-29T13:49:41+00:00","breadcrumb":{"@id":"https:\/\/reviva.fi\/fi\/tuote\/cordyceps\/#breadcrumb"},"inLanguage":"fi","potentialAction":[{"@type":"ReadAction","target":["https:\/\/reviva.fi\/fi\/tuote\/cordyceps\/"]}]},{"@type":"ImageObject","inLanguage":"fi","@id":"https:\/\/reviva.fi\/fi\/tuote\/cordyceps\/#primaryimage","url":"https:\/\/reviva.fi\/wp-content\/uploads\/2022\/09\/cordyceps.png","contentUrl":"https:\/\/reviva.fi\/wp-content\/uploads\/2022\/09\/cordyceps.png","width":1000,"height":838,"caption":"Cordyceps"},{"@type":"BreadcrumbList","@id":"https:\/\/reviva.fi\/fi\/tuote\/cordyceps\/#breadcrumb","itemListElement":[{"@type":"ListItem","position":1,"name":"Etusivu","item":"https:\/\/reviva.fi\/fi\/"},{"@type":"ListItem","position":2,"name":"Tuotteet","item":"https:\/\/reviva.fi\/produkter\/"},{"@type":"ListItem","position":3,"name":"Cordyceps &#8211; Kiinanloisikka"}]},{"@type":"WebSite","@id":"https:\/\/reviva.fi\/fi\/#website","url":"https:\/\/reviva.fi\/fi\/","name":"Reviva","description":"","publisher":{"@id":"https:\/\/reviva.fi\/fi\/#organization"},"potentialAction":[{"@type":"SearchAction","target":{"@type":"EntryPoint","urlTemplate":"https:\/\/reviva.fi\/fi\/?s={search_term_string}"},"query-input":{"@type":"PropertyValueSpecification","valueRequired":true,"valueName":"search_term_string"}}],"inLanguage":"fi"},{"@type":"Organization","@id":"https:\/\/reviva.fi\/fi\/#organization","name":"Reviva","url":"https:\/\/reviva.fi\/fi\/","logo":{"@type":"ImageObject","inLanguage":"fi","@id":"https:\/\/reviva.fi\/fi\/#\/schema\/logo\/image\/","url":"https:\/\/reviva.fi\/wp-content\/uploads\/2023\/10\/reviva-logo2.svg","contentUrl":"https:\/\/reviva.fi\/wp-content\/uploads\/2023\/10\/reviva-logo2.svg","caption":"Reviva"},"image":{"@id":"https:\/\/reviva.fi\/fi\/#\/schema\/logo\/image\/"}}]},"product_price_amount":"31.45","product_price_currency":"EUR","og_availability":"instock","product_availability":"instock","product_retailer_item_id":"491","product_condition":"new"},"taxonomy_info":{"product_cat":[{"value":141,"label":"Yrtit"},{"value":2454,"label":"EVP Nutrition"},{"value":2357,"label":"Immuunipuolustus"}]},"featured_image_src_large":["https:\/\/reviva.fi\/wp-content\/uploads\/2022\/09\/cordyceps.png",1000,838,false],"author_info":[],"comment_info":0,"_links":{"self":[{"href":"https:\/\/reviva.fi\/fi\/wp-json\/wp\/v2\/product\/4093","targetHints":{"allow":["GET"]}}],"collection":[{"href":"https:\/\/reviva.fi\/fi\/wp-json\/wp\/v2\/product"}],"about":[{"href":"https:\/\/reviva.fi\/fi\/wp-json\/wp\/v2\/types\/product"}],"replies":[{"embeddable":true,"href":"https:\/\/reviva.fi\/fi\/wp-json\/wp\/v2\/comments?post=4093"}],"wp:featuredmedia":[{"embeddable":true,"href":"https:\/\/reviva.fi\/fi\/wp-json\/wp\/v2\/media\/9714"}],"wp:attachment":[{"href":"https:\/\/reviva.fi\/fi\/wp-json\/wp\/v2\/media?parent=4093"}],"wp:term":[{"taxonomy":"product_brand","embeddable":true,"href":"https:\/\/reviva.fi\/fi\/wp-json\/wp\/v2\/product_brand?post=4093"},{"taxonomy":"product_cat","embeddable":true,"href":"https:\/\/reviva.fi\/fi\/wp-json\/wp\/v2\/product_cat?post=4093"},{"taxonomy":"product_tag","embeddable":true,"href":"https:\/\/reviva.fi\/fi\/wp-json\/wp\/v2\/product_tag?post=4093"}],"curies":[{"name":"wp","href":"https:\/\/api.w.org\/{rel}","templated":true}]}}