{"id":4176,"date":"2022-10-12T13:34:04","date_gmt":"2022-10-12T10:34:04","guid":{"rendered":"https:\/\/reviva.fi\/product\/kanadensisk-gulrot\/"},"modified":"2026-04-22T08:51:50","modified_gmt":"2026-04-22T05:51:50","slug":"kanadensisk-gulrot","status":"publish","type":"product","link":"https:\/\/reviva.fi\/fi\/tuote\/kanadensisk-gulrot\/","title":{"rendered":"Kanadan Hurmejuuri"},"content":{"rendered":"<p><strong>Kanadan Hurmejuuri<\/strong><\/p>\n<p>Kanadalainen hurmejuuri (Hydrastis canadensis), jota kutsutaan my\u00f6s goldenseal- juureksi, on Ranunculaceae-heimon monivuotinen yrtti.<\/p>\n","protected":false},"excerpt":{"rendered":"<p>Kanadalainen hurmejuuri (Hydrastis canadensis), jota kutsutaan my\u00f6s goldenseal- juureksi, on Ranunculaceae-heimon monivuotinen yrtti.<\/p>\n<p><strong>60 tablettia<\/strong><\/p>\n","protected":false},"featured_media":9684,"comment_status":"closed","ping_status":"closed","template":"","meta":{"_acf_changed":false,"inline_featured_image":false,"_kad_blocks_custom_css":"","_kad_blocks_head_custom_js":"","_kad_blocks_body_custom_js":"","_kad_blocks_footer_custom_js":"","_kadence_starter_templates_imported_post":false,"_kad_post_transparent":"default","_kad_post_title":"","_kad_post_layout":"default","_kad_post_sidebar_id":"","_kad_post_content_style":"default","_kad_post_vertical_padding":"default","_kad_post_feature":"","_kad_post_feature_position":"","_kad_post_header":false,"_kad_post_footer":false},"product_brand":[],"product_cat":[141,2454],"product_tag":[],"class_list":{"0":"post-4176","1":"product","2":"type-product","3":"status-publish","4":"has-post-thumbnail","6":"product_cat-orter-fi","7":"product_cat-evp-nutrition-fi","9":"first","10":"instock","11":"taxable","12":"shipping-taxable","13":"purchasable","14":"product-type-simple","15":"entry","16":"content-bg","17":"loop-entry"},"acf":[],"yoast_head":"<!-- This site is optimized with the Yoast SEO plugin v25.8 - https:\/\/yoast.com\/wordpress\/plugins\/seo\/ -->\n<title>Kanadan Hurmejuuri - Reviva<\/title>\n<meta name=\"description\" content=\"Kanadan hurmejuuri tai goldenseali\u00e4 k\u00e4ytet\u00e4\u00e4n aknen, bakteerien liikakasvun ja candidan hoitoon. Sill\u00e4 on antibakteerisia ja antiviraalisia ominaisuuksia.\" \/>\n<meta name=\"robots\" content=\"index, follow, max-snippet:-1, max-image-preview:large, max-video-preview:-1\" \/>\n<link rel=\"canonical\" href=\"https:\/\/reviva.fi\/fi\/tuote\/kanadensisk-gulrot\/\" \/>\n<meta property=\"og:locale\" content=\"fi_FI\" \/>\n<meta property=\"og:type\" content=\"article\" \/>\n<meta property=\"og:title\" content=\"Kanadan Hurmejuuri - Reviva\" \/>\n<meta property=\"og:description\" content=\"Kanadan hurmejuuri tai goldenseali\u00e4 k\u00e4ytet\u00e4\u00e4n aknen, bakteerien liikakasvun ja candidan hoitoon. Sill\u00e4 on antibakteerisia ja antiviraalisia ominaisuuksia.\" \/>\n<meta property=\"og:url\" content=\"https:\/\/reviva.fi\/fi\/tuote\/kanadensisk-gulrot\/\" \/>\n<meta property=\"og:site_name\" content=\"Reviva\" \/>\n<meta property=\"article:modified_time\" content=\"2026-04-22T05:51:50+00:00\" \/>\n<meta property=\"og:image\" content=\"https:\/\/reviva.fi\/wp-content\/uploads\/2022\/10\/Kanadensisk-gulrot-1.png\" \/>\n\t<meta property=\"og:image:width\" content=\"1800\" \/>\n\t<meta property=\"og:image:height\" content=\"2400\" \/>\n\t<meta property=\"og:image:type\" content=\"image\/png\" \/>\n<meta name=\"twitter:card\" content=\"summary_large_image\" \/>\n<script type=\"application\/ld+json\" class=\"yoast-schema-graph\">{\"@context\":\"https:\/\/schema.org\",\"@graph\":[{\"@type\":\"WebPage\",\"@id\":\"https:\/\/reviva.fi\/fi\/tuote\/kanadensisk-gulrot\/\",\"url\":\"https:\/\/reviva.fi\/fi\/tuote\/kanadensisk-gulrot\/\",\"name\":\"Kanadan Hurmejuuri - Reviva\",\"isPartOf\":{\"@id\":\"https:\/\/reviva.fi\/fi\/#website\"},\"primaryImageOfPage\":{\"@id\":\"https:\/\/reviva.fi\/fi\/tuote\/kanadensisk-gulrot\/#primaryimage\"},\"image\":{\"@id\":\"https:\/\/reviva.fi\/fi\/tuote\/kanadensisk-gulrot\/#primaryimage\"},\"thumbnailUrl\":\"https:\/\/reviva.fi\/wp-content\/uploads\/2022\/10\/Kanadensisk-gulrot-1.png\",\"datePublished\":\"2022-10-12T10:34:04+00:00\",\"dateModified\":\"2026-04-22T05:51:50+00:00\",\"description\":\"Kanadan hurmejuuri tai goldenseali\u00e4 k\u00e4ytet\u00e4\u00e4n aknen, bakteerien liikakasvun ja candidan hoitoon. Sill\u00e4 on antibakteerisia ja antiviraalisia ominaisuuksia.\",\"breadcrumb\":{\"@id\":\"https:\/\/reviva.fi\/fi\/tuote\/kanadensisk-gulrot\/#breadcrumb\"},\"inLanguage\":\"fi\",\"potentialAction\":[{\"@type\":\"ReadAction\",\"target\":[\"https:\/\/reviva.fi\/fi\/tuote\/kanadensisk-gulrot\/\"]}]},{\"@type\":\"ImageObject\",\"inLanguage\":\"fi\",\"@id\":\"https:\/\/reviva.fi\/fi\/tuote\/kanadensisk-gulrot\/#primaryimage\",\"url\":\"https:\/\/reviva.fi\/wp-content\/uploads\/2022\/10\/Kanadensisk-gulrot-1.png\",\"contentUrl\":\"https:\/\/reviva.fi\/wp-content\/uploads\/2022\/10\/Kanadensisk-gulrot-1.png\",\"width\":1800,\"height\":2400,\"caption\":\"Kanadensisk Gulrot\"},{\"@type\":\"BreadcrumbList\",\"@id\":\"https:\/\/reviva.fi\/fi\/tuote\/kanadensisk-gulrot\/#breadcrumb\",\"itemListElement\":[{\"@type\":\"ListItem\",\"position\":1,\"name\":\"Etusivu\",\"item\":\"https:\/\/reviva.fi\/fi\/\"},{\"@type\":\"ListItem\",\"position\":2,\"name\":\"Tuotteet\",\"item\":\"https:\/\/reviva.fi\/produkter\/\"},{\"@type\":\"ListItem\",\"position\":3,\"name\":\"Kanadan Hurmejuuri\"}]},{\"@type\":\"WebSite\",\"@id\":\"https:\/\/reviva.fi\/fi\/#website\",\"url\":\"https:\/\/reviva.fi\/fi\/\",\"name\":\"Reviva\",\"description\":\"\",\"publisher\":{\"@id\":\"https:\/\/reviva.fi\/fi\/#organization\"},\"potentialAction\":[{\"@type\":\"SearchAction\",\"target\":{\"@type\":\"EntryPoint\",\"urlTemplate\":\"https:\/\/reviva.fi\/fi\/?s={search_term_string}\"},\"query-input\":{\"@type\":\"PropertyValueSpecification\",\"valueRequired\":true,\"valueName\":\"search_term_string\"}}],\"inLanguage\":\"fi\"},{\"@type\":\"Organization\",\"@id\":\"https:\/\/reviva.fi\/fi\/#organization\",\"name\":\"Reviva\",\"url\":\"https:\/\/reviva.fi\/fi\/\",\"logo\":{\"@type\":\"ImageObject\",\"inLanguage\":\"fi\",\"@id\":\"https:\/\/reviva.fi\/fi\/#\/schema\/logo\/image\/\",\"url\":\"https:\/\/reviva.fi\/wp-content\/uploads\/2023\/10\/reviva-logo2.svg\",\"contentUrl\":\"https:\/\/reviva.fi\/wp-content\/uploads\/2023\/10\/reviva-logo2.svg\",\"caption\":\"Reviva\"},\"image\":{\"@id\":\"https:\/\/reviva.fi\/fi\/#\/schema\/logo\/image\/\"}}]}<\/script>\n<meta property=\"product:price:amount\" content=\"31.45\" \/>\n<meta property=\"product:price:currency\" content=\"EUR\" \/>\n<meta property=\"og:availability\" content=\"instock\" \/>\n<meta property=\"product:availability\" content=\"instock\" \/>\n<meta property=\"product:retailer_item_id\" content=\"492\" \/>\n<meta property=\"product:condition\" content=\"new\" \/>\n<!-- \/ Yoast SEO plugin. -->","yoast_head_json":{"title":"Kanadan Hurmejuuri - Reviva","description":"Kanadan hurmejuuri tai goldenseali\u00e4 k\u00e4ytet\u00e4\u00e4n aknen, bakteerien liikakasvun ja candidan hoitoon. Sill\u00e4 on antibakteerisia ja antiviraalisia ominaisuuksia.","robots":{"index":"index","follow":"follow","max-snippet":"max-snippet:-1","max-image-preview":"max-image-preview:large","max-video-preview":"max-video-preview:-1"},"canonical":"https:\/\/reviva.fi\/fi\/tuote\/kanadensisk-gulrot\/","og_locale":"fi_FI","og_type":"article","og_title":"Kanadan Hurmejuuri - Reviva","og_description":"Kanadan hurmejuuri tai goldenseali\u00e4 k\u00e4ytet\u00e4\u00e4n aknen, bakteerien liikakasvun ja candidan hoitoon. Sill\u00e4 on antibakteerisia ja antiviraalisia ominaisuuksia.","og_url":"https:\/\/reviva.fi\/fi\/tuote\/kanadensisk-gulrot\/","og_site_name":"Reviva","article_modified_time":"2026-04-22T05:51:50+00:00","og_image":[{"width":1800,"height":2400,"url":"https:\/\/reviva.fi\/wp-content\/uploads\/2022\/10\/Kanadensisk-gulrot-1.png","type":"image\/png"}],"twitter_card":"summary_large_image","schema":{"@context":"https:\/\/schema.org","@graph":[{"@type":"WebPage","@id":"https:\/\/reviva.fi\/fi\/tuote\/kanadensisk-gulrot\/","url":"https:\/\/reviva.fi\/fi\/tuote\/kanadensisk-gulrot\/","name":"Kanadan Hurmejuuri - Reviva","isPartOf":{"@id":"https:\/\/reviva.fi\/fi\/#website"},"primaryImageOfPage":{"@id":"https:\/\/reviva.fi\/fi\/tuote\/kanadensisk-gulrot\/#primaryimage"},"image":{"@id":"https:\/\/reviva.fi\/fi\/tuote\/kanadensisk-gulrot\/#primaryimage"},"thumbnailUrl":"https:\/\/reviva.fi\/wp-content\/uploads\/2022\/10\/Kanadensisk-gulrot-1.png","datePublished":"2022-10-12T10:34:04+00:00","dateModified":"2026-04-22T05:51:50+00:00","description":"Kanadan hurmejuuri tai goldenseali\u00e4 k\u00e4ytet\u00e4\u00e4n aknen, bakteerien liikakasvun ja candidan hoitoon. Sill\u00e4 on antibakteerisia ja antiviraalisia ominaisuuksia.","breadcrumb":{"@id":"https:\/\/reviva.fi\/fi\/tuote\/kanadensisk-gulrot\/#breadcrumb"},"inLanguage":"fi","potentialAction":[{"@type":"ReadAction","target":["https:\/\/reviva.fi\/fi\/tuote\/kanadensisk-gulrot\/"]}]},{"@type":"ImageObject","inLanguage":"fi","@id":"https:\/\/reviva.fi\/fi\/tuote\/kanadensisk-gulrot\/#primaryimage","url":"https:\/\/reviva.fi\/wp-content\/uploads\/2022\/10\/Kanadensisk-gulrot-1.png","contentUrl":"https:\/\/reviva.fi\/wp-content\/uploads\/2022\/10\/Kanadensisk-gulrot-1.png","width":1800,"height":2400,"caption":"Kanadensisk Gulrot"},{"@type":"BreadcrumbList","@id":"https:\/\/reviva.fi\/fi\/tuote\/kanadensisk-gulrot\/#breadcrumb","itemListElement":[{"@type":"ListItem","position":1,"name":"Etusivu","item":"https:\/\/reviva.fi\/fi\/"},{"@type":"ListItem","position":2,"name":"Tuotteet","item":"https:\/\/reviva.fi\/produkter\/"},{"@type":"ListItem","position":3,"name":"Kanadan Hurmejuuri"}]},{"@type":"WebSite","@id":"https:\/\/reviva.fi\/fi\/#website","url":"https:\/\/reviva.fi\/fi\/","name":"Reviva","description":"","publisher":{"@id":"https:\/\/reviva.fi\/fi\/#organization"},"potentialAction":[{"@type":"SearchAction","target":{"@type":"EntryPoint","urlTemplate":"https:\/\/reviva.fi\/fi\/?s={search_term_string}"},"query-input":{"@type":"PropertyValueSpecification","valueRequired":true,"valueName":"search_term_string"}}],"inLanguage":"fi"},{"@type":"Organization","@id":"https:\/\/reviva.fi\/fi\/#organization","name":"Reviva","url":"https:\/\/reviva.fi\/fi\/","logo":{"@type":"ImageObject","inLanguage":"fi","@id":"https:\/\/reviva.fi\/fi\/#\/schema\/logo\/image\/","url":"https:\/\/reviva.fi\/wp-content\/uploads\/2023\/10\/reviva-logo2.svg","contentUrl":"https:\/\/reviva.fi\/wp-content\/uploads\/2023\/10\/reviva-logo2.svg","caption":"Reviva"},"image":{"@id":"https:\/\/reviva.fi\/fi\/#\/schema\/logo\/image\/"}}]},"product_price_amount":"31.45","product_price_currency":"EUR","og_availability":"instock","product_availability":"instock","product_retailer_item_id":"492","product_condition":"new"},"taxonomy_info":{"product_cat":[{"value":141,"label":"Yrtit"},{"value":2454,"label":"EVP Nutrition"}]},"featured_image_src_large":["https:\/\/reviva.fi\/wp-content\/uploads\/2022\/10\/Kanadensisk-gulrot-1-768x1024.png",768,1024,true],"author_info":[],"comment_info":0,"_links":{"self":[{"href":"https:\/\/reviva.fi\/fi\/wp-json\/wp\/v2\/product\/4176","targetHints":{"allow":["GET"]}}],"collection":[{"href":"https:\/\/reviva.fi\/fi\/wp-json\/wp\/v2\/product"}],"about":[{"href":"https:\/\/reviva.fi\/fi\/wp-json\/wp\/v2\/types\/product"}],"replies":[{"embeddable":true,"href":"https:\/\/reviva.fi\/fi\/wp-json\/wp\/v2\/comments?post=4176"}],"wp:featuredmedia":[{"embeddable":true,"href":"https:\/\/reviva.fi\/fi\/wp-json\/wp\/v2\/media\/9684"}],"wp:attachment":[{"href":"https:\/\/reviva.fi\/fi\/wp-json\/wp\/v2\/media?parent=4176"}],"wp:term":[{"taxonomy":"product_brand","embeddable":true,"href":"https:\/\/reviva.fi\/fi\/wp-json\/wp\/v2\/product_brand?post=4176"},{"taxonomy":"product_cat","embeddable":true,"href":"https:\/\/reviva.fi\/fi\/wp-json\/wp\/v2\/product_cat?post=4176"},{"taxonomy":"product_tag","embeddable":true,"href":"https:\/\/reviva.fi\/fi\/wp-json\/wp\/v2\/product_tag?post=4176"}],"curies":[{"name":"wp","href":"https:\/\/api.w.org\/{rel}","templated":true}]}}