{"id":4407,"date":"2022-11-29T15:45:58","date_gmt":"2022-11-29T13:45:58","guid":{"rendered":"https:\/\/reviva.fi\/product\/gentiana\/"},"modified":"2026-04-07T21:12:29","modified_gmt":"2026-04-07T18:12:29","slug":"gentiana","status":"publish","type":"product","link":"https:\/\/reviva.fi\/fi\/tuote\/gentiana\/","title":{"rendered":"Gentiana &#8211; Keltakatkerojuuri"},"content":{"rendered":"<p><strong>Gentiana &#8211; Keltakatkero<\/strong><\/p>\n<p>Jokainen kapseli sis\u00e4lt\u00e4\u00e4 400 mg kuivattua gentianjuurta.<\/p>\n<p><strong data-start=\"0\" data-end=\"32\">Gentiana (keltakatkerojuuri)<\/strong> on perinteinen katkeroyrtti, jota k\u00e4ytet\u00e4\u00e4n erityisesti ruoansulatuksen ja ruokahalun tukemiseen.<\/p>\n","protected":false},"excerpt":{"rendered":"<p>Jokainen kapseli sis\u00e4lt\u00e4\u00e4 400 mg kuivattua gentianjuurta.<\/p>\n<p><strong>120 kapselia<\/strong><\/p>\n","protected":false},"featured_media":11903,"comment_status":"open","ping_status":"closed","template":"","meta":{"_acf_changed":false,"inline_featured_image":false,"_kad_blocks_custom_css":"","_kad_blocks_head_custom_js":"","_kad_blocks_body_custom_js":"","_kad_blocks_footer_custom_js":"","_kadence_starter_templates_imported_post":false,"_kad_post_transparent":"default","_kad_post_title":"","_kad_post_layout":"default","_kad_post_sidebar_id":"","_kad_post_content_style":"default","_kad_post_vertical_padding":"default","_kad_post_feature":"","_kad_post_feature_position":"","_kad_post_header":false,"_kad_post_footer":false},"product_brand":[],"product_cat":[141,5963,2387],"product_tag":[1059,1167,1326,1245,1498,5614,3203,2944,1221,493,3030,1181],"class_list":{"0":"post-4407","1":"product","2":"type-product","3":"status-publish","4":"has-post-thumbnail","6":"product_cat-orter-fi","7":"product_cat-synergos-fi","8":"product_cat-mage-och-tarm-fi","9":"product_tag-adhd-fi","10":"product_tag-bakteeritulehdus","11":"product_tag-kohonnut-verenpaine","12":"product_tag-kuume","13":"product_tag-loiset","14":"product_tag-magbesvar-fi","15":"product_tag-matkapahoinvointi","16":"product_tag-pahoinvointi","17":"product_tag-ripuli","18":"product_tag-ruokaallergia","19":"product_tag-sapenkiihdyttava","20":"product_tag-sinuiitti","22":"first","23":"instock","24":"taxable","25":"shipping-taxable","26":"purchasable","27":"product-type-simple","28":"entry","29":"content-bg","30":"loop-entry"},"acf":[],"yoast_head":"<!-- This site is optimized with the Yoast SEO plugin v25.8 - https:\/\/yoast.com\/wordpress\/plugins\/seo\/ -->\n<title>Gentiana - Keltakatkerojuuri - Reviva<\/title>\n<meta name=\"description\" content=\"Gentiana - Keltakatkero on katkera yrtti, jota voidaan k\u00e4ytt\u00e4\u00e4 erilaisiin vatsavaivoihin, kuten pahoinvointiin, ripuliin, ruoansulatush\u00e4iri\u00f6ihin jne.\" \/>\n<meta name=\"robots\" content=\"index, follow, max-snippet:-1, max-image-preview:large, max-video-preview:-1\" \/>\n<link rel=\"canonical\" href=\"https:\/\/reviva.fi\/fi\/tuote\/gentiana\/\" \/>\n<meta property=\"og:locale\" content=\"fi_FI\" \/>\n<meta property=\"og:type\" content=\"article\" \/>\n<meta property=\"og:title\" content=\"Gentiana - Keltakatkerojuuri - Reviva\" \/>\n<meta property=\"og:description\" content=\"Gentiana - Keltakatkero on katkera yrtti, jota voidaan k\u00e4ytt\u00e4\u00e4 erilaisiin vatsavaivoihin, kuten pahoinvointiin, ripuliin, ruoansulatush\u00e4iri\u00f6ihin jne.\" \/>\n<meta property=\"og:url\" content=\"https:\/\/reviva.fi\/fi\/tuote\/gentiana\/\" \/>\n<meta property=\"og:site_name\" content=\"Reviva\" \/>\n<meta property=\"article:modified_time\" content=\"2026-04-07T18:12:29+00:00\" \/>\n<meta property=\"og:image\" content=\"https:\/\/reviva.fi\/wp-content\/uploads\/2022\/11\/Gentiana-495-Photoroom-e1745390064149.png\" \/>\n\t<meta property=\"og:image:width\" content=\"2000\" \/>\n\t<meta property=\"og:image:height\" content=\"1333\" \/>\n\t<meta property=\"og:image:type\" content=\"image\/png\" \/>\n<meta name=\"twitter:card\" content=\"summary_large_image\" \/>\n<script type=\"application\/ld+json\" class=\"yoast-schema-graph\">{\"@context\":\"https:\/\/schema.org\",\"@graph\":[{\"@type\":\"WebPage\",\"@id\":\"https:\/\/reviva.fi\/fi\/tuote\/gentiana\/\",\"url\":\"https:\/\/reviva.fi\/fi\/tuote\/gentiana\/\",\"name\":\"Gentiana - Keltakatkerojuuri - Reviva\",\"isPartOf\":{\"@id\":\"https:\/\/reviva.fi\/fi\/#website\"},\"primaryImageOfPage\":{\"@id\":\"https:\/\/reviva.fi\/fi\/tuote\/gentiana\/#primaryimage\"},\"image\":{\"@id\":\"https:\/\/reviva.fi\/fi\/tuote\/gentiana\/#primaryimage\"},\"thumbnailUrl\":\"https:\/\/reviva.fi\/wp-content\/uploads\/2022\/11\/Gentiana-495-Photoroom-e1745390064149.png\",\"datePublished\":\"2022-11-29T13:45:58+00:00\",\"dateModified\":\"2026-04-07T18:12:29+00:00\",\"description\":\"Gentiana - Keltakatkero on katkera yrtti, jota voidaan k\u00e4ytt\u00e4\u00e4 erilaisiin vatsavaivoihin, kuten pahoinvointiin, ripuliin, ruoansulatush\u00e4iri\u00f6ihin jne.\",\"breadcrumb\":{\"@id\":\"https:\/\/reviva.fi\/fi\/tuote\/gentiana\/#breadcrumb\"},\"inLanguage\":\"fi\",\"potentialAction\":[{\"@type\":\"ReadAction\",\"target\":[\"https:\/\/reviva.fi\/fi\/tuote\/gentiana\/\"]}]},{\"@type\":\"ImageObject\",\"inLanguage\":\"fi\",\"@id\":\"https:\/\/reviva.fi\/fi\/tuote\/gentiana\/#primaryimage\",\"url\":\"https:\/\/reviva.fi\/wp-content\/uploads\/2022\/11\/Gentiana-495-Photoroom-e1745390064149.png\",\"contentUrl\":\"https:\/\/reviva.fi\/wp-content\/uploads\/2022\/11\/Gentiana-495-Photoroom-e1745390064149.png\",\"width\":2000,\"height\":1333,\"caption\":\"Gentiana\"},{\"@type\":\"BreadcrumbList\",\"@id\":\"https:\/\/reviva.fi\/fi\/tuote\/gentiana\/#breadcrumb\",\"itemListElement\":[{\"@type\":\"ListItem\",\"position\":1,\"name\":\"Etusivu\",\"item\":\"https:\/\/reviva.fi\/fi\/\"},{\"@type\":\"ListItem\",\"position\":2,\"name\":\"Tuotteet\",\"item\":\"https:\/\/reviva.fi\/produkter\/\"},{\"@type\":\"ListItem\",\"position\":3,\"name\":\"Gentiana &#8211; Keltakatkerojuuri\"}]},{\"@type\":\"WebSite\",\"@id\":\"https:\/\/reviva.fi\/fi\/#website\",\"url\":\"https:\/\/reviva.fi\/fi\/\",\"name\":\"Reviva\",\"description\":\"\",\"publisher\":{\"@id\":\"https:\/\/reviva.fi\/fi\/#organization\"},\"potentialAction\":[{\"@type\":\"SearchAction\",\"target\":{\"@type\":\"EntryPoint\",\"urlTemplate\":\"https:\/\/reviva.fi\/fi\/?s={search_term_string}\"},\"query-input\":{\"@type\":\"PropertyValueSpecification\",\"valueRequired\":true,\"valueName\":\"search_term_string\"}}],\"inLanguage\":\"fi\"},{\"@type\":\"Organization\",\"@id\":\"https:\/\/reviva.fi\/fi\/#organization\",\"name\":\"Reviva\",\"url\":\"https:\/\/reviva.fi\/fi\/\",\"logo\":{\"@type\":\"ImageObject\",\"inLanguage\":\"fi\",\"@id\":\"https:\/\/reviva.fi\/fi\/#\/schema\/logo\/image\/\",\"url\":\"https:\/\/reviva.fi\/wp-content\/uploads\/2023\/10\/reviva-logo2.svg\",\"contentUrl\":\"https:\/\/reviva.fi\/wp-content\/uploads\/2023\/10\/reviva-logo2.svg\",\"caption\":\"Reviva\"},\"image\":{\"@id\":\"https:\/\/reviva.fi\/fi\/#\/schema\/logo\/image\/\"}}]}<\/script>\n<meta property=\"product:price:amount\" content=\"31.45\" \/>\n<meta property=\"product:price:currency\" content=\"EUR\" \/>\n<meta property=\"og:availability\" content=\"instock\" \/>\n<meta property=\"product:availability\" content=\"instock\" \/>\n<meta property=\"product:retailer_item_id\" content=\"495\" \/>\n<meta property=\"product:condition\" content=\"new\" \/>\n<!-- \/ Yoast SEO plugin. -->","yoast_head_json":{"title":"Gentiana - Keltakatkerojuuri - Reviva","description":"Gentiana - Keltakatkero on katkera yrtti, jota voidaan k\u00e4ytt\u00e4\u00e4 erilaisiin vatsavaivoihin, kuten pahoinvointiin, ripuliin, ruoansulatush\u00e4iri\u00f6ihin jne.","robots":{"index":"index","follow":"follow","max-snippet":"max-snippet:-1","max-image-preview":"max-image-preview:large","max-video-preview":"max-video-preview:-1"},"canonical":"https:\/\/reviva.fi\/fi\/tuote\/gentiana\/","og_locale":"fi_FI","og_type":"article","og_title":"Gentiana - Keltakatkerojuuri - Reviva","og_description":"Gentiana - Keltakatkero on katkera yrtti, jota voidaan k\u00e4ytt\u00e4\u00e4 erilaisiin vatsavaivoihin, kuten pahoinvointiin, ripuliin, ruoansulatush\u00e4iri\u00f6ihin jne.","og_url":"https:\/\/reviva.fi\/fi\/tuote\/gentiana\/","og_site_name":"Reviva","article_modified_time":"2026-04-07T18:12:29+00:00","og_image":[{"width":2000,"height":1333,"url":"https:\/\/reviva.fi\/wp-content\/uploads\/2022\/11\/Gentiana-495-Photoroom-e1745390064149.png","type":"image\/png"}],"twitter_card":"summary_large_image","schema":{"@context":"https:\/\/schema.org","@graph":[{"@type":"WebPage","@id":"https:\/\/reviva.fi\/fi\/tuote\/gentiana\/","url":"https:\/\/reviva.fi\/fi\/tuote\/gentiana\/","name":"Gentiana - Keltakatkerojuuri - Reviva","isPartOf":{"@id":"https:\/\/reviva.fi\/fi\/#website"},"primaryImageOfPage":{"@id":"https:\/\/reviva.fi\/fi\/tuote\/gentiana\/#primaryimage"},"image":{"@id":"https:\/\/reviva.fi\/fi\/tuote\/gentiana\/#primaryimage"},"thumbnailUrl":"https:\/\/reviva.fi\/wp-content\/uploads\/2022\/11\/Gentiana-495-Photoroom-e1745390064149.png","datePublished":"2022-11-29T13:45:58+00:00","dateModified":"2026-04-07T18:12:29+00:00","description":"Gentiana - Keltakatkero on katkera yrtti, jota voidaan k\u00e4ytt\u00e4\u00e4 erilaisiin vatsavaivoihin, kuten pahoinvointiin, ripuliin, ruoansulatush\u00e4iri\u00f6ihin jne.","breadcrumb":{"@id":"https:\/\/reviva.fi\/fi\/tuote\/gentiana\/#breadcrumb"},"inLanguage":"fi","potentialAction":[{"@type":"ReadAction","target":["https:\/\/reviva.fi\/fi\/tuote\/gentiana\/"]}]},{"@type":"ImageObject","inLanguage":"fi","@id":"https:\/\/reviva.fi\/fi\/tuote\/gentiana\/#primaryimage","url":"https:\/\/reviva.fi\/wp-content\/uploads\/2022\/11\/Gentiana-495-Photoroom-e1745390064149.png","contentUrl":"https:\/\/reviva.fi\/wp-content\/uploads\/2022\/11\/Gentiana-495-Photoroom-e1745390064149.png","width":2000,"height":1333,"caption":"Gentiana"},{"@type":"BreadcrumbList","@id":"https:\/\/reviva.fi\/fi\/tuote\/gentiana\/#breadcrumb","itemListElement":[{"@type":"ListItem","position":1,"name":"Etusivu","item":"https:\/\/reviva.fi\/fi\/"},{"@type":"ListItem","position":2,"name":"Tuotteet","item":"https:\/\/reviva.fi\/produkter\/"},{"@type":"ListItem","position":3,"name":"Gentiana &#8211; Keltakatkerojuuri"}]},{"@type":"WebSite","@id":"https:\/\/reviva.fi\/fi\/#website","url":"https:\/\/reviva.fi\/fi\/","name":"Reviva","description":"","publisher":{"@id":"https:\/\/reviva.fi\/fi\/#organization"},"potentialAction":[{"@type":"SearchAction","target":{"@type":"EntryPoint","urlTemplate":"https:\/\/reviva.fi\/fi\/?s={search_term_string}"},"query-input":{"@type":"PropertyValueSpecification","valueRequired":true,"valueName":"search_term_string"}}],"inLanguage":"fi"},{"@type":"Organization","@id":"https:\/\/reviva.fi\/fi\/#organization","name":"Reviva","url":"https:\/\/reviva.fi\/fi\/","logo":{"@type":"ImageObject","inLanguage":"fi","@id":"https:\/\/reviva.fi\/fi\/#\/schema\/logo\/image\/","url":"https:\/\/reviva.fi\/wp-content\/uploads\/2023\/10\/reviva-logo2.svg","contentUrl":"https:\/\/reviva.fi\/wp-content\/uploads\/2023\/10\/reviva-logo2.svg","caption":"Reviva"},"image":{"@id":"https:\/\/reviva.fi\/fi\/#\/schema\/logo\/image\/"}}]},"product_price_amount":"31.45","product_price_currency":"EUR","og_availability":"instock","product_availability":"instock","product_retailer_item_id":"495","product_condition":"new"},"taxonomy_info":{"product_cat":[{"value":141,"label":"Yrtit"},{"value":5963,"label":"Synergos"},{"value":2387,"label":"Maha &amp; Suolisto"}],"product_tag":[{"value":1059,"label":"ADHD"},{"value":1167,"label":"bakteeritulehdus"},{"value":1326,"label":"kohonnut verenpaine"},{"value":1245,"label":"kuume"},{"value":1498,"label":"loiset"},{"value":5614,"label":"magbesv\u00e4r"},{"value":3203,"label":"Matkapahoinvointi"},{"value":2944,"label":"Pahoinvointi"},{"value":1221,"label":"ripuli"},{"value":493,"label":"ruokaallergia"},{"value":3030,"label":"sapenkiihdytt\u00e4v\u00e4"},{"value":1181,"label":"sinuiitti"}]},"featured_image_src_large":["https:\/\/reviva.fi\/wp-content\/uploads\/2022\/11\/Gentiana-495-Photoroom-1024x682.png",1024,682,true],"author_info":[],"comment_info":0,"_links":{"self":[{"href":"https:\/\/reviva.fi\/fi\/wp-json\/wp\/v2\/product\/4407","targetHints":{"allow":["GET"]}}],"collection":[{"href":"https:\/\/reviva.fi\/fi\/wp-json\/wp\/v2\/product"}],"about":[{"href":"https:\/\/reviva.fi\/fi\/wp-json\/wp\/v2\/types\/product"}],"replies":[{"embeddable":true,"href":"https:\/\/reviva.fi\/fi\/wp-json\/wp\/v2\/comments?post=4407"}],"wp:featuredmedia":[{"embeddable":true,"href":"https:\/\/reviva.fi\/fi\/wp-json\/wp\/v2\/media\/11903"}],"wp:attachment":[{"href":"https:\/\/reviva.fi\/fi\/wp-json\/wp\/v2\/media?parent=4407"}],"wp:term":[{"taxonomy":"product_brand","embeddable":true,"href":"https:\/\/reviva.fi\/fi\/wp-json\/wp\/v2\/product_brand?post=4407"},{"taxonomy":"product_cat","embeddable":true,"href":"https:\/\/reviva.fi\/fi\/wp-json\/wp\/v2\/product_cat?post=4407"},{"taxonomy":"product_tag","embeddable":true,"href":"https:\/\/reviva.fi\/fi\/wp-json\/wp\/v2\/product_tag?post=4407"}],"curies":[{"name":"wp","href":"https:\/\/api.w.org\/{rel}","templated":true}]}}