{"id":4685,"date":"2022-11-25T08:55:01","date_gmt":"2022-11-25T06:55:01","guid":{"rendered":"https:\/\/reviva.fi\/product\/jattenattljusolja-pure-evening-primrose-oil-1000-mg-lamberts\/"},"modified":"2025-02-03T15:44:25","modified_gmt":"2025-02-03T13:44:25","slug":"jattenattljusolja-pure-evening-primrose-oil-1000-mg-lamberts","status":"publish","type":"product","link":"https:\/\/reviva.fi\/fi\/tuote\/jattenattljusolja-pure-evening-primrose-oil-1000-mg-lamberts\/","title":{"rendered":"Helokki\u00f6ljy &#8211; 1000 mg LAMBERTS"},"content":{"rendered":"<div class=\"x1e56ztr\">\n<p><strong>Helokki\u00f6ljy &#8211; 1000 mg LAMBERTS Pure Evening Primrose Oil\u00a0<\/strong><\/p>\n<p><strong>Tuotetiedot:<\/strong><\/p>\n<p>90 kasviskapselia. Lambert&#8217;s Evening Primrose -kapselit ovat korkealaatuinen omega 6 -vitamiiniravintolis\u00e4, joka voi auttaa ehk\u00e4isem\u00e4\u00e4n omega 6 -puutosoireita ja muita my\u00f6nteisi\u00e4 terveysvaikutuksia. Helokki\u00f6ljy sis\u00e4lt\u00e4\u00e4 eritt\u00e4in tiivistetyn GLA-l\u00e4hteen, joka on osoittanut monia my\u00f6nteisi\u00e4 ominaisuuksia naisten terveydelle.<\/p>\n<p>Helokki\u00f6ljyn p\u00e4\u00e4aine on GLA, joka on prostaglandiinin esiaste ja stimuloi elimist\u00f6n omaa prostaglandiinien tuotantoa, mik\u00e4 edist\u00e4\u00e4 normaalia hormonij\u00e4rjestelm\u00e4\u00e4.<\/p>\n<p>Sis\u00e4isesti otettuna helokki\u00f6ljyll\u00e4 (ja viel\u00e4 enemm\u00e4n GLA:ta sis\u00e4lt\u00e4v\u00e4ll\u00e4 purasruoho\u00f6ljyll\u00e4) on my\u00f6s suotuisa vaikutus ihoon ja kynsiin. On pitk\u00e4\u00e4n tiedetty, ett\u00e4 gamma-linoleenihappo, GLA, synnytt\u00e4\u00e4 &#8221;yst\u00e4v\u00e4llisi\u00e4&#8221; prostaglandiineja kehossa. Prostaglandiinit puolestaan \u200b\u200bs\u00e4\u00e4telev\u00e4t monia prosesseja: hormonaalista tasapainoa, kudosten verenkiertoa, ihon ja hiusten muodostumista, muutamia esimerkkej\u00e4 mainitakseni. GLA on my\u00f6s t\u00e4rke\u00e4 osa solukalvoja ja se on t\u00e4rke\u00e4 nesteen ja suolojen p\u00e4\u00e4sylle soluihin ja j\u00e4tetuotteiden poistumiselle soluista. Lambert&#8217;s Evening Primrose -\u00f6ljy (J\u00e4tenattljusolja) valmistetaan helokkikukasta (Oenothera Biennis), joka on alun perin per\u00e4isin Pohjois-Amerikasta, mutta nyky\u00e4\u00e4n sit\u00e4 kasvatetaan kontrolloiduissa olosuhteissa. T\u00e4m\u00e4n j\u00e4lkeen kukan siemenet kylm\u00e4puristetaan ja \u00f6ljy\u00e4 k\u00e4ytet\u00e4\u00e4n.<\/p>\n<p><strong>Hoitoaika:<\/strong> 1-3 kuukautta arvioinnin kanssa.<\/p>\n<p><strong>Arvioitu voimassaoloaika:<\/strong>\u00a0Kuukauden sis\u00e4ll\u00e4.<\/p>\n<p><strong>Kapselin liukenemisaika:<\/strong> Alle 1 tunti.<\/p>\n<p><strong>Biologinen hy\u00f6tyosuus:<\/strong> Ruoansulatuskanavan toimintaan liittyv\u00e4 biologinen hy\u00f6tyosuus.<\/p>\n<p><strong>Raskaus ja imetys:<\/strong> Helokki\u00f6ljyn oraalista nauttimista enint\u00e4\u00e4n 4 grammaa p\u00e4iv\u00e4ss\u00e4 10 viikon ajan pidet\u00e4\u00e4n turvallisena raskauden aikana. Helokki\u00f6ljyn ottaminen raskauden viimeisten viikkojen aikana voi kuitenkin viiv\u00e4stytt\u00e4\u00e4 synnytyst\u00e4.<\/p>\n<p><strong>Helokki\u00f6ljy ja l\u00e4\u00e4kkeet.<\/strong><\/p>\n<ul>\n<li>Verenohennusl\u00e4\u00e4kkeet voivat olla vuorovaikutuksessa helokki\u00f6ljyn kanssa. Yhdistelm\u00e4 voi lis\u00e4t\u00e4 mustelmien ja verenvuodon riski\u00e4.<\/li>\n<li>Leikkauksen (puudutuksen) aikana k\u00e4ytetyill\u00e4 l\u00e4\u00e4kkeill\u00e4 voi olla yhteisvaikutuksia helokki\u00f6ljyn kanssa.<\/li>\n<li>Helokki\u00f6ljyn kliininen nauttiminen yhdess\u00e4 fenotiatsiinien kanssa voi lis\u00e4t\u00e4 kohtausten riski\u00e4 joillakin epileptikoilla. Fenotiatsiineja ovat muun muassa klooripromatsiini (toratsiini), flufenatsiini (prolixin), trifluoperatsiini (stelatsiini) ja tioridatsiini (Mellaril).<\/li>\n<\/ul>\n<p>&nbsp;<\/p>\n<\/div>\n","protected":false},"excerpt":{"rendered":"<div class=\"x1e56ztr\">\n<p>Lambert&#8217;s Evening Primrose -kapselit ovat korkealaatuinen omega 6 -vitamiiniravintolis\u00e4, joka voi auttaa ehk\u00e4isem\u00e4\u00e4n omega 6 -puutosoireita ja muita my\u00f6nteisi\u00e4 terveysvaikutuksia. Helokki\u00f6ljy, joka tunnetaan my\u00f6s nimell\u00e4 helokki\u00f6ljy, sis\u00e4lt\u00e4\u00e4 eritt\u00e4in tiivistetyn GLA-l\u00e4hteen, joka on osoittanut monia my\u00f6nteisi\u00e4 ominaisuuksia naisten terveydelle.<\/p>\n<p>Helokki\u00f6ljyn p\u00e4\u00e4aine on GLA, joka on prostaglandiinin esiaste ja stimuloi elimist\u00f6n omaa prostaglandiinien tuotantoa, mik\u00e4 edist\u00e4\u00e4 normaalia hormonij\u00e4rjestelm\u00e4\u00e4.<\/p>\n<p>Sis\u00e4isesti otettuna helokki\u00f6ljyll\u00e4 (ja viel\u00e4 enemm\u00e4n GLA:ta sis\u00e4lt\u00e4v\u00e4ll\u00e4 purasruoho\u00f6ljyll\u00e4) on my\u00f6s suotuisa vaikutus ihoon ja kynsiin. On pitk\u00e4\u00e4n tiedetty, ett\u00e4 gamma-linoleenihappo, GLA, synnytt\u00e4\u00e4 &#8221;yst\u00e4v\u00e4llisi\u00e4&#8221; prostaglandiineja kehossa. Prostaglandiinit puolestaan \u200b\u200bs\u00e4\u00e4telev\u00e4t monia prosesseja: hormonaalista tasapainoa, kudosten verenkiertoa, ihon ja hiusten muodostumista, muutamia esimerkkej\u00e4 mainitakseni.<\/p>\n<\/div>\n<p>&nbsp;<\/p>\n<p><strong>90 kapselia<\/strong><\/p>\n","protected":false},"featured_media":10850,"comment_status":"closed","ping_status":"closed","template":"","meta":{"_acf_changed":false,"inline_featured_image":false,"_kad_blocks_custom_css":"","_kad_blocks_head_custom_js":"","_kad_blocks_body_custom_js":"","_kad_blocks_footer_custom_js":"","_kadence_starter_templates_imported_post":false,"_kad_post_transparent":"default","_kad_post_title":"","_kad_post_layout":"default","_kad_post_sidebar_id":"","_kad_post_content_style":"default","_kad_post_vertical_padding":"default","_kad_post_feature":"","_kad_post_feature_position":"","_kad_post_header":false,"_kad_post_footer":false},"product_brand":[],"product_cat":[91,2454,2444,2376,2350],"product_tag":[2966,1233,4644,4643,3519,5127,3384,3385,444,4646,4420,4837,4548,3504,4642,4645,4493,4419,1128,3084],"class_list":{"0":"post-4685","1":"product","2":"type-product","3":"status-publish","4":"has-post-thumbnail","6":"product_cat-fettsyror-fi","7":"product_cat-evp-nutrition-fi","8":"product_cat-lamberts-fi","9":"product_cat-stressad-och-trott-fi","10":"product_cat-hud-och-skonhet-fi","11":"product_tag-akne-fi","12":"product_tag-ekseema","13":"product_tag-gamma-linoleenihappo","14":"product_tag-gla-fi","15":"product_tag-harhalsa-fi","16":"product_tag-helokkioljy","17":"product_tag-hormonbalans-fi","18":"product_tag-hudhalsa-fi","19":"product_tag-immuunijarjestelma","20":"product_tag-kasvioljy","21":"product_tag-kolesterolitasapainoa","22":"product_tag-kuiva-iho","23":"product_tag-kynsien-terveytta","24":"product_tag-ledhalsa-fi","25":"product_tag-omega-6-fi","26":"product_tag-pms-helpotus","27":"product_tag-solukalvo","28":"product_tag-sydanterveytta","29":"product_tag-tulehdusta-ehkaiseva","30":"product_tag-vaihdevuosien-oireet-fi","32":"first","33":"instock","34":"taxable","35":"shipping-taxable","36":"purchasable","37":"product-type-simple","38":"entry","39":"content-bg","40":"loop-entry"},"acf":[],"yoast_head":"<!-- This site is optimized with the Yoast SEO plugin v25.8 - https:\/\/yoast.com\/wordpress\/plugins\/seo\/ -->\n<title>Helokki\u00f6ljy - 1000 mg LAMBERTS - Reviva<\/title>\n<meta name=\"description\" content=\"Helokki\u00f6ljy - 1000 mg LAMBERTS sis\u00e4lt\u00e4\u00e4 eritt\u00e4in tiivistetyn GLA-l\u00e4hteen, joka on osoittanut monia my\u00f6nteisi\u00e4 ominaisuuksia naisten terveydelle.\" \/>\n<meta name=\"robots\" content=\"index, follow, max-snippet:-1, max-image-preview:large, max-video-preview:-1\" \/>\n<link rel=\"canonical\" href=\"https:\/\/reviva.fi\/fi\/tuote\/jattenattljusolja-pure-evening-primrose-oil-1000-mg-lamberts\/\" \/>\n<meta property=\"og:locale\" content=\"fi_FI\" \/>\n<meta property=\"og:type\" content=\"article\" \/>\n<meta property=\"og:title\" content=\"Helokki\u00f6ljy - 1000 mg LAMBERTS - Reviva\" \/>\n<meta property=\"og:description\" content=\"Helokki\u00f6ljy - 1000 mg LAMBERTS sis\u00e4lt\u00e4\u00e4 eritt\u00e4in tiivistetyn GLA-l\u00e4hteen, joka on osoittanut monia my\u00f6nteisi\u00e4 ominaisuuksia naisten terveydelle.\" \/>\n<meta property=\"og:url\" content=\"https:\/\/reviva.fi\/fi\/tuote\/jattenattljusolja-pure-evening-primrose-oil-1000-mg-lamberts\/\" \/>\n<meta property=\"og:site_name\" content=\"Reviva\" \/>\n<meta property=\"article:modified_time\" content=\"2025-02-03T13:44:25+00:00\" \/>\n<meta property=\"og:image\" content=\"https:\/\/reviva.fi\/wp-content\/uploads\/2022\/11\/8501-90-Pure-evening.jpg\" \/>\n\t<meta property=\"og:image:width\" content=\"780\" \/>\n\t<meta property=\"og:image:height\" content=\"780\" \/>\n\t<meta property=\"og:image:type\" content=\"image\/jpeg\" \/>\n<meta name=\"twitter:card\" content=\"summary_large_image\" \/>\n<script type=\"application\/ld+json\" class=\"yoast-schema-graph\">{\"@context\":\"https:\/\/schema.org\",\"@graph\":[{\"@type\":\"WebPage\",\"@id\":\"https:\/\/reviva.fi\/fi\/tuote\/jattenattljusolja-pure-evening-primrose-oil-1000-mg-lamberts\/\",\"url\":\"https:\/\/reviva.fi\/fi\/tuote\/jattenattljusolja-pure-evening-primrose-oil-1000-mg-lamberts\/\",\"name\":\"Helokki\u00f6ljy - 1000 mg LAMBERTS - Reviva\",\"isPartOf\":{\"@id\":\"https:\/\/reviva.fi\/fi\/#website\"},\"primaryImageOfPage\":{\"@id\":\"https:\/\/reviva.fi\/fi\/tuote\/jattenattljusolja-pure-evening-primrose-oil-1000-mg-lamberts\/#primaryimage\"},\"image\":{\"@id\":\"https:\/\/reviva.fi\/fi\/tuote\/jattenattljusolja-pure-evening-primrose-oil-1000-mg-lamberts\/#primaryimage\"},\"thumbnailUrl\":\"https:\/\/reviva.fi\/wp-content\/uploads\/2022\/11\/8501-90-Pure-evening.jpg\",\"datePublished\":\"2022-11-25T06:55:01+00:00\",\"dateModified\":\"2025-02-03T13:44:25+00:00\",\"description\":\"Helokki\u00f6ljy - 1000 mg LAMBERTS sis\u00e4lt\u00e4\u00e4 eritt\u00e4in tiivistetyn GLA-l\u00e4hteen, joka on osoittanut monia my\u00f6nteisi\u00e4 ominaisuuksia naisten terveydelle.\",\"breadcrumb\":{\"@id\":\"https:\/\/reviva.fi\/fi\/tuote\/jattenattljusolja-pure-evening-primrose-oil-1000-mg-lamberts\/#breadcrumb\"},\"inLanguage\":\"fi\",\"potentialAction\":[{\"@type\":\"ReadAction\",\"target\":[\"https:\/\/reviva.fi\/fi\/tuote\/jattenattljusolja-pure-evening-primrose-oil-1000-mg-lamberts\/\"]}]},{\"@type\":\"ImageObject\",\"inLanguage\":\"fi\",\"@id\":\"https:\/\/reviva.fi\/fi\/tuote\/jattenattljusolja-pure-evening-primrose-oil-1000-mg-lamberts\/#primaryimage\",\"url\":\"https:\/\/reviva.fi\/wp-content\/uploads\/2022\/11\/8501-90-Pure-evening.jpg\",\"contentUrl\":\"https:\/\/reviva.fi\/wp-content\/uploads\/2022\/11\/8501-90-Pure-evening.jpg\",\"width\":780,\"height\":780},{\"@type\":\"BreadcrumbList\",\"@id\":\"https:\/\/reviva.fi\/fi\/tuote\/jattenattljusolja-pure-evening-primrose-oil-1000-mg-lamberts\/#breadcrumb\",\"itemListElement\":[{\"@type\":\"ListItem\",\"position\":1,\"name\":\"Etusivu\",\"item\":\"https:\/\/reviva.fi\/fi\/\"},{\"@type\":\"ListItem\",\"position\":2,\"name\":\"Tuotteet\",\"item\":\"https:\/\/reviva.fi\/produkter\/\"},{\"@type\":\"ListItem\",\"position\":3,\"name\":\"Helokki\u00f6ljy &#8211; 1000 mg LAMBERTS\"}]},{\"@type\":\"WebSite\",\"@id\":\"https:\/\/reviva.fi\/fi\/#website\",\"url\":\"https:\/\/reviva.fi\/fi\/\",\"name\":\"Reviva\",\"description\":\"\",\"publisher\":{\"@id\":\"https:\/\/reviva.fi\/fi\/#organization\"},\"potentialAction\":[{\"@type\":\"SearchAction\",\"target\":{\"@type\":\"EntryPoint\",\"urlTemplate\":\"https:\/\/reviva.fi\/fi\/?s={search_term_string}\"},\"query-input\":{\"@type\":\"PropertyValueSpecification\",\"valueRequired\":true,\"valueName\":\"search_term_string\"}}],\"inLanguage\":\"fi\"},{\"@type\":\"Organization\",\"@id\":\"https:\/\/reviva.fi\/fi\/#organization\",\"name\":\"Reviva\",\"url\":\"https:\/\/reviva.fi\/fi\/\",\"logo\":{\"@type\":\"ImageObject\",\"inLanguage\":\"fi\",\"@id\":\"https:\/\/reviva.fi\/fi\/#\/schema\/logo\/image\/\",\"url\":\"https:\/\/reviva.fi\/wp-content\/uploads\/2023\/10\/reviva-logo2.svg\",\"contentUrl\":\"https:\/\/reviva.fi\/wp-content\/uploads\/2023\/10\/reviva-logo2.svg\",\"caption\":\"Reviva\"},\"image\":{\"@id\":\"https:\/\/reviva.fi\/fi\/#\/schema\/logo\/image\/\"}}]}<\/script>\n<meta property=\"product:price:amount\" content=\"33.75\" \/>\n<meta property=\"product:price:currency\" content=\"EUR\" \/>\n<meta property=\"og:availability\" content=\"instock\" \/>\n<meta property=\"product:availability\" content=\"instock\" \/>\n<meta property=\"product:retailer_item_id\" content=\"8501-90\" \/>\n<meta property=\"product:condition\" content=\"new\" \/>\n<!-- \/ Yoast SEO plugin. -->","yoast_head_json":{"title":"Helokki\u00f6ljy - 1000 mg LAMBERTS - Reviva","description":"Helokki\u00f6ljy - 1000 mg LAMBERTS sis\u00e4lt\u00e4\u00e4 eritt\u00e4in tiivistetyn GLA-l\u00e4hteen, joka on osoittanut monia my\u00f6nteisi\u00e4 ominaisuuksia naisten terveydelle.","robots":{"index":"index","follow":"follow","max-snippet":"max-snippet:-1","max-image-preview":"max-image-preview:large","max-video-preview":"max-video-preview:-1"},"canonical":"https:\/\/reviva.fi\/fi\/tuote\/jattenattljusolja-pure-evening-primrose-oil-1000-mg-lamberts\/","og_locale":"fi_FI","og_type":"article","og_title":"Helokki\u00f6ljy - 1000 mg LAMBERTS - Reviva","og_description":"Helokki\u00f6ljy - 1000 mg LAMBERTS sis\u00e4lt\u00e4\u00e4 eritt\u00e4in tiivistetyn GLA-l\u00e4hteen, joka on osoittanut monia my\u00f6nteisi\u00e4 ominaisuuksia naisten terveydelle.","og_url":"https:\/\/reviva.fi\/fi\/tuote\/jattenattljusolja-pure-evening-primrose-oil-1000-mg-lamberts\/","og_site_name":"Reviva","article_modified_time":"2025-02-03T13:44:25+00:00","og_image":[{"width":780,"height":780,"url":"https:\/\/reviva.fi\/wp-content\/uploads\/2022\/11\/8501-90-Pure-evening.jpg","type":"image\/jpeg"}],"twitter_card":"summary_large_image","schema":{"@context":"https:\/\/schema.org","@graph":[{"@type":"WebPage","@id":"https:\/\/reviva.fi\/fi\/tuote\/jattenattljusolja-pure-evening-primrose-oil-1000-mg-lamberts\/","url":"https:\/\/reviva.fi\/fi\/tuote\/jattenattljusolja-pure-evening-primrose-oil-1000-mg-lamberts\/","name":"Helokki\u00f6ljy - 1000 mg LAMBERTS - Reviva","isPartOf":{"@id":"https:\/\/reviva.fi\/fi\/#website"},"primaryImageOfPage":{"@id":"https:\/\/reviva.fi\/fi\/tuote\/jattenattljusolja-pure-evening-primrose-oil-1000-mg-lamberts\/#primaryimage"},"image":{"@id":"https:\/\/reviva.fi\/fi\/tuote\/jattenattljusolja-pure-evening-primrose-oil-1000-mg-lamberts\/#primaryimage"},"thumbnailUrl":"https:\/\/reviva.fi\/wp-content\/uploads\/2022\/11\/8501-90-Pure-evening.jpg","datePublished":"2022-11-25T06:55:01+00:00","dateModified":"2025-02-03T13:44:25+00:00","description":"Helokki\u00f6ljy - 1000 mg LAMBERTS sis\u00e4lt\u00e4\u00e4 eritt\u00e4in tiivistetyn GLA-l\u00e4hteen, joka on osoittanut monia my\u00f6nteisi\u00e4 ominaisuuksia naisten terveydelle.","breadcrumb":{"@id":"https:\/\/reviva.fi\/fi\/tuote\/jattenattljusolja-pure-evening-primrose-oil-1000-mg-lamberts\/#breadcrumb"},"inLanguage":"fi","potentialAction":[{"@type":"ReadAction","target":["https:\/\/reviva.fi\/fi\/tuote\/jattenattljusolja-pure-evening-primrose-oil-1000-mg-lamberts\/"]}]},{"@type":"ImageObject","inLanguage":"fi","@id":"https:\/\/reviva.fi\/fi\/tuote\/jattenattljusolja-pure-evening-primrose-oil-1000-mg-lamberts\/#primaryimage","url":"https:\/\/reviva.fi\/wp-content\/uploads\/2022\/11\/8501-90-Pure-evening.jpg","contentUrl":"https:\/\/reviva.fi\/wp-content\/uploads\/2022\/11\/8501-90-Pure-evening.jpg","width":780,"height":780},{"@type":"BreadcrumbList","@id":"https:\/\/reviva.fi\/fi\/tuote\/jattenattljusolja-pure-evening-primrose-oil-1000-mg-lamberts\/#breadcrumb","itemListElement":[{"@type":"ListItem","position":1,"name":"Etusivu","item":"https:\/\/reviva.fi\/fi\/"},{"@type":"ListItem","position":2,"name":"Tuotteet","item":"https:\/\/reviva.fi\/produkter\/"},{"@type":"ListItem","position":3,"name":"Helokki\u00f6ljy &#8211; 1000 mg LAMBERTS"}]},{"@type":"WebSite","@id":"https:\/\/reviva.fi\/fi\/#website","url":"https:\/\/reviva.fi\/fi\/","name":"Reviva","description":"","publisher":{"@id":"https:\/\/reviva.fi\/fi\/#organization"},"potentialAction":[{"@type":"SearchAction","target":{"@type":"EntryPoint","urlTemplate":"https:\/\/reviva.fi\/fi\/?s={search_term_string}"},"query-input":{"@type":"PropertyValueSpecification","valueRequired":true,"valueName":"search_term_string"}}],"inLanguage":"fi"},{"@type":"Organization","@id":"https:\/\/reviva.fi\/fi\/#organization","name":"Reviva","url":"https:\/\/reviva.fi\/fi\/","logo":{"@type":"ImageObject","inLanguage":"fi","@id":"https:\/\/reviva.fi\/fi\/#\/schema\/logo\/image\/","url":"https:\/\/reviva.fi\/wp-content\/uploads\/2023\/10\/reviva-logo2.svg","contentUrl":"https:\/\/reviva.fi\/wp-content\/uploads\/2023\/10\/reviva-logo2.svg","caption":"Reviva"},"image":{"@id":"https:\/\/reviva.fi\/fi\/#\/schema\/logo\/image\/"}}]},"product_price_amount":"33.75","product_price_currency":"EUR","og_availability":"instock","product_availability":"instock","product_retailer_item_id":"8501-90","product_condition":"new"},"taxonomy_info":{"product_cat":[{"value":91,"label":"Rasvahapot"},{"value":2454,"label":"EVP Nutrition"},{"value":2444,"label":"Lamberts"},{"value":2376,"label":"Stressaantunut &amp; V\u00e4synyt"},{"value":2350,"label":"Iho &amp; Kauneus"}],"product_tag":[{"value":2966,"label":"Akne"},{"value":1233,"label":"ekseema"},{"value":4644,"label":"gamma-linoleenihappo"},{"value":4643,"label":"GLA"},{"value":3519,"label":"H\u00e5rh\u00e4lsa"},{"value":5127,"label":"helokki\u00f6ljy"},{"value":3384,"label":"Hormonbalans"},{"value":3385,"label":"Hudh\u00e4lsa"},{"value":444,"label":"immuunij\u00e4rjestelm\u00e4"},{"value":4646,"label":"kasvi\u00f6ljy"},{"value":4420,"label":"kolesterolitasapainoa"},{"value":4837,"label":"Kuiva iho"},{"value":4548,"label":"kynsien terveytt\u00e4"},{"value":3504,"label":"Ledh\u00e4lsa"},{"value":4642,"label":"omega-6"},{"value":4645,"label":"PMS helpotus"},{"value":4493,"label":"solukalvo"},{"value":4419,"label":"Syd\u00e4nterveytt\u00e4"},{"value":1128,"label":"tulehdusta ehk\u00e4isev\u00e4"},{"value":3084,"label":"vaihdevuosien oireet"}]},"featured_image_src_large":["https:\/\/reviva.fi\/wp-content\/uploads\/2022\/11\/8501-90-Pure-evening.jpg",780,780,false],"author_info":[],"comment_info":0,"_links":{"self":[{"href":"https:\/\/reviva.fi\/fi\/wp-json\/wp\/v2\/product\/4685","targetHints":{"allow":["GET"]}}],"collection":[{"href":"https:\/\/reviva.fi\/fi\/wp-json\/wp\/v2\/product"}],"about":[{"href":"https:\/\/reviva.fi\/fi\/wp-json\/wp\/v2\/types\/product"}],"replies":[{"embeddable":true,"href":"https:\/\/reviva.fi\/fi\/wp-json\/wp\/v2\/comments?post=4685"}],"wp:featuredmedia":[{"embeddable":true,"href":"https:\/\/reviva.fi\/fi\/wp-json\/wp\/v2\/media\/10850"}],"wp:attachment":[{"href":"https:\/\/reviva.fi\/fi\/wp-json\/wp\/v2\/media?parent=4685"}],"wp:term":[{"taxonomy":"product_brand","embeddable":true,"href":"https:\/\/reviva.fi\/fi\/wp-json\/wp\/v2\/product_brand?post=4685"},{"taxonomy":"product_cat","embeddable":true,"href":"https:\/\/reviva.fi\/fi\/wp-json\/wp\/v2\/product_cat?post=4685"},{"taxonomy":"product_tag","embeddable":true,"href":"https:\/\/reviva.fi\/fi\/wp-json\/wp\/v2\/product_tag?post=4685"}],"curies":[{"name":"wp","href":"https:\/\/api.w.org\/{rel}","templated":true}]}}