{"id":4763,"date":"2021-04-30T11:17:29","date_gmt":"2021-04-30T08:17:29","guid":{"rendered":"https:\/\/reviva.fi\/product\/k-vitamin-complex\/"},"modified":"2026-01-18T14:29:58","modified_gmt":"2026-01-18T12:29:58","slug":"k1-vitamiini-kompleksi","status":"publish","type":"product","link":"https:\/\/reviva.fi\/fi\/tuote\/k1-vitamiini-kompleksi\/","title":{"rendered":"K-vitamiini Complex"},"content":{"rendered":"<p><strong>K1-vitamiini Complex<\/strong><\/p>\n<p>K-vitamiinilla tarkoitetaan rasvaliukoisten vitamiinien ryhm\u00e4\u00e4. N\u00e4it\u00e4 ovat K1-vitamiini (fyllokinoni tai fytomenadioni) ja K2-vitamiini (menakinoni). K1-vitamiina l\u00f6ytyy luonnollisesti ruokavaliomme kasvisosista, kun taas K2-vitamiinia (menakinonia)tuottavat suolistobakteerimme.<\/p>\n<p><strong>K-vitamiini edist\u00e4\u00e4:\u00a0<\/strong><\/p>\n<ul>\n<li>normaalia veren hyytymist\u00e4<\/li>\n<li>edist\u00e4\u00e4 luiden pysymist\u00e4 normaaleina<\/li>\n<\/ul>\n","protected":false},"excerpt":{"rendered":"<p>K1-vitamiini ja sinimailanen<\/p>\n<p><strong>60 tablettia<\/strong><\/p>\n","protected":false},"featured_media":9311,"comment_status":"open","ping_status":"closed","template":"","meta":{"_acf_changed":false,"inline_featured_image":false,"_kad_blocks_custom_css":"","_kad_blocks_head_custom_js":"","_kad_blocks_body_custom_js":"","_kad_blocks_footer_custom_js":"","_kadence_starter_templates_imported_post":false,"_kad_post_transparent":"default","_kad_post_title":"","_kad_post_layout":"default","_kad_post_sidebar_id":"","_kad_post_content_style":"default","_kad_post_vertical_padding":"default","_kad_post_feature":"","_kad_post_feature_position":"","_kad_post_header":false,"_kad_post_footer":false},"product_brand":[],"product_cat":[96,528,5963],"product_tag":[1125,412,1553,1645,1488,444,448,477,1326,1324,507,498,1479,1406,1484,1494,1644,1528,1643,1566,1268,1136,1600,1641,1150,2972,2970,2974,520,522],"class_list":{"0":"post-4763","1":"product","2":"type-product","3":"status-publish","4":"has-post-thumbnail","6":"product_cat-vitaminer-fi","7":"product_cat-k-vitamin-fi","8":"product_cat-synergos-fi","9":"product_tag-anemia","10":"product_tag-antioksidantti","11":"product_tag-auringon-polttama-iho","12":"product_tag-bakteerien-liikakasvu-suolistossa","13":"product_tag-epatasapainoinen-suolistofloora","14":"product_tag-immuunijarjestelma","15":"product_tag-k-vitamiini","16":"product_tag-k-vitamiini-complex","17":"product_tag-kohonnut-verenpaine","18":"product_tag-kovettumat-rustossa","19":"product_tag-lisaa-vastustuskykya","20":"product_tag-luontais-lisaravinne","21":"product_tag-munuaiskivet","22":"product_tag-mustelmia-helposti","23":"product_tag-nenaverenvuoto-fi","24":"product_tag-osteoporoosi","25":"product_tag-palovammoja","26":"product_tag-runsaat-kuukautiset","27":"product_tag-sahkoinen-yliherkkyys","28":"product_tag-sateilyvaurioita-ihosolua","29":"product_tag-sappikivi","30":"product_tag-starkt-immunforsvar-fi","31":"product_tag-ummetus-fi","32":"product_tag-ummetus-fi-2","33":"product_tag-valtimoiden-jaykkyys","34":"product_tag-verenmaku-suussa","35":"product_tag-verenpuute","36":"product_tag-vertavuotava-ien","37":"product_tag-vitamiini","38":"product_tag-vitamiinit","40":"first","41":"instock","42":"taxable","43":"shipping-taxable","44":"purchasable","45":"product-type-simple","46":"entry","47":"content-bg","48":"loop-entry"},"acf":[],"yoast_head":"<!-- This site is optimized with the Yoast SEO plugin v25.8 - https:\/\/yoast.com\/wordpress\/plugins\/seo\/ -->\n<title>K-vitamiini Complex - Reviva<\/title>\n<meta name=\"description\" content=\"K1-vitamiini Complex Alfalfa -yrttiin sitoutuneena se imeytyy eritt\u00e4in helposti. Kalsiumin aineenvaihduntaan, verenvuototaipumukseen ja ruoansulatukseen.\" \/>\n<meta name=\"robots\" content=\"index, follow, max-snippet:-1, max-image-preview:large, max-video-preview:-1\" \/>\n<link rel=\"canonical\" href=\"https:\/\/reviva.fi\/fi\/tuote\/k1-vitamiini-kompleksi\/\" \/>\n<meta property=\"og:locale\" content=\"fi_FI\" \/>\n<meta property=\"og:type\" content=\"article\" \/>\n<meta property=\"og:title\" content=\"K-vitamiini Complex - Reviva\" \/>\n<meta property=\"og:description\" content=\"K1-vitamiini Complex Alfalfa -yrttiin sitoutuneena se imeytyy eritt\u00e4in helposti. Kalsiumin aineenvaihduntaan, verenvuototaipumukseen ja ruoansulatukseen.\" \/>\n<meta property=\"og:url\" content=\"https:\/\/reviva.fi\/fi\/tuote\/k1-vitamiini-kompleksi\/\" \/>\n<meta property=\"og:site_name\" content=\"Reviva\" \/>\n<meta property=\"article:modified_time\" content=\"2026-01-18T12:29:58+00:00\" \/>\n<meta property=\"og:image\" content=\"https:\/\/reviva.fi\/wp-content\/uploads\/2021\/04\/K-vitamin-complex.png\" \/>\n\t<meta property=\"og:image:width\" content=\"1600\" \/>\n\t<meta property=\"og:image:height\" content=\"1600\" \/>\n\t<meta property=\"og:image:type\" content=\"image\/png\" \/>\n<meta name=\"twitter:card\" content=\"summary_large_image\" \/>\n<script type=\"application\/ld+json\" class=\"yoast-schema-graph\">{\"@context\":\"https:\/\/schema.org\",\"@graph\":[{\"@type\":\"WebPage\",\"@id\":\"https:\/\/reviva.fi\/fi\/tuote\/k1-vitamiini-kompleksi\/\",\"url\":\"https:\/\/reviva.fi\/fi\/tuote\/k1-vitamiini-kompleksi\/\",\"name\":\"K-vitamiini Complex - Reviva\",\"isPartOf\":{\"@id\":\"https:\/\/reviva.fi\/fi\/#website\"},\"primaryImageOfPage\":{\"@id\":\"https:\/\/reviva.fi\/fi\/tuote\/k1-vitamiini-kompleksi\/#primaryimage\"},\"image\":{\"@id\":\"https:\/\/reviva.fi\/fi\/tuote\/k1-vitamiini-kompleksi\/#primaryimage\"},\"thumbnailUrl\":\"https:\/\/reviva.fi\/wp-content\/uploads\/2021\/04\/K-vitamin-complex.png\",\"datePublished\":\"2021-04-30T08:17:29+00:00\",\"dateModified\":\"2026-01-18T12:29:58+00:00\",\"description\":\"K1-vitamiini Complex Alfalfa -yrttiin sitoutuneena se imeytyy eritt\u00e4in helposti. Kalsiumin aineenvaihduntaan, verenvuototaipumukseen ja ruoansulatukseen.\",\"breadcrumb\":{\"@id\":\"https:\/\/reviva.fi\/fi\/tuote\/k1-vitamiini-kompleksi\/#breadcrumb\"},\"inLanguage\":\"fi\",\"potentialAction\":[{\"@type\":\"ReadAction\",\"target\":[\"https:\/\/reviva.fi\/fi\/tuote\/k1-vitamiini-kompleksi\/\"]}]},{\"@type\":\"ImageObject\",\"inLanguage\":\"fi\",\"@id\":\"https:\/\/reviva.fi\/fi\/tuote\/k1-vitamiini-kompleksi\/#primaryimage\",\"url\":\"https:\/\/reviva.fi\/wp-content\/uploads\/2021\/04\/K-vitamin-complex.png\",\"contentUrl\":\"https:\/\/reviva.fi\/wp-content\/uploads\/2021\/04\/K-vitamin-complex.png\",\"width\":1600,\"height\":1600,\"caption\":\"K-vitamiini Kompleksi\"},{\"@type\":\"BreadcrumbList\",\"@id\":\"https:\/\/reviva.fi\/fi\/tuote\/k1-vitamiini-kompleksi\/#breadcrumb\",\"itemListElement\":[{\"@type\":\"ListItem\",\"position\":1,\"name\":\"Etusivu\",\"item\":\"https:\/\/reviva.fi\/fi\/\"},{\"@type\":\"ListItem\",\"position\":2,\"name\":\"Tuotteet\",\"item\":\"https:\/\/reviva.fi\/produkter\/\"},{\"@type\":\"ListItem\",\"position\":3,\"name\":\"K-vitamiini Complex\"}]},{\"@type\":\"WebSite\",\"@id\":\"https:\/\/reviva.fi\/fi\/#website\",\"url\":\"https:\/\/reviva.fi\/fi\/\",\"name\":\"Reviva\",\"description\":\"\",\"publisher\":{\"@id\":\"https:\/\/reviva.fi\/fi\/#organization\"},\"potentialAction\":[{\"@type\":\"SearchAction\",\"target\":{\"@type\":\"EntryPoint\",\"urlTemplate\":\"https:\/\/reviva.fi\/fi\/?s={search_term_string}\"},\"query-input\":{\"@type\":\"PropertyValueSpecification\",\"valueRequired\":true,\"valueName\":\"search_term_string\"}}],\"inLanguage\":\"fi\"},{\"@type\":\"Organization\",\"@id\":\"https:\/\/reviva.fi\/fi\/#organization\",\"name\":\"Reviva\",\"url\":\"https:\/\/reviva.fi\/fi\/\",\"logo\":{\"@type\":\"ImageObject\",\"inLanguage\":\"fi\",\"@id\":\"https:\/\/reviva.fi\/fi\/#\/schema\/logo\/image\/\",\"url\":\"https:\/\/reviva.fi\/wp-content\/uploads\/2023\/10\/reviva-logo2.svg\",\"contentUrl\":\"https:\/\/reviva.fi\/wp-content\/uploads\/2023\/10\/reviva-logo2.svg\",\"caption\":\"Reviva\"},\"image\":{\"@id\":\"https:\/\/reviva.fi\/fi\/#\/schema\/logo\/image\/\"}}]}<\/script>\n<meta property=\"product:price:amount\" content=\"15.87\" \/>\n<meta property=\"product:price:currency\" content=\"EUR\" \/>\n<meta property=\"og:availability\" content=\"instock\" \/>\n<meta property=\"product:availability\" content=\"instock\" \/>\n<meta property=\"product:retailer_item_id\" content=\"223\" \/>\n<meta property=\"product:condition\" content=\"new\" \/>\n<!-- \/ Yoast SEO plugin. -->","yoast_head_json":{"title":"K-vitamiini Complex - Reviva","description":"K1-vitamiini Complex Alfalfa -yrttiin sitoutuneena se imeytyy eritt\u00e4in helposti. Kalsiumin aineenvaihduntaan, verenvuototaipumukseen ja ruoansulatukseen.","robots":{"index":"index","follow":"follow","max-snippet":"max-snippet:-1","max-image-preview":"max-image-preview:large","max-video-preview":"max-video-preview:-1"},"canonical":"https:\/\/reviva.fi\/fi\/tuote\/k1-vitamiini-kompleksi\/","og_locale":"fi_FI","og_type":"article","og_title":"K-vitamiini Complex - Reviva","og_description":"K1-vitamiini Complex Alfalfa -yrttiin sitoutuneena se imeytyy eritt\u00e4in helposti. Kalsiumin aineenvaihduntaan, verenvuototaipumukseen ja ruoansulatukseen.","og_url":"https:\/\/reviva.fi\/fi\/tuote\/k1-vitamiini-kompleksi\/","og_site_name":"Reviva","article_modified_time":"2026-01-18T12:29:58+00:00","og_image":[{"width":1600,"height":1600,"url":"https:\/\/reviva.fi\/wp-content\/uploads\/2021\/04\/K-vitamin-complex.png","type":"image\/png"}],"twitter_card":"summary_large_image","schema":{"@context":"https:\/\/schema.org","@graph":[{"@type":"WebPage","@id":"https:\/\/reviva.fi\/fi\/tuote\/k1-vitamiini-kompleksi\/","url":"https:\/\/reviva.fi\/fi\/tuote\/k1-vitamiini-kompleksi\/","name":"K-vitamiini Complex - Reviva","isPartOf":{"@id":"https:\/\/reviva.fi\/fi\/#website"},"primaryImageOfPage":{"@id":"https:\/\/reviva.fi\/fi\/tuote\/k1-vitamiini-kompleksi\/#primaryimage"},"image":{"@id":"https:\/\/reviva.fi\/fi\/tuote\/k1-vitamiini-kompleksi\/#primaryimage"},"thumbnailUrl":"https:\/\/reviva.fi\/wp-content\/uploads\/2021\/04\/K-vitamin-complex.png","datePublished":"2021-04-30T08:17:29+00:00","dateModified":"2026-01-18T12:29:58+00:00","description":"K1-vitamiini Complex Alfalfa -yrttiin sitoutuneena se imeytyy eritt\u00e4in helposti. Kalsiumin aineenvaihduntaan, verenvuototaipumukseen ja ruoansulatukseen.","breadcrumb":{"@id":"https:\/\/reviva.fi\/fi\/tuote\/k1-vitamiini-kompleksi\/#breadcrumb"},"inLanguage":"fi","potentialAction":[{"@type":"ReadAction","target":["https:\/\/reviva.fi\/fi\/tuote\/k1-vitamiini-kompleksi\/"]}]},{"@type":"ImageObject","inLanguage":"fi","@id":"https:\/\/reviva.fi\/fi\/tuote\/k1-vitamiini-kompleksi\/#primaryimage","url":"https:\/\/reviva.fi\/wp-content\/uploads\/2021\/04\/K-vitamin-complex.png","contentUrl":"https:\/\/reviva.fi\/wp-content\/uploads\/2021\/04\/K-vitamin-complex.png","width":1600,"height":1600,"caption":"K-vitamiini Kompleksi"},{"@type":"BreadcrumbList","@id":"https:\/\/reviva.fi\/fi\/tuote\/k1-vitamiini-kompleksi\/#breadcrumb","itemListElement":[{"@type":"ListItem","position":1,"name":"Etusivu","item":"https:\/\/reviva.fi\/fi\/"},{"@type":"ListItem","position":2,"name":"Tuotteet","item":"https:\/\/reviva.fi\/produkter\/"},{"@type":"ListItem","position":3,"name":"K-vitamiini Complex"}]},{"@type":"WebSite","@id":"https:\/\/reviva.fi\/fi\/#website","url":"https:\/\/reviva.fi\/fi\/","name":"Reviva","description":"","publisher":{"@id":"https:\/\/reviva.fi\/fi\/#organization"},"potentialAction":[{"@type":"SearchAction","target":{"@type":"EntryPoint","urlTemplate":"https:\/\/reviva.fi\/fi\/?s={search_term_string}"},"query-input":{"@type":"PropertyValueSpecification","valueRequired":true,"valueName":"search_term_string"}}],"inLanguage":"fi"},{"@type":"Organization","@id":"https:\/\/reviva.fi\/fi\/#organization","name":"Reviva","url":"https:\/\/reviva.fi\/fi\/","logo":{"@type":"ImageObject","inLanguage":"fi","@id":"https:\/\/reviva.fi\/fi\/#\/schema\/logo\/image\/","url":"https:\/\/reviva.fi\/wp-content\/uploads\/2023\/10\/reviva-logo2.svg","contentUrl":"https:\/\/reviva.fi\/wp-content\/uploads\/2023\/10\/reviva-logo2.svg","caption":"Reviva"},"image":{"@id":"https:\/\/reviva.fi\/fi\/#\/schema\/logo\/image\/"}}]},"product_price_amount":"15.87","product_price_currency":"EUR","og_availability":"instock","product_availability":"instock","product_retailer_item_id":"223","product_condition":"new"},"taxonomy_info":{"product_cat":[{"value":96,"label":"Vitamiinit"},{"value":528,"label":"K-vitamiini"},{"value":5963,"label":"Synergos"}],"product_tag":[{"value":1125,"label":"anemia"},{"value":412,"label":"antioksidantti"},{"value":1553,"label":"auringon polttama iho"},{"value":1645,"label":"bakteerien liikakasvu suolistossa"},{"value":1488,"label":"ep\u00e4tasapainoinen suolistofloora"},{"value":444,"label":"immuunij\u00e4rjestelm\u00e4"},{"value":448,"label":"k vitamiini"},{"value":477,"label":"k vitamiini complex"},{"value":1326,"label":"kohonnut verenpaine"},{"value":1324,"label":"kovettumat rustossa"},{"value":507,"label":"lis\u00e4\u00e4 vastustuskyky\u00e4"},{"value":498,"label":"luontais lis\u00e4ravinne"},{"value":1479,"label":"munuaiskivet"},{"value":1406,"label":"mustelmia helposti"},{"value":1484,"label":"nen\u00e4verenvuoto"},{"value":1494,"label":"osteoporoosi"},{"value":1644,"label":"palovammoja"},{"value":1528,"label":"runsaat kuukautiset"},{"value":1643,"label":"s\u00e4hk\u00f6inen yliherkkyys"},{"value":1566,"label":"s\u00e4teilyvaurioita ihosolua"},{"value":1268,"label":"sappikivi"},{"value":1136,"label":"st\u00e4rkt immunf\u00f6rsvar"},{"value":1600,"label":"ummetus"},{"value":1641,"label":"ummetus"},{"value":1150,"label":"valtimoiden j\u00e4ykkyys"},{"value":2972,"label":"Verenmaku suussa"},{"value":2970,"label":"Verenpuute"},{"value":2974,"label":"Vertavuotava ien"},{"value":520,"label":"vitamiini"},{"value":522,"label":"vitamiinit"}]},"featured_image_src_large":["https:\/\/reviva.fi\/wp-content\/uploads\/2021\/04\/K-vitamin-complex-1024x1024.png",1024,1024,true],"author_info":[],"comment_info":0,"_links":{"self":[{"href":"https:\/\/reviva.fi\/fi\/wp-json\/wp\/v2\/product\/4763","targetHints":{"allow":["GET"]}}],"collection":[{"href":"https:\/\/reviva.fi\/fi\/wp-json\/wp\/v2\/product"}],"about":[{"href":"https:\/\/reviva.fi\/fi\/wp-json\/wp\/v2\/types\/product"}],"replies":[{"embeddable":true,"href":"https:\/\/reviva.fi\/fi\/wp-json\/wp\/v2\/comments?post=4763"}],"wp:featuredmedia":[{"embeddable":true,"href":"https:\/\/reviva.fi\/fi\/wp-json\/wp\/v2\/media\/9311"}],"wp:attachment":[{"href":"https:\/\/reviva.fi\/fi\/wp-json\/wp\/v2\/media?parent=4763"}],"wp:term":[{"taxonomy":"product_brand","embeddable":true,"href":"https:\/\/reviva.fi\/fi\/wp-json\/wp\/v2\/product_brand?post=4763"},{"taxonomy":"product_cat","embeddable":true,"href":"https:\/\/reviva.fi\/fi\/wp-json\/wp\/v2\/product_cat?post=4763"},{"taxonomy":"product_tag","embeddable":true,"href":"https:\/\/reviva.fi\/fi\/wp-json\/wp\/v2\/product_tag?post=4763"}],"curies":[{"name":"wp","href":"https:\/\/api.w.org\/{rel}","templated":true}]}}