{"id":4789,"date":"2023-02-08T09:13:54","date_gmt":"2023-02-08T07:13:54","guid":{"rendered":"https:\/\/reviva.fi\/?post_type=product&#038;p=4789"},"modified":"2026-01-21T18:13:48","modified_gmt":"2026-01-21T16:13:48","slug":"d-vitamiini-k2","status":"publish","type":"product","link":"https:\/\/reviva.fi\/fi\/tuote\/d-vitamiini-k2\/","title":{"rendered":"D3K2, D3-vitamiini + K2-vitamiini"},"content":{"rendered":"<p><strong>D3-vitamiini + K2-vitamiini<\/strong><\/p>\n<p>Jokainen kapseli sis\u00e4lt\u00e4\u00e4 10 000 IU \/ 250 \u00b5g D3-vitamiinia ja 100 \u00b5g K2-vitamiinia.<\/p>\n<p>On t\u00e4rke\u00e4\u00e4, ett\u00e4 D-vitamiinitaso pysyy hyv\u00e4n\u00e4 kaikissa el\u00e4m\u00e4nvaiheissa siki\u00f6kaudesta alkaen. D-vitamiini auttaa suojaamaan luustoa ja monia t\u00e4rkeit\u00e4 j\u00e4rjestelmi\u00e4, kuten immuniteettia ja syd\u00e4n- ja verisuonitoimintoja.<\/p>\n<p>D- ja K-vitamiinin yhdistelm\u00e4 voi tarjota viel\u00e4 paremman suojan n\u00e4ille j\u00e4rjestelmille.<\/p>\n<p>D-vitamiini edist\u00e4\u00e4:<\/p>\n<ul>\n<li>kalsiumin ja fosforin normaali imeytyminen\/k\u00e4ytt\u00f6<\/li>\n<li>normaalit veren kalsiumtasot<\/li>\n<li>normaalin luurakenteen yll\u00e4pit\u00e4miseksi<\/li>\n<li>yll\u00e4pit\u00e4\u00e4 normaalia lihasten toimintaa<\/li>\n<li>s\u00e4ilytt\u00e4\u00e4 normaalit hampaat<\/li>\n<li>immuunij\u00e4rjestelm\u00e4n normaali toiminta<\/li>\n<\/ul>\n<p>D-vitamiinilla on rooli solujen jakautumisprosessissa.<\/p>\n<p>D-vitamiini auttaa v\u00e4hent\u00e4m\u00e4\u00e4n kaatumisriski\u00e4, \u200b\u200bjoka liittyy tasapainon menett\u00e4miseen ja lihasheikkouteen. Kaatuminen on 60-vuotiaiden ja sit\u00e4 vanhempien miesten ja naisten murtumien riskitekij\u00e4.<\/p>\n<p>K-vitamiini edist\u00e4\u00e4 luuston normaalin rakenteen yll\u00e4pit\u00e4mist\u00e4.<\/p>\n","protected":false},"excerpt":{"rendered":"<p>Jokainen kapseli sis\u00e4lt\u00e4\u00e4 10 000 IU \/ 250 \u00b5g D3-vitamiinia ja 100 \u00b5g K2-vitamiinia<\/p>\n<p><strong>60 kapselia<\/strong><\/p>\n","protected":false},"featured_media":13759,"comment_status":"closed","ping_status":"closed","template":"","meta":{"_acf_changed":false,"inline_featured_image":false,"_kad_blocks_custom_css":"","_kad_blocks_head_custom_js":"","_kad_blocks_body_custom_js":"","_kad_blocks_footer_custom_js":"","_kadence_starter_templates_imported_post":false,"_kad_post_transparent":"default","_kad_post_title":"","_kad_post_layout":"default","_kad_post_sidebar_id":"","_kad_post_content_style":"default","_kad_post_vertical_padding":"default","_kad_post_feature":"","_kad_post_feature_position":"","_kad_post_header":false,"_kad_post_footer":false},"product_brand":[],"product_cat":[96,527,528,5963,2357],"product_tag":[1125,1553,621,1233,1467,448,1326,1324,1454,1457,1218,1479,1484,1494,1644,1514,1528,1643,1268,1150,2972,2970,2974,5667],"class_list":{"0":"post-4789","1":"product","2":"type-product","3":"status-publish","4":"has-post-thumbnail","6":"product_cat-vitaminer-fi","7":"product_cat-d-vitamin-fi","8":"product_cat-k-vitamin-fi","9":"product_cat-synergos-fi","10":"product_cat-immunforsvar-fi","11":"product_tag-anemia","12":"product_tag-auringon-polttama-iho","13":"product_tag-d-vitamiini-fi","14":"product_tag-ekseema","15":"product_tag-heikentynyt-immuunijarjestelma","16":"product_tag-k-vitamiini","17":"product_tag-kohonnut-verenpaine","18":"product_tag-kovettumat-rustossa","19":"product_tag-lihas-heikkous","20":"product_tag-lihaskipu","21":"product_tag-masennus","22":"product_tag-munuaiskivet","23":"product_tag-nenaverenvuoto-fi","24":"product_tag-osteoporoosi","25":"product_tag-palovammoja","26":"product_tag-psoriasis-fi","27":"product_tag-runsaat-kuukautiset","28":"product_tag-sahkoinen-yliherkkyys","29":"product_tag-sappikivi","30":"product_tag-valtimoiden-jaykkyys","31":"product_tag-verenmaku-suussa","32":"product_tag-verenpuute","33":"product_tag-vertavuotava-ien","34":"product_tag-vitamin-k2-fi","36":"first","37":"instock","38":"taxable","39":"shipping-taxable","40":"purchasable","41":"product-type-simple","42":"entry","43":"content-bg","44":"loop-entry"},"acf":[],"yoast_head":"<!-- This site is optimized with the Yoast SEO plugin v25.8 - https:\/\/yoast.com\/wordpress\/plugins\/seo\/ -->\n<title>D3K2, D3-vitamiini + K2-vitamiini - Reviva<\/title>\n<meta name=\"description\" content=\"D-vitamiini + K2 250 \u00b5g D3-vitamiinia + 100 \u00b5g K2-vitamiinia. Hyv\u00e4 D-vitamiinitaso on t\u00e4rke\u00e4. Suojaa luita, vastustuskyky\u00e4 ja syd\u00e4n- ja verisuonitoimintaa.\" \/>\n<meta name=\"robots\" content=\"index, follow, max-snippet:-1, max-image-preview:large, max-video-preview:-1\" \/>\n<link rel=\"canonical\" href=\"https:\/\/reviva.fi\/fi\/tuote\/d-vitamiini-k2\/\" \/>\n<meta property=\"og:locale\" content=\"fi_FI\" \/>\n<meta property=\"og:type\" content=\"article\" \/>\n<meta property=\"og:title\" content=\"D3K2, D3-vitamiini + K2-vitamiini - Reviva\" \/>\n<meta property=\"og:description\" content=\"D-vitamiini + K2 250 \u00b5g D3-vitamiinia + 100 \u00b5g K2-vitamiinia. Hyv\u00e4 D-vitamiinitaso on t\u00e4rke\u00e4. Suojaa luita, vastustuskyky\u00e4 ja syd\u00e4n- ja verisuonitoimintaa.\" \/>\n<meta property=\"og:url\" content=\"https:\/\/reviva.fi\/fi\/tuote\/d-vitamiini-k2\/\" \/>\n<meta property=\"og:site_name\" content=\"Reviva\" \/>\n<meta property=\"article:modified_time\" content=\"2026-01-21T16:13:48+00:00\" \/>\n<meta property=\"og:image\" content=\"https:\/\/reviva.fi\/wp-content\/uploads\/2023\/02\/D3K2-251-Photoroom-e1744884831914.png\" \/>\n\t<meta property=\"og:image:width\" content=\"1586\" \/>\n\t<meta property=\"og:image:height\" content=\"1586\" \/>\n\t<meta property=\"og:image:type\" content=\"image\/png\" \/>\n<meta name=\"twitter:card\" content=\"summary_large_image\" \/>\n<script type=\"application\/ld+json\" class=\"yoast-schema-graph\">{\"@context\":\"https:\/\/schema.org\",\"@graph\":[{\"@type\":\"WebPage\",\"@id\":\"https:\/\/reviva.fi\/fi\/tuote\/d-vitamiini-k2\/\",\"url\":\"https:\/\/reviva.fi\/fi\/tuote\/d-vitamiini-k2\/\",\"name\":\"D3K2, D3-vitamiini + K2-vitamiini - Reviva\",\"isPartOf\":{\"@id\":\"https:\/\/reviva.fi\/fi\/#website\"},\"primaryImageOfPage\":{\"@id\":\"https:\/\/reviva.fi\/fi\/tuote\/d-vitamiini-k2\/#primaryimage\"},\"image\":{\"@id\":\"https:\/\/reviva.fi\/fi\/tuote\/d-vitamiini-k2\/#primaryimage\"},\"thumbnailUrl\":\"https:\/\/reviva.fi\/wp-content\/uploads\/2023\/02\/251-D3K2-Photoroom-e1769769415114.png\",\"datePublished\":\"2023-02-08T07:13:54+00:00\",\"dateModified\":\"2026-01-21T16:13:48+00:00\",\"description\":\"D-vitamiini + K2 250 \u00b5g D3-vitamiinia + 100 \u00b5g K2-vitamiinia. Hyv\u00e4 D-vitamiinitaso on t\u00e4rke\u00e4. Suojaa luita, vastustuskyky\u00e4 ja syd\u00e4n- ja verisuonitoimintaa.\",\"breadcrumb\":{\"@id\":\"https:\/\/reviva.fi\/fi\/tuote\/d-vitamiini-k2\/#breadcrumb\"},\"inLanguage\":\"fi\",\"potentialAction\":[{\"@type\":\"ReadAction\",\"target\":[\"https:\/\/reviva.fi\/fi\/tuote\/d-vitamiini-k2\/\"]}]},{\"@type\":\"ImageObject\",\"inLanguage\":\"fi\",\"@id\":\"https:\/\/reviva.fi\/fi\/tuote\/d-vitamiini-k2\/#primaryimage\",\"url\":\"https:\/\/reviva.fi\/wp-content\/uploads\/2023\/02\/251-D3K2-Photoroom-e1769769415114.png\",\"contentUrl\":\"https:\/\/reviva.fi\/wp-content\/uploads\/2023\/02\/251-D3K2-Photoroom-e1769769415114.png\",\"width\":2000,\"height\":1333,\"caption\":\"D3K2\"},{\"@type\":\"BreadcrumbList\",\"@id\":\"https:\/\/reviva.fi\/fi\/tuote\/d-vitamiini-k2\/#breadcrumb\",\"itemListElement\":[{\"@type\":\"ListItem\",\"position\":1,\"name\":\"Etusivu\",\"item\":\"https:\/\/reviva.fi\/fi\/\"},{\"@type\":\"ListItem\",\"position\":2,\"name\":\"Tuotteet\",\"item\":\"https:\/\/reviva.fi\/produkter\/\"},{\"@type\":\"ListItem\",\"position\":3,\"name\":\"D3K2, D3-vitamiini + K2-vitamiini\"}]},{\"@type\":\"WebSite\",\"@id\":\"https:\/\/reviva.fi\/fi\/#website\",\"url\":\"https:\/\/reviva.fi\/fi\/\",\"name\":\"Reviva\",\"description\":\"\",\"publisher\":{\"@id\":\"https:\/\/reviva.fi\/fi\/#organization\"},\"potentialAction\":[{\"@type\":\"SearchAction\",\"target\":{\"@type\":\"EntryPoint\",\"urlTemplate\":\"https:\/\/reviva.fi\/fi\/?s={search_term_string}\"},\"query-input\":{\"@type\":\"PropertyValueSpecification\",\"valueRequired\":true,\"valueName\":\"search_term_string\"}}],\"inLanguage\":\"fi\"},{\"@type\":\"Organization\",\"@id\":\"https:\/\/reviva.fi\/fi\/#organization\",\"name\":\"Reviva\",\"url\":\"https:\/\/reviva.fi\/fi\/\",\"logo\":{\"@type\":\"ImageObject\",\"inLanguage\":\"fi\",\"@id\":\"https:\/\/reviva.fi\/fi\/#\/schema\/logo\/image\/\",\"url\":\"https:\/\/reviva.fi\/wp-content\/uploads\/2023\/10\/reviva-logo2.svg\",\"contentUrl\":\"https:\/\/reviva.fi\/wp-content\/uploads\/2023\/10\/reviva-logo2.svg\",\"caption\":\"Reviva\"},\"image\":{\"@id\":\"https:\/\/reviva.fi\/fi\/#\/schema\/logo\/image\/\"}}]}<\/script>\n<meta property=\"product:price:amount\" content=\"21.00\" \/>\n<meta property=\"product:price:currency\" content=\"EUR\" \/>\n<meta property=\"og:availability\" content=\"instock\" \/>\n<meta property=\"product:availability\" content=\"instock\" \/>\n<meta property=\"product:retailer_item_id\" content=\"251\" \/>\n<meta property=\"product:condition\" content=\"new\" \/>\n<!-- \/ Yoast SEO plugin. -->","yoast_head_json":{"title":"D3K2, D3-vitamiini + K2-vitamiini - Reviva","description":"D-vitamiini + K2 250 \u00b5g D3-vitamiinia + 100 \u00b5g K2-vitamiinia. Hyv\u00e4 D-vitamiinitaso on t\u00e4rke\u00e4. Suojaa luita, vastustuskyky\u00e4 ja syd\u00e4n- ja verisuonitoimintaa.","robots":{"index":"index","follow":"follow","max-snippet":"max-snippet:-1","max-image-preview":"max-image-preview:large","max-video-preview":"max-video-preview:-1"},"canonical":"https:\/\/reviva.fi\/fi\/tuote\/d-vitamiini-k2\/","og_locale":"fi_FI","og_type":"article","og_title":"D3K2, D3-vitamiini + K2-vitamiini - Reviva","og_description":"D-vitamiini + K2 250 \u00b5g D3-vitamiinia + 100 \u00b5g K2-vitamiinia. Hyv\u00e4 D-vitamiinitaso on t\u00e4rke\u00e4. Suojaa luita, vastustuskyky\u00e4 ja syd\u00e4n- ja verisuonitoimintaa.","og_url":"https:\/\/reviva.fi\/fi\/tuote\/d-vitamiini-k2\/","og_site_name":"Reviva","article_modified_time":"2026-01-21T16:13:48+00:00","og_image":[{"width":1586,"height":1586,"url":"https:\/\/reviva.fi\/wp-content\/uploads\/2023\/02\/D3K2-251-Photoroom-e1744884831914.png","type":"image\/png"}],"twitter_card":"summary_large_image","schema":{"@context":"https:\/\/schema.org","@graph":[{"@type":"WebPage","@id":"https:\/\/reviva.fi\/fi\/tuote\/d-vitamiini-k2\/","url":"https:\/\/reviva.fi\/fi\/tuote\/d-vitamiini-k2\/","name":"D3K2, D3-vitamiini + K2-vitamiini - Reviva","isPartOf":{"@id":"https:\/\/reviva.fi\/fi\/#website"},"primaryImageOfPage":{"@id":"https:\/\/reviva.fi\/fi\/tuote\/d-vitamiini-k2\/#primaryimage"},"image":{"@id":"https:\/\/reviva.fi\/fi\/tuote\/d-vitamiini-k2\/#primaryimage"},"thumbnailUrl":"https:\/\/reviva.fi\/wp-content\/uploads\/2023\/02\/251-D3K2-Photoroom-e1769769415114.png","datePublished":"2023-02-08T07:13:54+00:00","dateModified":"2026-01-21T16:13:48+00:00","description":"D-vitamiini + K2 250 \u00b5g D3-vitamiinia + 100 \u00b5g K2-vitamiinia. Hyv\u00e4 D-vitamiinitaso on t\u00e4rke\u00e4. Suojaa luita, vastustuskyky\u00e4 ja syd\u00e4n- ja verisuonitoimintaa.","breadcrumb":{"@id":"https:\/\/reviva.fi\/fi\/tuote\/d-vitamiini-k2\/#breadcrumb"},"inLanguage":"fi","potentialAction":[{"@type":"ReadAction","target":["https:\/\/reviva.fi\/fi\/tuote\/d-vitamiini-k2\/"]}]},{"@type":"ImageObject","inLanguage":"fi","@id":"https:\/\/reviva.fi\/fi\/tuote\/d-vitamiini-k2\/#primaryimage","url":"https:\/\/reviva.fi\/wp-content\/uploads\/2023\/02\/251-D3K2-Photoroom-e1769769415114.png","contentUrl":"https:\/\/reviva.fi\/wp-content\/uploads\/2023\/02\/251-D3K2-Photoroom-e1769769415114.png","width":2000,"height":1333,"caption":"D3K2"},{"@type":"BreadcrumbList","@id":"https:\/\/reviva.fi\/fi\/tuote\/d-vitamiini-k2\/#breadcrumb","itemListElement":[{"@type":"ListItem","position":1,"name":"Etusivu","item":"https:\/\/reviva.fi\/fi\/"},{"@type":"ListItem","position":2,"name":"Tuotteet","item":"https:\/\/reviva.fi\/produkter\/"},{"@type":"ListItem","position":3,"name":"D3K2, D3-vitamiini + K2-vitamiini"}]},{"@type":"WebSite","@id":"https:\/\/reviva.fi\/fi\/#website","url":"https:\/\/reviva.fi\/fi\/","name":"Reviva","description":"","publisher":{"@id":"https:\/\/reviva.fi\/fi\/#organization"},"potentialAction":[{"@type":"SearchAction","target":{"@type":"EntryPoint","urlTemplate":"https:\/\/reviva.fi\/fi\/?s={search_term_string}"},"query-input":{"@type":"PropertyValueSpecification","valueRequired":true,"valueName":"search_term_string"}}],"inLanguage":"fi"},{"@type":"Organization","@id":"https:\/\/reviva.fi\/fi\/#organization","name":"Reviva","url":"https:\/\/reviva.fi\/fi\/","logo":{"@type":"ImageObject","inLanguage":"fi","@id":"https:\/\/reviva.fi\/fi\/#\/schema\/logo\/image\/","url":"https:\/\/reviva.fi\/wp-content\/uploads\/2023\/10\/reviva-logo2.svg","contentUrl":"https:\/\/reviva.fi\/wp-content\/uploads\/2023\/10\/reviva-logo2.svg","caption":"Reviva"},"image":{"@id":"https:\/\/reviva.fi\/fi\/#\/schema\/logo\/image\/"}}]},"product_price_amount":"21.00","product_price_currency":"EUR","og_availability":"instock","product_availability":"instock","product_retailer_item_id":"251","product_condition":"new"},"taxonomy_info":{"product_cat":[{"value":96,"label":"Vitamiinit"},{"value":527,"label":"D-vitamiini"},{"value":528,"label":"K-vitamiini"},{"value":5963,"label":"Synergos"},{"value":2357,"label":"Immuunipuolustus"}],"product_tag":[{"value":1125,"label":"anemia"},{"value":1553,"label":"auringon polttama iho"},{"value":621,"label":"d vitamiini"},{"value":1233,"label":"ekseema"},{"value":1467,"label":"heikentynyt immuunij\u00e4rjestelm\u00e4"},{"value":448,"label":"k vitamiini"},{"value":1326,"label":"kohonnut verenpaine"},{"value":1324,"label":"kovettumat rustossa"},{"value":1454,"label":"lihas heikkous"},{"value":1457,"label":"lihaskipu"},{"value":1218,"label":"masennus"},{"value":1479,"label":"munuaiskivet"},{"value":1484,"label":"nen\u00e4verenvuoto"},{"value":1494,"label":"osteoporoosi"},{"value":1644,"label":"palovammoja"},{"value":1514,"label":"psoriasis"},{"value":1528,"label":"runsaat kuukautiset"},{"value":1643,"label":"s\u00e4hk\u00f6inen yliherkkyys"},{"value":1268,"label":"sappikivi"},{"value":1150,"label":"valtimoiden j\u00e4ykkyys"},{"value":2972,"label":"Verenmaku suussa"},{"value":2970,"label":"Verenpuute"},{"value":2974,"label":"Vertavuotava ien"},{"value":5667,"label":"vitamin K2"}]},"featured_image_src_large":["https:\/\/reviva.fi\/wp-content\/uploads\/2023\/02\/251-D3K2-Photoroom-1024x682.png",1024,682,true],"author_info":[],"comment_info":0,"_links":{"self":[{"href":"https:\/\/reviva.fi\/fi\/wp-json\/wp\/v2\/product\/4789","targetHints":{"allow":["GET"]}}],"collection":[{"href":"https:\/\/reviva.fi\/fi\/wp-json\/wp\/v2\/product"}],"about":[{"href":"https:\/\/reviva.fi\/fi\/wp-json\/wp\/v2\/types\/product"}],"replies":[{"embeddable":true,"href":"https:\/\/reviva.fi\/fi\/wp-json\/wp\/v2\/comments?post=4789"}],"wp:featuredmedia":[{"embeddable":true,"href":"https:\/\/reviva.fi\/fi\/wp-json\/wp\/v2\/media\/13759"}],"wp:attachment":[{"href":"https:\/\/reviva.fi\/fi\/wp-json\/wp\/v2\/media?parent=4789"}],"wp:term":[{"taxonomy":"product_brand","embeddable":true,"href":"https:\/\/reviva.fi\/fi\/wp-json\/wp\/v2\/product_brand?post=4789"},{"taxonomy":"product_cat","embeddable":true,"href":"https:\/\/reviva.fi\/fi\/wp-json\/wp\/v2\/product_cat?post=4789"},{"taxonomy":"product_tag","embeddable":true,"href":"https:\/\/reviva.fi\/fi\/wp-json\/wp\/v2\/product_tag?post=4789"}],"curies":[{"name":"wp","href":"https:\/\/api.w.org\/{rel}","templated":true}]}}