{"id":4791,"date":"2023-02-08T09:42:59","date_gmt":"2023-02-08T07:42:59","guid":{"rendered":"https:\/\/reviva.fi\/?post_type=product&#038;p=4791"},"modified":"2026-01-17T15:18:04","modified_gmt":"2026-01-17T13:18:04","slug":"e-vitamiini-plus","status":"publish","type":"product","link":"https:\/\/reviva.fi\/fi\/tuote\/e-vitamiini-plus\/","title":{"rendered":"E-vitamiini Plus"},"content":{"rendered":"<p>E-vitamiini Plus, Luonnolliset tokoferolit ja tokotrienolit.<\/p>\n<p>E-vitamiini edist\u00e4\u00e4 solujen suojaamista hapettumisstressilt\u00e4.<\/p>\n","protected":false},"excerpt":{"rendered":"<p>Luonnolliset tokoferolit ja tokotrienolit<\/p>\n<p><strong>E-vitamiini edist\u00e4\u00e4 solujen suojaamista hapettumisstressilt\u00e4<\/strong><\/p>\n<p><strong>60 kapselia<\/strong><\/p>\n","protected":false},"featured_media":13914,"comment_status":"closed","ping_status":"closed","template":"","meta":{"_acf_changed":false,"inline_featured_image":false,"_kad_blocks_custom_css":"","_kad_blocks_head_custom_js":"","_kad_blocks_body_custom_js":"","_kad_blocks_footer_custom_js":"","_kadence_starter_templates_imported_post":false,"_kad_post_transparent":"default","_kad_post_title":"","_kad_post_layout":"default","_kad_post_sidebar_id":"","_kad_post_content_style":"default","_kad_post_vertical_padding":"default","_kad_post_feature":"","_kad_post_feature_position":"","_kad_post_header":false,"_kad_post_footer":false},"product_brand":[],"product_cat":[96,5962,5963],"product_tag":[1148,436,1467,1326,4473,1495,3137,1283,1335,1150,2902,522],"class_list":{"0":"post-4791","1":"product","2":"type-product","3":"status-publish","4":"has-post-thumbnail","6":"product_cat-vitaminer-fi","7":"product_cat-e-vitamin-fi","8":"product_cat-synergos-fi","9":"product_tag-artriitti","10":"product_tag-e-vitamiini","11":"product_tag-heikentynyt-immuunijarjestelma","12":"product_tag-kohonnut-verenpaine","13":"product_tag-luonnolliset-tokoferolit","14":"product_tag-oksidatiivista-stressia","15":"product_tag-raynaudin-oireyhtyma","16":"product_tag-sydansairaus","17":"product_tag-tulehduksia","18":"product_tag-valtimoiden-jaykkyys","19":"product_tag-veritulppa","20":"product_tag-vitamiinit","22":"first","23":"instock","24":"taxable","25":"shipping-taxable","26":"purchasable","27":"product-type-simple","28":"entry","29":"content-bg","30":"loop-entry"},"acf":[],"yoast_head":"<!-- This site is optimized with the Yoast SEO plugin v25.8 - https:\/\/yoast.com\/wordpress\/plugins\/seo\/ -->\n<title>E-vitamiini Plus - Reviva<\/title>\n<meta name=\"description\" content=\"E-vitamiini Plus, Luonnolliset tokoferolit ja tokotrienolit. Suojaa soluja oksidatiiviselta stressilt\u00e4. E-vitamiini on yksi rasvaliukoisista vitamiineista.\" \/>\n<meta name=\"robots\" content=\"index, follow, max-snippet:-1, max-image-preview:large, max-video-preview:-1\" \/>\n<link rel=\"canonical\" href=\"https:\/\/reviva.fi\/fi\/tuote\/e-vitamiini-plus\/\" \/>\n<meta property=\"og:locale\" content=\"fi_FI\" \/>\n<meta property=\"og:type\" content=\"article\" \/>\n<meta property=\"og:title\" content=\"E-vitamiini Plus - Reviva\" \/>\n<meta property=\"og:description\" content=\"E-vitamiini Plus, Luonnolliset tokoferolit ja tokotrienolit. Suojaa soluja oksidatiiviselta stressilt\u00e4. E-vitamiini on yksi rasvaliukoisista vitamiineista.\" \/>\n<meta property=\"og:url\" content=\"https:\/\/reviva.fi\/fi\/tuote\/e-vitamiini-plus\/\" \/>\n<meta property=\"og:site_name\" content=\"Reviva\" \/>\n<meta property=\"article:modified_time\" content=\"2026-01-17T13:18:04+00:00\" \/>\n<meta property=\"og:image\" content=\"https:\/\/reviva.fi\/wp-content\/uploads\/2023\/02\/208-E-vitamin-Plus-Photoroom-1-e1769670705413.png\" \/>\n\t<meta property=\"og:image:width\" content=\"2000\" \/>\n\t<meta property=\"og:image:height\" content=\"1333\" \/>\n\t<meta property=\"og:image:type\" content=\"image\/png\" \/>\n<meta name=\"twitter:card\" content=\"summary_large_image\" \/>\n<script type=\"application\/ld+json\" class=\"yoast-schema-graph\">{\"@context\":\"https:\/\/schema.org\",\"@graph\":[{\"@type\":\"WebPage\",\"@id\":\"https:\/\/reviva.fi\/fi\/tuote\/e-vitamiini-plus\/\",\"url\":\"https:\/\/reviva.fi\/fi\/tuote\/e-vitamiini-plus\/\",\"name\":\"E-vitamiini Plus - Reviva\",\"isPartOf\":{\"@id\":\"https:\/\/reviva.fi\/fi\/#website\"},\"primaryImageOfPage\":{\"@id\":\"https:\/\/reviva.fi\/fi\/tuote\/e-vitamiini-plus\/#primaryimage\"},\"image\":{\"@id\":\"https:\/\/reviva.fi\/fi\/tuote\/e-vitamiini-plus\/#primaryimage\"},\"thumbnailUrl\":\"https:\/\/reviva.fi\/wp-content\/uploads\/2023\/02\/208-vitamin-E-plus-Photoroom-e1771326126240.png\",\"datePublished\":\"2023-02-08T07:42:59+00:00\",\"dateModified\":\"2026-01-17T13:18:04+00:00\",\"description\":\"E-vitamiini Plus, Luonnolliset tokoferolit ja tokotrienolit. Suojaa soluja oksidatiiviselta stressilt\u00e4. E-vitamiini on yksi rasvaliukoisista vitamiineista.\",\"breadcrumb\":{\"@id\":\"https:\/\/reviva.fi\/fi\/tuote\/e-vitamiini-plus\/#breadcrumb\"},\"inLanguage\":\"fi\",\"potentialAction\":[{\"@type\":\"ReadAction\",\"target\":[\"https:\/\/reviva.fi\/fi\/tuote\/e-vitamiini-plus\/\"]}]},{\"@type\":\"ImageObject\",\"inLanguage\":\"fi\",\"@id\":\"https:\/\/reviva.fi\/fi\/tuote\/e-vitamiini-plus\/#primaryimage\",\"url\":\"https:\/\/reviva.fi\/wp-content\/uploads\/2023\/02\/208-vitamin-E-plus-Photoroom-e1771326126240.png\",\"contentUrl\":\"https:\/\/reviva.fi\/wp-content\/uploads\/2023\/02\/208-vitamin-E-plus-Photoroom-e1771326126240.png\",\"width\":2000,\"height\":1333,\"caption\":\"E vitamin Plus\"},{\"@type\":\"BreadcrumbList\",\"@id\":\"https:\/\/reviva.fi\/fi\/tuote\/e-vitamiini-plus\/#breadcrumb\",\"itemListElement\":[{\"@type\":\"ListItem\",\"position\":1,\"name\":\"Etusivu\",\"item\":\"https:\/\/reviva.fi\/fi\/\"},{\"@type\":\"ListItem\",\"position\":2,\"name\":\"Tuotteet\",\"item\":\"https:\/\/reviva.fi\/produkter\/\"},{\"@type\":\"ListItem\",\"position\":3,\"name\":\"E-vitamiini Plus\"}]},{\"@type\":\"WebSite\",\"@id\":\"https:\/\/reviva.fi\/fi\/#website\",\"url\":\"https:\/\/reviva.fi\/fi\/\",\"name\":\"Reviva\",\"description\":\"\",\"publisher\":{\"@id\":\"https:\/\/reviva.fi\/fi\/#organization\"},\"potentialAction\":[{\"@type\":\"SearchAction\",\"target\":{\"@type\":\"EntryPoint\",\"urlTemplate\":\"https:\/\/reviva.fi\/fi\/?s={search_term_string}\"},\"query-input\":{\"@type\":\"PropertyValueSpecification\",\"valueRequired\":true,\"valueName\":\"search_term_string\"}}],\"inLanguage\":\"fi\"},{\"@type\":\"Organization\",\"@id\":\"https:\/\/reviva.fi\/fi\/#organization\",\"name\":\"Reviva\",\"url\":\"https:\/\/reviva.fi\/fi\/\",\"logo\":{\"@type\":\"ImageObject\",\"inLanguage\":\"fi\",\"@id\":\"https:\/\/reviva.fi\/fi\/#\/schema\/logo\/image\/\",\"url\":\"https:\/\/reviva.fi\/wp-content\/uploads\/2023\/10\/reviva-logo2.svg\",\"contentUrl\":\"https:\/\/reviva.fi\/wp-content\/uploads\/2023\/10\/reviva-logo2.svg\",\"caption\":\"Reviva\"},\"image\":{\"@id\":\"https:\/\/reviva.fi\/fi\/#\/schema\/logo\/image\/\"}}]}<\/script>\n<meta property=\"product:price:amount\" content=\"36.75\" \/>\n<meta property=\"product:price:currency\" content=\"EUR\" \/>\n<meta property=\"og:availability\" content=\"instock\" \/>\n<meta property=\"product:availability\" content=\"instock\" \/>\n<meta property=\"product:retailer_item_id\" content=\"208\" \/>\n<meta property=\"product:condition\" content=\"new\" \/>\n<!-- \/ Yoast SEO plugin. -->","yoast_head_json":{"title":"E-vitamiini Plus - Reviva","description":"E-vitamiini Plus, Luonnolliset tokoferolit ja tokotrienolit. Suojaa soluja oksidatiiviselta stressilt\u00e4. E-vitamiini on yksi rasvaliukoisista vitamiineista.","robots":{"index":"index","follow":"follow","max-snippet":"max-snippet:-1","max-image-preview":"max-image-preview:large","max-video-preview":"max-video-preview:-1"},"canonical":"https:\/\/reviva.fi\/fi\/tuote\/e-vitamiini-plus\/","og_locale":"fi_FI","og_type":"article","og_title":"E-vitamiini Plus - Reviva","og_description":"E-vitamiini Plus, Luonnolliset tokoferolit ja tokotrienolit. Suojaa soluja oksidatiiviselta stressilt\u00e4. E-vitamiini on yksi rasvaliukoisista vitamiineista.","og_url":"https:\/\/reviva.fi\/fi\/tuote\/e-vitamiini-plus\/","og_site_name":"Reviva","article_modified_time":"2026-01-17T13:18:04+00:00","og_image":[{"width":2000,"height":1333,"url":"https:\/\/reviva.fi\/wp-content\/uploads\/2023\/02\/208-E-vitamin-Plus-Photoroom-1-e1769670705413.png","type":"image\/png"}],"twitter_card":"summary_large_image","schema":{"@context":"https:\/\/schema.org","@graph":[{"@type":"WebPage","@id":"https:\/\/reviva.fi\/fi\/tuote\/e-vitamiini-plus\/","url":"https:\/\/reviva.fi\/fi\/tuote\/e-vitamiini-plus\/","name":"E-vitamiini Plus - Reviva","isPartOf":{"@id":"https:\/\/reviva.fi\/fi\/#website"},"primaryImageOfPage":{"@id":"https:\/\/reviva.fi\/fi\/tuote\/e-vitamiini-plus\/#primaryimage"},"image":{"@id":"https:\/\/reviva.fi\/fi\/tuote\/e-vitamiini-plus\/#primaryimage"},"thumbnailUrl":"https:\/\/reviva.fi\/wp-content\/uploads\/2023\/02\/208-vitamin-E-plus-Photoroom-e1771326126240.png","datePublished":"2023-02-08T07:42:59+00:00","dateModified":"2026-01-17T13:18:04+00:00","description":"E-vitamiini Plus, Luonnolliset tokoferolit ja tokotrienolit. Suojaa soluja oksidatiiviselta stressilt\u00e4. E-vitamiini on yksi rasvaliukoisista vitamiineista.","breadcrumb":{"@id":"https:\/\/reviva.fi\/fi\/tuote\/e-vitamiini-plus\/#breadcrumb"},"inLanguage":"fi","potentialAction":[{"@type":"ReadAction","target":["https:\/\/reviva.fi\/fi\/tuote\/e-vitamiini-plus\/"]}]},{"@type":"ImageObject","inLanguage":"fi","@id":"https:\/\/reviva.fi\/fi\/tuote\/e-vitamiini-plus\/#primaryimage","url":"https:\/\/reviva.fi\/wp-content\/uploads\/2023\/02\/208-vitamin-E-plus-Photoroom-e1771326126240.png","contentUrl":"https:\/\/reviva.fi\/wp-content\/uploads\/2023\/02\/208-vitamin-E-plus-Photoroom-e1771326126240.png","width":2000,"height":1333,"caption":"E vitamin Plus"},{"@type":"BreadcrumbList","@id":"https:\/\/reviva.fi\/fi\/tuote\/e-vitamiini-plus\/#breadcrumb","itemListElement":[{"@type":"ListItem","position":1,"name":"Etusivu","item":"https:\/\/reviva.fi\/fi\/"},{"@type":"ListItem","position":2,"name":"Tuotteet","item":"https:\/\/reviva.fi\/produkter\/"},{"@type":"ListItem","position":3,"name":"E-vitamiini Plus"}]},{"@type":"WebSite","@id":"https:\/\/reviva.fi\/fi\/#website","url":"https:\/\/reviva.fi\/fi\/","name":"Reviva","description":"","publisher":{"@id":"https:\/\/reviva.fi\/fi\/#organization"},"potentialAction":[{"@type":"SearchAction","target":{"@type":"EntryPoint","urlTemplate":"https:\/\/reviva.fi\/fi\/?s={search_term_string}"},"query-input":{"@type":"PropertyValueSpecification","valueRequired":true,"valueName":"search_term_string"}}],"inLanguage":"fi"},{"@type":"Organization","@id":"https:\/\/reviva.fi\/fi\/#organization","name":"Reviva","url":"https:\/\/reviva.fi\/fi\/","logo":{"@type":"ImageObject","inLanguage":"fi","@id":"https:\/\/reviva.fi\/fi\/#\/schema\/logo\/image\/","url":"https:\/\/reviva.fi\/wp-content\/uploads\/2023\/10\/reviva-logo2.svg","contentUrl":"https:\/\/reviva.fi\/wp-content\/uploads\/2023\/10\/reviva-logo2.svg","caption":"Reviva"},"image":{"@id":"https:\/\/reviva.fi\/fi\/#\/schema\/logo\/image\/"}}]},"product_price_amount":"36.75","product_price_currency":"EUR","og_availability":"instock","product_availability":"instock","product_retailer_item_id":"208","product_condition":"new"},"taxonomy_info":{"product_cat":[{"value":96,"label":"Vitamiinit"},{"value":5962,"label":"E-vitamiini"},{"value":5963,"label":"Synergos"}],"product_tag":[{"value":1148,"label":"artriitti"},{"value":436,"label":"e vitamiini"},{"value":1467,"label":"heikentynyt immuunij\u00e4rjestelm\u00e4"},{"value":1326,"label":"kohonnut verenpaine"},{"value":4473,"label":"luonnolliset tokoferolit"},{"value":1495,"label":"oksidatiivista stressi\u00e4"},{"value":3137,"label":"Raynaudin oireyhtym\u00e4"},{"value":1283,"label":"syd\u00e4nsairaus"},{"value":1335,"label":"tulehduksia"},{"value":1150,"label":"valtimoiden j\u00e4ykkyys"},{"value":2902,"label":"Veritulppa"},{"value":522,"label":"vitamiinit"}]},"featured_image_src_large":["https:\/\/reviva.fi\/wp-content\/uploads\/2023\/02\/208-vitamin-E-plus-Photoroom-1024x682.png",1024,682,true],"author_info":[],"comment_info":0,"_links":{"self":[{"href":"https:\/\/reviva.fi\/fi\/wp-json\/wp\/v2\/product\/4791","targetHints":{"allow":["GET"]}}],"collection":[{"href":"https:\/\/reviva.fi\/fi\/wp-json\/wp\/v2\/product"}],"about":[{"href":"https:\/\/reviva.fi\/fi\/wp-json\/wp\/v2\/types\/product"}],"replies":[{"embeddable":true,"href":"https:\/\/reviva.fi\/fi\/wp-json\/wp\/v2\/comments?post=4791"}],"wp:featuredmedia":[{"embeddable":true,"href":"https:\/\/reviva.fi\/fi\/wp-json\/wp\/v2\/media\/13914"}],"wp:attachment":[{"href":"https:\/\/reviva.fi\/fi\/wp-json\/wp\/v2\/media?parent=4791"}],"wp:term":[{"taxonomy":"product_brand","embeddable":true,"href":"https:\/\/reviva.fi\/fi\/wp-json\/wp\/v2\/product_brand?post=4791"},{"taxonomy":"product_cat","embeddable":true,"href":"https:\/\/reviva.fi\/fi\/wp-json\/wp\/v2\/product_cat?post=4791"},{"taxonomy":"product_tag","embeddable":true,"href":"https:\/\/reviva.fi\/fi\/wp-json\/wp\/v2\/product_tag?post=4791"}],"curies":[{"name":"wp","href":"https:\/\/api.w.org\/{rel}","templated":true}]}}