{"id":5036,"date":"2023-03-21T16:34:26","date_gmt":"2023-03-21T14:34:26","guid":{"rendered":"https:\/\/reviva.fi\/product\/ipe-roxe-lapacho-pau-darco-te\/"},"modified":"2026-01-30T13:01:05","modified_gmt":"2026-01-30T11:01:05","slug":"ipe-roxe-lapacho-pau-darco-tee","status":"publish","type":"product","link":"https:\/\/reviva.fi\/fi\/tuote\/ipe-roxe-lapacho-pau-darco-tee\/","title":{"rendered":"Ipe Roxe, Pau Darco Tee"},"content":{"rendered":"<p><strong>IPE ROXE Tee<\/strong><\/p>\n<p>Lapacho Pau Darco<\/p>\n<p><span class=\"Y2IQFc\" lang=\"fi\">Etel\u00e4-Amerikan yrttitee <\/span><\/p>\n<p><span class=\"Y2IQFc\" lang=\"fi\">75 grammaa <\/span><\/p>\n<p><span class=\"Y2IQFc\" lang=\"fi\"><strong>Perinteinen k\u00e4ytt\u00f6:<\/strong> 1 kuppi kuoren keitt\u00e4mist\u00e4 1-3 kertaa p\u00e4iv\u00e4ss\u00e4 <\/span><\/p>\n<p><span class=\"Y2IQFc\" lang=\"fi\"><strong>Annostus:<\/strong> 1 ruokalusikallinen \/ litra vett\u00e4. Anna kiehua noin 15 minuuttia.<\/span><\/p>\n","protected":false},"excerpt":{"rendered":"<p><strong>IPE ROXE<\/strong><\/p>\n<p>Lapacho Pau Darco<\/p>\n<p>Parantava yrttitee Pau Darcon, Ipe Roxen, Lapachon kuoresta. 1 kuppi kuoren keitt\u00e4mist\u00e4 1-3 kertaa p\u00e4iv\u00e4ss\u00e4.<\/p>\n<p><span class=\"Y2IQFc\" lang=\"fi\">Etel\u00e4-Amerikan yrttitee.<\/span><\/p>\n<p><strong>75 grammaa<\/strong><\/p>\n","protected":false},"featured_media":9680,"comment_status":"closed","ping_status":"closed","template":"","meta":{"_acf_changed":false,"inline_featured_image":false,"_kad_blocks_custom_css":"","_kad_blocks_head_custom_js":"","_kad_blocks_body_custom_js":"","_kad_blocks_footer_custom_js":"","_kadence_starter_templates_imported_post":false,"_kad_post_transparent":"default","_kad_post_title":"","_kad_post_layout":"default","_kad_post_sidebar_id":"","_kad_post_content_style":"default","_kad_post_vertical_padding":"default","_kad_post_feature":"","_kad_post_feature_position":"","_kad_post_header":false,"_kad_post_footer":false},"product_brand":[],"product_cat":[2475,141,2454,2357],"product_tag":[],"class_list":{"0":"post-5036","1":"product","2":"type-product","3":"status-publish","4":"has-post-thumbnail","6":"product_cat-erbjudanden-fi","7":"product_cat-orter-fi","8":"product_cat-evp-nutrition-fi","9":"product_cat-immunforsvar-fi","11":"first","12":"instock","13":"sale","14":"taxable","15":"shipping-taxable","16":"purchasable","17":"product-type-simple","18":"entry","19":"content-bg","20":"loop-entry"},"acf":[],"yoast_head":"<!-- This site is optimized with the Yoast SEO plugin v25.8 - https:\/\/yoast.com\/wordpress\/plugins\/seo\/ -->\n<title>Ipe Roxe, Pau Darco Tee<\/title>\n<meta name=\"description\" content=\"Ipe Roxe Tee. Parantava yrttitee Pau Darcon, Ipe Roxen, Lapachon kuoresta. 1 kuppi kuoren keitt\u00e4mist\u00e4 1-3 kertaa p\u00e4iv\u00e4ss\u00e4. Suosittu candida-ongelmissa.\" \/>\n<meta name=\"robots\" content=\"index, follow, max-snippet:-1, max-image-preview:large, max-video-preview:-1\" \/>\n<link rel=\"canonical\" href=\"https:\/\/reviva.fi\/fi\/tuote\/ipe-roxe-lapacho-pau-darco-tee\/\" \/>\n<meta property=\"og:locale\" content=\"fi_FI\" \/>\n<meta property=\"og:type\" content=\"article\" \/>\n<meta property=\"og:title\" content=\"Ipe Roxe, Pau Darco Tee\" \/>\n<meta property=\"og:description\" content=\"Ipe Roxe Tee. Parantava yrttitee Pau Darcon, Ipe Roxen, Lapachon kuoresta. 1 kuppi kuoren keitt\u00e4mist\u00e4 1-3 kertaa p\u00e4iv\u00e4ss\u00e4. Suosittu candida-ongelmissa.\" \/>\n<meta property=\"og:url\" content=\"https:\/\/reviva.fi\/fi\/tuote\/ipe-roxe-lapacho-pau-darco-tee\/\" \/>\n<meta property=\"og:site_name\" content=\"Reviva\" \/>\n<meta property=\"article:modified_time\" content=\"2026-01-30T11:01:05+00:00\" \/>\n<meta property=\"og:image\" content=\"https:\/\/reviva.fi\/wp-content\/uploads\/2023\/03\/Ipe-Roxe-.png\" \/>\n\t<meta property=\"og:image:width\" content=\"1500\" \/>\n\t<meta property=\"og:image:height\" content=\"2000\" \/>\n\t<meta property=\"og:image:type\" content=\"image\/png\" \/>\n<meta name=\"twitter:card\" content=\"summary_large_image\" \/>\n<script type=\"application\/ld+json\" class=\"yoast-schema-graph\">{\"@context\":\"https:\/\/schema.org\",\"@graph\":[{\"@type\":\"WebPage\",\"@id\":\"https:\/\/reviva.fi\/fi\/tuote\/ipe-roxe-lapacho-pau-darco-tee\/\",\"url\":\"https:\/\/reviva.fi\/fi\/tuote\/ipe-roxe-lapacho-pau-darco-tee\/\",\"name\":\"Ipe Roxe, Pau Darco Tee\",\"isPartOf\":{\"@id\":\"https:\/\/reviva.fi\/fi\/#website\"},\"primaryImageOfPage\":{\"@id\":\"https:\/\/reviva.fi\/fi\/tuote\/ipe-roxe-lapacho-pau-darco-tee\/#primaryimage\"},\"image\":{\"@id\":\"https:\/\/reviva.fi\/fi\/tuote\/ipe-roxe-lapacho-pau-darco-tee\/#primaryimage\"},\"thumbnailUrl\":\"https:\/\/reviva.fi\/wp-content\/uploads\/2023\/03\/Ipe-Roxe-.png\",\"datePublished\":\"2023-03-21T14:34:26+00:00\",\"dateModified\":\"2026-01-30T11:01:05+00:00\",\"description\":\"Ipe Roxe Tee. Parantava yrttitee Pau Darcon, Ipe Roxen, Lapachon kuoresta. 1 kuppi kuoren keitt\u00e4mist\u00e4 1-3 kertaa p\u00e4iv\u00e4ss\u00e4. Suosittu candida-ongelmissa.\",\"breadcrumb\":{\"@id\":\"https:\/\/reviva.fi\/fi\/tuote\/ipe-roxe-lapacho-pau-darco-tee\/#breadcrumb\"},\"inLanguage\":\"fi\",\"potentialAction\":[{\"@type\":\"ReadAction\",\"target\":[\"https:\/\/reviva.fi\/fi\/tuote\/ipe-roxe-lapacho-pau-darco-tee\/\"]}]},{\"@type\":\"ImageObject\",\"inLanguage\":\"fi\",\"@id\":\"https:\/\/reviva.fi\/fi\/tuote\/ipe-roxe-lapacho-pau-darco-tee\/#primaryimage\",\"url\":\"https:\/\/reviva.fi\/wp-content\/uploads\/2023\/03\/Ipe-Roxe-.png\",\"contentUrl\":\"https:\/\/reviva.fi\/wp-content\/uploads\/2023\/03\/Ipe-Roxe-.png\",\"width\":1500,\"height\":2000,\"caption\":\"Ipe Roxe - Te\"},{\"@type\":\"BreadcrumbList\",\"@id\":\"https:\/\/reviva.fi\/fi\/tuote\/ipe-roxe-lapacho-pau-darco-tee\/#breadcrumb\",\"itemListElement\":[{\"@type\":\"ListItem\",\"position\":1,\"name\":\"Etusivu\",\"item\":\"https:\/\/reviva.fi\/fi\/\"},{\"@type\":\"ListItem\",\"position\":2,\"name\":\"Tuotteet\",\"item\":\"https:\/\/reviva.fi\/produkter\/\"},{\"@type\":\"ListItem\",\"position\":3,\"name\":\"Ipe Roxe, Pau Darco Tee\"}]},{\"@type\":\"WebSite\",\"@id\":\"https:\/\/reviva.fi\/fi\/#website\",\"url\":\"https:\/\/reviva.fi\/fi\/\",\"name\":\"Reviva\",\"description\":\"\",\"publisher\":{\"@id\":\"https:\/\/reviva.fi\/fi\/#organization\"},\"potentialAction\":[{\"@type\":\"SearchAction\",\"target\":{\"@type\":\"EntryPoint\",\"urlTemplate\":\"https:\/\/reviva.fi\/fi\/?s={search_term_string}\"},\"query-input\":{\"@type\":\"PropertyValueSpecification\",\"valueRequired\":true,\"valueName\":\"search_term_string\"}}],\"inLanguage\":\"fi\"},{\"@type\":\"Organization\",\"@id\":\"https:\/\/reviva.fi\/fi\/#organization\",\"name\":\"Reviva\",\"url\":\"https:\/\/reviva.fi\/fi\/\",\"logo\":{\"@type\":\"ImageObject\",\"inLanguage\":\"fi\",\"@id\":\"https:\/\/reviva.fi\/fi\/#\/schema\/logo\/image\/\",\"url\":\"https:\/\/reviva.fi\/wp-content\/uploads\/2023\/10\/reviva-logo2.svg\",\"contentUrl\":\"https:\/\/reviva.fi\/wp-content\/uploads\/2023\/10\/reviva-logo2.svg\",\"caption\":\"Reviva\"},\"image\":{\"@id\":\"https:\/\/reviva.fi\/fi\/#\/schema\/logo\/image\/\"}}]}<\/script>\n<meta property=\"product:price:amount\" content=\"6.70\" \/>\n<meta property=\"product:price:currency\" content=\"EUR\" \/>\n<meta property=\"og:availability\" content=\"instock\" \/>\n<meta property=\"product:availability\" content=\"instock\" \/>\n<meta property=\"product:retailer_item_id\" content=\"505\" \/>\n<meta property=\"product:condition\" content=\"new\" \/>\n<!-- \/ Yoast SEO plugin. -->","yoast_head_json":{"title":"Ipe Roxe, Pau Darco Tee","description":"Ipe Roxe Tee. Parantava yrttitee Pau Darcon, Ipe Roxen, Lapachon kuoresta. 1 kuppi kuoren keitt\u00e4mist\u00e4 1-3 kertaa p\u00e4iv\u00e4ss\u00e4. Suosittu candida-ongelmissa.","robots":{"index":"index","follow":"follow","max-snippet":"max-snippet:-1","max-image-preview":"max-image-preview:large","max-video-preview":"max-video-preview:-1"},"canonical":"https:\/\/reviva.fi\/fi\/tuote\/ipe-roxe-lapacho-pau-darco-tee\/","og_locale":"fi_FI","og_type":"article","og_title":"Ipe Roxe, Pau Darco Tee","og_description":"Ipe Roxe Tee. Parantava yrttitee Pau Darcon, Ipe Roxen, Lapachon kuoresta. 1 kuppi kuoren keitt\u00e4mist\u00e4 1-3 kertaa p\u00e4iv\u00e4ss\u00e4. Suosittu candida-ongelmissa.","og_url":"https:\/\/reviva.fi\/fi\/tuote\/ipe-roxe-lapacho-pau-darco-tee\/","og_site_name":"Reviva","article_modified_time":"2026-01-30T11:01:05+00:00","og_image":[{"width":1500,"height":2000,"url":"https:\/\/reviva.fi\/wp-content\/uploads\/2023\/03\/Ipe-Roxe-.png","type":"image\/png"}],"twitter_card":"summary_large_image","schema":{"@context":"https:\/\/schema.org","@graph":[{"@type":"WebPage","@id":"https:\/\/reviva.fi\/fi\/tuote\/ipe-roxe-lapacho-pau-darco-tee\/","url":"https:\/\/reviva.fi\/fi\/tuote\/ipe-roxe-lapacho-pau-darco-tee\/","name":"Ipe Roxe, Pau Darco Tee","isPartOf":{"@id":"https:\/\/reviva.fi\/fi\/#website"},"primaryImageOfPage":{"@id":"https:\/\/reviva.fi\/fi\/tuote\/ipe-roxe-lapacho-pau-darco-tee\/#primaryimage"},"image":{"@id":"https:\/\/reviva.fi\/fi\/tuote\/ipe-roxe-lapacho-pau-darco-tee\/#primaryimage"},"thumbnailUrl":"https:\/\/reviva.fi\/wp-content\/uploads\/2023\/03\/Ipe-Roxe-.png","datePublished":"2023-03-21T14:34:26+00:00","dateModified":"2026-01-30T11:01:05+00:00","description":"Ipe Roxe Tee. Parantava yrttitee Pau Darcon, Ipe Roxen, Lapachon kuoresta. 1 kuppi kuoren keitt\u00e4mist\u00e4 1-3 kertaa p\u00e4iv\u00e4ss\u00e4. Suosittu candida-ongelmissa.","breadcrumb":{"@id":"https:\/\/reviva.fi\/fi\/tuote\/ipe-roxe-lapacho-pau-darco-tee\/#breadcrumb"},"inLanguage":"fi","potentialAction":[{"@type":"ReadAction","target":["https:\/\/reviva.fi\/fi\/tuote\/ipe-roxe-lapacho-pau-darco-tee\/"]}]},{"@type":"ImageObject","inLanguage":"fi","@id":"https:\/\/reviva.fi\/fi\/tuote\/ipe-roxe-lapacho-pau-darco-tee\/#primaryimage","url":"https:\/\/reviva.fi\/wp-content\/uploads\/2023\/03\/Ipe-Roxe-.png","contentUrl":"https:\/\/reviva.fi\/wp-content\/uploads\/2023\/03\/Ipe-Roxe-.png","width":1500,"height":2000,"caption":"Ipe Roxe - Te"},{"@type":"BreadcrumbList","@id":"https:\/\/reviva.fi\/fi\/tuote\/ipe-roxe-lapacho-pau-darco-tee\/#breadcrumb","itemListElement":[{"@type":"ListItem","position":1,"name":"Etusivu","item":"https:\/\/reviva.fi\/fi\/"},{"@type":"ListItem","position":2,"name":"Tuotteet","item":"https:\/\/reviva.fi\/produkter\/"},{"@type":"ListItem","position":3,"name":"Ipe Roxe, Pau Darco Tee"}]},{"@type":"WebSite","@id":"https:\/\/reviva.fi\/fi\/#website","url":"https:\/\/reviva.fi\/fi\/","name":"Reviva","description":"","publisher":{"@id":"https:\/\/reviva.fi\/fi\/#organization"},"potentialAction":[{"@type":"SearchAction","target":{"@type":"EntryPoint","urlTemplate":"https:\/\/reviva.fi\/fi\/?s={search_term_string}"},"query-input":{"@type":"PropertyValueSpecification","valueRequired":true,"valueName":"search_term_string"}}],"inLanguage":"fi"},{"@type":"Organization","@id":"https:\/\/reviva.fi\/fi\/#organization","name":"Reviva","url":"https:\/\/reviva.fi\/fi\/","logo":{"@type":"ImageObject","inLanguage":"fi","@id":"https:\/\/reviva.fi\/fi\/#\/schema\/logo\/image\/","url":"https:\/\/reviva.fi\/wp-content\/uploads\/2023\/10\/reviva-logo2.svg","contentUrl":"https:\/\/reviva.fi\/wp-content\/uploads\/2023\/10\/reviva-logo2.svg","caption":"Reviva"},"image":{"@id":"https:\/\/reviva.fi\/fi\/#\/schema\/logo\/image\/"}}]},"product_price_amount":"6.70","product_price_currency":"EUR","og_availability":"instock","product_availability":"instock","product_retailer_item_id":"505","product_condition":"new"},"taxonomy_info":{"product_cat":[{"value":2475,"label":"Tarjoukset"},{"value":141,"label":"Yrtit"},{"value":2454,"label":"EVP Nutrition"},{"value":2357,"label":"Immuunipuolustus"}]},"featured_image_src_large":["https:\/\/reviva.fi\/wp-content\/uploads\/2023\/03\/Ipe-Roxe--768x1024.png",768,1024,true],"author_info":[],"comment_info":0,"_links":{"self":[{"href":"https:\/\/reviva.fi\/fi\/wp-json\/wp\/v2\/product\/5036","targetHints":{"allow":["GET"]}}],"collection":[{"href":"https:\/\/reviva.fi\/fi\/wp-json\/wp\/v2\/product"}],"about":[{"href":"https:\/\/reviva.fi\/fi\/wp-json\/wp\/v2\/types\/product"}],"replies":[{"embeddable":true,"href":"https:\/\/reviva.fi\/fi\/wp-json\/wp\/v2\/comments?post=5036"}],"wp:featuredmedia":[{"embeddable":true,"href":"https:\/\/reviva.fi\/fi\/wp-json\/wp\/v2\/media\/9680"}],"wp:attachment":[{"href":"https:\/\/reviva.fi\/fi\/wp-json\/wp\/v2\/media?parent=5036"}],"wp:term":[{"taxonomy":"product_brand","embeddable":true,"href":"https:\/\/reviva.fi\/fi\/wp-json\/wp\/v2\/product_brand?post=5036"},{"taxonomy":"product_cat","embeddable":true,"href":"https:\/\/reviva.fi\/fi\/wp-json\/wp\/v2\/product_cat?post=5036"},{"taxonomy":"product_tag","embeddable":true,"href":"https:\/\/reviva.fi\/fi\/wp-json\/wp\/v2\/product_tag?post=5036"}],"curies":[{"name":"wp","href":"https:\/\/api.w.org\/{rel}","templated":true}]}}