{"id":5184,"date":"2023-04-18T13:55:33","date_gmt":"2023-04-18T10:55:33","guid":{"rendered":"https:\/\/reviva.fi\/product\/tribulus\/"},"modified":"2026-02-22T16:32:29","modified_gmt":"2026-02-22T14:32:29","slug":"tribulus","status":"publish","type":"product","link":"https:\/\/reviva.fi\/fi\/tuote\/tribulus\/","title":{"rendered":"Tribulus"},"content":{"rendered":"<div>Tribulus terrestris on kasvi, joka tuottaa piikkojen peitt\u00e4mi\u00e4 hedelmi\u00e4. Se tunnetaan perinteisesti afrodisiaakina eri kulttuureissa. Tribuluksella on kemikaaleja, jotka voivat nostaa tiettyjen hormonien tasoa.<\/div>\n<div><\/div>\n","protected":false},"excerpt":{"rendered":"<div class=\"x1e56ztr\">\n<div>Tribulus uute joka antaa 600 mg saponiini.<\/div>\n<div><\/div>\n<div><strong>90 kapselia<\/strong><\/div>\n<\/div>\n","protected":false},"featured_media":13893,"comment_status":"closed","ping_status":"closed","template":"","meta":{"_acf_changed":false,"inline_featured_image":false,"_kad_blocks_custom_css":"","_kad_blocks_head_custom_js":"","_kad_blocks_body_custom_js":"","_kad_blocks_footer_custom_js":"","_kadence_starter_templates_imported_post":false,"_kad_post_transparent":"default","_kad_post_title":"","_kad_post_layout":"default","_kad_post_sidebar_id":"","_kad_post_content_style":"default","_kad_post_vertical_padding":"default","_kad_post_feature":"","_kad_post_feature_position":"","_kad_post_header":false,"_kad_post_footer":false},"product_brand":[],"product_cat":[141,5963,2376],"product_tag":[],"class_list":{"0":"post-5184","1":"product","2":"type-product","3":"status-publish","4":"has-post-thumbnail","6":"product_cat-orter-fi","7":"product_cat-synergos-fi","8":"product_cat-stressad-och-trott-fi","10":"first","11":"instock","12":"taxable","13":"shipping-taxable","14":"purchasable","15":"product-type-simple","16":"entry","17":"content-bg","18":"loop-entry"},"acf":[],"yoast_head":"<!-- This site is optimized with the Yoast SEO plugin v25.8 - https:\/\/yoast.com\/wordpress\/plugins\/seo\/ -->\n<title>Tribulus - Reviva<\/title>\n<meta name=\"description\" content=\"Tribulus on yrtti, joka voi parantaa libidoa naisilla, mutta my\u00f6s miehill\u00e4. Eri kulttuureissa tribulusta k\u00e4ytet\u00e4\u00e4n afrodisiakina seksihalun puutteen vuoksi.\" \/>\n<meta name=\"robots\" content=\"index, follow, max-snippet:-1, max-image-preview:large, max-video-preview:-1\" \/>\n<link rel=\"canonical\" href=\"https:\/\/reviva.fi\/fi\/tuote\/tribulus\/\" \/>\n<meta property=\"og:locale\" content=\"fi_FI\" \/>\n<meta property=\"og:type\" content=\"article\" \/>\n<meta property=\"og:title\" content=\"Tribulus - Reviva\" \/>\n<meta property=\"og:description\" content=\"Tribulus on yrtti, joka voi parantaa libidoa naisilla, mutta my\u00f6s miehill\u00e4. Eri kulttuureissa tribulusta k\u00e4ytet\u00e4\u00e4n afrodisiakina seksihalun puutteen vuoksi.\" \/>\n<meta property=\"og:url\" content=\"https:\/\/reviva.fi\/fi\/tuote\/tribulus\/\" \/>\n<meta property=\"og:site_name\" content=\"Reviva\" \/>\n<meta property=\"article:modified_time\" content=\"2026-02-22T14:32:29+00:00\" \/>\n<meta property=\"og:image\" content=\"https:\/\/reviva.fi\/wp-content\/uploads\/2023\/04\/488-Tribulus-Photoroom-e1771312092717.png\" \/>\n\t<meta property=\"og:image:width\" content=\"2000\" \/>\n\t<meta property=\"og:image:height\" content=\"1333\" \/>\n\t<meta property=\"og:image:type\" content=\"image\/png\" \/>\n<meta name=\"twitter:card\" content=\"summary_large_image\" \/>\n<script type=\"application\/ld+json\" class=\"yoast-schema-graph\">{\"@context\":\"https:\/\/schema.org\",\"@graph\":[{\"@type\":\"WebPage\",\"@id\":\"https:\/\/reviva.fi\/fi\/tuote\/tribulus\/\",\"url\":\"https:\/\/reviva.fi\/fi\/tuote\/tribulus\/\",\"name\":\"Tribulus - Reviva\",\"isPartOf\":{\"@id\":\"https:\/\/reviva.fi\/fi\/#website\"},\"primaryImageOfPage\":{\"@id\":\"https:\/\/reviva.fi\/fi\/tuote\/tribulus\/#primaryimage\"},\"image\":{\"@id\":\"https:\/\/reviva.fi\/fi\/tuote\/tribulus\/#primaryimage\"},\"thumbnailUrl\":\"https:\/\/reviva.fi\/wp-content\/uploads\/2023\/04\/488-Tribulus-Photoroom-e1771312092717.png\",\"datePublished\":\"2023-04-18T10:55:33+00:00\",\"dateModified\":\"2026-02-22T14:32:29+00:00\",\"description\":\"Tribulus on yrtti, joka voi parantaa libidoa naisilla, mutta my\u00f6s miehill\u00e4. Eri kulttuureissa tribulusta k\u00e4ytet\u00e4\u00e4n afrodisiakina seksihalun puutteen vuoksi.\",\"breadcrumb\":{\"@id\":\"https:\/\/reviva.fi\/fi\/tuote\/tribulus\/#breadcrumb\"},\"inLanguage\":\"fi\",\"potentialAction\":[{\"@type\":\"ReadAction\",\"target\":[\"https:\/\/reviva.fi\/fi\/tuote\/tribulus\/\"]}]},{\"@type\":\"ImageObject\",\"inLanguage\":\"fi\",\"@id\":\"https:\/\/reviva.fi\/fi\/tuote\/tribulus\/#primaryimage\",\"url\":\"https:\/\/reviva.fi\/wp-content\/uploads\/2023\/04\/488-Tribulus-Photoroom-e1771312092717.png\",\"contentUrl\":\"https:\/\/reviva.fi\/wp-content\/uploads\/2023\/04\/488-Tribulus-Photoroom-e1771312092717.png\",\"width\":2000,\"height\":1333,\"caption\":\"Tribulus\"},{\"@type\":\"BreadcrumbList\",\"@id\":\"https:\/\/reviva.fi\/fi\/tuote\/tribulus\/#breadcrumb\",\"itemListElement\":[{\"@type\":\"ListItem\",\"position\":1,\"name\":\"Etusivu\",\"item\":\"https:\/\/reviva.fi\/fi\/\"},{\"@type\":\"ListItem\",\"position\":2,\"name\":\"Tuotteet\",\"item\":\"https:\/\/reviva.fi\/produkter\/\"},{\"@type\":\"ListItem\",\"position\":3,\"name\":\"Tribulus\"}]},{\"@type\":\"WebSite\",\"@id\":\"https:\/\/reviva.fi\/fi\/#website\",\"url\":\"https:\/\/reviva.fi\/fi\/\",\"name\":\"Reviva\",\"description\":\"\",\"publisher\":{\"@id\":\"https:\/\/reviva.fi\/fi\/#organization\"},\"potentialAction\":[{\"@type\":\"SearchAction\",\"target\":{\"@type\":\"EntryPoint\",\"urlTemplate\":\"https:\/\/reviva.fi\/fi\/?s={search_term_string}\"},\"query-input\":{\"@type\":\"PropertyValueSpecification\",\"valueRequired\":true,\"valueName\":\"search_term_string\"}}],\"inLanguage\":\"fi\"},{\"@type\":\"Organization\",\"@id\":\"https:\/\/reviva.fi\/fi\/#organization\",\"name\":\"Reviva\",\"url\":\"https:\/\/reviva.fi\/fi\/\",\"logo\":{\"@type\":\"ImageObject\",\"inLanguage\":\"fi\",\"@id\":\"https:\/\/reviva.fi\/fi\/#\/schema\/logo\/image\/\",\"url\":\"https:\/\/reviva.fi\/wp-content\/uploads\/2023\/10\/reviva-logo2.svg\",\"contentUrl\":\"https:\/\/reviva.fi\/wp-content\/uploads\/2023\/10\/reviva-logo2.svg\",\"caption\":\"Reviva\"},\"image\":{\"@id\":\"https:\/\/reviva.fi\/fi\/#\/schema\/logo\/image\/\"}}]}<\/script>\n<meta property=\"product:price:amount\" content=\"39.90\" \/>\n<meta property=\"product:price:currency\" content=\"EUR\" \/>\n<meta property=\"og:availability\" content=\"instock\" \/>\n<meta property=\"product:availability\" content=\"instock\" \/>\n<meta property=\"product:retailer_item_id\" content=\"488\" \/>\n<meta property=\"product:condition\" content=\"new\" \/>\n<!-- \/ Yoast SEO plugin. -->","yoast_head_json":{"title":"Tribulus - Reviva","description":"Tribulus on yrtti, joka voi parantaa libidoa naisilla, mutta my\u00f6s miehill\u00e4. Eri kulttuureissa tribulusta k\u00e4ytet\u00e4\u00e4n afrodisiakina seksihalun puutteen vuoksi.","robots":{"index":"index","follow":"follow","max-snippet":"max-snippet:-1","max-image-preview":"max-image-preview:large","max-video-preview":"max-video-preview:-1"},"canonical":"https:\/\/reviva.fi\/fi\/tuote\/tribulus\/","og_locale":"fi_FI","og_type":"article","og_title":"Tribulus - Reviva","og_description":"Tribulus on yrtti, joka voi parantaa libidoa naisilla, mutta my\u00f6s miehill\u00e4. Eri kulttuureissa tribulusta k\u00e4ytet\u00e4\u00e4n afrodisiakina seksihalun puutteen vuoksi.","og_url":"https:\/\/reviva.fi\/fi\/tuote\/tribulus\/","og_site_name":"Reviva","article_modified_time":"2026-02-22T14:32:29+00:00","og_image":[{"width":2000,"height":1333,"url":"https:\/\/reviva.fi\/wp-content\/uploads\/2023\/04\/488-Tribulus-Photoroom-e1771312092717.png","type":"image\/png"}],"twitter_card":"summary_large_image","schema":{"@context":"https:\/\/schema.org","@graph":[{"@type":"WebPage","@id":"https:\/\/reviva.fi\/fi\/tuote\/tribulus\/","url":"https:\/\/reviva.fi\/fi\/tuote\/tribulus\/","name":"Tribulus - Reviva","isPartOf":{"@id":"https:\/\/reviva.fi\/fi\/#website"},"primaryImageOfPage":{"@id":"https:\/\/reviva.fi\/fi\/tuote\/tribulus\/#primaryimage"},"image":{"@id":"https:\/\/reviva.fi\/fi\/tuote\/tribulus\/#primaryimage"},"thumbnailUrl":"https:\/\/reviva.fi\/wp-content\/uploads\/2023\/04\/488-Tribulus-Photoroom-e1771312092717.png","datePublished":"2023-04-18T10:55:33+00:00","dateModified":"2026-02-22T14:32:29+00:00","description":"Tribulus on yrtti, joka voi parantaa libidoa naisilla, mutta my\u00f6s miehill\u00e4. Eri kulttuureissa tribulusta k\u00e4ytet\u00e4\u00e4n afrodisiakina seksihalun puutteen vuoksi.","breadcrumb":{"@id":"https:\/\/reviva.fi\/fi\/tuote\/tribulus\/#breadcrumb"},"inLanguage":"fi","potentialAction":[{"@type":"ReadAction","target":["https:\/\/reviva.fi\/fi\/tuote\/tribulus\/"]}]},{"@type":"ImageObject","inLanguage":"fi","@id":"https:\/\/reviva.fi\/fi\/tuote\/tribulus\/#primaryimage","url":"https:\/\/reviva.fi\/wp-content\/uploads\/2023\/04\/488-Tribulus-Photoroom-e1771312092717.png","contentUrl":"https:\/\/reviva.fi\/wp-content\/uploads\/2023\/04\/488-Tribulus-Photoroom-e1771312092717.png","width":2000,"height":1333,"caption":"Tribulus"},{"@type":"BreadcrumbList","@id":"https:\/\/reviva.fi\/fi\/tuote\/tribulus\/#breadcrumb","itemListElement":[{"@type":"ListItem","position":1,"name":"Etusivu","item":"https:\/\/reviva.fi\/fi\/"},{"@type":"ListItem","position":2,"name":"Tuotteet","item":"https:\/\/reviva.fi\/produkter\/"},{"@type":"ListItem","position":3,"name":"Tribulus"}]},{"@type":"WebSite","@id":"https:\/\/reviva.fi\/fi\/#website","url":"https:\/\/reviva.fi\/fi\/","name":"Reviva","description":"","publisher":{"@id":"https:\/\/reviva.fi\/fi\/#organization"},"potentialAction":[{"@type":"SearchAction","target":{"@type":"EntryPoint","urlTemplate":"https:\/\/reviva.fi\/fi\/?s={search_term_string}"},"query-input":{"@type":"PropertyValueSpecification","valueRequired":true,"valueName":"search_term_string"}}],"inLanguage":"fi"},{"@type":"Organization","@id":"https:\/\/reviva.fi\/fi\/#organization","name":"Reviva","url":"https:\/\/reviva.fi\/fi\/","logo":{"@type":"ImageObject","inLanguage":"fi","@id":"https:\/\/reviva.fi\/fi\/#\/schema\/logo\/image\/","url":"https:\/\/reviva.fi\/wp-content\/uploads\/2023\/10\/reviva-logo2.svg","contentUrl":"https:\/\/reviva.fi\/wp-content\/uploads\/2023\/10\/reviva-logo2.svg","caption":"Reviva"},"image":{"@id":"https:\/\/reviva.fi\/fi\/#\/schema\/logo\/image\/"}}]},"product_price_amount":"39.90","product_price_currency":"EUR","og_availability":"instock","product_availability":"instock","product_retailer_item_id":"488","product_condition":"new"},"taxonomy_info":{"product_cat":[{"value":141,"label":"Yrtit"},{"value":5963,"label":"Synergos"},{"value":2376,"label":"Stressaantunut &amp; V\u00e4synyt"}]},"featured_image_src_large":["https:\/\/reviva.fi\/wp-content\/uploads\/2023\/04\/488-Tribulus-Photoroom-1024x682.png",1024,682,true],"author_info":[],"comment_info":0,"_links":{"self":[{"href":"https:\/\/reviva.fi\/fi\/wp-json\/wp\/v2\/product\/5184","targetHints":{"allow":["GET"]}}],"collection":[{"href":"https:\/\/reviva.fi\/fi\/wp-json\/wp\/v2\/product"}],"about":[{"href":"https:\/\/reviva.fi\/fi\/wp-json\/wp\/v2\/types\/product"}],"replies":[{"embeddable":true,"href":"https:\/\/reviva.fi\/fi\/wp-json\/wp\/v2\/comments?post=5184"}],"wp:featuredmedia":[{"embeddable":true,"href":"https:\/\/reviva.fi\/fi\/wp-json\/wp\/v2\/media\/13893"}],"wp:attachment":[{"href":"https:\/\/reviva.fi\/fi\/wp-json\/wp\/v2\/media?parent=5184"}],"wp:term":[{"taxonomy":"product_brand","embeddable":true,"href":"https:\/\/reviva.fi\/fi\/wp-json\/wp\/v2\/product_brand?post=5184"},{"taxonomy":"product_cat","embeddable":true,"href":"https:\/\/reviva.fi\/fi\/wp-json\/wp\/v2\/product_cat?post=5184"},{"taxonomy":"product_tag","embeddable":true,"href":"https:\/\/reviva.fi\/fi\/wp-json\/wp\/v2\/product_tag?post=5184"}],"curies":[{"name":"wp","href":"https:\/\/api.w.org\/{rel}","templated":true}]}}