{"id":5239,"date":"2021-04-08T13:17:18","date_gmt":"2021-04-08T10:17:18","guid":{"rendered":"https:\/\/reviva.fi\/product\/kolin-enkelmedel\/"},"modified":"2026-01-18T15:16:28","modified_gmt":"2026-01-18T13:16:28","slug":"koliini-koliinibitartraatti","status":"publish","type":"product","link":"https:\/\/reviva.fi\/fi\/tuote\/koliini-koliinibitartraatti\/","title":{"rendered":"Koliini &#8211; Koliinibitartraatti"},"content":{"rendered":"<p><strong>Koliini &#8211; Koliinibitartraatti<\/strong><\/p>\n<p>Jokainen kapseli sis\u00e4lt\u00e4\u00e4 300 mg koliinibitartraattia.<\/p>\n<p><span class=\"Y2IQFc\" lang=\"fi\">Vuonna 1998 koliini luokiteltiin v\u00e4ltt\u00e4m\u00e4tt\u00f6m\u00e4ksi ravintoaineeksi Institute of Medicine (USA) Food and Nutrition Boardin toimesta. <\/span><\/p>\n<p><strong><span class=\"Y2IQFc\" lang=\"fi\">Koliini edist\u00e4\u00e4: <\/span><\/strong><\/p>\n<ul>\n<li><span class=\"Y2IQFc\" lang=\"fi\">normaalia homokysteiinin kiertoa<\/span><\/li>\n<li><span class=\"Y2IQFc\" lang=\"fi\">normaalia rasva-aineenvaihduntaa yll\u00e4pit\u00e4m\u00e4\u00e4n <\/span><\/li>\n<li><span class=\"Y2IQFc\" lang=\"fi\">normaalia maksan toimintaa<\/span><\/li>\n<\/ul>\n","protected":false},"excerpt":{"rendered":"<p>Jokainen kapseli sis\u00e4lt\u00e4\u00e4 300 mg koliinibitartraattia.<\/p>\n<p><strong>60 kapselia<\/strong><\/p>\n","protected":false},"featured_media":13346,"comment_status":"open","ping_status":"closed","template":"","meta":{"_acf_changed":false,"inline_featured_image":false,"_kad_blocks_custom_css":"","_kad_blocks_head_custom_js":"","_kad_blocks_body_custom_js":"","_kad_blocks_footer_custom_js":"","_kadence_starter_templates_imported_post":false,"_kad_post_transparent":"default","_kad_post_title":"","_kad_post_layout":"default","_kad_post_sidebar_id":"","_kad_post_content_style":"default","_kad_post_vertical_padding":"default","_kad_post_feature":"","_kad_post_feature_position":"","_kad_post_header":false,"_kad_post_footer":false},"product_brand":[],"product_cat":[96,525,2454,2387,2366,2383],"product_tag":[1120,1121,428,1215,1466,1231,1362,1367,1377,498,1218,1087,1341,1265,1267,1187,520,522],"class_list":{"0":"post-5239","1":"product","2":"type-product","3":"status-publish","4":"has-post-thumbnail","6":"product_cat-vitaminer-fi","7":"product_cat-b-vitamin-fi","8":"product_cat-evp-nutrition-fi","9":"product_cat-mage-och-tarm-fi","10":"product_cat-lever-och-njurar-fi","11":"product_cat-hjarna-och-minne-fi","12":"product_tag-alzheimerin-tauti","13":"product_tag-alzheimerin-tauti-fi","14":"product_tag-b-vitamiini","15":"product_tag-dementia","16":"product_tag-heikentynyt-sapen-toiminta","17":"product_tag-huono-muisti","18":"product_tag-kognitiivinen-toimintahairio","19":"product_tag-koliini-yksittainen-aine","20":"product_tag-krooninen-vasymys","21":"product_tag-luontais-lisaravinne","22":"product_tag-masennus","23":"product_tag-me-fi","24":"product_tag-oppimisvaikeudet","25":"product_tag-sappihairiot","26":"product_tag-sappitiehyet","27":"product_tag-tukos-sapppitiehyet","28":"product_tag-vitamiini","29":"product_tag-vitamiinit","31":"first","32":"instock","33":"taxable","34":"shipping-taxable","35":"purchasable","36":"product-type-simple","37":"entry","38":"content-bg","39":"loop-entry"},"acf":[],"yoast_head":"<!-- This site is optimized with the Yoast SEO plugin v25.8 - https:\/\/yoast.com\/wordpress\/plugins\/seo\/ -->\n<title>Koliini - Koliinibitartraatti - Reviva<\/title>\n<meta name=\"description\" content=\"Koliini - koliinibitartraatti tarvitaan sappiongelmissa ja tukkeutuneissa sappitiehyiss\u00e4. Koliinia tarvitaan rasvaliukoisten vitamiinien puutteessa, muistille ja aivoille.\" \/>\n<meta name=\"robots\" content=\"index, follow, max-snippet:-1, max-image-preview:large, max-video-preview:-1\" \/>\n<link rel=\"canonical\" href=\"https:\/\/reviva.fi\/fi\/tuote\/koliini-koliinibitartraatti\/\" \/>\n<meta property=\"og:locale\" content=\"fi_FI\" \/>\n<meta property=\"og:type\" content=\"article\" \/>\n<meta property=\"og:title\" content=\"Koliini - Koliinibitartraatti - Reviva\" \/>\n<meta property=\"og:description\" content=\"Koliini - koliinibitartraatti tarvitaan sappiongelmissa ja tukkeutuneissa sappitiehyiss\u00e4. Koliinia tarvitaan rasvaliukoisten vitamiinien puutteessa, muistille ja aivoille.\" \/>\n<meta property=\"og:url\" content=\"https:\/\/reviva.fi\/fi\/tuote\/koliini-koliinibitartraatti\/\" \/>\n<meta property=\"og:site_name\" content=\"Reviva\" \/>\n<meta property=\"article:modified_time\" content=\"2026-01-18T13:16:28+00:00\" \/>\n<meta property=\"og:image\" content=\"https:\/\/reviva.fi\/wp-content\/uploads\/2021\/04\/227-Kolin-enkelmedel-Photoroom-e1765452702489.png\" \/>\n\t<meta property=\"og:image:width\" content=\"2000\" \/>\n\t<meta property=\"og:image:height\" content=\"1333\" \/>\n\t<meta property=\"og:image:type\" content=\"image\/png\" \/>\n<meta name=\"twitter:card\" content=\"summary_large_image\" \/>\n<script type=\"application\/ld+json\" class=\"yoast-schema-graph\">{\"@context\":\"https:\/\/schema.org\",\"@graph\":[{\"@type\":\"WebPage\",\"@id\":\"https:\/\/reviva.fi\/fi\/tuote\/koliini-koliinibitartraatti\/\",\"url\":\"https:\/\/reviva.fi\/fi\/tuote\/koliini-koliinibitartraatti\/\",\"name\":\"Koliini - Koliinibitartraatti - Reviva\",\"isPartOf\":{\"@id\":\"https:\/\/reviva.fi\/fi\/#website\"},\"primaryImageOfPage\":{\"@id\":\"https:\/\/reviva.fi\/fi\/tuote\/koliini-koliinibitartraatti\/#primaryimage\"},\"image\":{\"@id\":\"https:\/\/reviva.fi\/fi\/tuote\/koliini-koliinibitartraatti\/#primaryimage\"},\"thumbnailUrl\":\"https:\/\/reviva.fi\/wp-content\/uploads\/2021\/04\/227-Kolin-enkelmedel-Photoroom-e1765452702489.png\",\"datePublished\":\"2021-04-08T10:17:18+00:00\",\"dateModified\":\"2026-01-18T13:16:28+00:00\",\"description\":\"Koliini - koliinibitartraatti tarvitaan sappiongelmissa ja tukkeutuneissa sappitiehyiss\u00e4. Koliinia tarvitaan rasvaliukoisten vitamiinien puutteessa, muistille ja aivoille.\",\"breadcrumb\":{\"@id\":\"https:\/\/reviva.fi\/fi\/tuote\/koliini-koliinibitartraatti\/#breadcrumb\"},\"inLanguage\":\"fi\",\"potentialAction\":[{\"@type\":\"ReadAction\",\"target\":[\"https:\/\/reviva.fi\/fi\/tuote\/koliini-koliinibitartraatti\/\"]}]},{\"@type\":\"ImageObject\",\"inLanguage\":\"fi\",\"@id\":\"https:\/\/reviva.fi\/fi\/tuote\/koliini-koliinibitartraatti\/#primaryimage\",\"url\":\"https:\/\/reviva.fi\/wp-content\/uploads\/2021\/04\/227-Kolin-enkelmedel-Photoroom-e1765452702489.png\",\"contentUrl\":\"https:\/\/reviva.fi\/wp-content\/uploads\/2021\/04\/227-Kolin-enkelmedel-Photoroom-e1765452702489.png\",\"width\":2000,\"height\":1333,\"caption\":\"Kolin enkelmedel\"},{\"@type\":\"BreadcrumbList\",\"@id\":\"https:\/\/reviva.fi\/fi\/tuote\/koliini-koliinibitartraatti\/#breadcrumb\",\"itemListElement\":[{\"@type\":\"ListItem\",\"position\":1,\"name\":\"Etusivu\",\"item\":\"https:\/\/reviva.fi\/fi\/\"},{\"@type\":\"ListItem\",\"position\":2,\"name\":\"Tuotteet\",\"item\":\"https:\/\/reviva.fi\/produkter\/\"},{\"@type\":\"ListItem\",\"position\":3,\"name\":\"Koliini &#8211; Koliinibitartraatti\"}]},{\"@type\":\"WebSite\",\"@id\":\"https:\/\/reviva.fi\/fi\/#website\",\"url\":\"https:\/\/reviva.fi\/fi\/\",\"name\":\"Reviva\",\"description\":\"\",\"publisher\":{\"@id\":\"https:\/\/reviva.fi\/fi\/#organization\"},\"potentialAction\":[{\"@type\":\"SearchAction\",\"target\":{\"@type\":\"EntryPoint\",\"urlTemplate\":\"https:\/\/reviva.fi\/fi\/?s={search_term_string}\"},\"query-input\":{\"@type\":\"PropertyValueSpecification\",\"valueRequired\":true,\"valueName\":\"search_term_string\"}}],\"inLanguage\":\"fi\"},{\"@type\":\"Organization\",\"@id\":\"https:\/\/reviva.fi\/fi\/#organization\",\"name\":\"Reviva\",\"url\":\"https:\/\/reviva.fi\/fi\/\",\"logo\":{\"@type\":\"ImageObject\",\"inLanguage\":\"fi\",\"@id\":\"https:\/\/reviva.fi\/fi\/#\/schema\/logo\/image\/\",\"url\":\"https:\/\/reviva.fi\/wp-content\/uploads\/2023\/10\/reviva-logo2.svg\",\"contentUrl\":\"https:\/\/reviva.fi\/wp-content\/uploads\/2023\/10\/reviva-logo2.svg\",\"caption\":\"Reviva\"},\"image\":{\"@id\":\"https:\/\/reviva.fi\/fi\/#\/schema\/logo\/image\/\"}}]}<\/script>\n<meta property=\"product:price:amount\" content=\"19.00\" \/>\n<meta property=\"product:price:currency\" content=\"EUR\" \/>\n<meta property=\"og:availability\" content=\"instock\" \/>\n<meta property=\"product:availability\" content=\"instock\" \/>\n<meta property=\"product:retailer_item_id\" content=\"227\" \/>\n<meta property=\"product:condition\" content=\"new\" \/>\n<!-- \/ Yoast SEO plugin. -->","yoast_head_json":{"title":"Koliini - Koliinibitartraatti - Reviva","description":"Koliini - koliinibitartraatti tarvitaan sappiongelmissa ja tukkeutuneissa sappitiehyiss\u00e4. Koliinia tarvitaan rasvaliukoisten vitamiinien puutteessa, muistille ja aivoille.","robots":{"index":"index","follow":"follow","max-snippet":"max-snippet:-1","max-image-preview":"max-image-preview:large","max-video-preview":"max-video-preview:-1"},"canonical":"https:\/\/reviva.fi\/fi\/tuote\/koliini-koliinibitartraatti\/","og_locale":"fi_FI","og_type":"article","og_title":"Koliini - Koliinibitartraatti - Reviva","og_description":"Koliini - koliinibitartraatti tarvitaan sappiongelmissa ja tukkeutuneissa sappitiehyiss\u00e4. Koliinia tarvitaan rasvaliukoisten vitamiinien puutteessa, muistille ja aivoille.","og_url":"https:\/\/reviva.fi\/fi\/tuote\/koliini-koliinibitartraatti\/","og_site_name":"Reviva","article_modified_time":"2026-01-18T13:16:28+00:00","og_image":[{"width":2000,"height":1333,"url":"https:\/\/reviva.fi\/wp-content\/uploads\/2021\/04\/227-Kolin-enkelmedel-Photoroom-e1765452702489.png","type":"image\/png"}],"twitter_card":"summary_large_image","schema":{"@context":"https:\/\/schema.org","@graph":[{"@type":"WebPage","@id":"https:\/\/reviva.fi\/fi\/tuote\/koliini-koliinibitartraatti\/","url":"https:\/\/reviva.fi\/fi\/tuote\/koliini-koliinibitartraatti\/","name":"Koliini - Koliinibitartraatti - Reviva","isPartOf":{"@id":"https:\/\/reviva.fi\/fi\/#website"},"primaryImageOfPage":{"@id":"https:\/\/reviva.fi\/fi\/tuote\/koliini-koliinibitartraatti\/#primaryimage"},"image":{"@id":"https:\/\/reviva.fi\/fi\/tuote\/koliini-koliinibitartraatti\/#primaryimage"},"thumbnailUrl":"https:\/\/reviva.fi\/wp-content\/uploads\/2021\/04\/227-Kolin-enkelmedel-Photoroom-e1765452702489.png","datePublished":"2021-04-08T10:17:18+00:00","dateModified":"2026-01-18T13:16:28+00:00","description":"Koliini - koliinibitartraatti tarvitaan sappiongelmissa ja tukkeutuneissa sappitiehyiss\u00e4. Koliinia tarvitaan rasvaliukoisten vitamiinien puutteessa, muistille ja aivoille.","breadcrumb":{"@id":"https:\/\/reviva.fi\/fi\/tuote\/koliini-koliinibitartraatti\/#breadcrumb"},"inLanguage":"fi","potentialAction":[{"@type":"ReadAction","target":["https:\/\/reviva.fi\/fi\/tuote\/koliini-koliinibitartraatti\/"]}]},{"@type":"ImageObject","inLanguage":"fi","@id":"https:\/\/reviva.fi\/fi\/tuote\/koliini-koliinibitartraatti\/#primaryimage","url":"https:\/\/reviva.fi\/wp-content\/uploads\/2021\/04\/227-Kolin-enkelmedel-Photoroom-e1765452702489.png","contentUrl":"https:\/\/reviva.fi\/wp-content\/uploads\/2021\/04\/227-Kolin-enkelmedel-Photoroom-e1765452702489.png","width":2000,"height":1333,"caption":"Kolin enkelmedel"},{"@type":"BreadcrumbList","@id":"https:\/\/reviva.fi\/fi\/tuote\/koliini-koliinibitartraatti\/#breadcrumb","itemListElement":[{"@type":"ListItem","position":1,"name":"Etusivu","item":"https:\/\/reviva.fi\/fi\/"},{"@type":"ListItem","position":2,"name":"Tuotteet","item":"https:\/\/reviva.fi\/produkter\/"},{"@type":"ListItem","position":3,"name":"Koliini &#8211; Koliinibitartraatti"}]},{"@type":"WebSite","@id":"https:\/\/reviva.fi\/fi\/#website","url":"https:\/\/reviva.fi\/fi\/","name":"Reviva","description":"","publisher":{"@id":"https:\/\/reviva.fi\/fi\/#organization"},"potentialAction":[{"@type":"SearchAction","target":{"@type":"EntryPoint","urlTemplate":"https:\/\/reviva.fi\/fi\/?s={search_term_string}"},"query-input":{"@type":"PropertyValueSpecification","valueRequired":true,"valueName":"search_term_string"}}],"inLanguage":"fi"},{"@type":"Organization","@id":"https:\/\/reviva.fi\/fi\/#organization","name":"Reviva","url":"https:\/\/reviva.fi\/fi\/","logo":{"@type":"ImageObject","inLanguage":"fi","@id":"https:\/\/reviva.fi\/fi\/#\/schema\/logo\/image\/","url":"https:\/\/reviva.fi\/wp-content\/uploads\/2023\/10\/reviva-logo2.svg","contentUrl":"https:\/\/reviva.fi\/wp-content\/uploads\/2023\/10\/reviva-logo2.svg","caption":"Reviva"},"image":{"@id":"https:\/\/reviva.fi\/fi\/#\/schema\/logo\/image\/"}}]},"product_price_amount":"19.00","product_price_currency":"EUR","og_availability":"instock","product_availability":"instock","product_retailer_item_id":"227","product_condition":"new"},"taxonomy_info":{"product_cat":[{"value":96,"label":"Vitamiinit"},{"value":525,"label":"B-vitamiini"},{"value":2454,"label":"EVP Nutrition"},{"value":2387,"label":"Maha &amp; Suolisto"},{"value":2366,"label":"Maksa &amp; Munuaiset"},{"value":2383,"label":"Aivot &amp; Muisti"}],"product_tag":[{"value":1120,"label":"alzheimerin tauti"},{"value":1121,"label":"alzheimerin tauti"},{"value":428,"label":"b vitamiini"},{"value":1215,"label":"dementia"},{"value":1466,"label":"heikentynyt sapen toiminta"},{"value":1231,"label":"huono muisti"},{"value":1362,"label":"kognitiivinen toimintah\u00e4iri\u00f6"},{"value":1367,"label":"koliini yksitt\u00e4inen aine"},{"value":1377,"label":"krooninen v\u00e4symys"},{"value":498,"label":"luontais lis\u00e4ravinne"},{"value":1218,"label":"masennus"},{"value":1087,"label":"ME"},{"value":1341,"label":"oppimisvaikeudet"},{"value":1265,"label":"sappih\u00e4iri\u00f6t"},{"value":1267,"label":"sappitiehyet"},{"value":1187,"label":"tukos sapppitiehyet"},{"value":520,"label":"vitamiini"},{"value":522,"label":"vitamiinit"}]},"featured_image_src_large":["https:\/\/reviva.fi\/wp-content\/uploads\/2021\/04\/227-Kolin-enkelmedel-Photoroom-1024x682.png",1024,682,true],"author_info":[],"comment_info":0,"_links":{"self":[{"href":"https:\/\/reviva.fi\/fi\/wp-json\/wp\/v2\/product\/5239","targetHints":{"allow":["GET"]}}],"collection":[{"href":"https:\/\/reviva.fi\/fi\/wp-json\/wp\/v2\/product"}],"about":[{"href":"https:\/\/reviva.fi\/fi\/wp-json\/wp\/v2\/types\/product"}],"replies":[{"embeddable":true,"href":"https:\/\/reviva.fi\/fi\/wp-json\/wp\/v2\/comments?post=5239"}],"wp:featuredmedia":[{"embeddable":true,"href":"https:\/\/reviva.fi\/fi\/wp-json\/wp\/v2\/media\/13346"}],"wp:attachment":[{"href":"https:\/\/reviva.fi\/fi\/wp-json\/wp\/v2\/media?parent=5239"}],"wp:term":[{"taxonomy":"product_brand","embeddable":true,"href":"https:\/\/reviva.fi\/fi\/wp-json\/wp\/v2\/product_brand?post=5239"},{"taxonomy":"product_cat","embeddable":true,"href":"https:\/\/reviva.fi\/fi\/wp-json\/wp\/v2\/product_cat?post=5239"},{"taxonomy":"product_tag","embeddable":true,"href":"https:\/\/reviva.fi\/fi\/wp-json\/wp\/v2\/product_tag?post=5239"}],"curies":[{"name":"wp","href":"https:\/\/api.w.org\/{rel}","templated":true}]}}