{"id":5305,"date":"2023-05-05T15:06:31","date_gmt":"2023-05-05T12:06:31","guid":{"rendered":"https:\/\/reviva.fi\/product\/cupro-complex\/"},"modified":"2026-01-22T17:36:19","modified_gmt":"2026-01-22T15:36:19","slug":"cupro-complex","status":"publish","type":"product","link":"https:\/\/reviva.fi\/fi\/tuote\/cupro-complex\/","title":{"rendered":"Cupro Complex, Kupari"},"content":{"rendered":"<p>Cupro Complex on edistyksellinen ravintolis\u00e4, joka perustuu laajakirjo ja synergiaperiaatteisiin. Jokainen kapseli sis\u00e4lt\u00e4\u00e4 kuparin ja sinkin yhdistelm\u00e4n.<\/p>\n","protected":false},"excerpt":{"rendered":"<p>Kuparin ja sinkin yhdistelm\u00e4<\/p>\n<p><strong>60 kapselia<\/strong><\/p>\n","protected":false},"featured_media":13761,"comment_status":"closed","ping_status":"closed","template":"","meta":{"_acf_changed":false,"inline_featured_image":false,"_kad_blocks_custom_css":"","_kad_blocks_head_custom_js":"","_kad_blocks_body_custom_js":"","_kad_blocks_footer_custom_js":"","_kadence_starter_templates_imported_post":false,"_kad_post_transparent":"default","_kad_post_title":"","_kad_post_layout":"default","_kad_post_sidebar_id":"","_kad_post_content_style":"default","_kad_post_vertical_padding":"default","_kad_post_feature":"","_kad_post_feature_position":"","_kad_post_header":false,"_kad_post_footer":false},"product_brand":[],"product_cat":[93,5968,5963],"product_tag":[],"class_list":{"0":"post-5305","1":"product","2":"type-product","3":"status-publish","4":"has-post-thumbnail","6":"product_cat-mineraler-fi","7":"product_cat-koppar-fi","8":"product_cat-synergos-fi","10":"first","11":"instock","12":"taxable","13":"shipping-taxable","14":"purchasable","15":"product-type-simple","16":"entry","17":"content-bg","18":"loop-entry"},"acf":[],"yoast_head":"<!-- This site is optimized with the Yoast SEO plugin v25.8 - https:\/\/yoast.com\/wordpress\/plugins\/seo\/ -->\n<title>Cupro Complex, Kupari - Reviva<\/title>\n<meta name=\"description\" content=\"Kupari on t\u00e4rke\u00e4 kivenn\u00e4isaine, joka edist\u00e4\u00e4 normaalia energia-aineenvaihduntaa, immuunij\u00e4rjestelm\u00e4n toimintaa sek\u00e4 sidekudoksen ja hermoston normaalia toimintaa.\" \/>\n<meta name=\"robots\" content=\"index, follow, max-snippet:-1, max-image-preview:large, max-video-preview:-1\" \/>\n<link rel=\"canonical\" href=\"https:\/\/reviva.fi\/fi\/tuote\/cupro-complex\/\" \/>\n<meta property=\"og:locale\" content=\"fi_FI\" \/>\n<meta property=\"og:type\" content=\"article\" \/>\n<meta property=\"og:title\" content=\"Cupro Complex, Kupari - Reviva\" \/>\n<meta property=\"og:description\" content=\"Kupari on t\u00e4rke\u00e4 kivenn\u00e4isaine, joka edist\u00e4\u00e4 normaalia energia-aineenvaihduntaa, immuunij\u00e4rjestelm\u00e4n toimintaa sek\u00e4 sidekudoksen ja hermoston normaalia toimintaa.\" \/>\n<meta property=\"og:url\" content=\"https:\/\/reviva.fi\/fi\/tuote\/cupro-complex\/\" \/>\n<meta property=\"og:site_name\" content=\"Reviva\" \/>\n<meta property=\"article:modified_time\" content=\"2026-01-22T15:36:19+00:00\" \/>\n<meta property=\"og:image\" content=\"https:\/\/reviva.fi\/wp-content\/uploads\/2023\/05\/252-Cupro-Complex-Photoroom-e1769769510980.png\" \/>\n\t<meta property=\"og:image:width\" content=\"2000\" \/>\n\t<meta property=\"og:image:height\" content=\"1333\" \/>\n\t<meta property=\"og:image:type\" content=\"image\/png\" \/>\n<meta name=\"twitter:card\" content=\"summary_large_image\" \/>\n<script type=\"application\/ld+json\" class=\"yoast-schema-graph\">{\"@context\":\"https:\/\/schema.org\",\"@graph\":[{\"@type\":\"WebPage\",\"@id\":\"https:\/\/reviva.fi\/fi\/tuote\/cupro-complex\/\",\"url\":\"https:\/\/reviva.fi\/fi\/tuote\/cupro-complex\/\",\"name\":\"Cupro Complex, Kupari - Reviva\",\"isPartOf\":{\"@id\":\"https:\/\/reviva.fi\/fi\/#website\"},\"primaryImageOfPage\":{\"@id\":\"https:\/\/reviva.fi\/fi\/tuote\/cupro-complex\/#primaryimage\"},\"image\":{\"@id\":\"https:\/\/reviva.fi\/fi\/tuote\/cupro-complex\/#primaryimage\"},\"thumbnailUrl\":\"https:\/\/reviva.fi\/wp-content\/uploads\/2023\/05\/252-Cupro-Complex-Photoroom-e1769769510980.png\",\"datePublished\":\"2023-05-05T12:06:31+00:00\",\"dateModified\":\"2026-01-22T15:36:19+00:00\",\"description\":\"Kupari on t\u00e4rke\u00e4 kivenn\u00e4isaine, joka edist\u00e4\u00e4 normaalia energia-aineenvaihduntaa, immuunij\u00e4rjestelm\u00e4n toimintaa sek\u00e4 sidekudoksen ja hermoston normaalia toimintaa.\",\"breadcrumb\":{\"@id\":\"https:\/\/reviva.fi\/fi\/tuote\/cupro-complex\/#breadcrumb\"},\"inLanguage\":\"fi\",\"potentialAction\":[{\"@type\":\"ReadAction\",\"target\":[\"https:\/\/reviva.fi\/fi\/tuote\/cupro-complex\/\"]}]},{\"@type\":\"ImageObject\",\"inLanguage\":\"fi\",\"@id\":\"https:\/\/reviva.fi\/fi\/tuote\/cupro-complex\/#primaryimage\",\"url\":\"https:\/\/reviva.fi\/wp-content\/uploads\/2023\/05\/252-Cupro-Complex-Photoroom-e1769769510980.png\",\"contentUrl\":\"https:\/\/reviva.fi\/wp-content\/uploads\/2023\/05\/252-Cupro-Complex-Photoroom-e1769769510980.png\",\"width\":2000,\"height\":1333,\"caption\":\"Cupro Complex, koppar\"},{\"@type\":\"BreadcrumbList\",\"@id\":\"https:\/\/reviva.fi\/fi\/tuote\/cupro-complex\/#breadcrumb\",\"itemListElement\":[{\"@type\":\"ListItem\",\"position\":1,\"name\":\"Etusivu\",\"item\":\"https:\/\/reviva.fi\/fi\/\"},{\"@type\":\"ListItem\",\"position\":2,\"name\":\"Tuotteet\",\"item\":\"https:\/\/reviva.fi\/produkter\/\"},{\"@type\":\"ListItem\",\"position\":3,\"name\":\"Cupro Complex, Kupari\"}]},{\"@type\":\"WebSite\",\"@id\":\"https:\/\/reviva.fi\/fi\/#website\",\"url\":\"https:\/\/reviva.fi\/fi\/\",\"name\":\"Reviva\",\"description\":\"\",\"publisher\":{\"@id\":\"https:\/\/reviva.fi\/fi\/#organization\"},\"potentialAction\":[{\"@type\":\"SearchAction\",\"target\":{\"@type\":\"EntryPoint\",\"urlTemplate\":\"https:\/\/reviva.fi\/fi\/?s={search_term_string}\"},\"query-input\":{\"@type\":\"PropertyValueSpecification\",\"valueRequired\":true,\"valueName\":\"search_term_string\"}}],\"inLanguage\":\"fi\"},{\"@type\":\"Organization\",\"@id\":\"https:\/\/reviva.fi\/fi\/#organization\",\"name\":\"Reviva\",\"url\":\"https:\/\/reviva.fi\/fi\/\",\"logo\":{\"@type\":\"ImageObject\",\"inLanguage\":\"fi\",\"@id\":\"https:\/\/reviva.fi\/fi\/#\/schema\/logo\/image\/\",\"url\":\"https:\/\/reviva.fi\/wp-content\/uploads\/2023\/10\/reviva-logo2.svg\",\"contentUrl\":\"https:\/\/reviva.fi\/wp-content\/uploads\/2023\/10\/reviva-logo2.svg\",\"caption\":\"Reviva\"},\"image\":{\"@id\":\"https:\/\/reviva.fi\/fi\/#\/schema\/logo\/image\/\"}}]}<\/script>\n<meta property=\"product:price:amount\" content=\"15.85\" \/>\n<meta property=\"product:price:currency\" content=\"EUR\" \/>\n<meta property=\"og:availability\" content=\"instock\" \/>\n<meta property=\"product:availability\" content=\"instock\" \/>\n<meta property=\"product:retailer_item_id\" content=\"252\" \/>\n<meta property=\"product:condition\" content=\"new\" \/>\n<!-- \/ Yoast SEO plugin. -->","yoast_head_json":{"title":"Cupro Complex, Kupari - Reviva","description":"Kupari on t\u00e4rke\u00e4 kivenn\u00e4isaine, joka edist\u00e4\u00e4 normaalia energia-aineenvaihduntaa, immuunij\u00e4rjestelm\u00e4n toimintaa sek\u00e4 sidekudoksen ja hermoston normaalia toimintaa.","robots":{"index":"index","follow":"follow","max-snippet":"max-snippet:-1","max-image-preview":"max-image-preview:large","max-video-preview":"max-video-preview:-1"},"canonical":"https:\/\/reviva.fi\/fi\/tuote\/cupro-complex\/","og_locale":"fi_FI","og_type":"article","og_title":"Cupro Complex, Kupari - Reviva","og_description":"Kupari on t\u00e4rke\u00e4 kivenn\u00e4isaine, joka edist\u00e4\u00e4 normaalia energia-aineenvaihduntaa, immuunij\u00e4rjestelm\u00e4n toimintaa sek\u00e4 sidekudoksen ja hermoston normaalia toimintaa.","og_url":"https:\/\/reviva.fi\/fi\/tuote\/cupro-complex\/","og_site_name":"Reviva","article_modified_time":"2026-01-22T15:36:19+00:00","og_image":[{"width":2000,"height":1333,"url":"https:\/\/reviva.fi\/wp-content\/uploads\/2023\/05\/252-Cupro-Complex-Photoroom-e1769769510980.png","type":"image\/png"}],"twitter_card":"summary_large_image","schema":{"@context":"https:\/\/schema.org","@graph":[{"@type":"WebPage","@id":"https:\/\/reviva.fi\/fi\/tuote\/cupro-complex\/","url":"https:\/\/reviva.fi\/fi\/tuote\/cupro-complex\/","name":"Cupro Complex, Kupari - Reviva","isPartOf":{"@id":"https:\/\/reviva.fi\/fi\/#website"},"primaryImageOfPage":{"@id":"https:\/\/reviva.fi\/fi\/tuote\/cupro-complex\/#primaryimage"},"image":{"@id":"https:\/\/reviva.fi\/fi\/tuote\/cupro-complex\/#primaryimage"},"thumbnailUrl":"https:\/\/reviva.fi\/wp-content\/uploads\/2023\/05\/252-Cupro-Complex-Photoroom-e1769769510980.png","datePublished":"2023-05-05T12:06:31+00:00","dateModified":"2026-01-22T15:36:19+00:00","description":"Kupari on t\u00e4rke\u00e4 kivenn\u00e4isaine, joka edist\u00e4\u00e4 normaalia energia-aineenvaihduntaa, immuunij\u00e4rjestelm\u00e4n toimintaa sek\u00e4 sidekudoksen ja hermoston normaalia toimintaa.","breadcrumb":{"@id":"https:\/\/reviva.fi\/fi\/tuote\/cupro-complex\/#breadcrumb"},"inLanguage":"fi","potentialAction":[{"@type":"ReadAction","target":["https:\/\/reviva.fi\/fi\/tuote\/cupro-complex\/"]}]},{"@type":"ImageObject","inLanguage":"fi","@id":"https:\/\/reviva.fi\/fi\/tuote\/cupro-complex\/#primaryimage","url":"https:\/\/reviva.fi\/wp-content\/uploads\/2023\/05\/252-Cupro-Complex-Photoroom-e1769769510980.png","contentUrl":"https:\/\/reviva.fi\/wp-content\/uploads\/2023\/05\/252-Cupro-Complex-Photoroom-e1769769510980.png","width":2000,"height":1333,"caption":"Cupro Complex, koppar"},{"@type":"BreadcrumbList","@id":"https:\/\/reviva.fi\/fi\/tuote\/cupro-complex\/#breadcrumb","itemListElement":[{"@type":"ListItem","position":1,"name":"Etusivu","item":"https:\/\/reviva.fi\/fi\/"},{"@type":"ListItem","position":2,"name":"Tuotteet","item":"https:\/\/reviva.fi\/produkter\/"},{"@type":"ListItem","position":3,"name":"Cupro Complex, Kupari"}]},{"@type":"WebSite","@id":"https:\/\/reviva.fi\/fi\/#website","url":"https:\/\/reviva.fi\/fi\/","name":"Reviva","description":"","publisher":{"@id":"https:\/\/reviva.fi\/fi\/#organization"},"potentialAction":[{"@type":"SearchAction","target":{"@type":"EntryPoint","urlTemplate":"https:\/\/reviva.fi\/fi\/?s={search_term_string}"},"query-input":{"@type":"PropertyValueSpecification","valueRequired":true,"valueName":"search_term_string"}}],"inLanguage":"fi"},{"@type":"Organization","@id":"https:\/\/reviva.fi\/fi\/#organization","name":"Reviva","url":"https:\/\/reviva.fi\/fi\/","logo":{"@type":"ImageObject","inLanguage":"fi","@id":"https:\/\/reviva.fi\/fi\/#\/schema\/logo\/image\/","url":"https:\/\/reviva.fi\/wp-content\/uploads\/2023\/10\/reviva-logo2.svg","contentUrl":"https:\/\/reviva.fi\/wp-content\/uploads\/2023\/10\/reviva-logo2.svg","caption":"Reviva"},"image":{"@id":"https:\/\/reviva.fi\/fi\/#\/schema\/logo\/image\/"}}]},"product_price_amount":"15.85","product_price_currency":"EUR","og_availability":"instock","product_availability":"instock","product_retailer_item_id":"252","product_condition":"new"},"taxonomy_info":{"product_cat":[{"value":93,"label":"Mineraalit"},{"value":5968,"label":"Kupari"},{"value":5963,"label":"Synergos"}]},"featured_image_src_large":["https:\/\/reviva.fi\/wp-content\/uploads\/2023\/05\/252-Cupro-Complex-Photoroom-1024x682.png",1024,682,true],"author_info":[],"comment_info":0,"_links":{"self":[{"href":"https:\/\/reviva.fi\/fi\/wp-json\/wp\/v2\/product\/5305","targetHints":{"allow":["GET"]}}],"collection":[{"href":"https:\/\/reviva.fi\/fi\/wp-json\/wp\/v2\/product"}],"about":[{"href":"https:\/\/reviva.fi\/fi\/wp-json\/wp\/v2\/types\/product"}],"replies":[{"embeddable":true,"href":"https:\/\/reviva.fi\/fi\/wp-json\/wp\/v2\/comments?post=5305"}],"wp:featuredmedia":[{"embeddable":true,"href":"https:\/\/reviva.fi\/fi\/wp-json\/wp\/v2\/media\/13761"}],"wp:attachment":[{"href":"https:\/\/reviva.fi\/fi\/wp-json\/wp\/v2\/media?parent=5305"}],"wp:term":[{"taxonomy":"product_brand","embeddable":true,"href":"https:\/\/reviva.fi\/fi\/wp-json\/wp\/v2\/product_brand?post=5305"},{"taxonomy":"product_cat","embeddable":true,"href":"https:\/\/reviva.fi\/fi\/wp-json\/wp\/v2\/product_cat?post=5305"},{"taxonomy":"product_tag","embeddable":true,"href":"https:\/\/reviva.fi\/fi\/wp-json\/wp\/v2\/product_tag?post=5305"}],"curies":[{"name":"wp","href":"https:\/\/api.w.org\/{rel}","templated":true}]}}