{"id":5354,"date":"2021-06-17T12:54:23","date_gmt":"2021-06-17T09:54:23","guid":{"rendered":"https:\/\/reviva.fi\/product\/q10-enkelmedel\/"},"modified":"2026-01-17T13:22:15","modified_gmt":"2026-01-17T11:22:15","slug":"q10-enkelmedel","status":"publish","type":"product","link":"https:\/\/reviva.fi\/fi\/tuote\/q10-enkelmedel\/","title":{"rendered":"Q10 Ubikinoni"},"content":{"rendered":"<p><strong>Q10 ubikinoni<\/strong><\/p>\n<p><span class=\"Y2IQFc\" lang=\"fi\">Koentsyymi Q10 on aktiivinen entsyymi, jota esiintyy kaikkialla luonnossa. Ihmisell\u00e4 sit\u00e4 esiintyy kaikissa kehon kudoksissa, mutta ennen kaikkea syd\u00e4mess\u00e4, maksassa ja immuunij\u00e4rjestelm\u00e4ss\u00e4. Sit\u00e4 tuotetaan elimist\u00f6ss\u00e4 aminohappo tyrosiinin B1-, B6-, Foolihapon ja E-vitamiinien vaikutuksesta. Oma tuotanto kuitenkin v\u00e4henee i\u00e4n my\u00f6t\u00e4, mink\u00e4 vuoksi vanhemmalla i\u00e4ll\u00e4 on mahdollista voida paremmin lis\u00e4ravintolisill\u00e4 Q10. Yksi Q10:n t\u00e4rkeimmist\u00e4 teht\u00e4vist\u00e4 on sen ratkaiseva rooli solujen mitokondrioiden energiantuotannossa.<\/span><\/p>\n","protected":false},"excerpt":{"rendered":"<p><span class=\"Y2IQFc\" lang=\"fi\">Yksi Q10:n t\u00e4rkeimmist\u00e4 teht\u00e4vist\u00e4 on sen ratkaiseva rooli solujen mitokondrioiden energiantuotannossa.<\/span><\/p>\n<p><strong>60 tablettia<\/strong><\/p>\n<p>&nbsp;<\/p>\n","protected":false},"featured_media":13930,"comment_status":"open","ping_status":"closed","template":"","meta":{"_acf_changed":false,"inline_featured_image":false,"_kad_blocks_custom_css":"","_kad_blocks_head_custom_js":"","_kad_blocks_body_custom_js":"","_kad_blocks_footer_custom_js":"","_kadence_starter_templates_imported_post":false,"_kad_post_transparent":"default","_kad_post_title":"","_kad_post_layout":"default","_kad_post_sidebar_id":"","_kad_post_content_style":"default","_kad_post_vertical_padding":"default","_kad_post_feature":"","_kad_post_feature_position":"","_kad_post_header":false,"_kad_post_footer":false},"product_brand":[],"product_cat":[2505,2454,2357,2371,2375],"product_tag":[1121,412,1591,1580,1581,1467,1326,1377,1454,507,498,1422,1436,1500,1518,1517,1383,1151,1285,1283,520,522],"class_list":{"0":"post-5354","1":"product","2":"type-product","3":"status-publish","4":"has-post-thumbnail","6":"product_cat-ovriga-kosttillskott-fi","7":"product_cat-evp-nutrition-fi","8":"product_cat-immunforsvar-fi","9":"product_cat-muskler-och-leder-fi","10":"product_cat-traning-fi","11":"product_tag-alzheimerin-tauti-fi","12":"product_tag-antioksidantti","13":"product_tag-hampaiden-menetys","14":"product_tag-hapen-puute-aivoissa","15":"product_tag-hapen-puute-suoliston-kudoksissa","16":"product_tag-heikentynyt-immuunijarjestelma","17":"product_tag-kohonnut-verenpaine","18":"product_tag-krooninen-vasymys","19":"product_tag-lihas-heikkous","20":"product_tag-lisaa-vastustuskykya","21":"product_tag-luontais-lisaravinne","22":"product_tag-miesten-hedelmatttomyys","23":"product_tag-migreeni","24":"product_tag-parkinsonin-tautia","25":"product_tag-q10-fi","26":"product_tag-q10-yksittainen-aine","27":"product_tag-rasitusrintakipu","28":"product_tag-rytmihairio","29":"product_tag-sydamen-vajaatoiminta","30":"product_tag-sydansairaus","31":"product_tag-vitamiini","32":"product_tag-vitamiinit","34":"first","35":"instock","36":"taxable","37":"shipping-taxable","38":"purchasable","39":"product-type-simple","40":"entry","41":"content-bg","42":"loop-entry"},"acf":[],"yoast_head":"<!-- This site is optimized with the Yoast SEO plugin v25.8 - https:\/\/yoast.com\/wordpress\/plugins\/seo\/ -->\n<title>Q10 Ubikinoni - Reviva<\/title>\n<meta name=\"description\" content=\"Q10 ubikinoni. Sen t\u00e4rkein teht\u00e4v\u00e4 on sen rooli solujen mitokondrioiden energiantuotannossa. Puute voi aiheuttaa kroonista v\u00e4symyst\u00e4 ja uupumusta.\" \/>\n<meta name=\"robots\" content=\"index, follow, max-snippet:-1, max-image-preview:large, max-video-preview:-1\" \/>\n<link rel=\"canonical\" href=\"https:\/\/reviva.fi\/fi\/tuote\/q10-enkelmedel\/\" \/>\n<meta property=\"og:locale\" content=\"fi_FI\" \/>\n<meta property=\"og:type\" content=\"article\" \/>\n<meta property=\"og:title\" content=\"Q10 Ubikinoni - Reviva\" \/>\n<meta property=\"og:description\" content=\"Q10 ubikinoni. Sen t\u00e4rkein teht\u00e4v\u00e4 on sen rooli solujen mitokondrioiden energiantuotannossa. Puute voi aiheuttaa kroonista v\u00e4symyst\u00e4 ja uupumusta.\" \/>\n<meta property=\"og:url\" content=\"https:\/\/reviva.fi\/fi\/tuote\/q10-enkelmedel\/\" \/>\n<meta property=\"og:site_name\" content=\"Reviva\" \/>\n<meta property=\"article:modified_time\" content=\"2026-01-17T11:22:15+00:00\" \/>\n<meta property=\"og:image\" content=\"https:\/\/reviva.fi\/wp-content\/uploads\/2021\/06\/204-Q10-enkelmedel-Photoroom-e1771327803940.png\" \/>\n\t<meta property=\"og:image:width\" content=\"2000\" \/>\n\t<meta property=\"og:image:height\" content=\"1333\" \/>\n\t<meta property=\"og:image:type\" content=\"image\/png\" \/>\n<meta name=\"twitter:card\" content=\"summary_large_image\" \/>\n<script type=\"application\/ld+json\" class=\"yoast-schema-graph\">{\"@context\":\"https:\/\/schema.org\",\"@graph\":[{\"@type\":\"WebPage\",\"@id\":\"https:\/\/reviva.fi\/fi\/tuote\/q10-enkelmedel\/\",\"url\":\"https:\/\/reviva.fi\/fi\/tuote\/q10-enkelmedel\/\",\"name\":\"Q10 Ubikinoni - Reviva\",\"isPartOf\":{\"@id\":\"https:\/\/reviva.fi\/fi\/#website\"},\"primaryImageOfPage\":{\"@id\":\"https:\/\/reviva.fi\/fi\/tuote\/q10-enkelmedel\/#primaryimage\"},\"image\":{\"@id\":\"https:\/\/reviva.fi\/fi\/tuote\/q10-enkelmedel\/#primaryimage\"},\"thumbnailUrl\":\"https:\/\/reviva.fi\/wp-content\/uploads\/2021\/06\/204-Q10-enkelmedel-Photoroom-e1771327803940.png\",\"datePublished\":\"2021-06-17T09:54:23+00:00\",\"dateModified\":\"2026-01-17T11:22:15+00:00\",\"description\":\"Q10 ubikinoni. Sen t\u00e4rkein teht\u00e4v\u00e4 on sen rooli solujen mitokondrioiden energiantuotannossa. Puute voi aiheuttaa kroonista v\u00e4symyst\u00e4 ja uupumusta.\",\"breadcrumb\":{\"@id\":\"https:\/\/reviva.fi\/fi\/tuote\/q10-enkelmedel\/#breadcrumb\"},\"inLanguage\":\"fi\",\"potentialAction\":[{\"@type\":\"ReadAction\",\"target\":[\"https:\/\/reviva.fi\/fi\/tuote\/q10-enkelmedel\/\"]}]},{\"@type\":\"ImageObject\",\"inLanguage\":\"fi\",\"@id\":\"https:\/\/reviva.fi\/fi\/tuote\/q10-enkelmedel\/#primaryimage\",\"url\":\"https:\/\/reviva.fi\/wp-content\/uploads\/2021\/06\/204-Q10-enkelmedel-Photoroom-e1771327803940.png\",\"contentUrl\":\"https:\/\/reviva.fi\/wp-content\/uploads\/2021\/06\/204-Q10-enkelmedel-Photoroom-e1771327803940.png\",\"width\":2000,\"height\":1333,\"caption\":\"Q10 enkelmedel\"},{\"@type\":\"BreadcrumbList\",\"@id\":\"https:\/\/reviva.fi\/fi\/tuote\/q10-enkelmedel\/#breadcrumb\",\"itemListElement\":[{\"@type\":\"ListItem\",\"position\":1,\"name\":\"Etusivu\",\"item\":\"https:\/\/reviva.fi\/fi\/\"},{\"@type\":\"ListItem\",\"position\":2,\"name\":\"Tuotteet\",\"item\":\"https:\/\/reviva.fi\/produkter\/\"},{\"@type\":\"ListItem\",\"position\":3,\"name\":\"Q10 Ubikinoni\"}]},{\"@type\":\"WebSite\",\"@id\":\"https:\/\/reviva.fi\/fi\/#website\",\"url\":\"https:\/\/reviva.fi\/fi\/\",\"name\":\"Reviva\",\"description\":\"\",\"publisher\":{\"@id\":\"https:\/\/reviva.fi\/fi\/#organization\"},\"potentialAction\":[{\"@type\":\"SearchAction\",\"target\":{\"@type\":\"EntryPoint\",\"urlTemplate\":\"https:\/\/reviva.fi\/fi\/?s={search_term_string}\"},\"query-input\":{\"@type\":\"PropertyValueSpecification\",\"valueRequired\":true,\"valueName\":\"search_term_string\"}}],\"inLanguage\":\"fi\"},{\"@type\":\"Organization\",\"@id\":\"https:\/\/reviva.fi\/fi\/#organization\",\"name\":\"Reviva\",\"url\":\"https:\/\/reviva.fi\/fi\/\",\"logo\":{\"@type\":\"ImageObject\",\"inLanguage\":\"fi\",\"@id\":\"https:\/\/reviva.fi\/fi\/#\/schema\/logo\/image\/\",\"url\":\"https:\/\/reviva.fi\/wp-content\/uploads\/2023\/10\/reviva-logo2.svg\",\"contentUrl\":\"https:\/\/reviva.fi\/wp-content\/uploads\/2023\/10\/reviva-logo2.svg\",\"caption\":\"Reviva\"},\"image\":{\"@id\":\"https:\/\/reviva.fi\/fi\/#\/schema\/logo\/image\/\"}}]}<\/script>\n<meta property=\"product:price:amount\" content=\"20.80\" \/>\n<meta property=\"product:price:currency\" content=\"EUR\" \/>\n<meta property=\"og:availability\" content=\"instock\" \/>\n<meta property=\"product:availability\" content=\"instock\" \/>\n<meta property=\"product:retailer_item_id\" content=\"204\" \/>\n<meta property=\"product:condition\" content=\"new\" \/>\n<!-- \/ Yoast SEO plugin. -->","yoast_head_json":{"title":"Q10 Ubikinoni - Reviva","description":"Q10 ubikinoni. Sen t\u00e4rkein teht\u00e4v\u00e4 on sen rooli solujen mitokondrioiden energiantuotannossa. Puute voi aiheuttaa kroonista v\u00e4symyst\u00e4 ja uupumusta.","robots":{"index":"index","follow":"follow","max-snippet":"max-snippet:-1","max-image-preview":"max-image-preview:large","max-video-preview":"max-video-preview:-1"},"canonical":"https:\/\/reviva.fi\/fi\/tuote\/q10-enkelmedel\/","og_locale":"fi_FI","og_type":"article","og_title":"Q10 Ubikinoni - Reviva","og_description":"Q10 ubikinoni. Sen t\u00e4rkein teht\u00e4v\u00e4 on sen rooli solujen mitokondrioiden energiantuotannossa. Puute voi aiheuttaa kroonista v\u00e4symyst\u00e4 ja uupumusta.","og_url":"https:\/\/reviva.fi\/fi\/tuote\/q10-enkelmedel\/","og_site_name":"Reviva","article_modified_time":"2026-01-17T11:22:15+00:00","og_image":[{"width":2000,"height":1333,"url":"https:\/\/reviva.fi\/wp-content\/uploads\/2021\/06\/204-Q10-enkelmedel-Photoroom-e1771327803940.png","type":"image\/png"}],"twitter_card":"summary_large_image","schema":{"@context":"https:\/\/schema.org","@graph":[{"@type":"WebPage","@id":"https:\/\/reviva.fi\/fi\/tuote\/q10-enkelmedel\/","url":"https:\/\/reviva.fi\/fi\/tuote\/q10-enkelmedel\/","name":"Q10 Ubikinoni - Reviva","isPartOf":{"@id":"https:\/\/reviva.fi\/fi\/#website"},"primaryImageOfPage":{"@id":"https:\/\/reviva.fi\/fi\/tuote\/q10-enkelmedel\/#primaryimage"},"image":{"@id":"https:\/\/reviva.fi\/fi\/tuote\/q10-enkelmedel\/#primaryimage"},"thumbnailUrl":"https:\/\/reviva.fi\/wp-content\/uploads\/2021\/06\/204-Q10-enkelmedel-Photoroom-e1771327803940.png","datePublished":"2021-06-17T09:54:23+00:00","dateModified":"2026-01-17T11:22:15+00:00","description":"Q10 ubikinoni. Sen t\u00e4rkein teht\u00e4v\u00e4 on sen rooli solujen mitokondrioiden energiantuotannossa. Puute voi aiheuttaa kroonista v\u00e4symyst\u00e4 ja uupumusta.","breadcrumb":{"@id":"https:\/\/reviva.fi\/fi\/tuote\/q10-enkelmedel\/#breadcrumb"},"inLanguage":"fi","potentialAction":[{"@type":"ReadAction","target":["https:\/\/reviva.fi\/fi\/tuote\/q10-enkelmedel\/"]}]},{"@type":"ImageObject","inLanguage":"fi","@id":"https:\/\/reviva.fi\/fi\/tuote\/q10-enkelmedel\/#primaryimage","url":"https:\/\/reviva.fi\/wp-content\/uploads\/2021\/06\/204-Q10-enkelmedel-Photoroom-e1771327803940.png","contentUrl":"https:\/\/reviva.fi\/wp-content\/uploads\/2021\/06\/204-Q10-enkelmedel-Photoroom-e1771327803940.png","width":2000,"height":1333,"caption":"Q10 enkelmedel"},{"@type":"BreadcrumbList","@id":"https:\/\/reviva.fi\/fi\/tuote\/q10-enkelmedel\/#breadcrumb","itemListElement":[{"@type":"ListItem","position":1,"name":"Etusivu","item":"https:\/\/reviva.fi\/fi\/"},{"@type":"ListItem","position":2,"name":"Tuotteet","item":"https:\/\/reviva.fi\/produkter\/"},{"@type":"ListItem","position":3,"name":"Q10 Ubikinoni"}]},{"@type":"WebSite","@id":"https:\/\/reviva.fi\/fi\/#website","url":"https:\/\/reviva.fi\/fi\/","name":"Reviva","description":"","publisher":{"@id":"https:\/\/reviva.fi\/fi\/#organization"},"potentialAction":[{"@type":"SearchAction","target":{"@type":"EntryPoint","urlTemplate":"https:\/\/reviva.fi\/fi\/?s={search_term_string}"},"query-input":{"@type":"PropertyValueSpecification","valueRequired":true,"valueName":"search_term_string"}}],"inLanguage":"fi"},{"@type":"Organization","@id":"https:\/\/reviva.fi\/fi\/#organization","name":"Reviva","url":"https:\/\/reviva.fi\/fi\/","logo":{"@type":"ImageObject","inLanguage":"fi","@id":"https:\/\/reviva.fi\/fi\/#\/schema\/logo\/image\/","url":"https:\/\/reviva.fi\/wp-content\/uploads\/2023\/10\/reviva-logo2.svg","contentUrl":"https:\/\/reviva.fi\/wp-content\/uploads\/2023\/10\/reviva-logo2.svg","caption":"Reviva"},"image":{"@id":"https:\/\/reviva.fi\/fi\/#\/schema\/logo\/image\/"}}]},"product_price_amount":"20.80","product_price_currency":"EUR","og_availability":"instock","product_availability":"instock","product_retailer_item_id":"204","product_condition":"new"},"taxonomy_info":{"product_cat":[{"value":2505,"label":"Muut ravintolis\u00e4t"},{"value":2454,"label":"EVP Nutrition"},{"value":2357,"label":"Immuunipuolustus"},{"value":2371,"label":"Nivelet &amp; Lihakset"},{"value":2375,"label":"Harjoittelu"}],"product_tag":[{"value":1121,"label":"alzheimerin tauti"},{"value":412,"label":"antioksidantti"},{"value":1591,"label":"hampaiden menetys"},{"value":1580,"label":"hapen puute aivoissa"},{"value":1581,"label":"hapen puute suoliston kudoksissa"},{"value":1467,"label":"heikentynyt immuunij\u00e4rjestelm\u00e4"},{"value":1326,"label":"kohonnut verenpaine"},{"value":1377,"label":"krooninen v\u00e4symys"},{"value":1454,"label":"lihas heikkous"},{"value":507,"label":"lis\u00e4\u00e4 vastustuskyky\u00e4"},{"value":498,"label":"luontais lis\u00e4ravinne"},{"value":1422,"label":"miesten hedelm\u00e4ttt\u00f6myys"},{"value":1436,"label":"migreeni"},{"value":1500,"label":"parkinsonin tautia"},{"value":1518,"label":"q10"},{"value":1517,"label":"Q10 yksitt\u00e4inen aine"},{"value":1383,"label":"rasitusrintakipu"},{"value":1151,"label":"rytmih\u00e4iri\u00f6"},{"value":1285,"label":"syd\u00e4men vajaatoiminta"},{"value":1283,"label":"syd\u00e4nsairaus"},{"value":520,"label":"vitamiini"},{"value":522,"label":"vitamiinit"}]},"featured_image_src_large":["https:\/\/reviva.fi\/wp-content\/uploads\/2021\/06\/204-Q10-enkelmedel-Photoroom-1024x682.png",1024,682,true],"author_info":[],"comment_info":0,"_links":{"self":[{"href":"https:\/\/reviva.fi\/fi\/wp-json\/wp\/v2\/product\/5354","targetHints":{"allow":["GET"]}}],"collection":[{"href":"https:\/\/reviva.fi\/fi\/wp-json\/wp\/v2\/product"}],"about":[{"href":"https:\/\/reviva.fi\/fi\/wp-json\/wp\/v2\/types\/product"}],"replies":[{"embeddable":true,"href":"https:\/\/reviva.fi\/fi\/wp-json\/wp\/v2\/comments?post=5354"}],"wp:featuredmedia":[{"embeddable":true,"href":"https:\/\/reviva.fi\/fi\/wp-json\/wp\/v2\/media\/13930"}],"wp:attachment":[{"href":"https:\/\/reviva.fi\/fi\/wp-json\/wp\/v2\/media?parent=5354"}],"wp:term":[{"taxonomy":"product_brand","embeddable":true,"href":"https:\/\/reviva.fi\/fi\/wp-json\/wp\/v2\/product_brand?post=5354"},{"taxonomy":"product_cat","embeddable":true,"href":"https:\/\/reviva.fi\/fi\/wp-json\/wp\/v2\/product_cat?post=5354"},{"taxonomy":"product_tag","embeddable":true,"href":"https:\/\/reviva.fi\/fi\/wp-json\/wp\/v2\/product_tag?post=5354"}],"curies":[{"name":"wp","href":"https:\/\/api.w.org\/{rel}","templated":true}]}}