{"id":540,"date":"2021-02-11T09:40:41","date_gmt":"2021-02-11T07:40:41","guid":{"rendered":"https:\/\/reviva.dev.wikstrommedia.fi\/product\/adapt-anti-stress\/"},"modified":"2026-04-24T08:32:11","modified_gmt":"2026-04-24T05:32:11","slug":"adapt-anti-stress","status":"publish","type":"product","link":"https:\/\/reviva.fi\/fi\/tuote\/adapt-anti-stress\/","title":{"rendered":"Adapt Anti-stress"},"content":{"rendered":"<p data-start=\"106\" data-end=\"390\">Adapt Anti-stress on arvostettu ravintolis\u00e4, joka sis\u00e4lt\u00e4\u00e4 yhdistelm\u00e4n adaptogeenisi\u00e4 kasveja ja vitamiineja. Tuote sis\u00e4lt\u00e4\u00e4 B5-vitamiinia, joka edist\u00e4\u00e4 normaalia henkist\u00e4 suorituskyky\u00e4 sek\u00e4 steroidihormonien, D-vitamiinin ja v\u00e4litt\u00e4j\u00e4aineiden normaalia synteesi\u00e4 ja aineenvaihduntaa.<\/p>\n<p data-start=\"392\" data-end=\"509\">Tasapainoinen koostumus tekee siit\u00e4 suositun valinnan sinulle, joka haluat tukea kehon normaaleja toimintoja arjessa.<\/p>\n<p data-start=\"516\" data-end=\"532\"><strong data-start=\"516\" data-end=\"532\">Tuotetiedot:<\/strong><\/p>\n<p data-start=\"534\" data-end=\"739\">Adapt Anti-stress on ravintolis\u00e4, joka sis\u00e4lt\u00e4\u00e4 yhdistelm\u00e4n adaptogeenisi\u00e4 kasveja ja B5-vitamiinia (pantoteenihappo). Tuote on kehitetty t\u00e4ydent\u00e4m\u00e4\u00e4n ruokavaliota huolellisesti valituilla ravintoaineilla.<\/p>\n<p data-start=\"741\" data-end=\"780\">Pantoteenihappo (B5-vitamiini) edist\u00e4\u00e4:<\/p>\n<ul data-start=\"782\" data-end=\"923\">\n<li data-section-id=\"dpgndg\" data-start=\"782\" data-end=\"818\">normaalia henkist\u00e4 suorituskyky\u00e4<\/li>\n<li data-section-id=\"1nu6c33\" data-start=\"819\" data-end=\"923\">steroidihormonien, D-vitamiinin ja er\u00e4iden v\u00e4litt\u00e4j\u00e4aineiden normaalia synteesi\u00e4 ja aineenvaihduntaa<\/li>\n<\/ul>\n<p data-start=\"925\" data-end=\"1088\">Tuote sis\u00e4lt\u00e4\u00e4 my\u00f6s kasviuutteita, kuten ashwagandhaa, kamomillaa, ven\u00e4j\u00e4njuurta, schisandraa ja ruusujuurta, jotka yhdess\u00e4 muodostavat tasapainoisen koostumuksen.<\/p>\n<p data-start=\"1090\" data-end=\"1220\">Adapt Anti-stress on suosittu valinta sinulle, joka haluat t\u00e4ydent\u00e4\u00e4 p\u00e4ivitt\u00e4ist\u00e4 ravintoaineiden saantia aktiivisen arjen aikana.<\/p>\n<p data-start=\"1222\" data-end=\"1300\" data-is-last-node=\"\" data-is-only-node=\"\">Tuote sis\u00e4lt\u00e4\u00e4 huolellisesti valittuja raaka-aineita ja sen laatu on testattu.<\/p>\n","protected":false},"excerpt":{"rendered":"<p data-start=\"0\" data-end=\"35\">Adaptogeeniset yrtit + B5-vitamiini<\/p>\n<p data-start=\"37\" data-end=\"281\">Ravintolis\u00e4, joka sis\u00e4lt\u00e4\u00e4 B5-vitamiinia (pantoteenihappo), joka edist\u00e4\u00e4 normaalia henkist\u00e4 suorituskyky\u00e4. Tasapainoinen yhdistelm\u00e4 adaptogeenisi\u00e4 yrttej\u00e4 sinulle, joka haluat t\u00e4ydent\u00e4\u00e4 p\u00e4ivitt\u00e4ist\u00e4 ravintoaineiden saantia aktiivisessa arjessa.<\/p>\n<p data-start=\"283\" data-end=\"294\" data-is-last-node=\"\" data-is-only-node=\"\"><strong>60 kapselia<\/strong><\/p>\n","protected":false},"featured_media":550,"comment_status":"open","ping_status":"closed","template":"","meta":{"_acf_changed":false,"inline_featured_image":false,"_kad_blocks_custom_css":"","_kad_blocks_head_custom_js":"","_kad_blocks_body_custom_js":"","_kad_blocks_footer_custom_js":"","_kadence_starter_templates_imported_post":false,"_kad_post_transparent":"default","_kad_post_title":"","_kad_post_layout":"default","_kad_post_sidebar_id":"","_kad_post_content_style":"default","_kad_post_vertical_padding":"default","_kad_post_feature":"","_kad_post_feature_position":"","_kad_post_header":false,"_kad_post_footer":false},"product_brand":[],"product_cat":[141,5978,2452,2376,2375],"product_tag":[2495,1115,1625,1627,1356,1562,1371,1492,1554,1532,1103,1169,1588,1589,1587,519,1615,1534],"class_list":{"0":"post-540","1":"product","2":"type-product","3":"status-publish","4":"has-post-thumbnail","6":"product_cat-orter-fi","7":"product_cat-multi-produkter-fi","8":"product_cat-svenska-ortmedicinska-institutet-fi","9":"product_cat-stressad-och-trott-fi","10":"product_cat-traning-fi","11":"product_tag-adapt-anti-stress-fi-2","12":"product_tag-adaptogeeni","13":"product_tag-ahdistusta","14":"product_tag-elpyminen","15":"product_tag-kamomilla","16":"product_tag-korkea-stressitila","17":"product_tag-kortisoli","18":"product_tag-koskea","19":"product_tag-nukkua-paremmin","20":"product_tag-ruusunjuuri","21":"product_tag-schisandra-fi","22":"product_tag-tasapainoinen","23":"product_tag-unen-laatu","24":"product_tag-unettomuus-fi","25":"product_tag-unihairiot","26":"product_tag-uupumus","27":"product_tag-uupumus-vasymys","28":"product_tag-venajan-juuri","30":"first","31":"instock","32":"taxable","33":"shipping-taxable","34":"purchasable","35":"product-type-simple","36":"entry","37":"content-bg","38":"loop-entry"},"acf":[],"yoast_head":"<!-- This site is optimized with the Yoast SEO plugin v25.8 - https:\/\/yoast.com\/wordpress\/plugins\/seo\/ -->\n<title>Adapt Anti-stress - Reviva<\/title>\n<meta name=\"description\" content=\"Adapt Anti-stress - Tasapainottava, antaa sek\u00e4 energiaa ett\u00e4 lievitt\u00e4\u00e4 stressi\u00e4 samanaikaisesti. V\u00e4hent\u00e4\u00e4 p\u00e4ivitt\u00e4ist\u00e4 stressi\u00e4 ja parantaa unen laatua.\" \/>\n<meta name=\"robots\" content=\"index, follow, max-snippet:-1, max-image-preview:large, max-video-preview:-1\" \/>\n<link rel=\"canonical\" href=\"https:\/\/reviva.fi\/fi\/tuote\/adapt-anti-stress\/\" \/>\n<meta property=\"og:locale\" content=\"fi_FI\" \/>\n<meta property=\"og:type\" content=\"article\" \/>\n<meta property=\"og:title\" content=\"Adapt Anti-stress - Reviva\" \/>\n<meta property=\"og:description\" content=\"Adapt Anti-stress - Tasapainottava, antaa sek\u00e4 energiaa ett\u00e4 lievitt\u00e4\u00e4 stressi\u00e4 samanaikaisesti. V\u00e4hent\u00e4\u00e4 p\u00e4ivitt\u00e4ist\u00e4 stressi\u00e4 ja parantaa unen laatua.\" \/>\n<meta property=\"og:url\" content=\"https:\/\/reviva.fi\/fi\/tuote\/adapt-anti-stress\/\" \/>\n<meta property=\"og:site_name\" content=\"Reviva\" \/>\n<meta property=\"article:modified_time\" content=\"2026-04-24T05:32:11+00:00\" \/>\n<meta property=\"og:image\" content=\"https:\/\/reviva.fi\/wp-content\/uploads\/2021\/02\/adapt-anti-stress2.jpg\" \/>\n\t<meta property=\"og:image:width\" content=\"800\" \/>\n\t<meta property=\"og:image:height\" content=\"800\" \/>\n\t<meta property=\"og:image:type\" content=\"image\/jpeg\" \/>\n<meta name=\"twitter:card\" content=\"summary_large_image\" \/>\n<script type=\"application\/ld+json\" class=\"yoast-schema-graph\">{\"@context\":\"https:\/\/schema.org\",\"@graph\":[{\"@type\":\"WebPage\",\"@id\":\"https:\/\/reviva.fi\/fi\/tuote\/adapt-anti-stress\/\",\"url\":\"https:\/\/reviva.fi\/fi\/tuote\/adapt-anti-stress\/\",\"name\":\"Adapt Anti-stress - Reviva\",\"isPartOf\":{\"@id\":\"https:\/\/reviva.fi\/fi\/#website\"},\"primaryImageOfPage\":{\"@id\":\"https:\/\/reviva.fi\/fi\/tuote\/adapt-anti-stress\/#primaryimage\"},\"image\":{\"@id\":\"https:\/\/reviva.fi\/fi\/tuote\/adapt-anti-stress\/#primaryimage\"},\"thumbnailUrl\":\"https:\/\/reviva.fi\/wp-content\/uploads\/2021\/02\/adapt-anti-stress2.jpg\",\"datePublished\":\"2021-02-11T07:40:41+00:00\",\"dateModified\":\"2026-04-24T05:32:11+00:00\",\"description\":\"Adapt Anti-stress - Tasapainottava, antaa sek\u00e4 energiaa ett\u00e4 lievitt\u00e4\u00e4 stressi\u00e4 samanaikaisesti. V\u00e4hent\u00e4\u00e4 p\u00e4ivitt\u00e4ist\u00e4 stressi\u00e4 ja parantaa unen laatua.\",\"breadcrumb\":{\"@id\":\"https:\/\/reviva.fi\/fi\/tuote\/adapt-anti-stress\/#breadcrumb\"},\"inLanguage\":\"fi\",\"potentialAction\":[{\"@type\":\"ReadAction\",\"target\":[\"https:\/\/reviva.fi\/fi\/tuote\/adapt-anti-stress\/\"]}]},{\"@type\":\"ImageObject\",\"inLanguage\":\"fi\",\"@id\":\"https:\/\/reviva.fi\/fi\/tuote\/adapt-anti-stress\/#primaryimage\",\"url\":\"https:\/\/reviva.fi\/wp-content\/uploads\/2021\/02\/adapt-anti-stress2.jpg\",\"contentUrl\":\"https:\/\/reviva.fi\/wp-content\/uploads\/2021\/02\/adapt-anti-stress2.jpg\",\"width\":800,\"height\":800,\"caption\":\"Adapt Anti-stress\"},{\"@type\":\"BreadcrumbList\",\"@id\":\"https:\/\/reviva.fi\/fi\/tuote\/adapt-anti-stress\/#breadcrumb\",\"itemListElement\":[{\"@type\":\"ListItem\",\"position\":1,\"name\":\"Etusivu\",\"item\":\"https:\/\/reviva.fi\/fi\/\"},{\"@type\":\"ListItem\",\"position\":2,\"name\":\"Tuotteet\",\"item\":\"https:\/\/reviva.fi\/produkter\/\"},{\"@type\":\"ListItem\",\"position\":3,\"name\":\"Adapt Anti-stress\"}]},{\"@type\":\"WebSite\",\"@id\":\"https:\/\/reviva.fi\/fi\/#website\",\"url\":\"https:\/\/reviva.fi\/fi\/\",\"name\":\"Reviva\",\"description\":\"\",\"publisher\":{\"@id\":\"https:\/\/reviva.fi\/fi\/#organization\"},\"potentialAction\":[{\"@type\":\"SearchAction\",\"target\":{\"@type\":\"EntryPoint\",\"urlTemplate\":\"https:\/\/reviva.fi\/fi\/?s={search_term_string}\"},\"query-input\":{\"@type\":\"PropertyValueSpecification\",\"valueRequired\":true,\"valueName\":\"search_term_string\"}}],\"inLanguage\":\"fi\"},{\"@type\":\"Organization\",\"@id\":\"https:\/\/reviva.fi\/fi\/#organization\",\"name\":\"Reviva\",\"url\":\"https:\/\/reviva.fi\/fi\/\",\"logo\":{\"@type\":\"ImageObject\",\"inLanguage\":\"fi\",\"@id\":\"https:\/\/reviva.fi\/fi\/#\/schema\/logo\/image\/\",\"url\":\"https:\/\/reviva.fi\/wp-content\/uploads\/2023\/10\/reviva-logo2.svg\",\"contentUrl\":\"https:\/\/reviva.fi\/wp-content\/uploads\/2023\/10\/reviva-logo2.svg\",\"caption\":\"Reviva\"},\"image\":{\"@id\":\"https:\/\/reviva.fi\/fi\/#\/schema\/logo\/image\/\"}}]}<\/script>\n<meta property=\"product:price:amount\" content=\"31.45\" \/>\n<meta property=\"product:price:currency\" content=\"EUR\" \/>\n<meta property=\"og:availability\" content=\"instock\" \/>\n<meta property=\"product:availability\" content=\"instock\" \/>\n<meta property=\"product:retailer_item_id\" content=\"244 B\" \/>\n<meta property=\"product:condition\" content=\"new\" \/>\n<!-- \/ Yoast SEO plugin. -->","yoast_head_json":{"title":"Adapt Anti-stress - Reviva","description":"Adapt Anti-stress - Tasapainottava, antaa sek\u00e4 energiaa ett\u00e4 lievitt\u00e4\u00e4 stressi\u00e4 samanaikaisesti. V\u00e4hent\u00e4\u00e4 p\u00e4ivitt\u00e4ist\u00e4 stressi\u00e4 ja parantaa unen laatua.","robots":{"index":"index","follow":"follow","max-snippet":"max-snippet:-1","max-image-preview":"max-image-preview:large","max-video-preview":"max-video-preview:-1"},"canonical":"https:\/\/reviva.fi\/fi\/tuote\/adapt-anti-stress\/","og_locale":"fi_FI","og_type":"article","og_title":"Adapt Anti-stress - Reviva","og_description":"Adapt Anti-stress - Tasapainottava, antaa sek\u00e4 energiaa ett\u00e4 lievitt\u00e4\u00e4 stressi\u00e4 samanaikaisesti. V\u00e4hent\u00e4\u00e4 p\u00e4ivitt\u00e4ist\u00e4 stressi\u00e4 ja parantaa unen laatua.","og_url":"https:\/\/reviva.fi\/fi\/tuote\/adapt-anti-stress\/","og_site_name":"Reviva","article_modified_time":"2026-04-24T05:32:11+00:00","og_image":[{"width":800,"height":800,"url":"https:\/\/reviva.fi\/wp-content\/uploads\/2021\/02\/adapt-anti-stress2.jpg","type":"image\/jpeg"}],"twitter_card":"summary_large_image","schema":{"@context":"https:\/\/schema.org","@graph":[{"@type":"WebPage","@id":"https:\/\/reviva.fi\/fi\/tuote\/adapt-anti-stress\/","url":"https:\/\/reviva.fi\/fi\/tuote\/adapt-anti-stress\/","name":"Adapt Anti-stress - Reviva","isPartOf":{"@id":"https:\/\/reviva.fi\/fi\/#website"},"primaryImageOfPage":{"@id":"https:\/\/reviva.fi\/fi\/tuote\/adapt-anti-stress\/#primaryimage"},"image":{"@id":"https:\/\/reviva.fi\/fi\/tuote\/adapt-anti-stress\/#primaryimage"},"thumbnailUrl":"https:\/\/reviva.fi\/wp-content\/uploads\/2021\/02\/adapt-anti-stress2.jpg","datePublished":"2021-02-11T07:40:41+00:00","dateModified":"2026-04-24T05:32:11+00:00","description":"Adapt Anti-stress - Tasapainottava, antaa sek\u00e4 energiaa ett\u00e4 lievitt\u00e4\u00e4 stressi\u00e4 samanaikaisesti. V\u00e4hent\u00e4\u00e4 p\u00e4ivitt\u00e4ist\u00e4 stressi\u00e4 ja parantaa unen laatua.","breadcrumb":{"@id":"https:\/\/reviva.fi\/fi\/tuote\/adapt-anti-stress\/#breadcrumb"},"inLanguage":"fi","potentialAction":[{"@type":"ReadAction","target":["https:\/\/reviva.fi\/fi\/tuote\/adapt-anti-stress\/"]}]},{"@type":"ImageObject","inLanguage":"fi","@id":"https:\/\/reviva.fi\/fi\/tuote\/adapt-anti-stress\/#primaryimage","url":"https:\/\/reviva.fi\/wp-content\/uploads\/2021\/02\/adapt-anti-stress2.jpg","contentUrl":"https:\/\/reviva.fi\/wp-content\/uploads\/2021\/02\/adapt-anti-stress2.jpg","width":800,"height":800,"caption":"Adapt Anti-stress"},{"@type":"BreadcrumbList","@id":"https:\/\/reviva.fi\/fi\/tuote\/adapt-anti-stress\/#breadcrumb","itemListElement":[{"@type":"ListItem","position":1,"name":"Etusivu","item":"https:\/\/reviva.fi\/fi\/"},{"@type":"ListItem","position":2,"name":"Tuotteet","item":"https:\/\/reviva.fi\/produkter\/"},{"@type":"ListItem","position":3,"name":"Adapt Anti-stress"}]},{"@type":"WebSite","@id":"https:\/\/reviva.fi\/fi\/#website","url":"https:\/\/reviva.fi\/fi\/","name":"Reviva","description":"","publisher":{"@id":"https:\/\/reviva.fi\/fi\/#organization"},"potentialAction":[{"@type":"SearchAction","target":{"@type":"EntryPoint","urlTemplate":"https:\/\/reviva.fi\/fi\/?s={search_term_string}"},"query-input":{"@type":"PropertyValueSpecification","valueRequired":true,"valueName":"search_term_string"}}],"inLanguage":"fi"},{"@type":"Organization","@id":"https:\/\/reviva.fi\/fi\/#organization","name":"Reviva","url":"https:\/\/reviva.fi\/fi\/","logo":{"@type":"ImageObject","inLanguage":"fi","@id":"https:\/\/reviva.fi\/fi\/#\/schema\/logo\/image\/","url":"https:\/\/reviva.fi\/wp-content\/uploads\/2023\/10\/reviva-logo2.svg","contentUrl":"https:\/\/reviva.fi\/wp-content\/uploads\/2023\/10\/reviva-logo2.svg","caption":"Reviva"},"image":{"@id":"https:\/\/reviva.fi\/fi\/#\/schema\/logo\/image\/"}}]},"product_price_amount":"31.45","product_price_currency":"EUR","og_availability":"instock","product_availability":"instock","product_retailer_item_id":"244 B","product_condition":"new"},"taxonomy_info":{"product_cat":[{"value":141,"label":"Yrtit"},{"value":5978,"label":"Multi tuotteet"},{"value":2452,"label":"Svenska \u00d6rtmedicinska Institutet"},{"value":2376,"label":"Stressaantunut &amp; V\u00e4synyt"},{"value":2375,"label":"Harjoittelu"}],"product_tag":[{"value":2495,"label":"adapt anti stress"},{"value":1115,"label":"adaptogeeni"},{"value":1625,"label":"ahdistusta"},{"value":1627,"label":"elpyminen"},{"value":1356,"label":"kamomilla"},{"value":1562,"label":"korkea stressitila"},{"value":1371,"label":"kortisoli"},{"value":1492,"label":"koskea"},{"value":1554,"label":"nukkua paremmin"},{"value":1532,"label":"ruusunjuuri"},{"value":1103,"label":"Schisandra"},{"value":1169,"label":"tasapainoinen"},{"value":1588,"label":"unen laatu"},{"value":1589,"label":"unettomuus"},{"value":1587,"label":"unih\u00e4iri\u00f6t"},{"value":519,"label":"uupumus"},{"value":1615,"label":"uupumus v\u00e4symys"},{"value":1534,"label":"ven\u00e4j\u00e4n juuri"}]},"featured_image_src_large":["https:\/\/reviva.fi\/wp-content\/uploads\/2021\/02\/adapt-anti-stress2.jpg",800,800,false],"author_info":[],"comment_info":0,"_links":{"self":[{"href":"https:\/\/reviva.fi\/fi\/wp-json\/wp\/v2\/product\/540","targetHints":{"allow":["GET"]}}],"collection":[{"href":"https:\/\/reviva.fi\/fi\/wp-json\/wp\/v2\/product"}],"about":[{"href":"https:\/\/reviva.fi\/fi\/wp-json\/wp\/v2\/types\/product"}],"replies":[{"embeddable":true,"href":"https:\/\/reviva.fi\/fi\/wp-json\/wp\/v2\/comments?post=540"}],"wp:featuredmedia":[{"embeddable":true,"href":"https:\/\/reviva.fi\/fi\/wp-json\/wp\/v2\/media\/550"}],"wp:attachment":[{"href":"https:\/\/reviva.fi\/fi\/wp-json\/wp\/v2\/media?parent=540"}],"wp:term":[{"taxonomy":"product_brand","embeddable":true,"href":"https:\/\/reviva.fi\/fi\/wp-json\/wp\/v2\/product_brand?post=540"},{"taxonomy":"product_cat","embeddable":true,"href":"https:\/\/reviva.fi\/fi\/wp-json\/wp\/v2\/product_cat?post=540"},{"taxonomy":"product_tag","embeddable":true,"href":"https:\/\/reviva.fi\/fi\/wp-json\/wp\/v2\/product_tag?post=540"}],"curies":[{"name":"wp","href":"https:\/\/api.w.org\/{rel}","templated":true}]}}