{"id":5412,"date":"2023-06-21T15:50:10","date_gmt":"2023-06-21T12:50:10","guid":{"rendered":"https:\/\/reviva.fi\/product\/colladeen-dermaplus\/"},"modified":"2025-02-03T15:41:51","modified_gmt":"2025-02-03T13:41:51","slug":"colladeen-dermaplus","status":"publish","type":"product","link":"https:\/\/reviva.fi\/fi\/tuote\/colladeen-dermaplus\/","title":{"rendered":"Colladeen\u00ae Derma Plus"},"content":{"rendered":"<p><strong>Colladeen\u00ae Derma Plus &#8211; Lamberts on ihon lis\u00e4ravinne, joka sis\u00e4lt\u00e4\u00e4 antosyaniidinia mustikoista ja ryp\u00e4leen siemenist\u00e4, uutteita vihre\u00e4st\u00e4 teest\u00e4 sek\u00e4 luteiinia ja zeaksantiinia keh\u00e4kukkaista.\u00a0<\/strong><\/p>\n<p>Auringon haitalliset UV-s\u00e4teet edist\u00e4v\u00e4t ihon ik\u00e4\u00e4ntymist\u00e4. Kun UV-s\u00e4teet koskettavat ihoa, aktivoituvat entsyymit, jotka hajottavat kollageenin ja elastiinin proteiineja. N\u00e4m\u00e4 proteiinit ovat t\u00e4rkeit\u00e4 ihon lujuuden ja elastisuuden kannalta, ja kun ne hajoavat, iho alkaa roikkua ja ryppyj\u00e4 ilmaantuu. Auringon s\u00e4teily muodostaa my\u00f6s vapaita radikaaleja ihoon.<\/p>\n<p>Tummansinisi\u00e4, punaisia ja violetteja marjoja ja hedelmi\u00e4, mm. mustikat, mustaherukat, karhunvatukat, vadelmat ja ryp\u00e4leen siemenenuutteet\u00a0 sis\u00e4lt\u00e4v\u00e4t ns. antosyanidiineja. Ne kuuluvat flavonoiidiperheeseen ja niit\u00e4 l\u00f6ytyy erilaisten marjojen ja hedelmien kuorista, miss\u00e4 ne suojaavat niiden herkk\u00e4\u00e4 DNA:ta haitallisten UV-s\u00e4teiden aiheuttamilta vaurioilta. Ne toimivat antioksidantteina ja est\u00e4v\u00e4t vapaiden radikaalien aiheuttamia vaurioita. Lis\u00e4ksi ne auttavat vahvistamaan ihoa est\u00e4m\u00e4ll\u00e4 entsyymej\u00e4, jotka hajottavat kollageenia ja elastiinia.<\/p>\n<p>Tummanvihre\u00e4t lehtivihannekset, esim. pinaatti ja lehtikaali sis\u00e4lt\u00e4v\u00e4t karoteenien perheeseen kuuluvaa luteiinia. Luteiinin tiedet\u00e4\u00e4n suojaavan silmi\u00e4 haitallisilta UV-s\u00e4teilt\u00e4, mutta riitt\u00e4v\u00e4sti k\u00e4ytettyn\u00e4 se auttaa my\u00f6s suojaamaan ihoa toimimalla antioksidanttina ja v\u00e4hent\u00e4m\u00e4ll\u00e4 tulehduksia.<\/p>\n<p><strong>Colladeen\u00ae Derma Plus auttaa v\u00e4hent\u00e4m\u00e4\u00e4n kollageenin hajoamista ja lis\u00e4\u00e4 antioksidantteja ja auttaa siten suojaamaan vapaiden radikaalien aiheuttamilta vaurioilta.<\/strong><\/p>\n<p><strong>Tulokset tutkimuksesta<\/strong><\/p>\n<p>Isossa-Britanniassa tehtiin hiljattain <strong>Colladeen\u00ae Derma Plus &#8211;<\/strong> tutkimus, joka sai paljon huomiota Yhdistyneen kuningaskunnan tiedotusv\u00e4lineiss\u00e4. Tutkimus kesti 20 viikkoa, ja siihen osallistui 60 aikuista, i\u00e4lt\u00e4\u00e4n 40-70 vuotta. He K\u00e4yttiv\u00e4t samoja testej\u00e4 ja mittausmenetelmi\u00e4, joita yleens\u00e4 k\u00e4ytet\u00e4\u00e4n aurinkovoiteiden ja anti-aging hoitojen testeiss\u00e4. 12 viikon kuluttua havaittiin, ett\u00e4 koeryhm\u00e4n ihmisten iho oli saavuttanut luonnollisen aurinkosuojakertoimen (SPF) 10. Ihosta oli my\u00f6s tullut kiinte\u00e4mpi, kimmoisampi ja ryppyjen syvyys oli kasvanut. 20 viikon j\u00e4lkeen havaittiin my\u00f6s, ett\u00e4 suonikohjut (pinnalliset verisuonet) v\u00e4heniv\u00e4t jopa 50 prosenttia ja ett\u00e4 aurinkosuoja kasvoi SPF15:een.<\/p>\n<p><span class=\"Y2IQFc\" lang=\"fi\">Tutkija, tohtori Samantha Christie selitt\u00e4\u00e4:\u00a0<em>&#8221;Kasvit suojaavat itse\u00e4\u00e4n auringon aiheuttamilta vaurioilta pigmenteill\u00e4, kuten luteiinilla ja antosyanidiinilla. Kun n\u00e4it\u00e4 on suuria m\u00e4\u00e4ri\u00e4 ruokavaliossamme, n\u00e4emme monimutkaisen vaikutuksen ihon kemiaan: luonnollinen SPF saavutetaan sek\u00e4 kyky peruuttaa olemassa olevia auringon aiheuttamia vahinkoja.&#8221;<\/em> <strong>Colladeen\u00ae Derma Plus<\/strong> -tutkimuksessa ryppyj\u00e4 pieneni ihon alle kertyneen uuden kollageenin ansiosta. Sama mekanismi lis\u00e4si ihon kimmoisuutta. Yleiset ryppyj\u00e4 ehk\u00e4isev\u00e4t voiteet voivat v\u00e4hent\u00e4\u00e4 v\u00e4liaikaisesti ryppyjen syvyytt\u00e4 aiheuttamalla ihon turvotusta, jolloin rypyt tasoittuvat. T\u00e4m\u00e4 vaikutus kuluu pois eik\u00e4 suojaa ihoa vastaan, vaan tarjoaa vain v\u00e4liaikaisen visuaalisen vaikutelman.<\/span><\/p>\n<p><strong><span class=\"Y2IQFc\" lang=\"fi\">Colladeen\u00ae Derma Plus:n on osoitettu: <\/span><\/strong><\/p>\n<ul>\n<li><span class=\"Y2IQFc\" lang=\"fi\">v\u00e4hent\u00e4\u00e4 ryppyjen syvyytt\u00e4 <\/span><\/li>\n<li><span class=\"Y2IQFc\" lang=\"fi\">parantaa ihon elastisuutta ja kiinteytt\u00e4 <\/span><\/li>\n<li><span class=\"Y2IQFc\" lang=\"fi\">tarjoaa luonnollisen aurinkosuojakertoimen (SPF) 15 <\/span><\/li>\n<li><span class=\"Y2IQFc\" lang=\"fi\">v\u00e4hent\u00e4\u00e4 suonikohjut yli 50 %<\/span><\/li>\n<\/ul>\n<p><strong>Suonet (pinnalliset verisuonet) ja antosyanidiinit<\/strong><\/p>\n<p><span class=\"Y2IQFc\" lang=\"fi\">Suonikohjut koskevat sek\u00e4 miehi\u00e4 ett\u00e4 naisia, nuoria ja vanhoja. Ne koostuvat pienist\u00e4 mutta n\u00e4kyvist\u00e4 h\u00e4m\u00e4h\u00e4kinverkkomaisista punaisista tai sinisist\u00e4 kapillaareista. N\u00e4iden arvellaan syntyv\u00e4n siit\u00e4 syyst\u00e4, ett\u00e4 verisuonet etsiv\u00e4t v\u00e4hiten vastustavaa reitti\u00e4 ja kasvavat siksi verinahan l\u00e4pi l\u00e4hell\u00e4 ihon pintaa. T\u00e4m\u00e4 tulee mahdolliseksi vasta, kun kollageenista valmistettujen pienten verisuonten sein\u00e4m\u00e4t ovat vaurioituneet tai heikentyneet, yleens\u00e4 vapaiden radikaalien tai verisuoniin kohdistuvan lis\u00e4\u00e4ntyneen paineen vuoksi. Lis\u00e4\u00e4ntynyt paine voi t\u00e4ll\u00f6in muodostaa my\u00f6s pullistumia suonen sein\u00e4m\u00e4\u00e4n, jolloin kapillaarit kasvavat pullistuman suuntaan. Suonikohjuja esiintyy usein jaloissa, erityisesti polvipoimuissa ja reisiss\u00e4, sek\u00e4 kasvoissa. Jalkojen suonikohjuja esiintyy usein raskaana oleville naisille, ylipainoisille ja paljon seisoville sek\u00e4 hormonihoitoa saaville (estrogeeni). Kasvojen suonikohjuja voi aiheuttaa my\u00f6s altistuminen auringonvalolle, \u00e4\u00e4rimm\u00e4iset l\u00e4mp\u00f6tilaerot ja runsas alkoholink\u00e4ytt\u00f6.<\/span><\/p>\n<p><span class=\"Y2IQFc\" lang=\"fi\">Yleisin suonikohjujen hoitomuoto on injektio aine, joka vahingoittaa verisuonten sein\u00e4mi\u00e4 ja saa ne kutistumaan niin, ett\u00e4 veren on l\u00f6ydett\u00e4v\u00e4 muita reittej\u00e4. Yksitt\u00e4isten suonikohjujen hoidon haittana on, ett\u00e4 se on yleens\u00e4 eritt\u00e4in kallista, eik\u00e4 se silti ratkaise ongelman todellista perimm\u00e4ist\u00e4 syyt\u00e4. T\u00e4m\u00e4 on silloin vain v\u00e4liaikainen ratkaisu, koska muita verisuoniverkostoja voidaan kehitt\u00e4\u00e4 muualle.<\/span><\/p>\n<p><span class=\"Y2IQFc\" lang=\"fi\">Koska antosyanidiinit est\u00e4v\u00e4t kollageenia hajottavia entsyymej\u00e4, antosyanidiinit edist\u00e4v\u00e4t kollageenin s\u00e4ilymist\u00e4 ja t\u00e4m\u00e4 vahvistaa kudoksia, joiden rakenne on riippuvainen kollageenista, esim. verisuonet. Lis\u00e4ksi antosyanidiinit ovat vahvoja antioksidantteja, jotka est\u00e4v\u00e4t vapaiden radikaalien aiheuttamia verisuonivaurioita ja v\u00e4hent\u00e4v\u00e4t entisest\u00e4\u00e4n verisuonivaurioita.<\/span><\/p>\n","protected":false},"excerpt":{"rendered":"<p><strong><span class=\"Y2IQFc\" lang=\"fi\">Luonnollinen ravintolis\u00e4 t\u00e4ynn\u00e4 ihoa suojaavia ja ihon terveytt\u00e4 lis\u00e4\u00e4vi\u00e4 ravintoaineita!<\/span><\/strong><\/p>\n<p><span class=\"Y2IQFc\" lang=\"fi\"><strong>Colladeen\u00ae Derma Plus<\/strong> on ainutlaatuinen ravintolis\u00e4, joka on suunniteltu antamaan iholle aktiivisia fytoravinteita, jotka edist\u00e4v\u00e4t ihon joustavuutta ja lis\u00e4\u00e4v\u00e4t verenkiertoa. T\u00e4m\u00e4 auttaa samalla suojaamaan ihoa auringon aiheuttamilta vaurioilta, jotka ovat ihon ik\u00e4\u00e4ntymisen p\u00e4\u00e4asiallinen syy.<\/span><\/p>\n<p><strong>60 tablettia<\/strong><\/p>\n","protected":false},"featured_media":5409,"comment_status":"closed","ping_status":"closed","template":"","meta":{"_acf_changed":false,"inline_featured_image":false,"_kad_blocks_custom_css":"","_kad_blocks_head_custom_js":"","_kad_blocks_body_custom_js":"","_kad_blocks_footer_custom_js":"","_kadence_starter_templates_imported_post":false,"_kad_post_transparent":"default","_kad_post_title":"","_kad_post_layout":"default","_kad_post_sidebar_id":"","_kad_post_content_style":"default","_kad_post_vertical_padding":"default","_kad_post_feature":"","_kad_post_feature_position":"","_kad_post_header":false,"_kad_post_footer":false},"product_brand":[],"product_cat":[141,5978,2444,2350],"product_tag":[3385,5119,5113,5120,5114,4866,5111,5112,5116,5117,5115,5118,5124,442,5125,5121,5126,5123,5122,4590],"class_list":{"0":"post-5412","1":"product","2":"type-product","3":"status-publish","4":"has-post-thumbnail","6":"product_cat-orter-fi","7":"product_cat-multi-produkter-fi","8":"product_cat-lamberts-fi","9":"product_cat-hud-och-skonhet-fi","10":"product_tag-hudhalsa-fi","11":"product_tag-ihon-elinvoimaa","12":"product_tag-ihon-hehkua","13":"product_tag-ihon-hyvinvointia","14":"product_tag-ihon-ikaantyminen","15":"product_tag-ihon-joustavuus","16":"product_tag-ihon-kiinteytta","17":"product_tag-ihon-kosteutta","18":"product_tag-ihon-rakenne","19":"product_tag-ihon-savy","20":"product_tag-ihon-suojaus","21":"product_tag-ihon-ulkonako","22":"product_tag-ihonhoidon-parantaminen","23":"product_tag-ihonhoito","24":"product_tag-ihonhoitoetuja","25":"product_tag-ihonhoitolisaaineet","26":"product_tag-ihonhoitotoiminto","27":"product_tag-ihonhoitotukea","28":"product_tag-ihonhoitotuote","29":"product_tag-kollageenin-tuki","31":"first","32":"instock","33":"taxable","34":"shipping-taxable","35":"purchasable","36":"product-type-simple","37":"entry","38":"content-bg","39":"loop-entry"},"acf":[],"yoast_head":"<!-- This site is optimized with the Yoast SEO plugin v25.8 - https:\/\/yoast.com\/wordpress\/plugins\/seo\/ -->\n<title>Colladeen\u00ae Derma Plus - Reviva<\/title>\n<meta name=\"description\" content=\"Colladeen\u00ae Derma Plus on Luonnollinen ravintolis\u00e4, joka suojaa ihoa ja parantaa ihon terveytt\u00e4 sis\u00e4lt\u00e4p\u00e4in! Tekee ihosta joustavan ja kiinte\u00e4n. Lamberts\" \/>\n<meta name=\"robots\" content=\"index, follow, max-snippet:-1, max-image-preview:large, max-video-preview:-1\" \/>\n<link rel=\"canonical\" href=\"https:\/\/reviva.fi\/fi\/tuote\/colladeen-dermaplus\/\" \/>\n<meta property=\"og:locale\" content=\"fi_FI\" \/>\n<meta property=\"og:type\" content=\"article\" \/>\n<meta property=\"og:title\" content=\"Colladeen\u00ae Derma Plus - Reviva\" \/>\n<meta property=\"og:description\" content=\"Colladeen\u00ae Derma Plus on Luonnollinen ravintolis\u00e4, joka suojaa ihoa ja parantaa ihon terveytt\u00e4 sis\u00e4lt\u00e4p\u00e4in! Tekee ihosta joustavan ja kiinte\u00e4n. Lamberts\" \/>\n<meta property=\"og:url\" content=\"https:\/\/reviva.fi\/fi\/tuote\/colladeen-dermaplus\/\" \/>\n<meta property=\"og:site_name\" content=\"Reviva\" \/>\n<meta property=\"article:modified_time\" content=\"2025-02-03T13:41:51+00:00\" \/>\n<meta property=\"og:image\" content=\"https:\/\/reviva.fi\/wp-content\/uploads\/2023\/06\/colladeen-derma-plus.jpg\" \/>\n\t<meta property=\"og:image:width\" content=\"400\" \/>\n\t<meta property=\"og:image:height\" content=\"400\" \/>\n\t<meta property=\"og:image:type\" content=\"image\/jpeg\" \/>\n<meta name=\"twitter:card\" content=\"summary_large_image\" \/>\n<script type=\"application\/ld+json\" class=\"yoast-schema-graph\">{\"@context\":\"https:\/\/schema.org\",\"@graph\":[{\"@type\":\"WebPage\",\"@id\":\"https:\/\/reviva.fi\/fi\/tuote\/colladeen-dermaplus\/\",\"url\":\"https:\/\/reviva.fi\/fi\/tuote\/colladeen-dermaplus\/\",\"name\":\"Colladeen\u00ae Derma Plus - Reviva\",\"isPartOf\":{\"@id\":\"https:\/\/reviva.fi\/fi\/#website\"},\"primaryImageOfPage\":{\"@id\":\"https:\/\/reviva.fi\/fi\/tuote\/colladeen-dermaplus\/#primaryimage\"},\"image\":{\"@id\":\"https:\/\/reviva.fi\/fi\/tuote\/colladeen-dermaplus\/#primaryimage\"},\"thumbnailUrl\":\"https:\/\/reviva.fi\/wp-content\/uploads\/2023\/06\/colladeen-derma-plus.jpg\",\"datePublished\":\"2023-06-21T12:50:10+00:00\",\"dateModified\":\"2025-02-03T13:41:51+00:00\",\"description\":\"Colladeen\u00ae Derma Plus on Luonnollinen ravintolis\u00e4, joka suojaa ihoa ja parantaa ihon terveytt\u00e4 sis\u00e4lt\u00e4p\u00e4in! Tekee ihosta joustavan ja kiinte\u00e4n. Lamberts\",\"breadcrumb\":{\"@id\":\"https:\/\/reviva.fi\/fi\/tuote\/colladeen-dermaplus\/#breadcrumb\"},\"inLanguage\":\"fi\",\"potentialAction\":[{\"@type\":\"ReadAction\",\"target\":[\"https:\/\/reviva.fi\/fi\/tuote\/colladeen-dermaplus\/\"]}]},{\"@type\":\"ImageObject\",\"inLanguage\":\"fi\",\"@id\":\"https:\/\/reviva.fi\/fi\/tuote\/colladeen-dermaplus\/#primaryimage\",\"url\":\"https:\/\/reviva.fi\/wp-content\/uploads\/2023\/06\/colladeen-derma-plus.jpg\",\"contentUrl\":\"https:\/\/reviva.fi\/wp-content\/uploads\/2023\/06\/colladeen-derma-plus.jpg\",\"width\":400,\"height\":400,\"caption\":\"Colladeen Derma Plus\"},{\"@type\":\"BreadcrumbList\",\"@id\":\"https:\/\/reviva.fi\/fi\/tuote\/colladeen-dermaplus\/#breadcrumb\",\"itemListElement\":[{\"@type\":\"ListItem\",\"position\":1,\"name\":\"Etusivu\",\"item\":\"https:\/\/reviva.fi\/fi\/\"},{\"@type\":\"ListItem\",\"position\":2,\"name\":\"Tuotteet\",\"item\":\"https:\/\/reviva.fi\/produkter\/\"},{\"@type\":\"ListItem\",\"position\":3,\"name\":\"Colladeen\u00ae Derma Plus\"}]},{\"@type\":\"WebSite\",\"@id\":\"https:\/\/reviva.fi\/fi\/#website\",\"url\":\"https:\/\/reviva.fi\/fi\/\",\"name\":\"Reviva\",\"description\":\"\",\"publisher\":{\"@id\":\"https:\/\/reviva.fi\/fi\/#organization\"},\"potentialAction\":[{\"@type\":\"SearchAction\",\"target\":{\"@type\":\"EntryPoint\",\"urlTemplate\":\"https:\/\/reviva.fi\/fi\/?s={search_term_string}\"},\"query-input\":{\"@type\":\"PropertyValueSpecification\",\"valueRequired\":true,\"valueName\":\"search_term_string\"}}],\"inLanguage\":\"fi\"},{\"@type\":\"Organization\",\"@id\":\"https:\/\/reviva.fi\/fi\/#organization\",\"name\":\"Reviva\",\"url\":\"https:\/\/reviva.fi\/fi\/\",\"logo\":{\"@type\":\"ImageObject\",\"inLanguage\":\"fi\",\"@id\":\"https:\/\/reviva.fi\/fi\/#\/schema\/logo\/image\/\",\"url\":\"https:\/\/reviva.fi\/wp-content\/uploads\/2023\/10\/reviva-logo2.svg\",\"contentUrl\":\"https:\/\/reviva.fi\/wp-content\/uploads\/2023\/10\/reviva-logo2.svg\",\"caption\":\"Reviva\"},\"image\":{\"@id\":\"https:\/\/reviva.fi\/fi\/#\/schema\/logo\/image\/\"}}]}<\/script>\n<meta property=\"product:price:amount\" content=\"38.90\" \/>\n<meta property=\"product:price:currency\" content=\"EUR\" \/>\n<meta property=\"og:availability\" content=\"instock\" \/>\n<meta property=\"product:availability\" content=\"instock\" \/>\n<meta property=\"product:retailer_item_id\" content=\"8546-60\" \/>\n<meta property=\"product:condition\" content=\"new\" \/>\n<!-- \/ Yoast SEO plugin. -->","yoast_head_json":{"title":"Colladeen\u00ae Derma Plus - Reviva","description":"Colladeen\u00ae Derma Plus on Luonnollinen ravintolis\u00e4, joka suojaa ihoa ja parantaa ihon terveytt\u00e4 sis\u00e4lt\u00e4p\u00e4in! Tekee ihosta joustavan ja kiinte\u00e4n. Lamberts","robots":{"index":"index","follow":"follow","max-snippet":"max-snippet:-1","max-image-preview":"max-image-preview:large","max-video-preview":"max-video-preview:-1"},"canonical":"https:\/\/reviva.fi\/fi\/tuote\/colladeen-dermaplus\/","og_locale":"fi_FI","og_type":"article","og_title":"Colladeen\u00ae Derma Plus - Reviva","og_description":"Colladeen\u00ae Derma Plus on Luonnollinen ravintolis\u00e4, joka suojaa ihoa ja parantaa ihon terveytt\u00e4 sis\u00e4lt\u00e4p\u00e4in! Tekee ihosta joustavan ja kiinte\u00e4n. Lamberts","og_url":"https:\/\/reviva.fi\/fi\/tuote\/colladeen-dermaplus\/","og_site_name":"Reviva","article_modified_time":"2025-02-03T13:41:51+00:00","og_image":[{"width":400,"height":400,"url":"https:\/\/reviva.fi\/wp-content\/uploads\/2023\/06\/colladeen-derma-plus.jpg","type":"image\/jpeg"}],"twitter_card":"summary_large_image","schema":{"@context":"https:\/\/schema.org","@graph":[{"@type":"WebPage","@id":"https:\/\/reviva.fi\/fi\/tuote\/colladeen-dermaplus\/","url":"https:\/\/reviva.fi\/fi\/tuote\/colladeen-dermaplus\/","name":"Colladeen\u00ae Derma Plus - Reviva","isPartOf":{"@id":"https:\/\/reviva.fi\/fi\/#website"},"primaryImageOfPage":{"@id":"https:\/\/reviva.fi\/fi\/tuote\/colladeen-dermaplus\/#primaryimage"},"image":{"@id":"https:\/\/reviva.fi\/fi\/tuote\/colladeen-dermaplus\/#primaryimage"},"thumbnailUrl":"https:\/\/reviva.fi\/wp-content\/uploads\/2023\/06\/colladeen-derma-plus.jpg","datePublished":"2023-06-21T12:50:10+00:00","dateModified":"2025-02-03T13:41:51+00:00","description":"Colladeen\u00ae Derma Plus on Luonnollinen ravintolis\u00e4, joka suojaa ihoa ja parantaa ihon terveytt\u00e4 sis\u00e4lt\u00e4p\u00e4in! Tekee ihosta joustavan ja kiinte\u00e4n. Lamberts","breadcrumb":{"@id":"https:\/\/reviva.fi\/fi\/tuote\/colladeen-dermaplus\/#breadcrumb"},"inLanguage":"fi","potentialAction":[{"@type":"ReadAction","target":["https:\/\/reviva.fi\/fi\/tuote\/colladeen-dermaplus\/"]}]},{"@type":"ImageObject","inLanguage":"fi","@id":"https:\/\/reviva.fi\/fi\/tuote\/colladeen-dermaplus\/#primaryimage","url":"https:\/\/reviva.fi\/wp-content\/uploads\/2023\/06\/colladeen-derma-plus.jpg","contentUrl":"https:\/\/reviva.fi\/wp-content\/uploads\/2023\/06\/colladeen-derma-plus.jpg","width":400,"height":400,"caption":"Colladeen Derma Plus"},{"@type":"BreadcrumbList","@id":"https:\/\/reviva.fi\/fi\/tuote\/colladeen-dermaplus\/#breadcrumb","itemListElement":[{"@type":"ListItem","position":1,"name":"Etusivu","item":"https:\/\/reviva.fi\/fi\/"},{"@type":"ListItem","position":2,"name":"Tuotteet","item":"https:\/\/reviva.fi\/produkter\/"},{"@type":"ListItem","position":3,"name":"Colladeen\u00ae Derma Plus"}]},{"@type":"WebSite","@id":"https:\/\/reviva.fi\/fi\/#website","url":"https:\/\/reviva.fi\/fi\/","name":"Reviva","description":"","publisher":{"@id":"https:\/\/reviva.fi\/fi\/#organization"},"potentialAction":[{"@type":"SearchAction","target":{"@type":"EntryPoint","urlTemplate":"https:\/\/reviva.fi\/fi\/?s={search_term_string}"},"query-input":{"@type":"PropertyValueSpecification","valueRequired":true,"valueName":"search_term_string"}}],"inLanguage":"fi"},{"@type":"Organization","@id":"https:\/\/reviva.fi\/fi\/#organization","name":"Reviva","url":"https:\/\/reviva.fi\/fi\/","logo":{"@type":"ImageObject","inLanguage":"fi","@id":"https:\/\/reviva.fi\/fi\/#\/schema\/logo\/image\/","url":"https:\/\/reviva.fi\/wp-content\/uploads\/2023\/10\/reviva-logo2.svg","contentUrl":"https:\/\/reviva.fi\/wp-content\/uploads\/2023\/10\/reviva-logo2.svg","caption":"Reviva"},"image":{"@id":"https:\/\/reviva.fi\/fi\/#\/schema\/logo\/image\/"}}]},"product_price_amount":"38.90","product_price_currency":"EUR","og_availability":"instock","product_availability":"instock","product_retailer_item_id":"8546-60","product_condition":"new"},"taxonomy_info":{"product_cat":[{"value":141,"label":"Yrtit"},{"value":5978,"label":"Multi tuotteet"},{"value":2444,"label":"Lamberts"},{"value":2350,"label":"Iho &amp; Kauneus"}],"product_tag":[{"value":3385,"label":"Hudh\u00e4lsa"},{"value":5119,"label":"ihon elinvoimaa"},{"value":5113,"label":"ihon hehkua"},{"value":5120,"label":"ihon hyvinvointia"},{"value":5114,"label":"ihon ik\u00e4\u00e4ntyminen"},{"value":4866,"label":"Ihon joustavuus"},{"value":5111,"label":"ihon kiinteytt\u00e4"},{"value":5112,"label":"ihon kosteutta"},{"value":5116,"label":"ihon rakenne"},{"value":5117,"label":"ihon s\u00e4vy"},{"value":5115,"label":"ihon suojaus"},{"value":5118,"label":"ihon ulkon\u00e4k\u00f6"},{"value":5124,"label":"ihonhoidon parantaminen"},{"value":442,"label":"ihonhoito"},{"value":5125,"label":"ihonhoitoetuja"},{"value":5121,"label":"ihonhoitolis\u00e4aineet"},{"value":5126,"label":"ihonhoitotoiminto"},{"value":5123,"label":"ihonhoitotukea"},{"value":5122,"label":"ihonhoitotuote"},{"value":4590,"label":"kollageenin tuki"}]},"featured_image_src_large":["https:\/\/reviva.fi\/wp-content\/uploads\/2023\/06\/colladeen-derma-plus.jpg",400,400,false],"author_info":[],"comment_info":0,"_links":{"self":[{"href":"https:\/\/reviva.fi\/fi\/wp-json\/wp\/v2\/product\/5412","targetHints":{"allow":["GET"]}}],"collection":[{"href":"https:\/\/reviva.fi\/fi\/wp-json\/wp\/v2\/product"}],"about":[{"href":"https:\/\/reviva.fi\/fi\/wp-json\/wp\/v2\/types\/product"}],"replies":[{"embeddable":true,"href":"https:\/\/reviva.fi\/fi\/wp-json\/wp\/v2\/comments?post=5412"}],"wp:featuredmedia":[{"embeddable":true,"href":"https:\/\/reviva.fi\/fi\/wp-json\/wp\/v2\/media\/5409"}],"wp:attachment":[{"href":"https:\/\/reviva.fi\/fi\/wp-json\/wp\/v2\/media?parent=5412"}],"wp:term":[{"taxonomy":"product_brand","embeddable":true,"href":"https:\/\/reviva.fi\/fi\/wp-json\/wp\/v2\/product_brand?post=5412"},{"taxonomy":"product_cat","embeddable":true,"href":"https:\/\/reviva.fi\/fi\/wp-json\/wp\/v2\/product_cat?post=5412"},{"taxonomy":"product_tag","embeddable":true,"href":"https:\/\/reviva.fi\/fi\/wp-json\/wp\/v2\/product_tag?post=5412"}],"curies":[{"name":"wp","href":"https:\/\/api.w.org\/{rel}","templated":true}]}}