{"id":561,"date":"2021-02-11T14:43:25","date_gmt":"2021-02-11T12:43:25","guid":{"rendered":"https:\/\/reviva.dev.wikstrommedia.fi\/product\/a-vitamin-med-zink\/"},"modified":"2026-03-23T12:06:40","modified_gmt":"2026-03-23T10:06:40","slug":"a-vitamin-med-zink","status":"publish","type":"product","link":"https:\/\/reviva.fi\/fi\/tuote\/a-vitamin-med-zink\/","title":{"rendered":"A-vitamiini Sinkill\u00e4"},"content":{"rendered":"<p><strong>Yleist\u00e4 tietoa<\/strong><\/p>\n<p>A-vitamiinit ovat ns. retinoideja, jotka kuuluvat rasvaliukoisiin vitamiineihin. A-vitamiini on t\u00e4rke\u00e4 n\u00e4k\u00f6kyvyn, ihon, limakalvojen, luuston sek\u00e4 siki\u00f6n kehityksen ja kasvun kannalta.<\/p>\n<p>Sinkki on t\u00e4rke\u00e4 A-vitamiinin synergisti. Vaaditaan sek\u00e4 biosaatavuuteen ett\u00e4 kykyyn muuntaa A-vitamiini erilaisiksi toiminnallisiksi entsyymeiksi.<\/p>\n<p><strong>A-vitamiini <\/strong><strong>edist\u00e4\u00e4<\/strong><strong>:<br \/>\n<\/strong><br \/>\n\u2022 normaalia rauta-aineenvaihduntaa<br \/>\n\u2022 limakalvojen pysymist\u00e4 normaaleina<br \/>\n\u2022 ihon pysymist\u00e4 normaalina<br \/>\n\u2022 n\u00e4\u00f6n pysymist\u00e4 normaalina<br \/>\n\u2022 immuunij\u00e4rjestelm\u00e4n normaalia toimintaa<br \/>\n\u2022 osallistuu solujen erikoistumisprosessiin<\/p>\n<p><span class=\"Y2IQFc\" lang=\"fi\"><strong>Mit\u00e4 tapahtuu, jos sinulla on A-vitamiinin puutos?<\/strong> <\/span><\/p>\n<p><span class=\"Y2IQFc\" lang=\"fi\">Varhainen merkki A-vitamiinin puutteesta on huono pime\u00e4n\u00e4k\u00f6, niin sanottu y\u00f6sokeus. Se voi my\u00f6s johtaa yliherkkyyteen valolle, silmien katarriin, ep\u00e4puhtaan ja tulehtuneeseen ihoon, huonoihin kynsiin ja heikentyneeseen tulehduksen vastustuskykyyn. <\/span><\/p>\n<p><span class=\"Y2IQFc\" lang=\"fi\"><strong>Mit\u00e4 A-vitamiini tekee iholle? <\/strong><\/span><\/p>\n<p><span class=\"Y2IQFc\" lang=\"fi\"> A-vitamiini toimii sek\u00e4 ennaltaehk\u00e4isev\u00e4sti ett\u00e4 terapeuttisesti aknen ongelmiin ja est\u00e4\u00e4 aknea aiheuttavien bakteerien muodostumista. Vitamiini auttaa my\u00f6s s\u00e4\u00e4telem\u00e4\u00e4n ihon talintuotantoasi ja varmistaa, ett\u00e4 ylim\u00e4\u00e4r\u00e4ist\u00e4 talia muodostuu v\u00e4hemm\u00e4n, mik\u00e4 puolestaan \u200b\u200bv\u00e4hent\u00e4\u00e4 ihon rasvaisuutta. <\/span><\/p>\n<p><span class=\"Y2IQFc\" lang=\"fi\"><strong>Mik\u00e4 vitamiini on hyv\u00e4 limakalvoille?<\/strong> <\/span><\/p>\n<p><span class=\"Y2IQFc\" lang=\"fi\">A-vitamiini edist\u00e4\u00e4 limakalvojen ja ihon pysymist\u00e4 normaaleina. Limakalvoja on silmien, suun ja vatsan lis\u00e4ksi my\u00f6s mm. hengitysteiss\u00e4, maha-suolikanavassa ja virtsateiss\u00e4.<\/span><\/p>\n","protected":false},"excerpt":{"rendered":"<p>A-vitamiinit kuuluvat rasvaliukoisiin vitamiineihin.<\/p>\n<p>A-vitamiini on t\u00e4rke\u00e4 n\u00e4k\u00f6kyvyn, ihon, limakalvojen, luuston sek\u00e4 siki\u00f6n kehityksen ja kasvun kannalta.<\/p>\n<p>Sinkki on t\u00e4rke\u00e4 A-vitamiinin synergisti.<\/p>\n<p><strong>A-vitamiini <\/strong><strong>edist\u00e4\u00e4<\/strong><strong>:<br \/>\n<\/strong><br \/>\n\u2022 normaalia rauta-aineenvaihduntaa<br \/>\n\u2022 limakalvojen pysymist\u00e4 normaaleina<br \/>\n\u2022 ihon pysymist\u00e4 normaalina<br \/>\n\u2022 n\u00e4\u00f6n pysymist\u00e4 normaalina<br \/>\n\u2022 immuunij\u00e4rjestelm\u00e4n normaalia toimintaa<br \/>\n\u2022 osallistuu solujen erikoistumisprosessiin<\/p>\n<p><strong>60 tablettia<\/strong><\/p>\n","protected":false},"featured_media":13587,"comment_status":"open","ping_status":"closed","template":"","meta":{"_acf_changed":false,"inline_featured_image":false,"_kad_blocks_custom_css":"","_kad_blocks_head_custom_js":"","_kad_blocks_body_custom_js":"","_kad_blocks_footer_custom_js":"","_kadence_starter_templates_imported_post":false,"_kad_post_transparent":"default","_kad_post_title":"","_kad_post_layout":"default","_kad_post_sidebar_id":"","_kad_post_content_style":"default","_kad_post_vertical_padding":"default","_kad_post_feature":"","_kad_post_feature_position":"","_kad_post_header":false,"_kad_post_footer":false},"product_brand":[],"product_cat":[96,5959,5963,2350],"product_tag":[414,416,2966,412,1154,3015,3124,3110,3108,3109,2922,3103,1325,2994,2993,3047,3061,3037,3059,3051,2998,3171,507,498,1541,1392,3194,3190,3046,1514,3206,517,520,522],"class_list":{"0":"post-561","1":"product","2":"type-product","3":"status-publish","4":"has-post-thumbnail","6":"product_cat-vitaminer-fi","7":"product_cat-a-vitamin-fi","8":"product_cat-synergos-fi","9":"product_cat-hud-och-skonhet-fi","10":"product_tag-a-vitamiini","11":"product_tag-a-vitamiini-sinkkilla","12":"product_tag-akne-fi","13":"product_tag-antioksidantti","14":"product_tag-astma-fi","15":"product_tag-follikulaarinen-hyperkeratoosi","16":"product_tag-hamarasokeus","17":"product_tag-heikentynyt-haavan-paraneminen","18":"product_tag-heikentynyt-nako","19":"product_tag-heikentynyt-nakokyky","20":"product_tag-heikko-maksan-toimitila","21":"product_tag-hengitysvaikeudet","22":"product_tag-hiustenlahto","23":"product_tag-huono-hiuslaatu","24":"product_tag-huono-ihonlaatu","25":"product_tag-huonontunut-pimeanako","26":"product_tag-hyperkeratoosi","27":"product_tag-iho","28":"product_tag-ihosairaudet","29":"product_tag-infektioalttius","30":"product_tag-keuhkoputkentulehdus","31":"product_tag-limakalvot","32":"product_tag-lisaa-vastustuskykya","33":"product_tag-luontais-lisaravinne","34":"product_tag-luuranko","35":"product_tag-maksan-vahvistaminen","36":"product_tag-myrkyllisyys","37":"product_tag-nakokyky","38":"product_tag-pilaa-hiuskarvoja","39":"product_tag-psoriasis-fi","40":"product_tag-silmasairaudet","41":"product_tag-vasymys","42":"product_tag-vitamiini","43":"product_tag-vitamiinit","45":"first","46":"instock","47":"taxable","48":"shipping-taxable","49":"purchasable","50":"product-type-simple","51":"entry","52":"content-bg","53":"loop-entry"},"acf":[],"yoast_head":"<!-- This site is optimized with the Yoast SEO plugin v25.8 - https:\/\/yoast.com\/wordpress\/plugins\/seo\/ -->\n<title>A-vitamiini Sinkill\u00e4 - Reviva<\/title>\n<meta name=\"description\" content=\"A-vitamiinin puute voi heikent\u00e4\u00e4 h\u00e4m\u00e4r\u00e4n\u00e4k\u00f6\u00e4. Puute voi johtaa valonarkuuteen, silm\u00e4tulehdukseen, ep\u00e4puhtaaseen, tulehtuneeseen ihoon, akneen ja lis\u00e4\u00e4ntyneeseen talin tuotantoon.\" \/>\n<meta name=\"robots\" content=\"index, follow, max-snippet:-1, max-image-preview:large, max-video-preview:-1\" \/>\n<link rel=\"canonical\" href=\"https:\/\/reviva.fi\/fi\/tuote\/a-vitamin-med-zink\/\" \/>\n<meta property=\"og:locale\" content=\"fi_FI\" \/>\n<meta property=\"og:type\" content=\"article\" \/>\n<meta property=\"og:title\" content=\"A-vitamiini Sinkill\u00e4 - Reviva\" \/>\n<meta property=\"og:description\" content=\"A-vitamiinin puute voi heikent\u00e4\u00e4 h\u00e4m\u00e4r\u00e4n\u00e4k\u00f6\u00e4. Puute voi johtaa valonarkuuteen, silm\u00e4tulehdukseen, ep\u00e4puhtaaseen, tulehtuneeseen ihoon, akneen ja lis\u00e4\u00e4ntyneeseen talin tuotantoon.\" \/>\n<meta property=\"og:url\" content=\"https:\/\/reviva.fi\/fi\/tuote\/a-vitamin-med-zink\/\" \/>\n<meta property=\"og:site_name\" content=\"Reviva\" \/>\n<meta property=\"article:modified_time\" content=\"2026-03-23T10:06:40+00:00\" \/>\n<meta property=\"og:image\" content=\"https:\/\/reviva.fi\/wp-content\/uploads\/2021\/02\/200-A-vitamin-with-zinc-Photoroom-e1768985667686.png\" \/>\n\t<meta property=\"og:image:width\" content=\"2000\" \/>\n\t<meta property=\"og:image:height\" content=\"1333\" \/>\n\t<meta property=\"og:image:type\" content=\"image\/png\" \/>\n<meta name=\"twitter:card\" content=\"summary_large_image\" \/>\n<script type=\"application\/ld+json\" class=\"yoast-schema-graph\">{\"@context\":\"https:\/\/schema.org\",\"@graph\":[{\"@type\":\"WebPage\",\"@id\":\"https:\/\/reviva.fi\/fi\/tuote\/a-vitamin-med-zink\/\",\"url\":\"https:\/\/reviva.fi\/fi\/tuote\/a-vitamin-med-zink\/\",\"name\":\"A-vitamiini Sinkill\u00e4 - Reviva\",\"isPartOf\":{\"@id\":\"https:\/\/reviva.fi\/fi\/#website\"},\"primaryImageOfPage\":{\"@id\":\"https:\/\/reviva.fi\/fi\/tuote\/a-vitamin-med-zink\/#primaryimage\"},\"image\":{\"@id\":\"https:\/\/reviva.fi\/fi\/tuote\/a-vitamin-med-zink\/#primaryimage\"},\"thumbnailUrl\":\"https:\/\/reviva.fi\/wp-content\/uploads\/2021\/02\/200-A-vitamin-with-zinc-Photoroom-e1768985667686.png\",\"datePublished\":\"2021-02-11T12:43:25+00:00\",\"dateModified\":\"2026-03-23T10:06:40+00:00\",\"description\":\"A-vitamiinin puute voi heikent\u00e4\u00e4 h\u00e4m\u00e4r\u00e4n\u00e4k\u00f6\u00e4. Puute voi johtaa valonarkuuteen, silm\u00e4tulehdukseen, ep\u00e4puhtaaseen, tulehtuneeseen ihoon, akneen ja lis\u00e4\u00e4ntyneeseen talin tuotantoon.\",\"breadcrumb\":{\"@id\":\"https:\/\/reviva.fi\/fi\/tuote\/a-vitamin-med-zink\/#breadcrumb\"},\"inLanguage\":\"fi\",\"potentialAction\":[{\"@type\":\"ReadAction\",\"target\":[\"https:\/\/reviva.fi\/fi\/tuote\/a-vitamin-med-zink\/\"]}]},{\"@type\":\"ImageObject\",\"inLanguage\":\"fi\",\"@id\":\"https:\/\/reviva.fi\/fi\/tuote\/a-vitamin-med-zink\/#primaryimage\",\"url\":\"https:\/\/reviva.fi\/wp-content\/uploads\/2021\/02\/200-A-vitamin-with-zinc-Photoroom-e1768985667686.png\",\"contentUrl\":\"https:\/\/reviva.fi\/wp-content\/uploads\/2021\/02\/200-A-vitamin-with-zinc-Photoroom-e1768985667686.png\",\"width\":2000,\"height\":1333,\"caption\":\"A-vitamin with zinc\"},{\"@type\":\"BreadcrumbList\",\"@id\":\"https:\/\/reviva.fi\/fi\/tuote\/a-vitamin-med-zink\/#breadcrumb\",\"itemListElement\":[{\"@type\":\"ListItem\",\"position\":1,\"name\":\"Etusivu\",\"item\":\"https:\/\/reviva.fi\/fi\/\"},{\"@type\":\"ListItem\",\"position\":2,\"name\":\"Tuotteet\",\"item\":\"https:\/\/reviva.fi\/produkter\/\"},{\"@type\":\"ListItem\",\"position\":3,\"name\":\"A-vitamiini Sinkill\u00e4\"}]},{\"@type\":\"WebSite\",\"@id\":\"https:\/\/reviva.fi\/fi\/#website\",\"url\":\"https:\/\/reviva.fi\/fi\/\",\"name\":\"Reviva\",\"description\":\"\",\"publisher\":{\"@id\":\"https:\/\/reviva.fi\/fi\/#organization\"},\"potentialAction\":[{\"@type\":\"SearchAction\",\"target\":{\"@type\":\"EntryPoint\",\"urlTemplate\":\"https:\/\/reviva.fi\/fi\/?s={search_term_string}\"},\"query-input\":{\"@type\":\"PropertyValueSpecification\",\"valueRequired\":true,\"valueName\":\"search_term_string\"}}],\"inLanguage\":\"fi\"},{\"@type\":\"Organization\",\"@id\":\"https:\/\/reviva.fi\/fi\/#organization\",\"name\":\"Reviva\",\"url\":\"https:\/\/reviva.fi\/fi\/\",\"logo\":{\"@type\":\"ImageObject\",\"inLanguage\":\"fi\",\"@id\":\"https:\/\/reviva.fi\/fi\/#\/schema\/logo\/image\/\",\"url\":\"https:\/\/reviva.fi\/wp-content\/uploads\/2023\/10\/reviva-logo2.svg\",\"contentUrl\":\"https:\/\/reviva.fi\/wp-content\/uploads\/2023\/10\/reviva-logo2.svg\",\"caption\":\"Reviva\"},\"image\":{\"@id\":\"https:\/\/reviva.fi\/fi\/#\/schema\/logo\/image\/\"}}]}<\/script>\n<meta property=\"product:price:amount\" content=\"13.80\" \/>\n<meta property=\"product:price:currency\" content=\"EUR\" \/>\n<meta property=\"og:availability\" content=\"instock\" \/>\n<meta property=\"product:availability\" content=\"instock\" \/>\n<meta property=\"product:retailer_item_id\" content=\"200\" \/>\n<meta property=\"product:condition\" content=\"new\" \/>\n<!-- \/ Yoast SEO plugin. -->","yoast_head_json":{"title":"A-vitamiini Sinkill\u00e4 - Reviva","description":"A-vitamiinin puute voi heikent\u00e4\u00e4 h\u00e4m\u00e4r\u00e4n\u00e4k\u00f6\u00e4. Puute voi johtaa valonarkuuteen, silm\u00e4tulehdukseen, ep\u00e4puhtaaseen, tulehtuneeseen ihoon, akneen ja lis\u00e4\u00e4ntyneeseen talin tuotantoon.","robots":{"index":"index","follow":"follow","max-snippet":"max-snippet:-1","max-image-preview":"max-image-preview:large","max-video-preview":"max-video-preview:-1"},"canonical":"https:\/\/reviva.fi\/fi\/tuote\/a-vitamin-med-zink\/","og_locale":"fi_FI","og_type":"article","og_title":"A-vitamiini Sinkill\u00e4 - Reviva","og_description":"A-vitamiinin puute voi heikent\u00e4\u00e4 h\u00e4m\u00e4r\u00e4n\u00e4k\u00f6\u00e4. Puute voi johtaa valonarkuuteen, silm\u00e4tulehdukseen, ep\u00e4puhtaaseen, tulehtuneeseen ihoon, akneen ja lis\u00e4\u00e4ntyneeseen talin tuotantoon.","og_url":"https:\/\/reviva.fi\/fi\/tuote\/a-vitamin-med-zink\/","og_site_name":"Reviva","article_modified_time":"2026-03-23T10:06:40+00:00","og_image":[{"width":2000,"height":1333,"url":"https:\/\/reviva.fi\/wp-content\/uploads\/2021\/02\/200-A-vitamin-with-zinc-Photoroom-e1768985667686.png","type":"image\/png"}],"twitter_card":"summary_large_image","schema":{"@context":"https:\/\/schema.org","@graph":[{"@type":"WebPage","@id":"https:\/\/reviva.fi\/fi\/tuote\/a-vitamin-med-zink\/","url":"https:\/\/reviva.fi\/fi\/tuote\/a-vitamin-med-zink\/","name":"A-vitamiini Sinkill\u00e4 - Reviva","isPartOf":{"@id":"https:\/\/reviva.fi\/fi\/#website"},"primaryImageOfPage":{"@id":"https:\/\/reviva.fi\/fi\/tuote\/a-vitamin-med-zink\/#primaryimage"},"image":{"@id":"https:\/\/reviva.fi\/fi\/tuote\/a-vitamin-med-zink\/#primaryimage"},"thumbnailUrl":"https:\/\/reviva.fi\/wp-content\/uploads\/2021\/02\/200-A-vitamin-with-zinc-Photoroom-e1768985667686.png","datePublished":"2021-02-11T12:43:25+00:00","dateModified":"2026-03-23T10:06:40+00:00","description":"A-vitamiinin puute voi heikent\u00e4\u00e4 h\u00e4m\u00e4r\u00e4n\u00e4k\u00f6\u00e4. Puute voi johtaa valonarkuuteen, silm\u00e4tulehdukseen, ep\u00e4puhtaaseen, tulehtuneeseen ihoon, akneen ja lis\u00e4\u00e4ntyneeseen talin tuotantoon.","breadcrumb":{"@id":"https:\/\/reviva.fi\/fi\/tuote\/a-vitamin-med-zink\/#breadcrumb"},"inLanguage":"fi","potentialAction":[{"@type":"ReadAction","target":["https:\/\/reviva.fi\/fi\/tuote\/a-vitamin-med-zink\/"]}]},{"@type":"ImageObject","inLanguage":"fi","@id":"https:\/\/reviva.fi\/fi\/tuote\/a-vitamin-med-zink\/#primaryimage","url":"https:\/\/reviva.fi\/wp-content\/uploads\/2021\/02\/200-A-vitamin-with-zinc-Photoroom-e1768985667686.png","contentUrl":"https:\/\/reviva.fi\/wp-content\/uploads\/2021\/02\/200-A-vitamin-with-zinc-Photoroom-e1768985667686.png","width":2000,"height":1333,"caption":"A-vitamin with zinc"},{"@type":"BreadcrumbList","@id":"https:\/\/reviva.fi\/fi\/tuote\/a-vitamin-med-zink\/#breadcrumb","itemListElement":[{"@type":"ListItem","position":1,"name":"Etusivu","item":"https:\/\/reviva.fi\/fi\/"},{"@type":"ListItem","position":2,"name":"Tuotteet","item":"https:\/\/reviva.fi\/produkter\/"},{"@type":"ListItem","position":3,"name":"A-vitamiini Sinkill\u00e4"}]},{"@type":"WebSite","@id":"https:\/\/reviva.fi\/fi\/#website","url":"https:\/\/reviva.fi\/fi\/","name":"Reviva","description":"","publisher":{"@id":"https:\/\/reviva.fi\/fi\/#organization"},"potentialAction":[{"@type":"SearchAction","target":{"@type":"EntryPoint","urlTemplate":"https:\/\/reviva.fi\/fi\/?s={search_term_string}"},"query-input":{"@type":"PropertyValueSpecification","valueRequired":true,"valueName":"search_term_string"}}],"inLanguage":"fi"},{"@type":"Organization","@id":"https:\/\/reviva.fi\/fi\/#organization","name":"Reviva","url":"https:\/\/reviva.fi\/fi\/","logo":{"@type":"ImageObject","inLanguage":"fi","@id":"https:\/\/reviva.fi\/fi\/#\/schema\/logo\/image\/","url":"https:\/\/reviva.fi\/wp-content\/uploads\/2023\/10\/reviva-logo2.svg","contentUrl":"https:\/\/reviva.fi\/wp-content\/uploads\/2023\/10\/reviva-logo2.svg","caption":"Reviva"},"image":{"@id":"https:\/\/reviva.fi\/fi\/#\/schema\/logo\/image\/"}}]},"product_price_amount":"13.80","product_price_currency":"EUR","og_availability":"instock","product_availability":"instock","product_retailer_item_id":"200","product_condition":"new"},"taxonomy_info":{"product_cat":[{"value":96,"label":"Vitamiinit"},{"value":5959,"label":"A-vitamiini"},{"value":5963,"label":"Synergos"},{"value":2350,"label":"Iho &amp; Kauneus"}],"product_tag":[{"value":414,"label":"a vitamiini"},{"value":416,"label":"a vitamiini sinkkill\u00e4"},{"value":2966,"label":"Akne"},{"value":412,"label":"antioksidantti"},{"value":1154,"label":"astma"},{"value":3015,"label":"follikulaarinen hyperkeratoosi"},{"value":3124,"label":"H\u00e4m\u00e4r\u00e4sokeus"},{"value":3110,"label":"Heikentynyt haavan paraneminen"},{"value":3108,"label":"heikentynyt n\u00e4k\u00f6"},{"value":3109,"label":"Heikentynyt n\u00e4k\u00f6kyky"},{"value":2922,"label":"Heikko maksan toimitila"},{"value":3103,"label":"hengitysvaikeudet"},{"value":1325,"label":"hiustenl\u00e4ht\u00f6"},{"value":2994,"label":"Huono hiuslaatu"},{"value":2993,"label":"Huono ihonlaatu"},{"value":3047,"label":"huonontunut pime\u00e4n\u00e4k\u00f6"},{"value":3061,"label":"hyperkeratoosi"},{"value":3037,"label":"iho"},{"value":3059,"label":"ihosairaudet"},{"value":3051,"label":"infektioalttius"},{"value":2998,"label":"Keuhkoputkentulehdus"},{"value":3171,"label":"Limakalvot"},{"value":507,"label":"lis\u00e4\u00e4 vastustuskyky\u00e4"},{"value":498,"label":"luontais lis\u00e4ravinne"},{"value":1541,"label":"luuranko"},{"value":1392,"label":"maksan vahvistaminen"},{"value":3194,"label":"Myrkyllisyys"},{"value":3190,"label":"N\u00e4k\u00f6kyky"},{"value":3046,"label":"pilaa hiuskarvoja"},{"value":1514,"label":"psoriasis"},{"value":3206,"label":"Silm\u00e4sairaudet"},{"value":517,"label":"v\u00e4symys"},{"value":520,"label":"vitamiini"},{"value":522,"label":"vitamiinit"}]},"featured_image_src_large":["https:\/\/reviva.fi\/wp-content\/uploads\/2021\/02\/200-A-vitamin-with-zinc-Photoroom-1024x682.png",1024,682,true],"author_info":[],"comment_info":0,"_links":{"self":[{"href":"https:\/\/reviva.fi\/fi\/wp-json\/wp\/v2\/product\/561","targetHints":{"allow":["GET"]}}],"collection":[{"href":"https:\/\/reviva.fi\/fi\/wp-json\/wp\/v2\/product"}],"about":[{"href":"https:\/\/reviva.fi\/fi\/wp-json\/wp\/v2\/types\/product"}],"replies":[{"embeddable":true,"href":"https:\/\/reviva.fi\/fi\/wp-json\/wp\/v2\/comments?post=561"}],"wp:featuredmedia":[{"embeddable":true,"href":"https:\/\/reviva.fi\/fi\/wp-json\/wp\/v2\/media\/13587"}],"wp:attachment":[{"href":"https:\/\/reviva.fi\/fi\/wp-json\/wp\/v2\/media?parent=561"}],"wp:term":[{"taxonomy":"product_brand","embeddable":true,"href":"https:\/\/reviva.fi\/fi\/wp-json\/wp\/v2\/product_brand?post=561"},{"taxonomy":"product_cat","embeddable":true,"href":"https:\/\/reviva.fi\/fi\/wp-json\/wp\/v2\/product_cat?post=561"},{"taxonomy":"product_tag","embeddable":true,"href":"https:\/\/reviva.fi\/fi\/wp-json\/wp\/v2\/product_tag?post=561"}],"curies":[{"name":"wp","href":"https:\/\/api.w.org\/{rel}","templated":true}]}}