{"id":624,"date":"2021-02-17T11:46:14","date_gmt":"2021-02-17T09:46:14","guid":{"rendered":"https:\/\/reviva.dev.wikstrommedia.fi\/product\/bio-magnesium-plus-180-kapslar\/"},"modified":"2026-04-18T20:06:45","modified_gmt":"2026-04-18T17:06:45","slug":"bio-magnesium-plus-180-kapslar","status":"publish","type":"product","link":"https:\/\/reviva.fi\/fi\/tuote\/bio-magnesium-plus-180-kapslar\/","title":{"rendered":"Bio Magnesium Plus"},"content":{"rendered":"<p><strong>Yleist\u00e4 tietoa magnesiumista<\/strong><\/p>\n<p>Magnesium on yksi t\u00e4rkeimmist\u00e4 em\u00e4st\u00e4 muodostavista mineraaleistamme. Magnesium on v\u00e4ltt\u00e4m\u00e4t\u00f6n mineraali ja sill\u00e4 on rooli l\u00e4hes 300 tunnetussa entsyymireaktiossa kehossa. T\u00e4rke\u00e4 lihaksille, nivelille, syd\u00e4melle ja aivotoiminnoille. Sill\u00e4 on t\u00e4rke\u00e4 rooli kehon kyvyss\u00e4 absorboida kalsiumia.<\/p>\n<p><strong>Magnesium edist\u00e4\u00e4:<\/strong><\/p>\n<p>\u2022 luuston pysymist\u00e4 normaalina<br \/>\n\u2022 hampaiden pysymist\u00e4 normaaleina<br \/>\n\u2022 auttaa v\u00e4hent\u00e4m\u00e4\u00e4n v\u00e4symyst\u00e4 ja uupumusta<br \/>\n\u2022 elektrolyyttitasapainoa<br \/>\n\u2022 osallistuu solujen jakautumisprosessiin<br \/>\n\u2022 hermoston normaalia toimintaa<br \/>\n\u2022 normaalia energia-aineenvaihduntaa<br \/>\n\u2022 lihasten normaalia toimintaa<br \/>\n\u2022 normaalia proteiinisynteesi\u00e4<br \/>\n\u2022 normaaleja psykologisia toimintoja<\/p>\n","protected":false},"excerpt":{"rendered":"<p>Bio Magnesium Plus on kehittynyt magnesiumlis\u00e4aine, joka perustuu synergiaperiaatteeseen.<\/p>\n<p>Jokainen kapseli sis\u00e4lt\u00e4\u00e4 110 mg alkuainemagnesiumia, 10 mg kaliumia ja 6 mg B6-vitamiinia.<\/p>\n<p><strong>90 kapselia ja 180 kapselia<\/strong><\/p>\n","protected":false},"featured_media":13709,"comment_status":"open","ping_status":"closed","template":"","meta":{"_acf_changed":false,"inline_featured_image":false,"_kad_blocks_custom_css":"","_kad_blocks_head_custom_js":"","_kad_blocks_body_custom_js":"","_kad_blocks_footer_custom_js":"","_kadence_starter_templates_imported_post":false,"_kad_post_transparent":"default","_kad_post_title":"","_kad_post_layout":"default","_kad_post_sidebar_id":"","_kad_post_content_style":"default","_kad_post_vertical_padding":"default","_kad_post_feature":"","_kad_post_feature_position":"","_kad_post_header":false,"_kad_post_footer":false},"product_brand":[],"product_cat":[93,92,5963,2376],"product_tag":[463,476,498,489,486,490,479,480,1372,519,517,520],"class_list":{"0":"post-624","1":"product","2":"type-product","3":"status-publish","4":"has-post-thumbnail","6":"product_cat-mineraler-fi","7":"product_cat-magnesium-fi","8":"product_cat-synergos-fi","9":"product_cat-stressad-och-trott-fi","10":"product_tag-bio-magnesiumi","11":"product_tag-lisaravinne","12":"product_tag-luontais-lisaravinne","13":"product_tag-magnesium-jauhe","14":"product_tag-magnesium-lihaskramppi","15":"product_tag-magnesium-lisaravinne","16":"product_tag-magnesiumi","17":"product_tag-magnesiumi-hyodyt","18":"product_tag-ravintolisat-magnesium","19":"product_tag-uupumus","20":"product_tag-vasymys","21":"product_tag-vitamiini","23":"first","24":"instock","25":"taxable","26":"shipping-taxable","27":"purchasable","28":"product-type-variable","29":"has-default-attributes","30":"entry","31":"content-bg","32":"loop-entry"},"acf":[],"yoast_head":"<!-- This site is optimized with the Yoast SEO plugin v25.8 - https:\/\/yoast.com\/wordpress\/plugins\/seo\/ -->\n<title>Bio Magnesium Plus - Reviva<\/title>\n<meta name=\"description\" content=\"Bio Magnesium Plus sis\u00e4lt\u00e4\u00e4 my\u00f6s B6-vitamiinia ja kaliumia, jotka parantavat magnesiumin imeytymist\u00e4. Pehme\u00e4mm\u00e4t lihakset, parempi uni ja palautuminen.\" \/>\n<meta name=\"robots\" content=\"index, follow, max-snippet:-1, max-image-preview:large, max-video-preview:-1\" \/>\n<link rel=\"canonical\" href=\"https:\/\/reviva.fi\/fi\/tuote\/bio-magnesium-plus-180-kapslar\/\" \/>\n<meta property=\"og:locale\" content=\"fi_FI\" \/>\n<meta property=\"og:type\" content=\"article\" \/>\n<meta property=\"og:title\" content=\"Bio Magnesium Plus - Reviva\" \/>\n<meta property=\"og:description\" content=\"Bio Magnesium Plus sis\u00e4lt\u00e4\u00e4 my\u00f6s B6-vitamiinia ja kaliumia, jotka parantavat magnesiumin imeytymist\u00e4. Pehme\u00e4mm\u00e4t lihakset, parempi uni ja palautuminen.\" \/>\n<meta property=\"og:url\" content=\"https:\/\/reviva.fi\/fi\/tuote\/bio-magnesium-plus-180-kapslar\/\" \/>\n<meta property=\"og:site_name\" content=\"Reviva\" \/>\n<meta property=\"article:modified_time\" content=\"2026-04-18T17:06:45+00:00\" \/>\n<meta property=\"og:image\" content=\"https:\/\/reviva.fi\/wp-content\/uploads\/2021\/02\/Bio-Magnesium-PLUS-213A-Photoroom-1.png\" \/>\n\t<meta property=\"og:image:width\" content=\"1600\" \/>\n\t<meta property=\"og:image:height\" content=\"1600\" \/>\n\t<meta property=\"og:image:type\" content=\"image\/png\" \/>\n<meta name=\"twitter:card\" content=\"summary_large_image\" \/>\n<script type=\"application\/ld+json\" class=\"yoast-schema-graph\">{\"@context\":\"https:\/\/schema.org\",\"@graph\":[{\"@type\":\"WebPage\",\"@id\":\"https:\/\/reviva.fi\/fi\/tuote\/bio-magnesium-plus-180-kapslar\/\",\"url\":\"https:\/\/reviva.fi\/fi\/tuote\/bio-magnesium-plus-180-kapslar\/\",\"name\":\"Bio Magnesium Plus - Reviva\",\"isPartOf\":{\"@id\":\"https:\/\/reviva.fi\/fi\/#website\"},\"primaryImageOfPage\":{\"@id\":\"https:\/\/reviva.fi\/fi\/tuote\/bio-magnesium-plus-180-kapslar\/#primaryimage\"},\"image\":{\"@id\":\"https:\/\/reviva.fi\/fi\/tuote\/bio-magnesium-plus-180-kapslar\/#primaryimage\"},\"thumbnailUrl\":\"https:\/\/reviva.fi\/wp-content\/uploads\/2021\/02\/213-A-Biomag-180-Photoroom-e1769605524609.png\",\"datePublished\":\"2021-02-17T09:46:14+00:00\",\"dateModified\":\"2026-04-18T17:06:45+00:00\",\"description\":\"Bio Magnesium Plus sis\u00e4lt\u00e4\u00e4 my\u00f6s B6-vitamiinia ja kaliumia, jotka parantavat magnesiumin imeytymist\u00e4. Pehme\u00e4mm\u00e4t lihakset, parempi uni ja palautuminen.\",\"breadcrumb\":{\"@id\":\"https:\/\/reviva.fi\/fi\/tuote\/bio-magnesium-plus-180-kapslar\/#breadcrumb\"},\"inLanguage\":\"fi\",\"potentialAction\":[{\"@type\":\"ReadAction\",\"target\":[\"https:\/\/reviva.fi\/fi\/tuote\/bio-magnesium-plus-180-kapslar\/\"]}]},{\"@type\":\"ImageObject\",\"inLanguage\":\"fi\",\"@id\":\"https:\/\/reviva.fi\/fi\/tuote\/bio-magnesium-plus-180-kapslar\/#primaryimage\",\"url\":\"https:\/\/reviva.fi\/wp-content\/uploads\/2021\/02\/213-A-Biomag-180-Photoroom-e1769605524609.png\",\"contentUrl\":\"https:\/\/reviva.fi\/wp-content\/uploads\/2021\/02\/213-A-Biomag-180-Photoroom-e1769605524609.png\",\"width\":2000,\"height\":1333,\"caption\":\"Bio magnesium plus 180 kapslar\"},{\"@type\":\"BreadcrumbList\",\"@id\":\"https:\/\/reviva.fi\/fi\/tuote\/bio-magnesium-plus-180-kapslar\/#breadcrumb\",\"itemListElement\":[{\"@type\":\"ListItem\",\"position\":1,\"name\":\"Etusivu\",\"item\":\"https:\/\/reviva.fi\/fi\/\"},{\"@type\":\"ListItem\",\"position\":2,\"name\":\"Tuotteet\",\"item\":\"https:\/\/reviva.fi\/produkter\/\"},{\"@type\":\"ListItem\",\"position\":3,\"name\":\"Bio Magnesium Plus\"}]},{\"@type\":\"WebSite\",\"@id\":\"https:\/\/reviva.fi\/fi\/#website\",\"url\":\"https:\/\/reviva.fi\/fi\/\",\"name\":\"Reviva\",\"description\":\"\",\"publisher\":{\"@id\":\"https:\/\/reviva.fi\/fi\/#organization\"},\"potentialAction\":[{\"@type\":\"SearchAction\",\"target\":{\"@type\":\"EntryPoint\",\"urlTemplate\":\"https:\/\/reviva.fi\/fi\/?s={search_term_string}\"},\"query-input\":{\"@type\":\"PropertyValueSpecification\",\"valueRequired\":true,\"valueName\":\"search_term_string\"}}],\"inLanguage\":\"fi\"},{\"@type\":\"Organization\",\"@id\":\"https:\/\/reviva.fi\/fi\/#organization\",\"name\":\"Reviva\",\"url\":\"https:\/\/reviva.fi\/fi\/\",\"logo\":{\"@type\":\"ImageObject\",\"inLanguage\":\"fi\",\"@id\":\"https:\/\/reviva.fi\/fi\/#\/schema\/logo\/image\/\",\"url\":\"https:\/\/reviva.fi\/wp-content\/uploads\/2023\/10\/reviva-logo2.svg\",\"contentUrl\":\"https:\/\/reviva.fi\/wp-content\/uploads\/2023\/10\/reviva-logo2.svg\",\"caption\":\"Reviva\"},\"image\":{\"@id\":\"https:\/\/reviva.fi\/fi\/#\/schema\/logo\/image\/\"}}]}<\/script>\n<meta property=\"og:availability\" content=\"instock\" \/>\n<meta property=\"product:availability\" content=\"instock\" \/>\n<meta property=\"product:condition\" content=\"new\" \/>\n<!-- \/ Yoast SEO plugin. -->","yoast_head_json":{"title":"Bio Magnesium Plus - Reviva","description":"Bio Magnesium Plus sis\u00e4lt\u00e4\u00e4 my\u00f6s B6-vitamiinia ja kaliumia, jotka parantavat magnesiumin imeytymist\u00e4. Pehme\u00e4mm\u00e4t lihakset, parempi uni ja palautuminen.","robots":{"index":"index","follow":"follow","max-snippet":"max-snippet:-1","max-image-preview":"max-image-preview:large","max-video-preview":"max-video-preview:-1"},"canonical":"https:\/\/reviva.fi\/fi\/tuote\/bio-magnesium-plus-180-kapslar\/","og_locale":"fi_FI","og_type":"article","og_title":"Bio Magnesium Plus - Reviva","og_description":"Bio Magnesium Plus sis\u00e4lt\u00e4\u00e4 my\u00f6s B6-vitamiinia ja kaliumia, jotka parantavat magnesiumin imeytymist\u00e4. Pehme\u00e4mm\u00e4t lihakset, parempi uni ja palautuminen.","og_url":"https:\/\/reviva.fi\/fi\/tuote\/bio-magnesium-plus-180-kapslar\/","og_site_name":"Reviva","article_modified_time":"2026-04-18T17:06:45+00:00","og_image":[{"width":1600,"height":1600,"url":"https:\/\/reviva.fi\/wp-content\/uploads\/2021\/02\/Bio-Magnesium-PLUS-213A-Photoroom-1.png","type":"image\/png"}],"twitter_card":"summary_large_image","schema":{"@context":"https:\/\/schema.org","@graph":[{"@type":"WebPage","@id":"https:\/\/reviva.fi\/fi\/tuote\/bio-magnesium-plus-180-kapslar\/","url":"https:\/\/reviva.fi\/fi\/tuote\/bio-magnesium-plus-180-kapslar\/","name":"Bio Magnesium Plus - Reviva","isPartOf":{"@id":"https:\/\/reviva.fi\/fi\/#website"},"primaryImageOfPage":{"@id":"https:\/\/reviva.fi\/fi\/tuote\/bio-magnesium-plus-180-kapslar\/#primaryimage"},"image":{"@id":"https:\/\/reviva.fi\/fi\/tuote\/bio-magnesium-plus-180-kapslar\/#primaryimage"},"thumbnailUrl":"https:\/\/reviva.fi\/wp-content\/uploads\/2021\/02\/213-A-Biomag-180-Photoroom-e1769605524609.png","datePublished":"2021-02-17T09:46:14+00:00","dateModified":"2026-04-18T17:06:45+00:00","description":"Bio Magnesium Plus sis\u00e4lt\u00e4\u00e4 my\u00f6s B6-vitamiinia ja kaliumia, jotka parantavat magnesiumin imeytymist\u00e4. Pehme\u00e4mm\u00e4t lihakset, parempi uni ja palautuminen.","breadcrumb":{"@id":"https:\/\/reviva.fi\/fi\/tuote\/bio-magnesium-plus-180-kapslar\/#breadcrumb"},"inLanguage":"fi","potentialAction":[{"@type":"ReadAction","target":["https:\/\/reviva.fi\/fi\/tuote\/bio-magnesium-plus-180-kapslar\/"]}]},{"@type":"ImageObject","inLanguage":"fi","@id":"https:\/\/reviva.fi\/fi\/tuote\/bio-magnesium-plus-180-kapslar\/#primaryimage","url":"https:\/\/reviva.fi\/wp-content\/uploads\/2021\/02\/213-A-Biomag-180-Photoroom-e1769605524609.png","contentUrl":"https:\/\/reviva.fi\/wp-content\/uploads\/2021\/02\/213-A-Biomag-180-Photoroom-e1769605524609.png","width":2000,"height":1333,"caption":"Bio magnesium plus 180 kapslar"},{"@type":"BreadcrumbList","@id":"https:\/\/reviva.fi\/fi\/tuote\/bio-magnesium-plus-180-kapslar\/#breadcrumb","itemListElement":[{"@type":"ListItem","position":1,"name":"Etusivu","item":"https:\/\/reviva.fi\/fi\/"},{"@type":"ListItem","position":2,"name":"Tuotteet","item":"https:\/\/reviva.fi\/produkter\/"},{"@type":"ListItem","position":3,"name":"Bio Magnesium Plus"}]},{"@type":"WebSite","@id":"https:\/\/reviva.fi\/fi\/#website","url":"https:\/\/reviva.fi\/fi\/","name":"Reviva","description":"","publisher":{"@id":"https:\/\/reviva.fi\/fi\/#organization"},"potentialAction":[{"@type":"SearchAction","target":{"@type":"EntryPoint","urlTemplate":"https:\/\/reviva.fi\/fi\/?s={search_term_string}"},"query-input":{"@type":"PropertyValueSpecification","valueRequired":true,"valueName":"search_term_string"}}],"inLanguage":"fi"},{"@type":"Organization","@id":"https:\/\/reviva.fi\/fi\/#organization","name":"Reviva","url":"https:\/\/reviva.fi\/fi\/","logo":{"@type":"ImageObject","inLanguage":"fi","@id":"https:\/\/reviva.fi\/fi\/#\/schema\/logo\/image\/","url":"https:\/\/reviva.fi\/wp-content\/uploads\/2023\/10\/reviva-logo2.svg","contentUrl":"https:\/\/reviva.fi\/wp-content\/uploads\/2023\/10\/reviva-logo2.svg","caption":"Reviva"},"image":{"@id":"https:\/\/reviva.fi\/fi\/#\/schema\/logo\/image\/"}}]},"og_availability":"instock","product_availability":"instock","product_condition":"new"},"taxonomy_info":{"product_cat":[{"value":93,"label":"Mineraalit"},{"value":92,"label":"Magnesium"},{"value":5963,"label":"Synergos"},{"value":2376,"label":"Stressaantunut &amp; V\u00e4synyt"}],"product_tag":[{"value":463,"label":"bio magnesiumi"},{"value":476,"label":"lis\u00e4ravinne"},{"value":498,"label":"luontais lis\u00e4ravinne"},{"value":489,"label":"magnesium jauhe"},{"value":486,"label":"magnesium lihaskramppi"},{"value":490,"label":"magnesium lis\u00e4ravinne"},{"value":479,"label":"magnesiumi"},{"value":480,"label":"magnesiumi hy\u00f6dyt"},{"value":1372,"label":"ravintolis\u00e4t magnesium"},{"value":519,"label":"uupumus"},{"value":517,"label":"v\u00e4symys"},{"value":520,"label":"vitamiini"}]},"featured_image_src_large":["https:\/\/reviva.fi\/wp-content\/uploads\/2021\/02\/213-A-Biomag-180-Photoroom-1024x682.png",1024,682,true],"author_info":[],"comment_info":0,"_links":{"self":[{"href":"https:\/\/reviva.fi\/fi\/wp-json\/wp\/v2\/product\/624","targetHints":{"allow":["GET"]}}],"collection":[{"href":"https:\/\/reviva.fi\/fi\/wp-json\/wp\/v2\/product"}],"about":[{"href":"https:\/\/reviva.fi\/fi\/wp-json\/wp\/v2\/types\/product"}],"replies":[{"embeddable":true,"href":"https:\/\/reviva.fi\/fi\/wp-json\/wp\/v2\/comments?post=624"}],"wp:featuredmedia":[{"embeddable":true,"href":"https:\/\/reviva.fi\/fi\/wp-json\/wp\/v2\/media\/13709"}],"wp:attachment":[{"href":"https:\/\/reviva.fi\/fi\/wp-json\/wp\/v2\/media?parent=624"}],"wp:term":[{"taxonomy":"product_brand","embeddable":true,"href":"https:\/\/reviva.fi\/fi\/wp-json\/wp\/v2\/product_brand?post=624"},{"taxonomy":"product_cat","embeddable":true,"href":"https:\/\/reviva.fi\/fi\/wp-json\/wp\/v2\/product_cat?post=624"},{"taxonomy":"product_tag","embeddable":true,"href":"https:\/\/reviva.fi\/fi\/wp-json\/wp\/v2\/product_tag?post=624"}],"curies":[{"name":"wp","href":"https:\/\/api.w.org\/{rel}","templated":true}]}}