{"id":640,"date":"2021-02-18T18:22:45","date_gmt":"2021-02-18T16:22:45","guid":{"rendered":"https:\/\/reviva.dev.wikstrommedia.fi\/product\/msm\/"},"modified":"2026-01-21T15:52:03","modified_gmt":"2026-01-21T13:52:03","slug":"msm","status":"publish","type":"product","link":"https:\/\/reviva.fi\/fi\/tuote\/msm\/","title":{"rendered":"MSM, Metyylisulfonyylimetaani"},"content":{"rendered":"<p><strong>MSM &#8211; 100 % puhdas metyylisulfonyylimetaani<\/strong>, orgaanista rikki\u00e4 jauheena.<\/p>\n<p><b>Yleist\u00e4 tietoa<\/b><\/p>\n<p>Rikki on ep\u00e4metallinen alkuaine. Orgaaninen rikki on t\u00e4rke\u00e4\u00a0osa proteiinikollageenia ja keratiinia, joka rakentaa rustoa, j\u00e4nteit\u00e4, aivoja, sidekudosta, lihaksia, luita, ihoa, hiuksia ja kynsi\u00e4.\u00a0 Puolet kehon rikkipitoisuudesta l\u00f6ytyy lihaksista, ihosta ja luista.<\/p>\n<p>Rikki\u00e4 on 0,25 prosenttia ihmisen kokonaispainosta, mik\u00e4 tarkoittaa, ett\u00e4 70 kiloa painavassa ihmisess\u00e4 on noin 175 grammaa rikki\u00e4. Se on sitoutunut\u00a0 kaikkiin kudoksiin, rikki\u00e4 sis\u00e4lt\u00e4vien aminohappojen metioniinin, kysteiinin ja kystiinin muodossa.<\/p>\n<p><strong>\u00a0 \u00a0 \u00a0 \u00a0 \u00a0 \u00a0 \u00a0<\/strong><\/p>\n<ul>\n<li>auttaa rakentamaan ja uudistamaan sidekudosta<\/li>\n<li>edist\u00e4\u00e4 nivelten ja lihasten normaalia toimintaa<\/li>\n<li>my\u00f6t\u00e4vaikuttaa terveemp\u00e4\u00e4n ihoon, hampaisiin, hiuksiin ja kynsiin<\/li>\n<li>my\u00f6t\u00e4vaikuttaa sidekudoksen normaaliin joustavuuteen<\/li>\n<li>parantaa ihon, hiusten, kynsien ja nivelten rakennetta<\/li>\n<li>edist\u00e4\u00e4 normaalia immuunij\u00e4rjestelm\u00e4\u00e4<\/li>\n<li>auttaa parantamaan, uudistamaan rustoa ja ravistemaan rustoa<\/li>\n<li>voi tukea terveellist\u00e4 ruoansulatusta ja edist\u00e4\u00e4 normaalia suoliston lihaksia<\/li>\n<li>on detox-vaikutus kehoon (poistaa kuona-aineet)<\/li>\n<\/ul>\n<p>&nbsp;<\/p>\n","protected":false},"excerpt":{"rendered":"<p>100 % puhdas\u00a0metyylisulfonyylimetaani, orgaaninen rikki jauheena.<\/p>\n<p><strong>200 grammaa<\/strong><\/p>\n<p>&nbsp;<\/p>\n","protected":false},"featured_media":13826,"comment_status":"open","ping_status":"closed","template":"","meta":{"_acf_changed":false,"inline_featured_image":false,"_kad_blocks_custom_css":"","_kad_blocks_head_custom_js":"","_kad_blocks_body_custom_js":"","_kad_blocks_footer_custom_js":"","_kadence_starter_templates_imported_post":false,"_kad_post_transparent":"default","_kad_post_title":"","_kad_post_layout":"default","_kad_post_sidebar_id":"","_kad_post_content_style":"default","_kad_post_vertical_padding":"default","_kad_post_feature":"","_kad_post_feature_position":"","_kad_post_header":false,"_kad_post_footer":false},"product_brand":[],"product_cat":[2505,2454,2371],"product_tag":[1119,1121,1142,1149,1154,1157,1233,1584,1592,1330,1325,1229,1176,1327,1326,1166,1376,1552,1452,1453,1247,1499,1390,1092,1436,1089,1387,1291,1280,1097,1509,1514,1602,1193,1531,1533,1565,1576,1632,1220,1263,517],"class_list":{"0":"post-640","1":"product","2":"type-product","3":"status-publish","4":"has-post-thumbnail","6":"product_cat-ovriga-kosttillskott-fi","7":"product_cat-evp-nutrition-fi","8":"product_cat-muskler-och-leder-fi","9":"product_tag-allergiat","10":"product_tag-alzheimerin-tauti-fi","11":"product_tag-antiviraaliset-toiminnot","12":"product_tag-artroosi","13":"product_tag-astma-fi","14":"product_tag-autoimmuunihairiot","15":"product_tag-ekseema","16":"product_tag-haava","17":"product_tag-hammassairaus","18":"product_tag-heinanuha","19":"product_tag-hiustenlahto","20":"product_tag-huono-verenkierto","21":"product_tag-jalkakrampit","22":"product_tag-kohonnut-kolesteroli","23":"product_tag-kohonnut-verenpaine","24":"product_tag-krapula","25":"product_tag-krooninen-kipu","26":"product_tag-kuorsausta","27":"product_tag-lihas-ja-luunongelma","28":"product_tag-lihasvaurio","29":"product_tag-lihavuus","30":"product_tag-loisinfektio","31":"product_tag-maksaongelmia","32":"product_tag-metyylisulfonyylimetani","33":"product_tag-migreeni","34":"product_tag-msm-fi","35":"product_tag-nivelkipu","36":"product_tag-paansarky","37":"product_tag-perapukamat","38":"product_tag-pms-fi","39":"product_tag-premenstruaalinen-oireyhtyma","40":"product_tag-psoriasis-fi","41":"product_tag-raskasmetallien-poisto-kehosta","42":"product_tag-raskausarpia","43":"product_tag-ruusufinni","44":"product_tag-rypyt","45":"product_tag-sateilymyrkytys","46":"product_tag-sieni-infektiot","47":"product_tag-silmien-turvotus","48":"product_tag-tyypin-2-diabetes","49":"product_tag-ummetus","50":"product_tag-vasymys","52":"first","53":"instock","54":"taxable","55":"shipping-taxable","56":"purchasable","57":"product-type-simple","58":"entry","59":"content-bg","60":"loop-entry"},"acf":[],"yoast_head":"<!-- This site is optimized with the Yoast SEO plugin v25.8 - https:\/\/yoast.com\/wordpress\/plugins\/seo\/ -->\n<title>MSM, Metyylisulfonyylimetaani - Reviva<\/title>\n<meta name=\"description\" content=\"MSM on t\u00e4rke\u00e4 osa kollageenista ja keratiinista, jotka rakentavat muun muassa rustoa, j\u00e4nteit\u00e4, sidekudosta, lihaksia, luita, ihoa, hiuksia ja kynsi\u00e4.\" \/>\n<meta name=\"robots\" content=\"index, follow, max-snippet:-1, max-image-preview:large, max-video-preview:-1\" \/>\n<link rel=\"canonical\" href=\"https:\/\/reviva.fi\/fi\/tuote\/msm\/\" \/>\n<meta property=\"og:locale\" content=\"fi_FI\" \/>\n<meta property=\"og:type\" content=\"article\" \/>\n<meta property=\"og:title\" content=\"MSM, Metyylisulfonyylimetaani - Reviva\" \/>\n<meta property=\"og:description\" content=\"MSM on t\u00e4rke\u00e4 osa kollageenista ja keratiinista, jotka rakentavat muun muassa rustoa, j\u00e4nteit\u00e4, sidekudosta, lihaksia, luita, ihoa, hiuksia ja kynsi\u00e4.\" \/>\n<meta property=\"og:url\" content=\"https:\/\/reviva.fi\/fi\/tuote\/msm\/\" \/>\n<meta property=\"og:site_name\" content=\"Reviva\" \/>\n<meta property=\"article:modified_time\" content=\"2026-01-21T13:52:03+00:00\" \/>\n<meta property=\"og:image\" content=\"https:\/\/reviva.fi\/wp-content\/uploads\/2021\/02\/313-MSM-Photoroom-e1770635782470.png\" \/>\n\t<meta property=\"og:image:width\" content=\"2000\" \/>\n\t<meta property=\"og:image:height\" content=\"1333\" \/>\n\t<meta property=\"og:image:type\" content=\"image\/png\" \/>\n<meta name=\"twitter:card\" content=\"summary_large_image\" \/>\n<script type=\"application\/ld+json\" class=\"yoast-schema-graph\">{\"@context\":\"https:\/\/schema.org\",\"@graph\":[{\"@type\":\"WebPage\",\"@id\":\"https:\/\/reviva.fi\/fi\/tuote\/msm\/\",\"url\":\"https:\/\/reviva.fi\/fi\/tuote\/msm\/\",\"name\":\"MSM, Metyylisulfonyylimetaani - Reviva\",\"isPartOf\":{\"@id\":\"https:\/\/reviva.fi\/fi\/#website\"},\"primaryImageOfPage\":{\"@id\":\"https:\/\/reviva.fi\/fi\/tuote\/msm\/#primaryimage\"},\"image\":{\"@id\":\"https:\/\/reviva.fi\/fi\/tuote\/msm\/#primaryimage\"},\"thumbnailUrl\":\"https:\/\/reviva.fi\/wp-content\/uploads\/2021\/02\/313-MSM-Photoroom-e1770635782470.png\",\"datePublished\":\"2021-02-18T16:22:45+00:00\",\"dateModified\":\"2026-01-21T13:52:03+00:00\",\"description\":\"MSM on t\u00e4rke\u00e4 osa kollageenista ja keratiinista, jotka rakentavat muun muassa rustoa, j\u00e4nteit\u00e4, sidekudosta, lihaksia, luita, ihoa, hiuksia ja kynsi\u00e4.\",\"breadcrumb\":{\"@id\":\"https:\/\/reviva.fi\/fi\/tuote\/msm\/#breadcrumb\"},\"inLanguage\":\"fi\",\"potentialAction\":[{\"@type\":\"ReadAction\",\"target\":[\"https:\/\/reviva.fi\/fi\/tuote\/msm\/\"]}]},{\"@type\":\"ImageObject\",\"inLanguage\":\"fi\",\"@id\":\"https:\/\/reviva.fi\/fi\/tuote\/msm\/#primaryimage\",\"url\":\"https:\/\/reviva.fi\/wp-content\/uploads\/2021\/02\/313-MSM-Photoroom-e1770635782470.png\",\"contentUrl\":\"https:\/\/reviva.fi\/wp-content\/uploads\/2021\/02\/313-MSM-Photoroom-e1770635782470.png\",\"width\":2000,\"height\":1333,\"caption\":\"MSM\"},{\"@type\":\"BreadcrumbList\",\"@id\":\"https:\/\/reviva.fi\/fi\/tuote\/msm\/#breadcrumb\",\"itemListElement\":[{\"@type\":\"ListItem\",\"position\":1,\"name\":\"Etusivu\",\"item\":\"https:\/\/reviva.fi\/fi\/\"},{\"@type\":\"ListItem\",\"position\":2,\"name\":\"Tuotteet\",\"item\":\"https:\/\/reviva.fi\/produkter\/\"},{\"@type\":\"ListItem\",\"position\":3,\"name\":\"MSM, Metyylisulfonyylimetaani\"}]},{\"@type\":\"WebSite\",\"@id\":\"https:\/\/reviva.fi\/fi\/#website\",\"url\":\"https:\/\/reviva.fi\/fi\/\",\"name\":\"Reviva\",\"description\":\"\",\"publisher\":{\"@id\":\"https:\/\/reviva.fi\/fi\/#organization\"},\"potentialAction\":[{\"@type\":\"SearchAction\",\"target\":{\"@type\":\"EntryPoint\",\"urlTemplate\":\"https:\/\/reviva.fi\/fi\/?s={search_term_string}\"},\"query-input\":{\"@type\":\"PropertyValueSpecification\",\"valueRequired\":true,\"valueName\":\"search_term_string\"}}],\"inLanguage\":\"fi\"},{\"@type\":\"Organization\",\"@id\":\"https:\/\/reviva.fi\/fi\/#organization\",\"name\":\"Reviva\",\"url\":\"https:\/\/reviva.fi\/fi\/\",\"logo\":{\"@type\":\"ImageObject\",\"inLanguage\":\"fi\",\"@id\":\"https:\/\/reviva.fi\/fi\/#\/schema\/logo\/image\/\",\"url\":\"https:\/\/reviva.fi\/wp-content\/uploads\/2023\/10\/reviva-logo2.svg\",\"contentUrl\":\"https:\/\/reviva.fi\/wp-content\/uploads\/2023\/10\/reviva-logo2.svg\",\"caption\":\"Reviva\"},\"image\":{\"@id\":\"https:\/\/reviva.fi\/fi\/#\/schema\/logo\/image\/\"}}]}<\/script>\n<meta property=\"product:price:amount\" content=\"20.05\" \/>\n<meta property=\"product:price:currency\" content=\"EUR\" \/>\n<meta property=\"og:availability\" content=\"instock\" \/>\n<meta property=\"product:availability\" content=\"instock\" \/>\n<meta property=\"product:retailer_item_id\" content=\"313\" \/>\n<meta property=\"product:condition\" content=\"new\" \/>\n<!-- \/ Yoast SEO plugin. -->","yoast_head_json":{"title":"MSM, Metyylisulfonyylimetaani - Reviva","description":"MSM on t\u00e4rke\u00e4 osa kollageenista ja keratiinista, jotka rakentavat muun muassa rustoa, j\u00e4nteit\u00e4, sidekudosta, lihaksia, luita, ihoa, hiuksia ja kynsi\u00e4.","robots":{"index":"index","follow":"follow","max-snippet":"max-snippet:-1","max-image-preview":"max-image-preview:large","max-video-preview":"max-video-preview:-1"},"canonical":"https:\/\/reviva.fi\/fi\/tuote\/msm\/","og_locale":"fi_FI","og_type":"article","og_title":"MSM, Metyylisulfonyylimetaani - Reviva","og_description":"MSM on t\u00e4rke\u00e4 osa kollageenista ja keratiinista, jotka rakentavat muun muassa rustoa, j\u00e4nteit\u00e4, sidekudosta, lihaksia, luita, ihoa, hiuksia ja kynsi\u00e4.","og_url":"https:\/\/reviva.fi\/fi\/tuote\/msm\/","og_site_name":"Reviva","article_modified_time":"2026-01-21T13:52:03+00:00","og_image":[{"width":2000,"height":1333,"url":"https:\/\/reviva.fi\/wp-content\/uploads\/2021\/02\/313-MSM-Photoroom-e1770635782470.png","type":"image\/png"}],"twitter_card":"summary_large_image","schema":{"@context":"https:\/\/schema.org","@graph":[{"@type":"WebPage","@id":"https:\/\/reviva.fi\/fi\/tuote\/msm\/","url":"https:\/\/reviva.fi\/fi\/tuote\/msm\/","name":"MSM, Metyylisulfonyylimetaani - Reviva","isPartOf":{"@id":"https:\/\/reviva.fi\/fi\/#website"},"primaryImageOfPage":{"@id":"https:\/\/reviva.fi\/fi\/tuote\/msm\/#primaryimage"},"image":{"@id":"https:\/\/reviva.fi\/fi\/tuote\/msm\/#primaryimage"},"thumbnailUrl":"https:\/\/reviva.fi\/wp-content\/uploads\/2021\/02\/313-MSM-Photoroom-e1770635782470.png","datePublished":"2021-02-18T16:22:45+00:00","dateModified":"2026-01-21T13:52:03+00:00","description":"MSM on t\u00e4rke\u00e4 osa kollageenista ja keratiinista, jotka rakentavat muun muassa rustoa, j\u00e4nteit\u00e4, sidekudosta, lihaksia, luita, ihoa, hiuksia ja kynsi\u00e4.","breadcrumb":{"@id":"https:\/\/reviva.fi\/fi\/tuote\/msm\/#breadcrumb"},"inLanguage":"fi","potentialAction":[{"@type":"ReadAction","target":["https:\/\/reviva.fi\/fi\/tuote\/msm\/"]}]},{"@type":"ImageObject","inLanguage":"fi","@id":"https:\/\/reviva.fi\/fi\/tuote\/msm\/#primaryimage","url":"https:\/\/reviva.fi\/wp-content\/uploads\/2021\/02\/313-MSM-Photoroom-e1770635782470.png","contentUrl":"https:\/\/reviva.fi\/wp-content\/uploads\/2021\/02\/313-MSM-Photoroom-e1770635782470.png","width":2000,"height":1333,"caption":"MSM"},{"@type":"BreadcrumbList","@id":"https:\/\/reviva.fi\/fi\/tuote\/msm\/#breadcrumb","itemListElement":[{"@type":"ListItem","position":1,"name":"Etusivu","item":"https:\/\/reviva.fi\/fi\/"},{"@type":"ListItem","position":2,"name":"Tuotteet","item":"https:\/\/reviva.fi\/produkter\/"},{"@type":"ListItem","position":3,"name":"MSM, Metyylisulfonyylimetaani"}]},{"@type":"WebSite","@id":"https:\/\/reviva.fi\/fi\/#website","url":"https:\/\/reviva.fi\/fi\/","name":"Reviva","description":"","publisher":{"@id":"https:\/\/reviva.fi\/fi\/#organization"},"potentialAction":[{"@type":"SearchAction","target":{"@type":"EntryPoint","urlTemplate":"https:\/\/reviva.fi\/fi\/?s={search_term_string}"},"query-input":{"@type":"PropertyValueSpecification","valueRequired":true,"valueName":"search_term_string"}}],"inLanguage":"fi"},{"@type":"Organization","@id":"https:\/\/reviva.fi\/fi\/#organization","name":"Reviva","url":"https:\/\/reviva.fi\/fi\/","logo":{"@type":"ImageObject","inLanguage":"fi","@id":"https:\/\/reviva.fi\/fi\/#\/schema\/logo\/image\/","url":"https:\/\/reviva.fi\/wp-content\/uploads\/2023\/10\/reviva-logo2.svg","contentUrl":"https:\/\/reviva.fi\/wp-content\/uploads\/2023\/10\/reviva-logo2.svg","caption":"Reviva"},"image":{"@id":"https:\/\/reviva.fi\/fi\/#\/schema\/logo\/image\/"}}]},"product_price_amount":"20.05","product_price_currency":"EUR","og_availability":"instock","product_availability":"instock","product_retailer_item_id":"313","product_condition":"new"},"taxonomy_info":{"product_cat":[{"value":2505,"label":"Muut ravintolis\u00e4t"},{"value":2454,"label":"EVP Nutrition"},{"value":2371,"label":"Nivelet &amp; Lihakset"}],"product_tag":[{"value":1119,"label":"allergiat"},{"value":1121,"label":"alzheimerin tauti"},{"value":1142,"label":"antiviraaliset toiminnot"},{"value":1149,"label":"artroosi"},{"value":1154,"label":"astma"},{"value":1157,"label":"autoimmuunih\u00e4iri\u00f6t"},{"value":1233,"label":"ekseema"},{"value":1584,"label":"haava"},{"value":1592,"label":"hammassairaus"},{"value":1330,"label":"hein\u00e4nuha"},{"value":1325,"label":"hiustenl\u00e4ht\u00f6"},{"value":1229,"label":"huono verenkierto"},{"value":1176,"label":"jalkakrampit"},{"value":1327,"label":"kohonnut kolesteroli"},{"value":1326,"label":"kohonnut verenpaine"},{"value":1166,"label":"krapula"},{"value":1376,"label":"krooninen kipu"},{"value":1552,"label":"kuorsausta"},{"value":1452,"label":"lihas-ja luunongelmat"},{"value":1453,"label":"lihasvaurio"},{"value":1247,"label":"lihavuus"},{"value":1499,"label":"loisinfektio"},{"value":1390,"label":"maksaongelmia"},{"value":1092,"label":"Metyylisulfonyylimetani"},{"value":1436,"label":"migreeni"},{"value":1089,"label":"MSM"},{"value":1387,"label":"nivelkipu"},{"value":1291,"label":"p\u00e4\u00e4ns\u00e4rky"},{"value":1280,"label":"per\u00e4pukamat"},{"value":1097,"label":"PMS"},{"value":1509,"label":"premenstruaalinen oireyhtym\u00e4"},{"value":1514,"label":"psoriasis"},{"value":1602,"label":"raskasmetallien poisto kehosta"},{"value":1193,"label":"raskausarpia"},{"value":1531,"label":"ruusufinni"},{"value":1533,"label":"rypyt"},{"value":1565,"label":"s\u00e4teilymyrkytys"},{"value":1576,"label":"sieni-infektiot"},{"value":1632,"label":"silmien turvotus"},{"value":1220,"label":"tyypin 2 diabetes"},{"value":1263,"label":"ummetus"},{"value":517,"label":"v\u00e4symys"}]},"featured_image_src_large":["https:\/\/reviva.fi\/wp-content\/uploads\/2021\/02\/313-MSM-Photoroom-1024x682.png",1024,682,true],"author_info":[],"comment_info":0,"_links":{"self":[{"href":"https:\/\/reviva.fi\/fi\/wp-json\/wp\/v2\/product\/640","targetHints":{"allow":["GET"]}}],"collection":[{"href":"https:\/\/reviva.fi\/fi\/wp-json\/wp\/v2\/product"}],"about":[{"href":"https:\/\/reviva.fi\/fi\/wp-json\/wp\/v2\/types\/product"}],"replies":[{"embeddable":true,"href":"https:\/\/reviva.fi\/fi\/wp-json\/wp\/v2\/comments?post=640"}],"wp:featuredmedia":[{"embeddable":true,"href":"https:\/\/reviva.fi\/fi\/wp-json\/wp\/v2\/media\/13826"}],"wp:attachment":[{"href":"https:\/\/reviva.fi\/fi\/wp-json\/wp\/v2\/media?parent=640"}],"wp:term":[{"taxonomy":"product_brand","embeddable":true,"href":"https:\/\/reviva.fi\/fi\/wp-json\/wp\/v2\/product_brand?post=640"},{"taxonomy":"product_cat","embeddable":true,"href":"https:\/\/reviva.fi\/fi\/wp-json\/wp\/v2\/product_cat?post=640"},{"taxonomy":"product_tag","embeddable":true,"href":"https:\/\/reviva.fi\/fi\/wp-json\/wp\/v2\/product_tag?post=640"}],"curies":[{"name":"wp","href":"https:\/\/api.w.org\/{rel}","templated":true}]}}