{"id":647,"date":"2021-02-18T19:10:50","date_gmt":"2021-02-18T17:10:50","guid":{"rendered":"https:\/\/reviva.dev.wikstrommedia.fi\/product\/omega-3-60-kapslar\/"},"modified":"2026-04-01T09:11:03","modified_gmt":"2026-04-01T06:11:03","slug":"omega-3-60-kapslar","status":"publish","type":"product","link":"https:\/\/reviva.fi\/fi\/tuote\/omega-3-60-kapslar\/","title":{"rendered":"Omega 3 &#8211; kala\u00f6ljy"},"content":{"rendered":"<p><strong>Yleist\u00e4 tietoa<\/strong><\/p>\n<p>Kala\u00f6ljyss\u00e4 (Omega 3) on erityisesti runsaasti muunnettuja rasvahappoaineita EPA (eikosapentaeenihappo) ja DHA (dokosaheksaeenihappo), jotka liittyv\u00e4t useisiin tieteellisesti tunnettuihin terveysvaikutuksiin.<\/p>\n<ul>\n<li>EPA ja DHA edist\u00e4v\u00e4t syd\u00e4men normaalia toimintaa.<\/li>\n<li>DHA edist\u00e4\u00e4 aivotoiminnan pysymist\u00e4 normaalina.<\/li>\n<li>DHA edist\u00e4\u00e4 n\u00e4\u00f6n pysymist\u00e4 normaalina.<\/li>\n<\/ul>\n<p>Kala\u00f6ljy on \u00f6ljy, jotka saatu rasvaisen kalan kudoksista. Kala\u00f6ljyss\u00e4 (Omega 3) on erityisesti runsaasti muunnettuja rasvahappoaineita EPA (eikosapentaeenihappo) ja DHA (dokosaheksaeenihappo), jotka liittyv\u00e4t useisiin tieteellisesti tunnettuihin terveysvaikutuksiin. N\u00e4m\u00e4 rasvahapot edist\u00e4v\u00e4t syd\u00e4men normaalia toimintaa\u00a0ja auttavat pit\u00e4m\u00e4\u00e4n kolesterolin terveell\u00e4 tasolla. DHA on t\u00e4rke\u00e4 my\u00f6s aivojen kehitykselle ja toiminnalle.<\/p>\n<p>&nbsp;<\/p>\n","protected":false},"excerpt":{"rendered":"<p><strong>Omega 3 &#8211; kala\u00f6ljy<\/strong><\/p>\n<p>1000 mg kala\u00f6ljy\u00e4, joka sis\u00e4lt\u00e4\u00e4 v\u00e4hint\u00e4\u00e4n 35 % Omega-3-rasvahappoja, joista: 18 % EPA, 12 % DHA ja 5 % muita Omega-3-rasvahappoja.<\/p>\n<p><strong>60-120 kapselia<\/strong><\/p>\n","protected":false},"featured_media":13058,"comment_status":"open","ping_status":"closed","template":"","meta":{"_acf_changed":false,"inline_featured_image":false,"_kad_blocks_custom_css":"","_kad_blocks_head_custom_js":"","_kad_blocks_body_custom_js":"","_kad_blocks_footer_custom_js":"","_kadence_starter_templates_imported_post":false,"_kad_post_transparent":"default","_kad_post_title":"","_kad_post_layout":"default","_kad_post_sidebar_id":"","_kad_post_content_style":"default","_kad_post_vertical_padding":"default","_kad_post_feature":"","_kad_post_feature_position":"","_kad_post_header":false,"_kad_post_footer":false},"product_brand":[],"product_cat":[91,5983,2357,2376,2371,2383,2375],"product_tag":[1059,1148,1149,1260,1337],"class_list":{"0":"post-647","1":"product","2":"type-product","3":"status-publish","4":"has-post-thumbnail","6":"product_cat-fettsyror-fi","7":"product_cat-kenkou-selfcare-fi","8":"product_cat-immunforsvar-fi","9":"product_cat-stressad-och-trott-fi","10":"product_cat-muskler-och-leder-fi","11":"product_cat-hjarna-och-minne-fi","12":"product_cat-traning-fi","13":"product_tag-adhd-fi","14":"product_tag-artriitti","15":"product_tag-artroosi","16":"product_tag-kohonneet-kolesterolitasot","17":"product_tag-tulehdukselliset-tilat","19":"first","20":"instock","21":"taxable","22":"shipping-taxable","23":"purchasable","24":"product-type-variable","25":"entry","26":"content-bg","27":"loop-entry"},"acf":[],"yoast_head":"<!-- This site is optimized with the Yoast SEO plugin v25.8 - https:\/\/yoast.com\/wordpress\/plugins\/seo\/ -->\n<title>Omega 3 - kala\u00f6ljy - Reviva<\/title>\n<meta name=\"description\" content=\"Omega 3 - kala\u00f6ljy sis\u00e4lt\u00e4\u00e4 runsaasti rasvahappoja EPA ja DHA, jotka liittyv\u00e4t l\u00e4heisesti useisiin tieteellisesti tunnettuihin terveysvaikutuksiin.\" \/>\n<meta name=\"robots\" content=\"index, follow, max-snippet:-1, max-image-preview:large, max-video-preview:-1\" \/>\n<link rel=\"canonical\" href=\"https:\/\/reviva.fi\/fi\/tuote\/omega-3-60-kapslar\/\" \/>\n<meta property=\"og:locale\" content=\"fi_FI\" \/>\n<meta property=\"og:type\" content=\"article\" \/>\n<meta property=\"og:title\" content=\"Omega 3 - kala\u00f6ljy - Reviva\" \/>\n<meta property=\"og:description\" content=\"Omega 3 - kala\u00f6ljy sis\u00e4lt\u00e4\u00e4 runsaasti rasvahappoja EPA ja DHA, jotka liittyv\u00e4t l\u00e4heisesti useisiin tieteellisesti tunnettuihin terveysvaikutuksiin.\" \/>\n<meta property=\"og:url\" content=\"https:\/\/reviva.fi\/fi\/tuote\/omega-3-60-kapslar\/\" \/>\n<meta property=\"og:site_name\" content=\"Reviva\" \/>\n<meta property=\"article:modified_time\" content=\"2026-04-01T06:11:03+00:00\" \/>\n<meta property=\"og:image\" content=\"https:\/\/reviva.fi\/wp-content\/uploads\/2021\/02\/Omega-3-201-Photoroom-e1762255664255.png\" \/>\n\t<meta property=\"og:image:width\" content=\"2000\" \/>\n\t<meta property=\"og:image:height\" content=\"1333\" \/>\n\t<meta property=\"og:image:type\" content=\"image\/png\" \/>\n<meta name=\"twitter:card\" content=\"summary_large_image\" \/>\n<script type=\"application\/ld+json\" class=\"yoast-schema-graph\">{\"@context\":\"https:\/\/schema.org\",\"@graph\":[{\"@type\":\"WebPage\",\"@id\":\"https:\/\/reviva.fi\/fi\/tuote\/omega-3-60-kapslar\/\",\"url\":\"https:\/\/reviva.fi\/fi\/tuote\/omega-3-60-kapslar\/\",\"name\":\"Omega 3 - kala\u00f6ljy - Reviva\",\"isPartOf\":{\"@id\":\"https:\/\/reviva.fi\/fi\/#website\"},\"primaryImageOfPage\":{\"@id\":\"https:\/\/reviva.fi\/fi\/tuote\/omega-3-60-kapslar\/#primaryimage\"},\"image\":{\"@id\":\"https:\/\/reviva.fi\/fi\/tuote\/omega-3-60-kapslar\/#primaryimage\"},\"thumbnailUrl\":\"https:\/\/reviva.fi\/wp-content\/uploads\/2021\/02\/Omega-3-201-Photoroom-e1762255664255.png\",\"datePublished\":\"2021-02-18T17:10:50+00:00\",\"dateModified\":\"2026-04-01T06:11:03+00:00\",\"description\":\"Omega 3 - kala\u00f6ljy sis\u00e4lt\u00e4\u00e4 runsaasti rasvahappoja EPA ja DHA, jotka liittyv\u00e4t l\u00e4heisesti useisiin tieteellisesti tunnettuihin terveysvaikutuksiin.\",\"breadcrumb\":{\"@id\":\"https:\/\/reviva.fi\/fi\/tuote\/omega-3-60-kapslar\/#breadcrumb\"},\"inLanguage\":\"fi\",\"potentialAction\":[{\"@type\":\"ReadAction\",\"target\":[\"https:\/\/reviva.fi\/fi\/tuote\/omega-3-60-kapslar\/\"]}]},{\"@type\":\"ImageObject\",\"inLanguage\":\"fi\",\"@id\":\"https:\/\/reviva.fi\/fi\/tuote\/omega-3-60-kapslar\/#primaryimage\",\"url\":\"https:\/\/reviva.fi\/wp-content\/uploads\/2021\/02\/Omega-3-201-Photoroom-e1762255664255.png\",\"contentUrl\":\"https:\/\/reviva.fi\/wp-content\/uploads\/2021\/02\/Omega-3-201-Photoroom-e1762255664255.png\",\"width\":2000,\"height\":1333,\"caption\":\"Omega 3, 60 kap\"},{\"@type\":\"BreadcrumbList\",\"@id\":\"https:\/\/reviva.fi\/fi\/tuote\/omega-3-60-kapslar\/#breadcrumb\",\"itemListElement\":[{\"@type\":\"ListItem\",\"position\":1,\"name\":\"Etusivu\",\"item\":\"https:\/\/reviva.fi\/fi\/\"},{\"@type\":\"ListItem\",\"position\":2,\"name\":\"Tuotteet\",\"item\":\"https:\/\/reviva.fi\/produkter\/\"},{\"@type\":\"ListItem\",\"position\":3,\"name\":\"Omega 3 &#8211; kala\u00f6ljy\"}]},{\"@type\":\"WebSite\",\"@id\":\"https:\/\/reviva.fi\/fi\/#website\",\"url\":\"https:\/\/reviva.fi\/fi\/\",\"name\":\"Reviva\",\"description\":\"\",\"publisher\":{\"@id\":\"https:\/\/reviva.fi\/fi\/#organization\"},\"potentialAction\":[{\"@type\":\"SearchAction\",\"target\":{\"@type\":\"EntryPoint\",\"urlTemplate\":\"https:\/\/reviva.fi\/fi\/?s={search_term_string}\"},\"query-input\":{\"@type\":\"PropertyValueSpecification\",\"valueRequired\":true,\"valueName\":\"search_term_string\"}}],\"inLanguage\":\"fi\"},{\"@type\":\"Organization\",\"@id\":\"https:\/\/reviva.fi\/fi\/#organization\",\"name\":\"Reviva\",\"url\":\"https:\/\/reviva.fi\/fi\/\",\"logo\":{\"@type\":\"ImageObject\",\"inLanguage\":\"fi\",\"@id\":\"https:\/\/reviva.fi\/fi\/#\/schema\/logo\/image\/\",\"url\":\"https:\/\/reviva.fi\/wp-content\/uploads\/2023\/10\/reviva-logo2.svg\",\"contentUrl\":\"https:\/\/reviva.fi\/wp-content\/uploads\/2023\/10\/reviva-logo2.svg\",\"caption\":\"Reviva\"},\"image\":{\"@id\":\"https:\/\/reviva.fi\/fi\/#\/schema\/logo\/image\/\"}}]}<\/script>\n<meta property=\"og:availability\" content=\"instock\" \/>\n<meta property=\"product:availability\" content=\"instock\" \/>\n<meta property=\"product:condition\" content=\"new\" \/>\n<!-- \/ Yoast SEO plugin. -->","yoast_head_json":{"title":"Omega 3 - kala\u00f6ljy - Reviva","description":"Omega 3 - kala\u00f6ljy sis\u00e4lt\u00e4\u00e4 runsaasti rasvahappoja EPA ja DHA, jotka liittyv\u00e4t l\u00e4heisesti useisiin tieteellisesti tunnettuihin terveysvaikutuksiin.","robots":{"index":"index","follow":"follow","max-snippet":"max-snippet:-1","max-image-preview":"max-image-preview:large","max-video-preview":"max-video-preview:-1"},"canonical":"https:\/\/reviva.fi\/fi\/tuote\/omega-3-60-kapslar\/","og_locale":"fi_FI","og_type":"article","og_title":"Omega 3 - kala\u00f6ljy - Reviva","og_description":"Omega 3 - kala\u00f6ljy sis\u00e4lt\u00e4\u00e4 runsaasti rasvahappoja EPA ja DHA, jotka liittyv\u00e4t l\u00e4heisesti useisiin tieteellisesti tunnettuihin terveysvaikutuksiin.","og_url":"https:\/\/reviva.fi\/fi\/tuote\/omega-3-60-kapslar\/","og_site_name":"Reviva","article_modified_time":"2026-04-01T06:11:03+00:00","og_image":[{"width":2000,"height":1333,"url":"https:\/\/reviva.fi\/wp-content\/uploads\/2021\/02\/Omega-3-201-Photoroom-e1762255664255.png","type":"image\/png"}],"twitter_card":"summary_large_image","schema":{"@context":"https:\/\/schema.org","@graph":[{"@type":"WebPage","@id":"https:\/\/reviva.fi\/fi\/tuote\/omega-3-60-kapslar\/","url":"https:\/\/reviva.fi\/fi\/tuote\/omega-3-60-kapslar\/","name":"Omega 3 - kala\u00f6ljy - Reviva","isPartOf":{"@id":"https:\/\/reviva.fi\/fi\/#website"},"primaryImageOfPage":{"@id":"https:\/\/reviva.fi\/fi\/tuote\/omega-3-60-kapslar\/#primaryimage"},"image":{"@id":"https:\/\/reviva.fi\/fi\/tuote\/omega-3-60-kapslar\/#primaryimage"},"thumbnailUrl":"https:\/\/reviva.fi\/wp-content\/uploads\/2021\/02\/Omega-3-201-Photoroom-e1762255664255.png","datePublished":"2021-02-18T17:10:50+00:00","dateModified":"2026-04-01T06:11:03+00:00","description":"Omega 3 - kala\u00f6ljy sis\u00e4lt\u00e4\u00e4 runsaasti rasvahappoja EPA ja DHA, jotka liittyv\u00e4t l\u00e4heisesti useisiin tieteellisesti tunnettuihin terveysvaikutuksiin.","breadcrumb":{"@id":"https:\/\/reviva.fi\/fi\/tuote\/omega-3-60-kapslar\/#breadcrumb"},"inLanguage":"fi","potentialAction":[{"@type":"ReadAction","target":["https:\/\/reviva.fi\/fi\/tuote\/omega-3-60-kapslar\/"]}]},{"@type":"ImageObject","inLanguage":"fi","@id":"https:\/\/reviva.fi\/fi\/tuote\/omega-3-60-kapslar\/#primaryimage","url":"https:\/\/reviva.fi\/wp-content\/uploads\/2021\/02\/Omega-3-201-Photoroom-e1762255664255.png","contentUrl":"https:\/\/reviva.fi\/wp-content\/uploads\/2021\/02\/Omega-3-201-Photoroom-e1762255664255.png","width":2000,"height":1333,"caption":"Omega 3, 60 kap"},{"@type":"BreadcrumbList","@id":"https:\/\/reviva.fi\/fi\/tuote\/omega-3-60-kapslar\/#breadcrumb","itemListElement":[{"@type":"ListItem","position":1,"name":"Etusivu","item":"https:\/\/reviva.fi\/fi\/"},{"@type":"ListItem","position":2,"name":"Tuotteet","item":"https:\/\/reviva.fi\/produkter\/"},{"@type":"ListItem","position":3,"name":"Omega 3 &#8211; kala\u00f6ljy"}]},{"@type":"WebSite","@id":"https:\/\/reviva.fi\/fi\/#website","url":"https:\/\/reviva.fi\/fi\/","name":"Reviva","description":"","publisher":{"@id":"https:\/\/reviva.fi\/fi\/#organization"},"potentialAction":[{"@type":"SearchAction","target":{"@type":"EntryPoint","urlTemplate":"https:\/\/reviva.fi\/fi\/?s={search_term_string}"},"query-input":{"@type":"PropertyValueSpecification","valueRequired":true,"valueName":"search_term_string"}}],"inLanguage":"fi"},{"@type":"Organization","@id":"https:\/\/reviva.fi\/fi\/#organization","name":"Reviva","url":"https:\/\/reviva.fi\/fi\/","logo":{"@type":"ImageObject","inLanguage":"fi","@id":"https:\/\/reviva.fi\/fi\/#\/schema\/logo\/image\/","url":"https:\/\/reviva.fi\/wp-content\/uploads\/2023\/10\/reviva-logo2.svg","contentUrl":"https:\/\/reviva.fi\/wp-content\/uploads\/2023\/10\/reviva-logo2.svg","caption":"Reviva"},"image":{"@id":"https:\/\/reviva.fi\/fi\/#\/schema\/logo\/image\/"}}]},"og_availability":"instock","product_availability":"instock","product_condition":"new"},"taxonomy_info":{"product_cat":[{"value":91,"label":"Rasvahapot"},{"value":5983,"label":"Kenkou Selfcare"},{"value":2357,"label":"Immuunipuolustus"},{"value":2376,"label":"Stressaantunut &amp; V\u00e4synyt"},{"value":2371,"label":"Nivelet &amp; Lihakset"},{"value":2383,"label":"Aivot &amp; Muisti"},{"value":2375,"label":"Harjoittelu"}],"product_tag":[{"value":1059,"label":"ADHD"},{"value":1148,"label":"artriitti"},{"value":1149,"label":"artroosi"},{"value":1260,"label":"kohonneet kolesterolitasot"},{"value":1337,"label":"tulehdukselliset tilat"}]},"featured_image_src_large":["https:\/\/reviva.fi\/wp-content\/uploads\/2021\/02\/Omega-3-201-Photoroom-1024x682.png",1024,682,true],"author_info":[],"comment_info":0,"_links":{"self":[{"href":"https:\/\/reviva.fi\/fi\/wp-json\/wp\/v2\/product\/647","targetHints":{"allow":["GET"]}}],"collection":[{"href":"https:\/\/reviva.fi\/fi\/wp-json\/wp\/v2\/product"}],"about":[{"href":"https:\/\/reviva.fi\/fi\/wp-json\/wp\/v2\/types\/product"}],"replies":[{"embeddable":true,"href":"https:\/\/reviva.fi\/fi\/wp-json\/wp\/v2\/comments?post=647"}],"wp:featuredmedia":[{"embeddable":true,"href":"https:\/\/reviva.fi\/fi\/wp-json\/wp\/v2\/media\/13058"}],"wp:attachment":[{"href":"https:\/\/reviva.fi\/fi\/wp-json\/wp\/v2\/media?parent=647"}],"wp:term":[{"taxonomy":"product_brand","embeddable":true,"href":"https:\/\/reviva.fi\/fi\/wp-json\/wp\/v2\/product_brand?post=647"},{"taxonomy":"product_cat","embeddable":true,"href":"https:\/\/reviva.fi\/fi\/wp-json\/wp\/v2\/product_cat?post=647"},{"taxonomy":"product_tag","embeddable":true,"href":"https:\/\/reviva.fi\/fi\/wp-json\/wp\/v2\/product_tag?post=647"}],"curies":[{"name":"wp","href":"https:\/\/api.w.org\/{rel}","templated":true}]}}