{"id":649,"date":"2021-02-18T19:55:30","date_gmt":"2021-02-18T17:55:30","guid":{"rendered":"https:\/\/reviva.dev.wikstrommedia.fi\/?post_type=product&#038;p=649"},"modified":"2026-04-14T18:05:42","modified_gmt":"2026-04-14T15:05:42","slug":"d3-vitamiini","status":"publish","type":"product","link":"https:\/\/reviva.fi\/fi\/tuote\/d3-vitamiini\/","title":{"rendered":"D-vitamiini, 50 \u00b5g"},"content":{"rendered":"<p><strong>D-vitamiini, 50 mcg<\/strong><\/p>\n<p><strong>Yleist\u00e4 tietoa<\/strong><\/p>\n<p>D-vitamiini eli kolekalsiferoli on rasvaliukoinen vitamiini.<\/p>\n<p>D-vitamiini auttaa v\u00e4hent\u00e4m\u00e4\u00e4n putoamisriski\u00e4, mik\u00e4 liittyy tasapainon menetykseen ja lihasten heikkouteen.\u00a0 Putoaminen on murtumien riskitekij\u00e4 miehill\u00e4 ja naisilla, jotka ovat yli 60-vuotiaita.<\/p>\n<p><strong>D-vitamiini edist\u00e4\u00e4:<\/strong><\/p>\n<ul>\n<li>kalsiumin ja fosforin normaalia imeytymist\u00e4\/hy\u00f6dynt\u00e4mist\u00e4<\/li>\n<li>veren normaalia kalsiumtasoa<\/li>\n<li>luiden pysymist\u00e4 normaaleina<\/li>\n<li>hampaiden pysymist\u00e4 normaaleina<\/li>\n<li>immuunij\u00e4rjestelm\u00e4n normaalia toimintaa<\/li>\n<li>osallistuu solujen jakautumisprosessiin<\/li>\n<\/ul>\n<p><strong>60 tabletter<\/strong><\/p>\n","protected":false},"excerpt":{"rendered":"<p>D3-vitamiini, yksi kapseli sis\u00e4lt\u00e4\u00e4 50 mcg<\/p>\n<p><strong>60 kapselia<\/strong><\/p>\n<p>&nbsp;<\/p>\n","protected":false},"featured_media":13744,"comment_status":"open","ping_status":"closed","template":"","meta":{"_acf_changed":false,"inline_featured_image":false,"_kad_blocks_custom_css":"","_kad_blocks_head_custom_js":"","_kad_blocks_body_custom_js":"","_kad_blocks_footer_custom_js":"","_kadence_starter_templates_imported_post":false,"_kad_post_transparent":"default","_kad_post_title":"","_kad_post_layout":"default","_kad_post_sidebar_id":"","_kad_post_content_style":"default","_kad_post_vertical_padding":"default","_kad_post_feature":"","_kad_post_feature_position":"","_kad_post_header":false,"_kad_post_footer":false},"product_brand":[],"product_cat":[96,2454,2357],"product_tag":[],"class_list":{"0":"post-649","1":"product","2":"type-product","3":"status-publish","4":"has-post-thumbnail","6":"product_cat-vitaminer-fi","7":"product_cat-evp-nutrition-fi","8":"product_cat-immunforsvar-fi","10":"first","11":"instock","12":"taxable","13":"shipping-taxable","14":"purchasable","15":"product-type-simple","16":"entry","17":"content-bg","18":"loop-entry"},"acf":[],"yoast_head":"<!-- This site is optimized with the Yoast SEO plugin v25.8 - https:\/\/yoast.com\/wordpress\/plugins\/seo\/ -->\n<title>D-vitamiini, 50 \u00b5g<\/title>\n<meta name=\"description\" content=\"Luonnollinen D3-vitamiini. 1-2 kapselia suositellaan p\u00e4iv\u00e4ss\u00e4. T\u00e4rke\u00e4\u00e4 kaikille pohjoisille, jotka eiv\u00e4t saa tarpeeksi D3-vitamiinia auringosta.\" \/>\n<meta name=\"robots\" content=\"index, follow, max-snippet:-1, max-image-preview:large, max-video-preview:-1\" \/>\n<link rel=\"canonical\" href=\"https:\/\/reviva.fi\/fi\/tuote\/d3-vitamiini\/\" \/>\n<meta property=\"og:locale\" content=\"fi_FI\" \/>\n<meta property=\"og:type\" content=\"article\" \/>\n<meta property=\"og:title\" content=\"D-vitamiini, 50 \u00b5g\" \/>\n<meta property=\"og:description\" content=\"Luonnollinen D3-vitamiini. 1-2 kapselia suositellaan p\u00e4iv\u00e4ss\u00e4. T\u00e4rke\u00e4\u00e4 kaikille pohjoisille, jotka eiv\u00e4t saa tarpeeksi D3-vitamiinia auringosta.\" \/>\n<meta property=\"og:url\" content=\"https:\/\/reviva.fi\/fi\/tuote\/d3-vitamiini\/\" \/>\n<meta property=\"og:site_name\" content=\"Reviva\" \/>\n<meta property=\"article:modified_time\" content=\"2026-04-14T15:05:42+00:00\" \/>\n<meta property=\"og:image\" content=\"https:\/\/reviva.fi\/wp-content\/uploads\/2021\/02\/222-Vitamin-D3-Photoroom-1-e1769687301813.png\" \/>\n\t<meta property=\"og:image:width\" content=\"714\" \/>\n\t<meta property=\"og:image:height\" content=\"810\" \/>\n\t<meta property=\"og:image:type\" content=\"image\/png\" \/>\n<meta name=\"twitter:card\" content=\"summary_large_image\" \/>\n<script type=\"application\/ld+json\" class=\"yoast-schema-graph\">{\"@context\":\"https:\/\/schema.org\",\"@graph\":[{\"@type\":\"WebPage\",\"@id\":\"https:\/\/reviva.fi\/fi\/tuote\/d3-vitamiini\/\",\"url\":\"https:\/\/reviva.fi\/fi\/tuote\/d3-vitamiini\/\",\"name\":\"D-vitamiini, 50 \u00b5g\",\"isPartOf\":{\"@id\":\"https:\/\/reviva.fi\/fi\/#website\"},\"primaryImageOfPage\":{\"@id\":\"https:\/\/reviva.fi\/fi\/tuote\/d3-vitamiini\/#primaryimage\"},\"image\":{\"@id\":\"https:\/\/reviva.fi\/fi\/tuote\/d3-vitamiini\/#primaryimage\"},\"thumbnailUrl\":\"https:\/\/reviva.fi\/wp-content\/uploads\/2021\/02\/222-Vitamin-D3-Photoroom-1-e1769687301813.png\",\"datePublished\":\"2021-02-18T17:55:30+00:00\",\"dateModified\":\"2026-04-14T15:05:42+00:00\",\"description\":\"Luonnollinen D3-vitamiini. 1-2 kapselia suositellaan p\u00e4iv\u00e4ss\u00e4. T\u00e4rke\u00e4\u00e4 kaikille pohjoisille, jotka eiv\u00e4t saa tarpeeksi D3-vitamiinia auringosta.\",\"breadcrumb\":{\"@id\":\"https:\/\/reviva.fi\/fi\/tuote\/d3-vitamiini\/#breadcrumb\"},\"inLanguage\":\"fi\",\"potentialAction\":[{\"@type\":\"ReadAction\",\"target\":[\"https:\/\/reviva.fi\/fi\/tuote\/d3-vitamiini\/\"]}]},{\"@type\":\"ImageObject\",\"inLanguage\":\"fi\",\"@id\":\"https:\/\/reviva.fi\/fi\/tuote\/d3-vitamiini\/#primaryimage\",\"url\":\"https:\/\/reviva.fi\/wp-content\/uploads\/2021\/02\/222-Vitamin-D3-Photoroom-1-e1769687301813.png\",\"contentUrl\":\"https:\/\/reviva.fi\/wp-content\/uploads\/2021\/02\/222-Vitamin-D3-Photoroom-1-e1769687301813.png\",\"width\":714,\"height\":810,\"caption\":\"Vitamin D3\"},{\"@type\":\"BreadcrumbList\",\"@id\":\"https:\/\/reviva.fi\/fi\/tuote\/d3-vitamiini\/#breadcrumb\",\"itemListElement\":[{\"@type\":\"ListItem\",\"position\":1,\"name\":\"Etusivu\",\"item\":\"https:\/\/reviva.fi\/fi\/\"},{\"@type\":\"ListItem\",\"position\":2,\"name\":\"Tuotteet\",\"item\":\"https:\/\/reviva.fi\/produkter\/\"},{\"@type\":\"ListItem\",\"position\":3,\"name\":\"D-vitamiini, 50 \u00b5g\"}]},{\"@type\":\"WebSite\",\"@id\":\"https:\/\/reviva.fi\/fi\/#website\",\"url\":\"https:\/\/reviva.fi\/fi\/\",\"name\":\"Reviva\",\"description\":\"\",\"publisher\":{\"@id\":\"https:\/\/reviva.fi\/fi\/#organization\"},\"potentialAction\":[{\"@type\":\"SearchAction\",\"target\":{\"@type\":\"EntryPoint\",\"urlTemplate\":\"https:\/\/reviva.fi\/fi\/?s={search_term_string}\"},\"query-input\":{\"@type\":\"PropertyValueSpecification\",\"valueRequired\":true,\"valueName\":\"search_term_string\"}}],\"inLanguage\":\"fi\"},{\"@type\":\"Organization\",\"@id\":\"https:\/\/reviva.fi\/fi\/#organization\",\"name\":\"Reviva\",\"url\":\"https:\/\/reviva.fi\/fi\/\",\"logo\":{\"@type\":\"ImageObject\",\"inLanguage\":\"fi\",\"@id\":\"https:\/\/reviva.fi\/fi\/#\/schema\/logo\/image\/\",\"url\":\"https:\/\/reviva.fi\/wp-content\/uploads\/2023\/10\/reviva-logo2.svg\",\"contentUrl\":\"https:\/\/reviva.fi\/wp-content\/uploads\/2023\/10\/reviva-logo2.svg\",\"caption\":\"Reviva\"},\"image\":{\"@id\":\"https:\/\/reviva.fi\/fi\/#\/schema\/logo\/image\/\"}}]}<\/script>\n<meta property=\"product:price:amount\" content=\"10.55\" \/>\n<meta property=\"product:price:currency\" content=\"EUR\" \/>\n<meta property=\"og:availability\" content=\"instock\" \/>\n<meta property=\"product:availability\" content=\"instock\" \/>\n<meta property=\"product:retailer_item_id\" content=\"222\" \/>\n<meta property=\"product:condition\" content=\"new\" \/>\n<!-- \/ Yoast SEO plugin. -->","yoast_head_json":{"title":"D-vitamiini, 50 \u00b5g","description":"Luonnollinen D3-vitamiini. 1-2 kapselia suositellaan p\u00e4iv\u00e4ss\u00e4. T\u00e4rke\u00e4\u00e4 kaikille pohjoisille, jotka eiv\u00e4t saa tarpeeksi D3-vitamiinia auringosta.","robots":{"index":"index","follow":"follow","max-snippet":"max-snippet:-1","max-image-preview":"max-image-preview:large","max-video-preview":"max-video-preview:-1"},"canonical":"https:\/\/reviva.fi\/fi\/tuote\/d3-vitamiini\/","og_locale":"fi_FI","og_type":"article","og_title":"D-vitamiini, 50 \u00b5g","og_description":"Luonnollinen D3-vitamiini. 1-2 kapselia suositellaan p\u00e4iv\u00e4ss\u00e4. T\u00e4rke\u00e4\u00e4 kaikille pohjoisille, jotka eiv\u00e4t saa tarpeeksi D3-vitamiinia auringosta.","og_url":"https:\/\/reviva.fi\/fi\/tuote\/d3-vitamiini\/","og_site_name":"Reviva","article_modified_time":"2026-04-14T15:05:42+00:00","og_image":[{"width":714,"height":810,"url":"https:\/\/reviva.fi\/wp-content\/uploads\/2021\/02\/222-Vitamin-D3-Photoroom-1-e1769687301813.png","type":"image\/png"}],"twitter_card":"summary_large_image","schema":{"@context":"https:\/\/schema.org","@graph":[{"@type":"WebPage","@id":"https:\/\/reviva.fi\/fi\/tuote\/d3-vitamiini\/","url":"https:\/\/reviva.fi\/fi\/tuote\/d3-vitamiini\/","name":"D-vitamiini, 50 \u00b5g","isPartOf":{"@id":"https:\/\/reviva.fi\/fi\/#website"},"primaryImageOfPage":{"@id":"https:\/\/reviva.fi\/fi\/tuote\/d3-vitamiini\/#primaryimage"},"image":{"@id":"https:\/\/reviva.fi\/fi\/tuote\/d3-vitamiini\/#primaryimage"},"thumbnailUrl":"https:\/\/reviva.fi\/wp-content\/uploads\/2021\/02\/222-Vitamin-D3-Photoroom-1-e1769687301813.png","datePublished":"2021-02-18T17:55:30+00:00","dateModified":"2026-04-14T15:05:42+00:00","description":"Luonnollinen D3-vitamiini. 1-2 kapselia suositellaan p\u00e4iv\u00e4ss\u00e4. T\u00e4rke\u00e4\u00e4 kaikille pohjoisille, jotka eiv\u00e4t saa tarpeeksi D3-vitamiinia auringosta.","breadcrumb":{"@id":"https:\/\/reviva.fi\/fi\/tuote\/d3-vitamiini\/#breadcrumb"},"inLanguage":"fi","potentialAction":[{"@type":"ReadAction","target":["https:\/\/reviva.fi\/fi\/tuote\/d3-vitamiini\/"]}]},{"@type":"ImageObject","inLanguage":"fi","@id":"https:\/\/reviva.fi\/fi\/tuote\/d3-vitamiini\/#primaryimage","url":"https:\/\/reviva.fi\/wp-content\/uploads\/2021\/02\/222-Vitamin-D3-Photoroom-1-e1769687301813.png","contentUrl":"https:\/\/reviva.fi\/wp-content\/uploads\/2021\/02\/222-Vitamin-D3-Photoroom-1-e1769687301813.png","width":714,"height":810,"caption":"Vitamin D3"},{"@type":"BreadcrumbList","@id":"https:\/\/reviva.fi\/fi\/tuote\/d3-vitamiini\/#breadcrumb","itemListElement":[{"@type":"ListItem","position":1,"name":"Etusivu","item":"https:\/\/reviva.fi\/fi\/"},{"@type":"ListItem","position":2,"name":"Tuotteet","item":"https:\/\/reviva.fi\/produkter\/"},{"@type":"ListItem","position":3,"name":"D-vitamiini, 50 \u00b5g"}]},{"@type":"WebSite","@id":"https:\/\/reviva.fi\/fi\/#website","url":"https:\/\/reviva.fi\/fi\/","name":"Reviva","description":"","publisher":{"@id":"https:\/\/reviva.fi\/fi\/#organization"},"potentialAction":[{"@type":"SearchAction","target":{"@type":"EntryPoint","urlTemplate":"https:\/\/reviva.fi\/fi\/?s={search_term_string}"},"query-input":{"@type":"PropertyValueSpecification","valueRequired":true,"valueName":"search_term_string"}}],"inLanguage":"fi"},{"@type":"Organization","@id":"https:\/\/reviva.fi\/fi\/#organization","name":"Reviva","url":"https:\/\/reviva.fi\/fi\/","logo":{"@type":"ImageObject","inLanguage":"fi","@id":"https:\/\/reviva.fi\/fi\/#\/schema\/logo\/image\/","url":"https:\/\/reviva.fi\/wp-content\/uploads\/2023\/10\/reviva-logo2.svg","contentUrl":"https:\/\/reviva.fi\/wp-content\/uploads\/2023\/10\/reviva-logo2.svg","caption":"Reviva"},"image":{"@id":"https:\/\/reviva.fi\/fi\/#\/schema\/logo\/image\/"}}]},"product_price_amount":"10.55","product_price_currency":"EUR","og_availability":"instock","product_availability":"instock","product_retailer_item_id":"222","product_condition":"new"},"taxonomy_info":{"product_cat":[{"value":96,"label":"Vitamiinit"},{"value":2454,"label":"EVP Nutrition"},{"value":2357,"label":"Immuunipuolustus"}]},"featured_image_src_large":["https:\/\/reviva.fi\/wp-content\/uploads\/2021\/02\/222-Vitamin-D3-Photoroom-1-1024x682.png",1024,682,true],"author_info":[],"comment_info":0,"_links":{"self":[{"href":"https:\/\/reviva.fi\/fi\/wp-json\/wp\/v2\/product\/649","targetHints":{"allow":["GET"]}}],"collection":[{"href":"https:\/\/reviva.fi\/fi\/wp-json\/wp\/v2\/product"}],"about":[{"href":"https:\/\/reviva.fi\/fi\/wp-json\/wp\/v2\/types\/product"}],"replies":[{"embeddable":true,"href":"https:\/\/reviva.fi\/fi\/wp-json\/wp\/v2\/comments?post=649"}],"wp:featuredmedia":[{"embeddable":true,"href":"https:\/\/reviva.fi\/fi\/wp-json\/wp\/v2\/media\/13744"}],"wp:attachment":[{"href":"https:\/\/reviva.fi\/fi\/wp-json\/wp\/v2\/media?parent=649"}],"wp:term":[{"taxonomy":"product_brand","embeddable":true,"href":"https:\/\/reviva.fi\/fi\/wp-json\/wp\/v2\/product_brand?post=649"},{"taxonomy":"product_cat","embeddable":true,"href":"https:\/\/reviva.fi\/fi\/wp-json\/wp\/v2\/product_cat?post=649"},{"taxonomy":"product_tag","embeddable":true,"href":"https:\/\/reviva.fi\/fi\/wp-json\/wp\/v2\/product_tag?post=649"}],"curies":[{"name":"wp","href":"https:\/\/api.w.org\/{rel}","templated":true}]}}