{"id":689,"date":"2021-02-18T21:35:38","date_gmt":"2021-02-18T19:35:38","guid":{"rendered":"https:\/\/reviva.dev.wikstrommedia.fi\/product\/l-lysin-100-gram\/"},"modified":"2026-01-21T14:29:48","modified_gmt":"2026-01-21T12:29:48","slug":"l-lysiini","status":"publish","type":"product","link":"https:\/\/reviva.fi\/fi\/tuote\/l-lysiini\/","title":{"rendered":"L-lysiini, 100 g"},"content":{"rendered":"<p><strong>L-lysiini, 100 grammaa<\/strong><\/p>\n<p>100 % puhdasta L-lysiini\u00e4.<\/p>\n<p>Lysiini on v\u00e4ltt\u00e4m\u00e4t\u00f6n aminohappo. Sit\u00e4 ei muodostu ihmisess\u00e4, joten se on nautittava proteiineina.<\/p>\n<p>L-lysiini on v\u00e4ltt\u00e4m\u00e4t\u00f6n rakennusosa kaikille kehon proteiineille. L-lysiinill\u00e4 on t\u00e4rke\u00e4 rooli kehon hormonien, entsyymien ja vasta-aineiden tuotannossa.<\/p>\n<p>L-lysiini on t\u00e4rke\u00e4 osa kollageenia ja sit\u00e4 esiintyy suurina pitoisuuksina lihaskudoksessa.<\/p>\n<p>Lysiini\u00e4 tarvitsevat erityisesti vegaanit ja rankasti treenaavat urheilijat.<\/p>\n","protected":false},"excerpt":{"rendered":"<p>100 % puhdasta L-lysiini\u00e4.<\/p>\n<p><strong>100 grammaa<\/strong><\/p>\n","protected":false},"featured_media":9313,"comment_status":"open","ping_status":"closed","template":"","meta":{"_acf_changed":false,"inline_featured_image":false,"_kad_blocks_custom_css":"","_kad_blocks_head_custom_js":"","_kad_blocks_body_custom_js":"","_kad_blocks_footer_custom_js":"","_kadence_starter_templates_imported_post":false,"_kad_post_transparent":"default","_kad_post_title":"","_kad_post_layout":"default","_kad_post_sidebar_id":"","_kad_post_content_style":"default","_kad_post_vertical_padding":"default","_kad_post_feature":"","_kad_post_feature_position":"","_kad_post_header":false,"_kad_post_footer":false},"product_brand":[],"product_cat":[88,2454,2357,2350],"product_tag":[],"class_list":{"0":"post-689","1":"product","2":"type-product","3":"status-publish","4":"has-post-thumbnail","6":"product_cat-aminosyror-fi","7":"product_cat-evp-nutrition-fi","8":"product_cat-immunforsvar-fi","9":"product_cat-hud-och-skonhet-fi","11":"first","12":"instock","13":"taxable","14":"shipping-taxable","15":"purchasable","16":"product-type-simple","17":"entry","18":"content-bg","19":"loop-entry"},"acf":[],"yoast_head":"<!-- This site is optimized with the Yoast SEO plugin v25.8 - https:\/\/yoast.com\/wordpress\/plugins\/seo\/ -->\n<title>L-lysiini, 100 g - Reviva<\/title>\n<meta name=\"description\" content=\"L-lysiini - k\u00e4ytet\u00e4\u00e4n herpes simplex- ja virusinfektioissa. My\u00f6s kalsiumaineenvaihdunnan h\u00e4iriintymiseen ja kilpirauhasen vajaatoimintaan.\" \/>\n<meta name=\"robots\" content=\"index, follow, max-snippet:-1, max-image-preview:large, max-video-preview:-1\" \/>\n<link rel=\"canonical\" href=\"https:\/\/reviva.fi\/fi\/tuote\/l-lysiini\/\" \/>\n<meta property=\"og:locale\" content=\"fi_FI\" \/>\n<meta property=\"og:type\" content=\"article\" \/>\n<meta property=\"og:title\" content=\"L-lysiini, 100 g - Reviva\" \/>\n<meta property=\"og:description\" content=\"L-lysiini - k\u00e4ytet\u00e4\u00e4n herpes simplex- ja virusinfektioissa. My\u00f6s kalsiumaineenvaihdunnan h\u00e4iriintymiseen ja kilpirauhasen vajaatoimintaan.\" \/>\n<meta property=\"og:url\" content=\"https:\/\/reviva.fi\/fi\/tuote\/l-lysiini\/\" \/>\n<meta property=\"og:site_name\" content=\"Reviva\" \/>\n<meta property=\"article:modified_time\" content=\"2026-01-21T12:29:48+00:00\" \/>\n<meta property=\"og:image\" content=\"https:\/\/reviva.fi\/wp-content\/uploads\/2021\/02\/L-lysin-pulver.png\" \/>\n\t<meta property=\"og:image:width\" content=\"1600\" \/>\n\t<meta property=\"og:image:height\" content=\"1600\" \/>\n\t<meta property=\"og:image:type\" content=\"image\/png\" \/>\n<meta name=\"twitter:card\" content=\"summary_large_image\" \/>\n<script type=\"application\/ld+json\" class=\"yoast-schema-graph\">{\"@context\":\"https:\/\/schema.org\",\"@graph\":[{\"@type\":\"WebPage\",\"@id\":\"https:\/\/reviva.fi\/fi\/tuote\/l-lysiini\/\",\"url\":\"https:\/\/reviva.fi\/fi\/tuote\/l-lysiini\/\",\"name\":\"L-lysiini, 100 g - Reviva\",\"isPartOf\":{\"@id\":\"https:\/\/reviva.fi\/fi\/#website\"},\"primaryImageOfPage\":{\"@id\":\"https:\/\/reviva.fi\/fi\/tuote\/l-lysiini\/#primaryimage\"},\"image\":{\"@id\":\"https:\/\/reviva.fi\/fi\/tuote\/l-lysiini\/#primaryimage\"},\"thumbnailUrl\":\"https:\/\/reviva.fi\/wp-content\/uploads\/2021\/02\/L-lysin-pulver.png\",\"datePublished\":\"2021-02-18T19:35:38+00:00\",\"dateModified\":\"2026-01-21T12:29:48+00:00\",\"description\":\"L-lysiini - k\u00e4ytet\u00e4\u00e4n herpes simplex- ja virusinfektioissa. My\u00f6s kalsiumaineenvaihdunnan h\u00e4iriintymiseen ja kilpirauhasen vajaatoimintaan.\",\"breadcrumb\":{\"@id\":\"https:\/\/reviva.fi\/fi\/tuote\/l-lysiini\/#breadcrumb\"},\"inLanguage\":\"fi\",\"potentialAction\":[{\"@type\":\"ReadAction\",\"target\":[\"https:\/\/reviva.fi\/fi\/tuote\/l-lysiini\/\"]}]},{\"@type\":\"ImageObject\",\"inLanguage\":\"fi\",\"@id\":\"https:\/\/reviva.fi\/fi\/tuote\/l-lysiini\/#primaryimage\",\"url\":\"https:\/\/reviva.fi\/wp-content\/uploads\/2021\/02\/L-lysin-pulver.png\",\"contentUrl\":\"https:\/\/reviva.fi\/wp-content\/uploads\/2021\/02\/L-lysin-pulver.png\",\"width\":1600,\"height\":1600,\"caption\":\"L-lysiini, jauhe\"},{\"@type\":\"BreadcrumbList\",\"@id\":\"https:\/\/reviva.fi\/fi\/tuote\/l-lysiini\/#breadcrumb\",\"itemListElement\":[{\"@type\":\"ListItem\",\"position\":1,\"name\":\"Etusivu\",\"item\":\"https:\/\/reviva.fi\/fi\/\"},{\"@type\":\"ListItem\",\"position\":2,\"name\":\"Tuotteet\",\"item\":\"https:\/\/reviva.fi\/produkter\/\"},{\"@type\":\"ListItem\",\"position\":3,\"name\":\"L-lysiini, 100 g\"}]},{\"@type\":\"WebSite\",\"@id\":\"https:\/\/reviva.fi\/fi\/#website\",\"url\":\"https:\/\/reviva.fi\/fi\/\",\"name\":\"Reviva\",\"description\":\"\",\"publisher\":{\"@id\":\"https:\/\/reviva.fi\/fi\/#organization\"},\"potentialAction\":[{\"@type\":\"SearchAction\",\"target\":{\"@type\":\"EntryPoint\",\"urlTemplate\":\"https:\/\/reviva.fi\/fi\/?s={search_term_string}\"},\"query-input\":{\"@type\":\"PropertyValueSpecification\",\"valueRequired\":true,\"valueName\":\"search_term_string\"}}],\"inLanguage\":\"fi\"},{\"@type\":\"Organization\",\"@id\":\"https:\/\/reviva.fi\/fi\/#organization\",\"name\":\"Reviva\",\"url\":\"https:\/\/reviva.fi\/fi\/\",\"logo\":{\"@type\":\"ImageObject\",\"inLanguage\":\"fi\",\"@id\":\"https:\/\/reviva.fi\/fi\/#\/schema\/logo\/image\/\",\"url\":\"https:\/\/reviva.fi\/wp-content\/uploads\/2023\/10\/reviva-logo2.svg\",\"contentUrl\":\"https:\/\/reviva.fi\/wp-content\/uploads\/2023\/10\/reviva-logo2.svg\",\"caption\":\"Reviva\"},\"image\":{\"@id\":\"https:\/\/reviva.fi\/fi\/#\/schema\/logo\/image\/\"}}]}<\/script>\n<meta property=\"product:price:amount\" content=\"31.45\" \/>\n<meta property=\"product:price:currency\" content=\"EUR\" \/>\n<meta property=\"og:availability\" content=\"instock\" \/>\n<meta property=\"product:availability\" content=\"instock\" \/>\n<meta property=\"product:retailer_item_id\" content=\"306\" \/>\n<meta property=\"product:condition\" content=\"new\" \/>\n<!-- \/ Yoast SEO plugin. -->","yoast_head_json":{"title":"L-lysiini, 100 g - Reviva","description":"L-lysiini - k\u00e4ytet\u00e4\u00e4n herpes simplex- ja virusinfektioissa. My\u00f6s kalsiumaineenvaihdunnan h\u00e4iriintymiseen ja kilpirauhasen vajaatoimintaan.","robots":{"index":"index","follow":"follow","max-snippet":"max-snippet:-1","max-image-preview":"max-image-preview:large","max-video-preview":"max-video-preview:-1"},"canonical":"https:\/\/reviva.fi\/fi\/tuote\/l-lysiini\/","og_locale":"fi_FI","og_type":"article","og_title":"L-lysiini, 100 g - Reviva","og_description":"L-lysiini - k\u00e4ytet\u00e4\u00e4n herpes simplex- ja virusinfektioissa. My\u00f6s kalsiumaineenvaihdunnan h\u00e4iriintymiseen ja kilpirauhasen vajaatoimintaan.","og_url":"https:\/\/reviva.fi\/fi\/tuote\/l-lysiini\/","og_site_name":"Reviva","article_modified_time":"2026-01-21T12:29:48+00:00","og_image":[{"width":1600,"height":1600,"url":"https:\/\/reviva.fi\/wp-content\/uploads\/2021\/02\/L-lysin-pulver.png","type":"image\/png"}],"twitter_card":"summary_large_image","schema":{"@context":"https:\/\/schema.org","@graph":[{"@type":"WebPage","@id":"https:\/\/reviva.fi\/fi\/tuote\/l-lysiini\/","url":"https:\/\/reviva.fi\/fi\/tuote\/l-lysiini\/","name":"L-lysiini, 100 g - Reviva","isPartOf":{"@id":"https:\/\/reviva.fi\/fi\/#website"},"primaryImageOfPage":{"@id":"https:\/\/reviva.fi\/fi\/tuote\/l-lysiini\/#primaryimage"},"image":{"@id":"https:\/\/reviva.fi\/fi\/tuote\/l-lysiini\/#primaryimage"},"thumbnailUrl":"https:\/\/reviva.fi\/wp-content\/uploads\/2021\/02\/L-lysin-pulver.png","datePublished":"2021-02-18T19:35:38+00:00","dateModified":"2026-01-21T12:29:48+00:00","description":"L-lysiini - k\u00e4ytet\u00e4\u00e4n herpes simplex- ja virusinfektioissa. My\u00f6s kalsiumaineenvaihdunnan h\u00e4iriintymiseen ja kilpirauhasen vajaatoimintaan.","breadcrumb":{"@id":"https:\/\/reviva.fi\/fi\/tuote\/l-lysiini\/#breadcrumb"},"inLanguage":"fi","potentialAction":[{"@type":"ReadAction","target":["https:\/\/reviva.fi\/fi\/tuote\/l-lysiini\/"]}]},{"@type":"ImageObject","inLanguage":"fi","@id":"https:\/\/reviva.fi\/fi\/tuote\/l-lysiini\/#primaryimage","url":"https:\/\/reviva.fi\/wp-content\/uploads\/2021\/02\/L-lysin-pulver.png","contentUrl":"https:\/\/reviva.fi\/wp-content\/uploads\/2021\/02\/L-lysin-pulver.png","width":1600,"height":1600,"caption":"L-lysiini, jauhe"},{"@type":"BreadcrumbList","@id":"https:\/\/reviva.fi\/fi\/tuote\/l-lysiini\/#breadcrumb","itemListElement":[{"@type":"ListItem","position":1,"name":"Etusivu","item":"https:\/\/reviva.fi\/fi\/"},{"@type":"ListItem","position":2,"name":"Tuotteet","item":"https:\/\/reviva.fi\/produkter\/"},{"@type":"ListItem","position":3,"name":"L-lysiini, 100 g"}]},{"@type":"WebSite","@id":"https:\/\/reviva.fi\/fi\/#website","url":"https:\/\/reviva.fi\/fi\/","name":"Reviva","description":"","publisher":{"@id":"https:\/\/reviva.fi\/fi\/#organization"},"potentialAction":[{"@type":"SearchAction","target":{"@type":"EntryPoint","urlTemplate":"https:\/\/reviva.fi\/fi\/?s={search_term_string}"},"query-input":{"@type":"PropertyValueSpecification","valueRequired":true,"valueName":"search_term_string"}}],"inLanguage":"fi"},{"@type":"Organization","@id":"https:\/\/reviva.fi\/fi\/#organization","name":"Reviva","url":"https:\/\/reviva.fi\/fi\/","logo":{"@type":"ImageObject","inLanguage":"fi","@id":"https:\/\/reviva.fi\/fi\/#\/schema\/logo\/image\/","url":"https:\/\/reviva.fi\/wp-content\/uploads\/2023\/10\/reviva-logo2.svg","contentUrl":"https:\/\/reviva.fi\/wp-content\/uploads\/2023\/10\/reviva-logo2.svg","caption":"Reviva"},"image":{"@id":"https:\/\/reviva.fi\/fi\/#\/schema\/logo\/image\/"}}]},"product_price_amount":"31.45","product_price_currency":"EUR","og_availability":"instock","product_availability":"instock","product_retailer_item_id":"306","product_condition":"new"},"taxonomy_info":{"product_cat":[{"value":88,"label":"Aminohapot"},{"value":2454,"label":"EVP Nutrition"},{"value":2357,"label":"Immuunipuolustus"},{"value":2350,"label":"Iho &amp; Kauneus"}]},"featured_image_src_large":["https:\/\/reviva.fi\/wp-content\/uploads\/2021\/02\/L-lysin-pulver-1024x1024.png",1024,1024,true],"author_info":[],"comment_info":0,"_links":{"self":[{"href":"https:\/\/reviva.fi\/fi\/wp-json\/wp\/v2\/product\/689","targetHints":{"allow":["GET"]}}],"collection":[{"href":"https:\/\/reviva.fi\/fi\/wp-json\/wp\/v2\/product"}],"about":[{"href":"https:\/\/reviva.fi\/fi\/wp-json\/wp\/v2\/types\/product"}],"replies":[{"embeddable":true,"href":"https:\/\/reviva.fi\/fi\/wp-json\/wp\/v2\/comments?post=689"}],"wp:featuredmedia":[{"embeddable":true,"href":"https:\/\/reviva.fi\/fi\/wp-json\/wp\/v2\/media\/9313"}],"wp:attachment":[{"href":"https:\/\/reviva.fi\/fi\/wp-json\/wp\/v2\/media?parent=689"}],"wp:term":[{"taxonomy":"product_brand","embeddable":true,"href":"https:\/\/reviva.fi\/fi\/wp-json\/wp\/v2\/product_brand?post=689"},{"taxonomy":"product_cat","embeddable":true,"href":"https:\/\/reviva.fi\/fi\/wp-json\/wp\/v2\/product_cat?post=689"},{"taxonomy":"product_tag","embeddable":true,"href":"https:\/\/reviva.fi\/fi\/wp-json\/wp\/v2\/product_tag?post=689"}],"curies":[{"name":"wp","href":"https:\/\/api.w.org\/{rel}","templated":true}]}}