{"id":714,"date":"2021-02-19T14:16:11","date_gmt":"2021-02-19T12:16:11","guid":{"rendered":"https:\/\/reviva.dev.wikstrommedia.fi\/?post_type=product&#038;p=714"},"modified":"2026-04-13T07:49:21","modified_gmt":"2026-04-13T04:49:21","slug":"seleeni-e-b6-vitamiinilla","status":"publish","type":"product","link":"https:\/\/reviva.fi\/fi\/tuote\/seleeni-e-b6-vitamiinilla\/","title":{"rendered":"Seleeni Synergos, Selenmetioniini, E-vitamiini &#038; B6-vitamiini"},"content":{"rendered":"<p><strong>Yleist\u00e4 tietoa<\/strong><\/p>\n<p>Seleeni on hivenaine ja v\u00e4ltt\u00e4m\u00e4t\u00f6n ravintoaine ihmisille. Seleeni on vuorovaikutuksessa E-vitamiinin kanssa sen antioksidanttivaikutuksessa.<\/p>\n<p>Fysiologisesti seleeni on t\u00e4rke\u00e4\u00e4 syd\u00e4men ja lihasten toiminnalle.\u00a0 Se on t\u00e4rke\u00e4 osa kehon immuunij\u00e4rjestelm\u00e4\u00e4 ja suojaa mm.vallergioilta vastaan.<\/p>\n<p>Seleeni on t\u00e4rke\u00e4 mineraali, joka on sis\u00e4llytetty useisiin biokemiallisiin prosesseihin elimist\u00f6ss\u00e4.<\/p>\n<p><strong>Seleeni edist\u00e4\u00e4:<\/strong><\/p>\n<ul>\n<li>normaalia siitti\u00f6iden muodostusta<\/li>\n<li>hiusten pysymist\u00e4 normaaleina<\/li>\n<li>kynsien pysymist\u00e4 normaaleina<\/li>\n<li>immuunij\u00e4rjestelm\u00e4n normaalia toimintaa<\/li>\n<li>kilpirauhasen normaalia toimintaa<\/li>\n<\/ul>\n","protected":false},"excerpt":{"rendered":"<p><strong>Seleeni E- &amp; B6-vitamiinilla<\/strong><\/p>\n<p><strong>60 tablettia<\/strong><\/p>\n","protected":false},"featured_media":11788,"comment_status":"open","ping_status":"closed","template":"","meta":{"_acf_changed":false,"inline_featured_image":false,"_kad_blocks_custom_css":"","_kad_blocks_head_custom_js":"","_kad_blocks_body_custom_js":"","_kad_blocks_footer_custom_js":"","_kadence_starter_templates_imported_post":false,"_kad_post_transparent":"default","_kad_post_title":"","_kad_post_layout":"default","_kad_post_sidebar_id":"","_kad_post_content_style":"default","_kad_post_vertical_padding":"default","_kad_post_feature":"","_kad_post_feature_position":"","_kad_post_header":false,"_kad_post_footer":false},"product_brand":[],"product_cat":[93,2454,2357,2350],"product_tag":[],"class_list":{"0":"post-714","1":"product","2":"type-product","3":"status-publish","4":"has-post-thumbnail","6":"product_cat-mineraler-fi","7":"product_cat-evp-nutrition-fi","8":"product_cat-immunforsvar-fi","9":"product_cat-hud-och-skonhet-fi","11":"first","12":"instock","13":"taxable","14":"shipping-taxable","15":"purchasable","16":"product-type-simple","17":"entry","18":"content-bg","19":"loop-entry"},"acf":[],"yoast_head":"<!-- This site is optimized with the Yoast SEO plugin v25.8 - https:\/\/yoast.com\/wordpress\/plugins\/seo\/ -->\n<title>Seleeni Synergos, Selenmetioniini, E-vitamiini &amp; B6-vitamiini<\/title>\n<meta name=\"description\" content=\"Eritt\u00e4in t\u00e4rke\u00e4 antioksidantti. Seleeni E- &amp; B6-vitamiinilla suojaa kehoa hapettumisreaktioilta, jotka tuhoavat soluja ja nopeuttavat ik\u00e4\u00e4ntymist\u00e4.\" \/>\n<meta name=\"robots\" content=\"index, follow, max-snippet:-1, max-image-preview:large, max-video-preview:-1\" \/>\n<link rel=\"canonical\" href=\"https:\/\/reviva.fi\/fi\/tuote\/seleeni-e-b6-vitamiinilla\/\" \/>\n<meta property=\"og:locale\" content=\"fi_FI\" \/>\n<meta property=\"og:type\" content=\"article\" \/>\n<meta property=\"og:title\" content=\"Seleeni Synergos, Selenmetioniini, E-vitamiini &amp; B6-vitamiini\" \/>\n<meta property=\"og:description\" content=\"Eritt\u00e4in t\u00e4rke\u00e4 antioksidantti. Seleeni E- &amp; B6-vitamiinilla suojaa kehoa hapettumisreaktioilta, jotka tuhoavat soluja ja nopeuttavat ik\u00e4\u00e4ntymist\u00e4.\" \/>\n<meta property=\"og:url\" content=\"https:\/\/reviva.fi\/fi\/tuote\/seleeni-e-b6-vitamiinilla\/\" \/>\n<meta property=\"og:site_name\" content=\"Reviva\" \/>\n<meta property=\"article:modified_time\" content=\"2026-04-13T04:49:21+00:00\" \/>\n<meta property=\"og:image\" content=\"https:\/\/reviva.fi\/wp-content\/uploads\/2021\/02\/Selen-Synergos-214-Photoroom-2-e1744885697278.png\" \/>\n\t<meta property=\"og:image:width\" content=\"846\" \/>\n\t<meta property=\"og:image:height\" content=\"952\" \/>\n\t<meta property=\"og:image:type\" content=\"image\/png\" \/>\n<meta name=\"twitter:card\" content=\"summary_large_image\" \/>\n<script type=\"application\/ld+json\" class=\"yoast-schema-graph\">{\"@context\":\"https:\/\/schema.org\",\"@graph\":[{\"@type\":\"WebPage\",\"@id\":\"https:\/\/reviva.fi\/fi\/tuote\/seleeni-e-b6-vitamiinilla\/\",\"url\":\"https:\/\/reviva.fi\/fi\/tuote\/seleeni-e-b6-vitamiinilla\/\",\"name\":\"Seleeni Synergos, Selenmetioniini, E-vitamiini & B6-vitamiini\",\"isPartOf\":{\"@id\":\"https:\/\/reviva.fi\/fi\/#website\"},\"primaryImageOfPage\":{\"@id\":\"https:\/\/reviva.fi\/fi\/tuote\/seleeni-e-b6-vitamiinilla\/#primaryimage\"},\"image\":{\"@id\":\"https:\/\/reviva.fi\/fi\/tuote\/seleeni-e-b6-vitamiinilla\/#primaryimage\"},\"thumbnailUrl\":\"https:\/\/reviva.fi\/wp-content\/uploads\/2021\/02\/Selen-Synergos-214-Photoroom-2-e1744885697278.png\",\"datePublished\":\"2021-02-19T12:16:11+00:00\",\"dateModified\":\"2026-04-13T04:49:21+00:00\",\"description\":\"Eritt\u00e4in t\u00e4rke\u00e4 antioksidantti. Seleeni E- & B6-vitamiinilla suojaa kehoa hapettumisreaktioilta, jotka tuhoavat soluja ja nopeuttavat ik\u00e4\u00e4ntymist\u00e4.\",\"breadcrumb\":{\"@id\":\"https:\/\/reviva.fi\/fi\/tuote\/seleeni-e-b6-vitamiinilla\/#breadcrumb\"},\"inLanguage\":\"fi\",\"potentialAction\":[{\"@type\":\"ReadAction\",\"target\":[\"https:\/\/reviva.fi\/fi\/tuote\/seleeni-e-b6-vitamiinilla\/\"]}]},{\"@type\":\"ImageObject\",\"inLanguage\":\"fi\",\"@id\":\"https:\/\/reviva.fi\/fi\/tuote\/seleeni-e-b6-vitamiinilla\/#primaryimage\",\"url\":\"https:\/\/reviva.fi\/wp-content\/uploads\/2021\/02\/Selen-Synergos-214-Photoroom-2-e1744885697278.png\",\"contentUrl\":\"https:\/\/reviva.fi\/wp-content\/uploads\/2021\/02\/Selen-Synergos-214-Photoroom-2-e1744885697278.png\",\"width\":846,\"height\":952,\"caption\":\"Selen Synergos\"},{\"@type\":\"BreadcrumbList\",\"@id\":\"https:\/\/reviva.fi\/fi\/tuote\/seleeni-e-b6-vitamiinilla\/#breadcrumb\",\"itemListElement\":[{\"@type\":\"ListItem\",\"position\":1,\"name\":\"Etusivu\",\"item\":\"https:\/\/reviva.fi\/fi\/\"},{\"@type\":\"ListItem\",\"position\":2,\"name\":\"Tuotteet\",\"item\":\"https:\/\/reviva.fi\/produkter\/\"},{\"@type\":\"ListItem\",\"position\":3,\"name\":\"Seleeni Synergos, Selenmetioniini, E-vitamiini &#038; B6-vitamiini\"}]},{\"@type\":\"WebSite\",\"@id\":\"https:\/\/reviva.fi\/fi\/#website\",\"url\":\"https:\/\/reviva.fi\/fi\/\",\"name\":\"Reviva\",\"description\":\"\",\"publisher\":{\"@id\":\"https:\/\/reviva.fi\/fi\/#organization\"},\"potentialAction\":[{\"@type\":\"SearchAction\",\"target\":{\"@type\":\"EntryPoint\",\"urlTemplate\":\"https:\/\/reviva.fi\/fi\/?s={search_term_string}\"},\"query-input\":{\"@type\":\"PropertyValueSpecification\",\"valueRequired\":true,\"valueName\":\"search_term_string\"}}],\"inLanguage\":\"fi\"},{\"@type\":\"Organization\",\"@id\":\"https:\/\/reviva.fi\/fi\/#organization\",\"name\":\"Reviva\",\"url\":\"https:\/\/reviva.fi\/fi\/\",\"logo\":{\"@type\":\"ImageObject\",\"inLanguage\":\"fi\",\"@id\":\"https:\/\/reviva.fi\/fi\/#\/schema\/logo\/image\/\",\"url\":\"https:\/\/reviva.fi\/wp-content\/uploads\/2023\/10\/reviva-logo2.svg\",\"contentUrl\":\"https:\/\/reviva.fi\/wp-content\/uploads\/2023\/10\/reviva-logo2.svg\",\"caption\":\"Reviva\"},\"image\":{\"@id\":\"https:\/\/reviva.fi\/fi\/#\/schema\/logo\/image\/\"}}]}<\/script>\n<meta property=\"product:price:amount\" content=\"13.80\" \/>\n<meta property=\"product:price:currency\" content=\"EUR\" \/>\n<meta property=\"og:availability\" content=\"instock\" \/>\n<meta property=\"product:availability\" content=\"instock\" \/>\n<meta property=\"product:retailer_item_id\" content=\"214\" \/>\n<meta property=\"product:condition\" content=\"new\" \/>\n<!-- \/ Yoast SEO plugin. -->","yoast_head_json":{"title":"Seleeni Synergos, Selenmetioniini, E-vitamiini & B6-vitamiini","description":"Eritt\u00e4in t\u00e4rke\u00e4 antioksidantti. Seleeni E- & B6-vitamiinilla suojaa kehoa hapettumisreaktioilta, jotka tuhoavat soluja ja nopeuttavat ik\u00e4\u00e4ntymist\u00e4.","robots":{"index":"index","follow":"follow","max-snippet":"max-snippet:-1","max-image-preview":"max-image-preview:large","max-video-preview":"max-video-preview:-1"},"canonical":"https:\/\/reviva.fi\/fi\/tuote\/seleeni-e-b6-vitamiinilla\/","og_locale":"fi_FI","og_type":"article","og_title":"Seleeni Synergos, Selenmetioniini, E-vitamiini & B6-vitamiini","og_description":"Eritt\u00e4in t\u00e4rke\u00e4 antioksidantti. Seleeni E- & B6-vitamiinilla suojaa kehoa hapettumisreaktioilta, jotka tuhoavat soluja ja nopeuttavat ik\u00e4\u00e4ntymist\u00e4.","og_url":"https:\/\/reviva.fi\/fi\/tuote\/seleeni-e-b6-vitamiinilla\/","og_site_name":"Reviva","article_modified_time":"2026-04-13T04:49:21+00:00","og_image":[{"width":846,"height":952,"url":"https:\/\/reviva.fi\/wp-content\/uploads\/2021\/02\/Selen-Synergos-214-Photoroom-2-e1744885697278.png","type":"image\/png"}],"twitter_card":"summary_large_image","schema":{"@context":"https:\/\/schema.org","@graph":[{"@type":"WebPage","@id":"https:\/\/reviva.fi\/fi\/tuote\/seleeni-e-b6-vitamiinilla\/","url":"https:\/\/reviva.fi\/fi\/tuote\/seleeni-e-b6-vitamiinilla\/","name":"Seleeni Synergos, Selenmetioniini, E-vitamiini & B6-vitamiini","isPartOf":{"@id":"https:\/\/reviva.fi\/fi\/#website"},"primaryImageOfPage":{"@id":"https:\/\/reviva.fi\/fi\/tuote\/seleeni-e-b6-vitamiinilla\/#primaryimage"},"image":{"@id":"https:\/\/reviva.fi\/fi\/tuote\/seleeni-e-b6-vitamiinilla\/#primaryimage"},"thumbnailUrl":"https:\/\/reviva.fi\/wp-content\/uploads\/2021\/02\/Selen-Synergos-214-Photoroom-2-e1744885697278.png","datePublished":"2021-02-19T12:16:11+00:00","dateModified":"2026-04-13T04:49:21+00:00","description":"Eritt\u00e4in t\u00e4rke\u00e4 antioksidantti. Seleeni E- & B6-vitamiinilla suojaa kehoa hapettumisreaktioilta, jotka tuhoavat soluja ja nopeuttavat ik\u00e4\u00e4ntymist\u00e4.","breadcrumb":{"@id":"https:\/\/reviva.fi\/fi\/tuote\/seleeni-e-b6-vitamiinilla\/#breadcrumb"},"inLanguage":"fi","potentialAction":[{"@type":"ReadAction","target":["https:\/\/reviva.fi\/fi\/tuote\/seleeni-e-b6-vitamiinilla\/"]}]},{"@type":"ImageObject","inLanguage":"fi","@id":"https:\/\/reviva.fi\/fi\/tuote\/seleeni-e-b6-vitamiinilla\/#primaryimage","url":"https:\/\/reviva.fi\/wp-content\/uploads\/2021\/02\/Selen-Synergos-214-Photoroom-2-e1744885697278.png","contentUrl":"https:\/\/reviva.fi\/wp-content\/uploads\/2021\/02\/Selen-Synergos-214-Photoroom-2-e1744885697278.png","width":846,"height":952,"caption":"Selen Synergos"},{"@type":"BreadcrumbList","@id":"https:\/\/reviva.fi\/fi\/tuote\/seleeni-e-b6-vitamiinilla\/#breadcrumb","itemListElement":[{"@type":"ListItem","position":1,"name":"Etusivu","item":"https:\/\/reviva.fi\/fi\/"},{"@type":"ListItem","position":2,"name":"Tuotteet","item":"https:\/\/reviva.fi\/produkter\/"},{"@type":"ListItem","position":3,"name":"Seleeni Synergos, Selenmetioniini, E-vitamiini &#038; B6-vitamiini"}]},{"@type":"WebSite","@id":"https:\/\/reviva.fi\/fi\/#website","url":"https:\/\/reviva.fi\/fi\/","name":"Reviva","description":"","publisher":{"@id":"https:\/\/reviva.fi\/fi\/#organization"},"potentialAction":[{"@type":"SearchAction","target":{"@type":"EntryPoint","urlTemplate":"https:\/\/reviva.fi\/fi\/?s={search_term_string}"},"query-input":{"@type":"PropertyValueSpecification","valueRequired":true,"valueName":"search_term_string"}}],"inLanguage":"fi"},{"@type":"Organization","@id":"https:\/\/reviva.fi\/fi\/#organization","name":"Reviva","url":"https:\/\/reviva.fi\/fi\/","logo":{"@type":"ImageObject","inLanguage":"fi","@id":"https:\/\/reviva.fi\/fi\/#\/schema\/logo\/image\/","url":"https:\/\/reviva.fi\/wp-content\/uploads\/2023\/10\/reviva-logo2.svg","contentUrl":"https:\/\/reviva.fi\/wp-content\/uploads\/2023\/10\/reviva-logo2.svg","caption":"Reviva"},"image":{"@id":"https:\/\/reviva.fi\/fi\/#\/schema\/logo\/image\/"}}]},"product_price_amount":"13.80","product_price_currency":"EUR","og_availability":"instock","product_availability":"instock","product_retailer_item_id":"214","product_condition":"new"},"taxonomy_info":{"product_cat":[{"value":93,"label":"Mineraalit"},{"value":2454,"label":"EVP Nutrition"},{"value":2357,"label":"Immuunipuolustus"},{"value":2350,"label":"Iho &amp; Kauneus"}]},"featured_image_src_large":["https:\/\/reviva.fi\/wp-content\/uploads\/2021\/02\/Selen-Synergos-214-Photoroom-2-e1744885628590-940x1024.png",940,1024,true],"author_info":[],"comment_info":0,"_links":{"self":[{"href":"https:\/\/reviva.fi\/fi\/wp-json\/wp\/v2\/product\/714","targetHints":{"allow":["GET"]}}],"collection":[{"href":"https:\/\/reviva.fi\/fi\/wp-json\/wp\/v2\/product"}],"about":[{"href":"https:\/\/reviva.fi\/fi\/wp-json\/wp\/v2\/types\/product"}],"replies":[{"embeddable":true,"href":"https:\/\/reviva.fi\/fi\/wp-json\/wp\/v2\/comments?post=714"}],"wp:featuredmedia":[{"embeddable":true,"href":"https:\/\/reviva.fi\/fi\/wp-json\/wp\/v2\/media\/11788"}],"wp:attachment":[{"href":"https:\/\/reviva.fi\/fi\/wp-json\/wp\/v2\/media?parent=714"}],"wp:term":[{"taxonomy":"product_brand","embeddable":true,"href":"https:\/\/reviva.fi\/fi\/wp-json\/wp\/v2\/product_brand?post=714"},{"taxonomy":"product_cat","embeddable":true,"href":"https:\/\/reviva.fi\/fi\/wp-json\/wp\/v2\/product_cat?post=714"},{"taxonomy":"product_tag","embeddable":true,"href":"https:\/\/reviva.fi\/fi\/wp-json\/wp\/v2\/product_tag?post=714"}],"curies":[{"name":"wp","href":"https:\/\/api.w.org\/{rel}","templated":true}]}}