{"id":8026,"date":"2023-12-13T09:22:38","date_gmt":"2023-12-13T07:22:38","guid":{"rendered":"https:\/\/reviva.fi\/product\/l-metionin-lamberts\/"},"modified":"2026-02-23T15:06:05","modified_gmt":"2026-02-23T13:06:05","slug":"l-metionin-lamberts","status":"publish","type":"product","link":"https:\/\/reviva.fi\/fi\/tuote\/l-metionin-lamberts\/","title":{"rendered":"L-metioniini 500 mg &#8211; Lamberts"},"content":{"rendered":"<p data-start=\"90\" data-end=\"161\"><strong data-start=\"93\" data-end=\"161\">Pure Grade L-Metioniini (Free Form \u2013 Easy Absorption) \u2013 Lamberts<\/strong><\/p>\n<p data-start=\"163\" data-end=\"210\">Puhdas v\u00e4ltt\u00e4m\u00e4t\u00f6n aminohappo vapaassa muodossa<\/p>\n<p data-start=\"212\" data-end=\"518\">Lamberts Pure Grade L-Metioniini on korkealaatuinen ravintolis\u00e4, joka sis\u00e4lt\u00e4\u00e4 L-metioniinia vapaassa muodossa (free form). T\u00e4m\u00e4 tarkoittaa, ett\u00e4 aminohappo ei ole sitoutunut proteiiniin, vaan on valmiina imeytym\u00e4\u00e4n suoraan elimist\u00f6\u00f6n ilman, ett\u00e4 sit\u00e4 tarvitsee ensin pilkkoa ruoansulatusentsyymien avulla.<\/p>\n<p data-start=\"520\" data-end=\"798\">L-metioniini on v\u00e4ltt\u00e4m\u00e4t\u00f6n aminohappo, mik\u00e4 tarkoittaa, ett\u00e4 elimist\u00f6 ei pysty tuottamaan sit\u00e4 itse, vaan sit\u00e4 on saatava ravinnosta. Tuote on kehitetty sinulle, joka haluat t\u00e4ydent\u00e4\u00e4 p\u00e4ivitt\u00e4ist\u00e4 t\u00e4m\u00e4n t\u00e4rke\u00e4n aminohapon saantia k\u00e4yt\u00e4nn\u00f6llisess\u00e4 tabletti- tai kapselimuodossa.<\/p>\n<div data-start=\"805\" data-end=\"834\"><strong data-start=\"809\" data-end=\"834\">Mit\u00e4 L-metioniini on?<\/strong><\/div>\n<p data-start=\"836\" data-end=\"1036\">L-metioniini on rikki\u00e4 sis\u00e4lt\u00e4v\u00e4 aminohappo, joka kuuluu elimist\u00f6n proteiinien rakenneosiiin. Aminohapot toimivat proteiinien rakennusaineina ja osallistuvat moniin elimist\u00f6n biologisiin prosesseihin.<\/p>\n<p data-start=\"1038\" data-end=\"1114\">Koska metioniini on v\u00e4ltt\u00e4m\u00e4t\u00f6n aminohappo, sit\u00e4 on saatava ravinnon kautta.<\/p>\n<div data-start=\"1121\" data-end=\"1169\"><strong data-start=\"1125\" data-end=\"1169\">Free Form \u2013 nopea ja tehokas imeytyminen<\/strong><\/div>\n<p data-start=\"1171\" data-end=\"1200\">Vapaa muoto tarkoittaa, ett\u00e4:<\/p>\n<ul data-start=\"1202\" data-end=\"1336\">\n<li data-start=\"1202\" data-end=\"1246\">\n<p data-start=\"1204\" data-end=\"1246\">aminohappo ei ole sitoutunut proteiiniin<\/p>\n<\/li>\n<li data-start=\"1247\" data-end=\"1298\">\n<p data-start=\"1249\" data-end=\"1298\">sit\u00e4 ei tarvitse pilkkoa ruoansulatuksen aikana<\/p>\n<\/li>\n<li data-start=\"1299\" data-end=\"1336\">\n<p data-start=\"1301\" data-end=\"1336\">elimist\u00f6 voi imeytt\u00e4\u00e4 sen suoraan<\/p>\n<\/li>\n<\/ul>\n<p data-start=\"1338\" data-end=\"1452\">T\u00e4m\u00e4 tekee tuotteesta erityisen sopivan henkil\u00f6ille, jotka haluavat puhtaan ja helposti imeytyv\u00e4n aminohappolis\u00e4n.<\/p>\n<div data-start=\"1459\" data-end=\"1500\"><strong data-start=\"1463\" data-end=\"1500\">Puhdas ja tarkasti valvottu laatu<\/strong><\/div>\n<p data-start=\"1502\" data-end=\"1682\">Lamberts k\u00e4ytt\u00e4\u00e4 korkealaatuisia raaka-aineita ja valmistaa aminohappotuotteensa tiukkojen farmaseuttisten GMP-standardien (Good Manufacturing Practice) mukaisesti. T\u00e4m\u00e4 varmistaa:<\/p>\n<ul data-start=\"1684\" data-end=\"1783\">\n<li data-start=\"1684\" data-end=\"1715\">\n<p data-start=\"1686\" data-end=\"1715\">tarkasti valvotut ainesosat<\/p>\n<\/li>\n<li data-start=\"1716\" data-end=\"1749\">\n<p data-start=\"1718\" data-end=\"1749\">oikean ja tasaisen annostelun<\/p>\n<\/li>\n<li data-start=\"1750\" data-end=\"1783\">\n<p data-start=\"1752\" data-end=\"1783\">korkean puhtauden ja vakauden<\/p>\n<\/li>\n<\/ul>\n<p data-start=\"1785\" data-end=\"1855\">Pure Grade L-Metioniini on kehitetty laatu ja turvallisuus etusijalla.<\/p>\n<div data-start=\"1862\" data-end=\"1894\"><strong data-start=\"1866\" data-end=\"1894\">K\u00e4yt\u00e4nn\u00f6llinen annostelu<\/strong><\/div>\n<p data-start=\"1896\" data-end=\"1975\">Tuote on tarkoitettu p\u00e4ivitt\u00e4iseen k\u00e4ytt\u00f6\u00f6n suositellun annostuksen mukaisesti.<\/p>\n<div data-start=\"1982\" data-end=\"2028\"><strong data-start=\"1986\" data-end=\"2028\">Kenelle Pure Grade L-Metioniini sopii?<\/strong><\/div>\n<p data-start=\"2030\" data-end=\"2062\">Tuote voi olla erityisen sopiva:<\/p>\n<ul data-start=\"2064\" data-end=\"2320\">\n<li data-start=\"2064\" data-end=\"2143\">\n<p data-start=\"2066\" data-end=\"2143\">henkil\u00f6ille, jotka haluavat t\u00e4ydent\u00e4\u00e4 v\u00e4ltt\u00e4m\u00e4tt\u00f6mien aminohappojen saantia<\/p>\n<\/li>\n<li data-start=\"2144\" data-end=\"2182\">\n<p data-start=\"2146\" data-end=\"2182\">aktiivista el\u00e4m\u00e4ntapaa viett\u00e4ville<\/p>\n<\/li>\n<li data-start=\"2183\" data-end=\"2218\">\n<p data-start=\"2185\" data-end=\"2218\">s\u00e4\u00e4nn\u00f6llisesti harjoitteleville<\/p>\n<\/li>\n<li data-start=\"2219\" data-end=\"2320\">\n<p data-start=\"2221\" data-end=\"2320\">kasvissy\u00f6jille ja vegaaneille, jotka haluavat varmistaa riitt\u00e4v\u00e4n tiettyjen aminohappojen saannin<\/p>\n<\/li>\n<\/ul>\n","protected":false},"excerpt":{"rendered":"<p data-start=\"0\" data-end=\"38\"><strong data-start=\"0\" data-end=\"38\">Pure Grade L-Metioniini \u2013 Lamberts<\/strong><\/p>\n<p data-start=\"40\" data-end=\"383\">Lamberts Pure Grade L-Metioniini on korkealaatuinen ravintolis\u00e4, joka sis\u00e4lt\u00e4\u00e4 v\u00e4ltt\u00e4m\u00e4t\u00f6nt\u00e4 aminohappoa vapaassa muodossa. Tuote on kehitetty hyv\u00e4n biologisen hy\u00f6tyosuuden, korkean puhtauden ja helpon p\u00e4ivitt\u00e4isen k\u00e4yt\u00f6n varmistamiseksi \u2013 harkittu valinta sinulle, joka haluat t\u00e4ydent\u00e4\u00e4 L-metioniinin saantia osana tasapainoista ruokavaliota.<\/p>\n<p data-start=\"385\" data-end=\"554\">Metioniini on v\u00e4ltt\u00e4m\u00e4t\u00f6n rikki\u00e4 sis\u00e4lt\u00e4v\u00e4 aminohappo, joka elimist\u00f6ss\u00e4 muuntuu muun muassa kysteiiniksi, karnitiiniksi, glutationiksi, tauriiniksi ja nukleiinihapoiksi.<\/p>\n<ul>\n<li data-start=\"556\" data-end=\"665\">Metioniini muuntuu maksassa S-adenosyyli-L-metioniiniksi (SAMe). SAMe on voimakas antioksidantti elimist\u00f6ss\u00e4.<\/li>\n<\/ul>\n<p data-start=\"667\" data-end=\"682\" data-is-last-node=\"\" data-is-only-node=\"\"><strong data-start=\"667\" data-end=\"682\" data-is-last-node=\"\">60 kapselia<\/strong><\/p>\n","protected":false},"featured_media":7103,"comment_status":"closed","ping_status":"closed","template":"","meta":{"_acf_changed":false,"inline_featured_image":false,"_kad_blocks_custom_css":"","_kad_blocks_head_custom_js":"","_kad_blocks_body_custom_js":"","_kad_blocks_footer_custom_js":"","_kadence_starter_templates_imported_post":false,"_kad_post_transparent":"default","_kad_post_title":"","_kad_post_layout":"default","_kad_post_sidebar_id":"","_kad_post_content_style":"default","_kad_post_vertical_padding":"default","_kad_post_feature":"","_kad_post_feature_position":"","_kad_post_header":false,"_kad_post_footer":false},"product_brand":[],"product_cat":[88,2444,2366],"product_tag":[4463,412,4402,3580,3519,4789,3385,444,4738,4548,5108,4653,4458,5110,4654,5109,4658,4464,4403,1162],"class_list":{"0":"post-8026","1":"product","2":"type-product","3":"status-publish","4":"has-post-thumbnail","6":"product_cat-aminosyror-fi","7":"product_cat-lamberts-fi","8":"product_cat-lever-och-njurar-fi","9":"product_tag-500-mg-fi","10":"product_tag-antioksidantti","11":"product_tag-gmp-standardi","12":"product_tag-hog-biotillganglighet-fi","13":"product_tag-harhalsa-fi","14":"product_tag-histamiinin-saately","15":"product_tag-hudhalsa-fi","16":"product_tag-immuunijarjestelma","17":"product_tag-kollageenisynteesi","18":"product_tag-kynsien-terveytta","19":"product_tag-l-metioniini","20":"product_tag-maksan-terveytta","21":"product_tag-mielialan-tuki","22":"product_tag-proteiinin-rakennusaine","23":"product_tag-rasva-aineenvaihduntaa","24":"product_tag-rikkia-sisaltava","25":"product_tag-valttamaton-aminohappo","26":"product_tag-vapaa-muotoinen","27":"product_tag-vegaaniystavallinen","28":"product_tag-vieroitus","30":"first","31":"instock","32":"taxable","33":"shipping-taxable","34":"purchasable","35":"product-type-simple","36":"entry","37":"content-bg","38":"loop-entry"},"acf":[],"yoast_head":"<!-- This site is optimized with the Yoast SEO plugin v25.8 - https:\/\/yoast.com\/wordpress\/plugins\/seo\/ -->\n<title>L-metioniini 500 mg - Lamberts - Reviva<\/title>\n<meta name=\"description\" content=\"L-metioniini - Lamberts t\u00e4rke\u00e4 rooli metylaatiokierrossa (SAMe:n ja siten my\u00f6s melatoniinin tuotannossa), Vaikuttaa uneen ja mielenterveyteen\" \/>\n<meta name=\"robots\" content=\"index, follow, max-snippet:-1, max-image-preview:large, max-video-preview:-1\" \/>\n<link rel=\"canonical\" href=\"https:\/\/reviva.fi\/fi\/tuote\/l-metionin-lamberts\/\" \/>\n<meta property=\"og:locale\" content=\"fi_FI\" \/>\n<meta property=\"og:type\" content=\"article\" \/>\n<meta property=\"og:title\" content=\"L-metioniini 500 mg - Lamberts - Reviva\" \/>\n<meta property=\"og:description\" content=\"L-metioniini - Lamberts t\u00e4rke\u00e4 rooli metylaatiokierrossa (SAMe:n ja siten my\u00f6s melatoniinin tuotannossa), Vaikuttaa uneen ja mielenterveyteen\" \/>\n<meta property=\"og:url\" content=\"https:\/\/reviva.fi\/fi\/tuote\/l-metionin-lamberts\/\" \/>\n<meta property=\"og:site_name\" content=\"Reviva\" \/>\n<meta property=\"article:modified_time\" content=\"2026-02-23T13:06:05+00:00\" \/>\n<meta property=\"og:image\" content=\"https:\/\/reviva.fi\/wp-content\/uploads\/2023\/12\/L-Methionine-Lamberts.jpg\" \/>\n\t<meta property=\"og:image:width\" content=\"1318\" \/>\n\t<meta property=\"og:image:height\" content=\"2048\" \/>\n\t<meta property=\"og:image:type\" content=\"image\/jpeg\" \/>\n<meta name=\"twitter:card\" content=\"summary_large_image\" \/>\n<script type=\"application\/ld+json\" class=\"yoast-schema-graph\">{\"@context\":\"https:\/\/schema.org\",\"@graph\":[{\"@type\":\"WebPage\",\"@id\":\"https:\/\/reviva.fi\/fi\/tuote\/l-metionin-lamberts\/\",\"url\":\"https:\/\/reviva.fi\/fi\/tuote\/l-metionin-lamberts\/\",\"name\":\"L-metioniini 500 mg - Lamberts - Reviva\",\"isPartOf\":{\"@id\":\"https:\/\/reviva.fi\/fi\/#website\"},\"primaryImageOfPage\":{\"@id\":\"https:\/\/reviva.fi\/fi\/tuote\/l-metionin-lamberts\/#primaryimage\"},\"image\":{\"@id\":\"https:\/\/reviva.fi\/fi\/tuote\/l-metionin-lamberts\/#primaryimage\"},\"thumbnailUrl\":\"https:\/\/reviva.fi\/wp-content\/uploads\/2023\/12\/L-Methionine-Lamberts.jpg\",\"datePublished\":\"2023-12-13T07:22:38+00:00\",\"dateModified\":\"2026-02-23T13:06:05+00:00\",\"description\":\"L-metioniini - Lamberts t\u00e4rke\u00e4 rooli metylaatiokierrossa (SAMe:n ja siten my\u00f6s melatoniinin tuotannossa), Vaikuttaa uneen ja mielenterveyteen\",\"breadcrumb\":{\"@id\":\"https:\/\/reviva.fi\/fi\/tuote\/l-metionin-lamberts\/#breadcrumb\"},\"inLanguage\":\"fi\",\"potentialAction\":[{\"@type\":\"ReadAction\",\"target\":[\"https:\/\/reviva.fi\/fi\/tuote\/l-metionin-lamberts\/\"]}]},{\"@type\":\"ImageObject\",\"inLanguage\":\"fi\",\"@id\":\"https:\/\/reviva.fi\/fi\/tuote\/l-metionin-lamberts\/#primaryimage\",\"url\":\"https:\/\/reviva.fi\/wp-content\/uploads\/2023\/12\/L-Methionine-Lamberts.jpg\",\"contentUrl\":\"https:\/\/reviva.fi\/wp-content\/uploads\/2023\/12\/L-Methionine-Lamberts.jpg\",\"width\":1318,\"height\":2048,\"caption\":\"L-Metioniini\"},{\"@type\":\"BreadcrumbList\",\"@id\":\"https:\/\/reviva.fi\/fi\/tuote\/l-metionin-lamberts\/#breadcrumb\",\"itemListElement\":[{\"@type\":\"ListItem\",\"position\":1,\"name\":\"Etusivu\",\"item\":\"https:\/\/reviva.fi\/fi\/\"},{\"@type\":\"ListItem\",\"position\":2,\"name\":\"Tuotteet\",\"item\":\"https:\/\/reviva.fi\/produkter\/\"},{\"@type\":\"ListItem\",\"position\":3,\"name\":\"L-metioniini 500 mg &#8211; Lamberts\"}]},{\"@type\":\"WebSite\",\"@id\":\"https:\/\/reviva.fi\/fi\/#website\",\"url\":\"https:\/\/reviva.fi\/fi\/\",\"name\":\"Reviva\",\"description\":\"\",\"publisher\":{\"@id\":\"https:\/\/reviva.fi\/fi\/#organization\"},\"potentialAction\":[{\"@type\":\"SearchAction\",\"target\":{\"@type\":\"EntryPoint\",\"urlTemplate\":\"https:\/\/reviva.fi\/fi\/?s={search_term_string}\"},\"query-input\":{\"@type\":\"PropertyValueSpecification\",\"valueRequired\":true,\"valueName\":\"search_term_string\"}}],\"inLanguage\":\"fi\"},{\"@type\":\"Organization\",\"@id\":\"https:\/\/reviva.fi\/fi\/#organization\",\"name\":\"Reviva\",\"url\":\"https:\/\/reviva.fi\/fi\/\",\"logo\":{\"@type\":\"ImageObject\",\"inLanguage\":\"fi\",\"@id\":\"https:\/\/reviva.fi\/fi\/#\/schema\/logo\/image\/\",\"url\":\"https:\/\/reviva.fi\/wp-content\/uploads\/2023\/10\/reviva-logo2.svg\",\"contentUrl\":\"https:\/\/reviva.fi\/wp-content\/uploads\/2023\/10\/reviva-logo2.svg\",\"caption\":\"Reviva\"},\"image\":{\"@id\":\"https:\/\/reviva.fi\/fi\/#\/schema\/logo\/image\/\"}}]}<\/script>\n<meta property=\"product:price:amount\" content=\"19.40\" \/>\n<meta property=\"product:price:currency\" content=\"EUR\" \/>\n<meta property=\"og:availability\" content=\"instock\" \/>\n<meta property=\"product:availability\" content=\"instock\" \/>\n<meta property=\"product:retailer_item_id\" content=\"8318-60\" \/>\n<meta property=\"product:condition\" content=\"new\" \/>\n<!-- \/ Yoast SEO plugin. -->","yoast_head_json":{"title":"L-metioniini 500 mg - Lamberts - Reviva","description":"L-metioniini - Lamberts t\u00e4rke\u00e4 rooli metylaatiokierrossa (SAMe:n ja siten my\u00f6s melatoniinin tuotannossa), Vaikuttaa uneen ja mielenterveyteen","robots":{"index":"index","follow":"follow","max-snippet":"max-snippet:-1","max-image-preview":"max-image-preview:large","max-video-preview":"max-video-preview:-1"},"canonical":"https:\/\/reviva.fi\/fi\/tuote\/l-metionin-lamberts\/","og_locale":"fi_FI","og_type":"article","og_title":"L-metioniini 500 mg - Lamberts - Reviva","og_description":"L-metioniini - Lamberts t\u00e4rke\u00e4 rooli metylaatiokierrossa (SAMe:n ja siten my\u00f6s melatoniinin tuotannossa), Vaikuttaa uneen ja mielenterveyteen","og_url":"https:\/\/reviva.fi\/fi\/tuote\/l-metionin-lamberts\/","og_site_name":"Reviva","article_modified_time":"2026-02-23T13:06:05+00:00","og_image":[{"width":1318,"height":2048,"url":"https:\/\/reviva.fi\/wp-content\/uploads\/2023\/12\/L-Methionine-Lamberts.jpg","type":"image\/jpeg"}],"twitter_card":"summary_large_image","schema":{"@context":"https:\/\/schema.org","@graph":[{"@type":"WebPage","@id":"https:\/\/reviva.fi\/fi\/tuote\/l-metionin-lamberts\/","url":"https:\/\/reviva.fi\/fi\/tuote\/l-metionin-lamberts\/","name":"L-metioniini 500 mg - Lamberts - Reviva","isPartOf":{"@id":"https:\/\/reviva.fi\/fi\/#website"},"primaryImageOfPage":{"@id":"https:\/\/reviva.fi\/fi\/tuote\/l-metionin-lamberts\/#primaryimage"},"image":{"@id":"https:\/\/reviva.fi\/fi\/tuote\/l-metionin-lamberts\/#primaryimage"},"thumbnailUrl":"https:\/\/reviva.fi\/wp-content\/uploads\/2023\/12\/L-Methionine-Lamberts.jpg","datePublished":"2023-12-13T07:22:38+00:00","dateModified":"2026-02-23T13:06:05+00:00","description":"L-metioniini - Lamberts t\u00e4rke\u00e4 rooli metylaatiokierrossa (SAMe:n ja siten my\u00f6s melatoniinin tuotannossa), Vaikuttaa uneen ja mielenterveyteen","breadcrumb":{"@id":"https:\/\/reviva.fi\/fi\/tuote\/l-metionin-lamberts\/#breadcrumb"},"inLanguage":"fi","potentialAction":[{"@type":"ReadAction","target":["https:\/\/reviva.fi\/fi\/tuote\/l-metionin-lamberts\/"]}]},{"@type":"ImageObject","inLanguage":"fi","@id":"https:\/\/reviva.fi\/fi\/tuote\/l-metionin-lamberts\/#primaryimage","url":"https:\/\/reviva.fi\/wp-content\/uploads\/2023\/12\/L-Methionine-Lamberts.jpg","contentUrl":"https:\/\/reviva.fi\/wp-content\/uploads\/2023\/12\/L-Methionine-Lamberts.jpg","width":1318,"height":2048,"caption":"L-Metioniini"},{"@type":"BreadcrumbList","@id":"https:\/\/reviva.fi\/fi\/tuote\/l-metionin-lamberts\/#breadcrumb","itemListElement":[{"@type":"ListItem","position":1,"name":"Etusivu","item":"https:\/\/reviva.fi\/fi\/"},{"@type":"ListItem","position":2,"name":"Tuotteet","item":"https:\/\/reviva.fi\/produkter\/"},{"@type":"ListItem","position":3,"name":"L-metioniini 500 mg &#8211; Lamberts"}]},{"@type":"WebSite","@id":"https:\/\/reviva.fi\/fi\/#website","url":"https:\/\/reviva.fi\/fi\/","name":"Reviva","description":"","publisher":{"@id":"https:\/\/reviva.fi\/fi\/#organization"},"potentialAction":[{"@type":"SearchAction","target":{"@type":"EntryPoint","urlTemplate":"https:\/\/reviva.fi\/fi\/?s={search_term_string}"},"query-input":{"@type":"PropertyValueSpecification","valueRequired":true,"valueName":"search_term_string"}}],"inLanguage":"fi"},{"@type":"Organization","@id":"https:\/\/reviva.fi\/fi\/#organization","name":"Reviva","url":"https:\/\/reviva.fi\/fi\/","logo":{"@type":"ImageObject","inLanguage":"fi","@id":"https:\/\/reviva.fi\/fi\/#\/schema\/logo\/image\/","url":"https:\/\/reviva.fi\/wp-content\/uploads\/2023\/10\/reviva-logo2.svg","contentUrl":"https:\/\/reviva.fi\/wp-content\/uploads\/2023\/10\/reviva-logo2.svg","caption":"Reviva"},"image":{"@id":"https:\/\/reviva.fi\/fi\/#\/schema\/logo\/image\/"}}]},"product_price_amount":"19.40","product_price_currency":"EUR","og_availability":"instock","product_availability":"instock","product_retailer_item_id":"8318-60","product_condition":"new"},"taxonomy_info":{"product_cat":[{"value":88,"label":"Aminohapot"},{"value":2444,"label":"Lamberts"},{"value":2366,"label":"Maksa &amp; Munuaiset"}],"product_tag":[{"value":4463,"label":"500 mg"},{"value":412,"label":"antioksidantti"},{"value":4402,"label":"GMP standardi"},{"value":3580,"label":"H\u00f6g biotillg\u00e4nglighet"},{"value":3519,"label":"H\u00e5rh\u00e4lsa"},{"value":4789,"label":"histamiinin s\u00e4\u00e4tely"},{"value":3385,"label":"Hudh\u00e4lsa"},{"value":444,"label":"immuunij\u00e4rjestelm\u00e4"},{"value":4738,"label":"kollageenisynteesi"},{"value":4548,"label":"kynsien terveytt\u00e4"},{"value":5108,"label":"L-metioniini"},{"value":4653,"label":"maksan terveytt\u00e4"},{"value":4458,"label":"Mielialan tuki"},{"value":5110,"label":"proteiinin rakennusaine"},{"value":4654,"label":"rasva-aineenvaihduntaa"},{"value":5109,"label":"rikki\u00e4 sis\u00e4lt\u00e4v\u00e4"},{"value":4658,"label":"v\u00e4ltt\u00e4m\u00e4t\u00f6n aminohappo"},{"value":4464,"label":"Vapaa muotoinen"},{"value":4403,"label":"vegaaniyst\u00e4v\u00e4llinen"},{"value":1162,"label":"vieroitus"}]},"featured_image_src_large":["https:\/\/reviva.fi\/wp-content\/uploads\/2023\/12\/L-Methionine-Lamberts-659x1024.jpg",659,1024,true],"author_info":[],"comment_info":0,"_links":{"self":[{"href":"https:\/\/reviva.fi\/fi\/wp-json\/wp\/v2\/product\/8026","targetHints":{"allow":["GET"]}}],"collection":[{"href":"https:\/\/reviva.fi\/fi\/wp-json\/wp\/v2\/product"}],"about":[{"href":"https:\/\/reviva.fi\/fi\/wp-json\/wp\/v2\/types\/product"}],"replies":[{"embeddable":true,"href":"https:\/\/reviva.fi\/fi\/wp-json\/wp\/v2\/comments?post=8026"}],"wp:featuredmedia":[{"embeddable":true,"href":"https:\/\/reviva.fi\/fi\/wp-json\/wp\/v2\/media\/7103"}],"wp:attachment":[{"href":"https:\/\/reviva.fi\/fi\/wp-json\/wp\/v2\/media?parent=8026"}],"wp:term":[{"taxonomy":"product_brand","embeddable":true,"href":"https:\/\/reviva.fi\/fi\/wp-json\/wp\/v2\/product_brand?post=8026"},{"taxonomy":"product_cat","embeddable":true,"href":"https:\/\/reviva.fi\/fi\/wp-json\/wp\/v2\/product_cat?post=8026"},{"taxonomy":"product_tag","embeddable":true,"href":"https:\/\/reviva.fi\/fi\/wp-json\/wp\/v2\/product_tag?post=8026"}],"curies":[{"name":"wp","href":"https:\/\/api.w.org\/{rel}","templated":true}]}}