{"id":8299,"date":"2024-01-12T09:50:48","date_gmt":"2024-01-12T07:50:48","guid":{"rendered":"https:\/\/reviva.fi\/?post_type=product&#038;p=8299"},"modified":"2024-12-04T09:11:33","modified_gmt":"2024-12-04T07:11:33","slug":"griffonia-5-htp","status":"publish","type":"product","link":"https:\/\/reviva.fi\/fi\/tuote\/griffonia-5-htp\/","title":{"rendered":"Griffonia &#8211; 5-HTP"},"content":{"rendered":"<p><strong>Griffonia &#8211; 5-HTP<\/strong><\/p>\n<p><span class=\"Y2IQFc\" lang=\"fi\">Griffonia on kasvi, ja yksi sen tunnetuimmista lajeista on griffonia simplicifolia. <\/span><\/p>\n<p><span class=\"Y2IQFc\" lang=\"fi\">Se tunnetaan p\u00e4\u00e4asiassa sis\u00e4lt\u00e4v\u00e4ns\u00e4 ainetta 5-HTP (5-hydroksitryptofaani), joka on v\u00e4litt\u00e4j\u00e4aineen serotoniinin esiaste<\/span><\/p>\n","protected":false},"excerpt":{"rendered":"<p><span class=\"Y2IQFc\" lang=\"fi\">Griffonia on kasvi, ja yksi sen tunnetuimmista lajeista on griffonia simplicifolia. <\/span><\/p>\n<p><span class=\"Y2IQFc\" lang=\"fi\">Se tunnetaan p\u00e4\u00e4asiassa sis\u00e4lt\u00e4v\u00e4ns\u00e4 ainetta 5-HTP (5-hydroksitryptofaani), joka on v\u00e4litt\u00e4j\u00e4aineen serotoniinin esiaste.<\/span><\/p>\n<p><strong>60 kapselia<\/strong><\/p>\n","protected":false},"featured_media":12276,"comment_status":"closed","ping_status":"closed","template":"","meta":{"_acf_changed":false,"inline_featured_image":false,"_kad_blocks_custom_css":"","_kad_blocks_head_custom_js":"","_kad_blocks_body_custom_js":"","_kad_blocks_footer_custom_js":"","_kadence_starter_templates_imported_post":false,"_kad_post_transparent":"default","_kad_post_title":"","_kad_post_layout":"default","_kad_post_sidebar_id":"","_kad_post_content_style":"default","_kad_post_vertical_padding":"default","_kad_post_feature":"","_kad_post_feature_position":"","_kad_post_header":false,"_kad_post_footer":false},"product_brand":[],"product_cat":[141,2497,2376,2492],"product_tag":[],"class_list":{"0":"post-8299","1":"product","2":"type-product","3":"status-publish","4":"has-post-thumbnail","6":"product_cat-orter-fi","7":"product_cat-reviva-nutrition-fi","8":"product_cat-stressad-och-trott-fi","9":"product_cat-only-for-resellers-sweden-fi","11":"first","12":"instock","13":"taxable","14":"shipping-taxable","15":"purchasable","16":"product-type-simple","17":"entry","18":"content-bg","19":"loop-entry"},"acf":[],"yoast_head":"<!-- This site is optimized with the Yoast SEO plugin v25.8 - https:\/\/yoast.com\/wordpress\/plugins\/seo\/ -->\n<title>Griffonia - 5-HTP - Reviva<\/title>\n<meta name=\"description\" content=\"Griffonia -5-HTP:lla voi olla positiivinen vaikutus mielialaan ja uneen. Griffonian sis\u00e4lt\u00e4m\u00e4 5-HTP on v\u00e4litt\u00e4j\u00e4aineen serotoniinin esiaste.\" \/>\n<meta name=\"robots\" content=\"index, follow, max-snippet:-1, max-image-preview:large, max-video-preview:-1\" \/>\n<link rel=\"canonical\" href=\"https:\/\/reviva.fi\/fi\/tuote\/griffonia-5-htp\/\" \/>\n<meta property=\"og:locale\" content=\"fi_FI\" \/>\n<meta property=\"og:type\" content=\"article\" \/>\n<meta property=\"og:title\" content=\"Griffonia - 5-HTP - Reviva\" \/>\n<meta property=\"og:description\" content=\"Griffonia -5-HTP:lla voi olla positiivinen vaikutus mielialaan ja uneen. Griffonian sis\u00e4lt\u00e4m\u00e4 5-HTP on v\u00e4litt\u00e4j\u00e4aineen serotoniinin esiaste.\" \/>\n<meta property=\"og:url\" content=\"https:\/\/reviva.fi\/fi\/tuote\/griffonia-5-htp\/\" \/>\n<meta property=\"og:site_name\" content=\"Reviva\" \/>\n<meta property=\"article:modified_time\" content=\"2024-12-04T07:11:33+00:00\" \/>\n<meta property=\"og:image\" content=\"https:\/\/reviva.fi\/wp-content\/uploads\/2024\/01\/Griffonia-1.png\" \/>\n\t<meta property=\"og:image:width\" content=\"1600\" \/>\n\t<meta property=\"og:image:height\" content=\"1600\" \/>\n\t<meta property=\"og:image:type\" content=\"image\/png\" \/>\n<meta name=\"twitter:card\" content=\"summary_large_image\" \/>\n<script type=\"application\/ld+json\" class=\"yoast-schema-graph\">{\"@context\":\"https:\/\/schema.org\",\"@graph\":[{\"@type\":\"WebPage\",\"@id\":\"https:\/\/reviva.fi\/fi\/tuote\/griffonia-5-htp\/\",\"url\":\"https:\/\/reviva.fi\/fi\/tuote\/griffonia-5-htp\/\",\"name\":\"Griffonia - 5-HTP - Reviva\",\"isPartOf\":{\"@id\":\"https:\/\/reviva.fi\/fi\/#website\"},\"primaryImageOfPage\":{\"@id\":\"https:\/\/reviva.fi\/fi\/tuote\/griffonia-5-htp\/#primaryimage\"},\"image\":{\"@id\":\"https:\/\/reviva.fi\/fi\/tuote\/griffonia-5-htp\/#primaryimage\"},\"thumbnailUrl\":\"https:\/\/reviva.fi\/wp-content\/uploads\/2024\/01\/Griffonia-5-HTP-Photoroom-e1751007578968.png\",\"datePublished\":\"2024-01-12T07:50:48+00:00\",\"dateModified\":\"2024-12-04T07:11:33+00:00\",\"description\":\"Griffonia -5-HTP:lla voi olla positiivinen vaikutus mielialaan ja uneen. Griffonian sis\u00e4lt\u00e4m\u00e4 5-HTP on v\u00e4litt\u00e4j\u00e4aineen serotoniinin esiaste.\",\"breadcrumb\":{\"@id\":\"https:\/\/reviva.fi\/fi\/tuote\/griffonia-5-htp\/#breadcrumb\"},\"inLanguage\":\"fi\",\"potentialAction\":[{\"@type\":\"ReadAction\",\"target\":[\"https:\/\/reviva.fi\/fi\/tuote\/griffonia-5-htp\/\"]}]},{\"@type\":\"ImageObject\",\"inLanguage\":\"fi\",\"@id\":\"https:\/\/reviva.fi\/fi\/tuote\/griffonia-5-htp\/#primaryimage\",\"url\":\"https:\/\/reviva.fi\/wp-content\/uploads\/2024\/01\/Griffonia-5-HTP-Photoroom-e1751007578968.png\",\"contentUrl\":\"https:\/\/reviva.fi\/wp-content\/uploads\/2024\/01\/Griffonia-5-HTP-Photoroom-e1751007578968.png\",\"width\":4032,\"height\":2687,\"caption\":\"Griffonia 5-HTP\"},{\"@type\":\"BreadcrumbList\",\"@id\":\"https:\/\/reviva.fi\/fi\/tuote\/griffonia-5-htp\/#breadcrumb\",\"itemListElement\":[{\"@type\":\"ListItem\",\"position\":1,\"name\":\"Etusivu\",\"item\":\"https:\/\/reviva.fi\/fi\/\"},{\"@type\":\"ListItem\",\"position\":2,\"name\":\"Tuotteet\",\"item\":\"https:\/\/reviva.fi\/produkter\/\"},{\"@type\":\"ListItem\",\"position\":3,\"name\":\"Griffonia &#8211; 5-HTP\"}]},{\"@type\":\"WebSite\",\"@id\":\"https:\/\/reviva.fi\/fi\/#website\",\"url\":\"https:\/\/reviva.fi\/fi\/\",\"name\":\"Reviva\",\"description\":\"\",\"publisher\":{\"@id\":\"https:\/\/reviva.fi\/fi\/#organization\"},\"potentialAction\":[{\"@type\":\"SearchAction\",\"target\":{\"@type\":\"EntryPoint\",\"urlTemplate\":\"https:\/\/reviva.fi\/fi\/?s={search_term_string}\"},\"query-input\":{\"@type\":\"PropertyValueSpecification\",\"valueRequired\":true,\"valueName\":\"search_term_string\"}}],\"inLanguage\":\"fi\"},{\"@type\":\"Organization\",\"@id\":\"https:\/\/reviva.fi\/fi\/#organization\",\"name\":\"Reviva\",\"url\":\"https:\/\/reviva.fi\/fi\/\",\"logo\":{\"@type\":\"ImageObject\",\"inLanguage\":\"fi\",\"@id\":\"https:\/\/reviva.fi\/fi\/#\/schema\/logo\/image\/\",\"url\":\"https:\/\/reviva.fi\/wp-content\/uploads\/2023\/10\/reviva-logo2.svg\",\"contentUrl\":\"https:\/\/reviva.fi\/wp-content\/uploads\/2023\/10\/reviva-logo2.svg\",\"caption\":\"Reviva\"},\"image\":{\"@id\":\"https:\/\/reviva.fi\/fi\/#\/schema\/logo\/image\/\"}}]}<\/script>\n<meta property=\"product:price:amount\" content=\"27.10\" \/>\n<meta property=\"product:price:currency\" content=\"EUR\" \/>\n<meta property=\"og:availability\" content=\"instock\" \/>\n<meta property=\"product:availability\" content=\"instock\" \/>\n<meta property=\"product:retailer_item_id\" content=\"REV064\" \/>\n<meta property=\"product:condition\" content=\"new\" \/>\n<!-- \/ Yoast SEO plugin. -->","yoast_head_json":{"title":"Griffonia - 5-HTP - Reviva","description":"Griffonia -5-HTP:lla voi olla positiivinen vaikutus mielialaan ja uneen. Griffonian sis\u00e4lt\u00e4m\u00e4 5-HTP on v\u00e4litt\u00e4j\u00e4aineen serotoniinin esiaste.","robots":{"index":"index","follow":"follow","max-snippet":"max-snippet:-1","max-image-preview":"max-image-preview:large","max-video-preview":"max-video-preview:-1"},"canonical":"https:\/\/reviva.fi\/fi\/tuote\/griffonia-5-htp\/","og_locale":"fi_FI","og_type":"article","og_title":"Griffonia - 5-HTP - Reviva","og_description":"Griffonia -5-HTP:lla voi olla positiivinen vaikutus mielialaan ja uneen. Griffonian sis\u00e4lt\u00e4m\u00e4 5-HTP on v\u00e4litt\u00e4j\u00e4aineen serotoniinin esiaste.","og_url":"https:\/\/reviva.fi\/fi\/tuote\/griffonia-5-htp\/","og_site_name":"Reviva","article_modified_time":"2024-12-04T07:11:33+00:00","og_image":[{"width":1600,"height":1600,"url":"https:\/\/reviva.fi\/wp-content\/uploads\/2024\/01\/Griffonia-1.png","type":"image\/png"}],"twitter_card":"summary_large_image","schema":{"@context":"https:\/\/schema.org","@graph":[{"@type":"WebPage","@id":"https:\/\/reviva.fi\/fi\/tuote\/griffonia-5-htp\/","url":"https:\/\/reviva.fi\/fi\/tuote\/griffonia-5-htp\/","name":"Griffonia - 5-HTP - Reviva","isPartOf":{"@id":"https:\/\/reviva.fi\/fi\/#website"},"primaryImageOfPage":{"@id":"https:\/\/reviva.fi\/fi\/tuote\/griffonia-5-htp\/#primaryimage"},"image":{"@id":"https:\/\/reviva.fi\/fi\/tuote\/griffonia-5-htp\/#primaryimage"},"thumbnailUrl":"https:\/\/reviva.fi\/wp-content\/uploads\/2024\/01\/Griffonia-5-HTP-Photoroom-e1751007578968.png","datePublished":"2024-01-12T07:50:48+00:00","dateModified":"2024-12-04T07:11:33+00:00","description":"Griffonia -5-HTP:lla voi olla positiivinen vaikutus mielialaan ja uneen. Griffonian sis\u00e4lt\u00e4m\u00e4 5-HTP on v\u00e4litt\u00e4j\u00e4aineen serotoniinin esiaste.","breadcrumb":{"@id":"https:\/\/reviva.fi\/fi\/tuote\/griffonia-5-htp\/#breadcrumb"},"inLanguage":"fi","potentialAction":[{"@type":"ReadAction","target":["https:\/\/reviva.fi\/fi\/tuote\/griffonia-5-htp\/"]}]},{"@type":"ImageObject","inLanguage":"fi","@id":"https:\/\/reviva.fi\/fi\/tuote\/griffonia-5-htp\/#primaryimage","url":"https:\/\/reviva.fi\/wp-content\/uploads\/2024\/01\/Griffonia-5-HTP-Photoroom-e1751007578968.png","contentUrl":"https:\/\/reviva.fi\/wp-content\/uploads\/2024\/01\/Griffonia-5-HTP-Photoroom-e1751007578968.png","width":4032,"height":2687,"caption":"Griffonia 5-HTP"},{"@type":"BreadcrumbList","@id":"https:\/\/reviva.fi\/fi\/tuote\/griffonia-5-htp\/#breadcrumb","itemListElement":[{"@type":"ListItem","position":1,"name":"Etusivu","item":"https:\/\/reviva.fi\/fi\/"},{"@type":"ListItem","position":2,"name":"Tuotteet","item":"https:\/\/reviva.fi\/produkter\/"},{"@type":"ListItem","position":3,"name":"Griffonia &#8211; 5-HTP"}]},{"@type":"WebSite","@id":"https:\/\/reviva.fi\/fi\/#website","url":"https:\/\/reviva.fi\/fi\/","name":"Reviva","description":"","publisher":{"@id":"https:\/\/reviva.fi\/fi\/#organization"},"potentialAction":[{"@type":"SearchAction","target":{"@type":"EntryPoint","urlTemplate":"https:\/\/reviva.fi\/fi\/?s={search_term_string}"},"query-input":{"@type":"PropertyValueSpecification","valueRequired":true,"valueName":"search_term_string"}}],"inLanguage":"fi"},{"@type":"Organization","@id":"https:\/\/reviva.fi\/fi\/#organization","name":"Reviva","url":"https:\/\/reviva.fi\/fi\/","logo":{"@type":"ImageObject","inLanguage":"fi","@id":"https:\/\/reviva.fi\/fi\/#\/schema\/logo\/image\/","url":"https:\/\/reviva.fi\/wp-content\/uploads\/2023\/10\/reviva-logo2.svg","contentUrl":"https:\/\/reviva.fi\/wp-content\/uploads\/2023\/10\/reviva-logo2.svg","caption":"Reviva"},"image":{"@id":"https:\/\/reviva.fi\/fi\/#\/schema\/logo\/image\/"}}]},"product_price_amount":"27.10","product_price_currency":"EUR","og_availability":"instock","product_availability":"instock","product_retailer_item_id":"REV064","product_condition":"new"},"taxonomy_info":{"product_cat":[{"value":141,"label":"Yrtit"},{"value":2497,"label":"Reviva Nutrition"},{"value":2376,"label":"Stressaantunut &amp; V\u00e4synyt"},{"value":2492,"label":"Only for resellers - Sweden"}]},"featured_image_src_large":["https:\/\/reviva.fi\/wp-content\/uploads\/2024\/01\/Griffonia-5-HTP-Photoroom-1024x682.png",1024,682,true],"author_info":[],"comment_info":0,"_links":{"self":[{"href":"https:\/\/reviva.fi\/fi\/wp-json\/wp\/v2\/product\/8299","targetHints":{"allow":["GET"]}}],"collection":[{"href":"https:\/\/reviva.fi\/fi\/wp-json\/wp\/v2\/product"}],"about":[{"href":"https:\/\/reviva.fi\/fi\/wp-json\/wp\/v2\/types\/product"}],"replies":[{"embeddable":true,"href":"https:\/\/reviva.fi\/fi\/wp-json\/wp\/v2\/comments?post=8299"}],"wp:featuredmedia":[{"embeddable":true,"href":"https:\/\/reviva.fi\/fi\/wp-json\/wp\/v2\/media\/12276"}],"wp:attachment":[{"href":"https:\/\/reviva.fi\/fi\/wp-json\/wp\/v2\/media?parent=8299"}],"wp:term":[{"taxonomy":"product_brand","embeddable":true,"href":"https:\/\/reviva.fi\/fi\/wp-json\/wp\/v2\/product_brand?post=8299"},{"taxonomy":"product_cat","embeddable":true,"href":"https:\/\/reviva.fi\/fi\/wp-json\/wp\/v2\/product_cat?post=8299"},{"taxonomy":"product_tag","embeddable":true,"href":"https:\/\/reviva.fi\/fi\/wp-json\/wp\/v2\/product_tag?post=8299"}],"curies":[{"name":"wp","href":"https:\/\/api.w.org\/{rel}","templated":true}]}}