{"id":8357,"date":"2024-01-22T15:40:05","date_gmt":"2024-01-22T13:40:05","guid":{"rendered":"https:\/\/reviva.fi\/product\/tyrnioljy-lamberts\/"},"modified":"2026-04-14T18:05:42","modified_gmt":"2026-04-14T15:05:42","slug":"tyrnioljy-lamberts","status":"publish","type":"product","link":"https:\/\/reviva.fi\/fi\/tuote\/tyrnioljy-lamberts\/","title":{"rendered":"Tyrni\u00f6ljy &#8211; Lamberts"},"content":{"rendered":"<p><span class=\"Y2IQFc\" lang=\"fi\">Tyrni\u00f6ljy &#8211; Lamberts 1000 mg <\/span><\/p>\n<p><span class=\"Y2IQFc\" lang=\"fi\">Lamberts\u00ae tyrnikapselit sis\u00e4lt\u00e4v\u00e4t puhdasta tyrni\u00f6ljy\u00e4 marjamassasta (paljon runsaampi happo kuin siemenist\u00e4), joka uutetaan ilman liuottimia parhaan laadun saavuttamiseksi. T\u00e4m\u00e4 uuttoprosessi varmistaa my\u00f6s, ett\u00e4 t\u00e4rke\u00e4t ominaisuudet s\u00e4ilyv\u00e4t. <\/span><\/p>\n<p><span class=\"Y2IQFc\" lang=\"fi\">Tyrnikasvin marjat sis\u00e4lt\u00e4v\u00e4t yhden runsaimmista omega 7 -rasvahappojen l\u00e4hteist\u00e4. Jokainen tyrnikapselimme sis\u00e4lt\u00e4\u00e4 1000 mg puhdasta \u00f6ljy\u00e4, joka sis\u00e4lt\u00e4\u00e4 270 mg omega 7 (palmitolihappoa). Verrattoman laadun lis\u00e4ksi t\u00e4m\u00e4 tekee siit\u00e4 yhden tehokkaimmista saatavilla olevista tuotteista. <\/span><\/p>\n<p><span class=\"Y2IQFc\" lang=\"fi\">Jatkuva tutkimus ja viimeaikainen mediahuomio ovat keskittyneet sen h\u00e4mm\u00e4stytt\u00e4viin ominaisuuksiin.\u00a0 Marjoja on k\u00e4ytetty ruokana aiemmin, mutta viime aikoina niiden suosio on kasvanut ravintolis\u00e4n\u00e4. <\/span><\/p>\n<p><span class=\"Y2IQFc\" lang=\"fi\">Okkerin tyrnimarjat sis\u00e4lt\u00e4v\u00e4t runsaasti antioksidantteja, jotka tukevat kehon solujen terveytt\u00e4 vapaita radikaaleja vastaan. T\u00e4m\u00e4 lis\u00e4aine on suosittu valinta yli 50-vuotiaille naisille.<\/span><\/p>\n","protected":false},"excerpt":{"rendered":"<p><span class=\"Y2IQFc\" lang=\"fi\">Lamberts\u00ae tyrnikapselit sis\u00e4lt\u00e4v\u00e4t puhdasta tyrni\u00f6ljy\u00e4, joka on uutettu marjoista (paljon runsaampi l\u00e4hde kuin siemenet). <\/span><\/p>\n<p><span class=\"Y2IQFc\" lang=\"fi\">Tyrnikasvin marjat sis\u00e4lt\u00e4v\u00e4t yhden runsaimmista omega 7 -rasvahappojen l\u00e4hteist\u00e4. T\u00e4m\u00e4 suuriannoksinen, standardoitu uute sis\u00e4lt\u00e4\u00e4 taatun (minimi)tason 27 % omega 7 -rasvahappoja kapselia kohden. Se on my\u00f6s runsas omega 3, 6 ja 9 l\u00e4hde. <\/span><\/p>\n<p><strong><span class=\"Y2IQFc\" lang=\"fi\">30 kapselia<\/span><\/strong><\/p>\n","protected":false},"featured_media":8356,"comment_status":"closed","ping_status":"closed","template":"","meta":{"_acf_changed":false,"inline_featured_image":false,"_kad_blocks_custom_css":"","_kad_blocks_head_custom_js":"","_kad_blocks_body_custom_js":"","_kad_blocks_footer_custom_js":"","_kadence_starter_templates_imported_post":false,"_kad_post_transparent":"default","_kad_post_title":"","_kad_post_layout":"default","_kad_post_sidebar_id":"","_kad_post_content_style":"default","_kad_post_vertical_padding":"default","_kad_post_feature":"","_kad_post_feature_position":"","_kad_post_header":false,"_kad_post_footer":false},"product_brand":[],"product_cat":[91,2444],"product_tag":[5752,5438,442,411,4978,3171,476,5568,1607,1279],"class_list":{"0":"post-8357","1":"product","2":"type-product","3":"status-publish","4":"has-post-thumbnail","6":"product_cat-fettsyror-fi","7":"product_cat-lamberts-fi","8":"product_tag-aterfuktning-fi","9":"product_tag-ekologiska-produkter-fi","10":"product_tag-ihonhoito","11":"product_tag-kasvojen-hoitoon","12":"product_tag-kokonaisvaltainen-terveys","13":"product_tag-limakalvot","14":"product_tag-lisaravinne","15":"product_tag-naturlig-olja-fi","16":"product_tag-sukuelinten-kutina","17":"product_tag-tyrnioljy","19":"first","20":"instock","21":"taxable","22":"shipping-taxable","23":"purchasable","24":"product-type-simple","25":"entry","26":"content-bg","27":"loop-entry"},"acf":[],"yoast_head":"<!-- This site is optimized with the Yoast SEO plugin v25.8 - https:\/\/yoast.com\/wordpress\/plugins\/seo\/ -->\n<title>Tyrni\u00f6ljy - Lamberts - Reviva<\/title>\n<meta name=\"description\" content=\"Tyrni\u00f6ljy - Lamberts sis\u00e4lt\u00e4\u00e4 runsaasti omega-7-rasvahappoja. Hyv\u00e4 naisille, joilla on ongelmia kuivien limakalvojen kanssa ja ehk\u00e4isee virtsaamisvaivoja.\" \/>\n<meta name=\"robots\" content=\"index, follow, max-snippet:-1, max-image-preview:large, max-video-preview:-1\" \/>\n<link rel=\"canonical\" href=\"https:\/\/reviva.fi\/fi\/tuote\/tyrnioljy-lamberts\/\" \/>\n<meta property=\"og:locale\" content=\"fi_FI\" \/>\n<meta property=\"og:type\" content=\"article\" \/>\n<meta property=\"og:title\" content=\"Tyrni\u00f6ljy - Lamberts - Reviva\" \/>\n<meta property=\"og:description\" content=\"Tyrni\u00f6ljy - Lamberts sis\u00e4lt\u00e4\u00e4 runsaasti omega-7-rasvahappoja. Hyv\u00e4 naisille, joilla on ongelmia kuivien limakalvojen kanssa ja ehk\u00e4isee virtsaamisvaivoja.\" \/>\n<meta property=\"og:url\" content=\"https:\/\/reviva.fi\/fi\/tuote\/tyrnioljy-lamberts\/\" \/>\n<meta property=\"og:site_name\" content=\"Reviva\" \/>\n<meta property=\"article:modified_time\" content=\"2026-04-14T15:05:42+00:00\" \/>\n<meta property=\"og:image\" content=\"https:\/\/reviva.fi\/wp-content\/uploads\/2024\/01\/Havtornsolja-Lamberts.jpg\" \/>\n\t<meta property=\"og:image:width\" content=\"1000\" \/>\n\t<meta property=\"og:image:height\" content=\"1000\" \/>\n\t<meta property=\"og:image:type\" content=\"image\/jpeg\" \/>\n<meta name=\"twitter:card\" content=\"summary_large_image\" \/>\n<script type=\"application\/ld+json\" class=\"yoast-schema-graph\">{\"@context\":\"https:\/\/schema.org\",\"@graph\":[{\"@type\":\"WebPage\",\"@id\":\"https:\/\/reviva.fi\/fi\/tuote\/tyrnioljy-lamberts\/\",\"url\":\"https:\/\/reviva.fi\/fi\/tuote\/tyrnioljy-lamberts\/\",\"name\":\"Tyrni\u00f6ljy - Lamberts - Reviva\",\"isPartOf\":{\"@id\":\"https:\/\/reviva.fi\/fi\/#website\"},\"primaryImageOfPage\":{\"@id\":\"https:\/\/reviva.fi\/fi\/tuote\/tyrnioljy-lamberts\/#primaryimage\"},\"image\":{\"@id\":\"https:\/\/reviva.fi\/fi\/tuote\/tyrnioljy-lamberts\/#primaryimage\"},\"thumbnailUrl\":\"https:\/\/reviva.fi\/wp-content\/uploads\/2024\/01\/Havtornsolja-Lamberts.jpg\",\"datePublished\":\"2024-01-22T13:40:05+00:00\",\"dateModified\":\"2026-04-14T15:05:42+00:00\",\"description\":\"Tyrni\u00f6ljy - Lamberts sis\u00e4lt\u00e4\u00e4 runsaasti omega-7-rasvahappoja. Hyv\u00e4 naisille, joilla on ongelmia kuivien limakalvojen kanssa ja ehk\u00e4isee virtsaamisvaivoja.\",\"breadcrumb\":{\"@id\":\"https:\/\/reviva.fi\/fi\/tuote\/tyrnioljy-lamberts\/#breadcrumb\"},\"inLanguage\":\"fi\",\"potentialAction\":[{\"@type\":\"ReadAction\",\"target\":[\"https:\/\/reviva.fi\/fi\/tuote\/tyrnioljy-lamberts\/\"]}]},{\"@type\":\"ImageObject\",\"inLanguage\":\"fi\",\"@id\":\"https:\/\/reviva.fi\/fi\/tuote\/tyrnioljy-lamberts\/#primaryimage\",\"url\":\"https:\/\/reviva.fi\/wp-content\/uploads\/2024\/01\/Havtornsolja-Lamberts.jpg\",\"contentUrl\":\"https:\/\/reviva.fi\/wp-content\/uploads\/2024\/01\/Havtornsolja-Lamberts.jpg\",\"width\":1000,\"height\":1000,\"caption\":\"Tyrni\u00f6ljy\"},{\"@type\":\"BreadcrumbList\",\"@id\":\"https:\/\/reviva.fi\/fi\/tuote\/tyrnioljy-lamberts\/#breadcrumb\",\"itemListElement\":[{\"@type\":\"ListItem\",\"position\":1,\"name\":\"Etusivu\",\"item\":\"https:\/\/reviva.fi\/fi\/\"},{\"@type\":\"ListItem\",\"position\":2,\"name\":\"Tuotteet\",\"item\":\"https:\/\/reviva.fi\/produkter\/\"},{\"@type\":\"ListItem\",\"position\":3,\"name\":\"Tyrni\u00f6ljy &#8211; Lamberts\"}]},{\"@type\":\"WebSite\",\"@id\":\"https:\/\/reviva.fi\/fi\/#website\",\"url\":\"https:\/\/reviva.fi\/fi\/\",\"name\":\"Reviva\",\"description\":\"\",\"publisher\":{\"@id\":\"https:\/\/reviva.fi\/fi\/#organization\"},\"potentialAction\":[{\"@type\":\"SearchAction\",\"target\":{\"@type\":\"EntryPoint\",\"urlTemplate\":\"https:\/\/reviva.fi\/fi\/?s={search_term_string}\"},\"query-input\":{\"@type\":\"PropertyValueSpecification\",\"valueRequired\":true,\"valueName\":\"search_term_string\"}}],\"inLanguage\":\"fi\"},{\"@type\":\"Organization\",\"@id\":\"https:\/\/reviva.fi\/fi\/#organization\",\"name\":\"Reviva\",\"url\":\"https:\/\/reviva.fi\/fi\/\",\"logo\":{\"@type\":\"ImageObject\",\"inLanguage\":\"fi\",\"@id\":\"https:\/\/reviva.fi\/fi\/#\/schema\/logo\/image\/\",\"url\":\"https:\/\/reviva.fi\/wp-content\/uploads\/2023\/10\/reviva-logo2.svg\",\"contentUrl\":\"https:\/\/reviva.fi\/wp-content\/uploads\/2023\/10\/reviva-logo2.svg\",\"caption\":\"Reviva\"},\"image\":{\"@id\":\"https:\/\/reviva.fi\/fi\/#\/schema\/logo\/image\/\"}}]}<\/script>\n<meta property=\"product:price:amount\" content=\"29.25\" \/>\n<meta property=\"product:price:currency\" content=\"EUR\" \/>\n<meta property=\"og:availability\" content=\"instock\" \/>\n<meta property=\"product:availability\" content=\"instock\" \/>\n<meta property=\"product:retailer_item_id\" content=\"8497-30\" \/>\n<meta property=\"product:condition\" content=\"new\" \/>\n<!-- \/ Yoast SEO plugin. -->","yoast_head_json":{"title":"Tyrni\u00f6ljy - Lamberts - Reviva","description":"Tyrni\u00f6ljy - Lamberts sis\u00e4lt\u00e4\u00e4 runsaasti omega-7-rasvahappoja. Hyv\u00e4 naisille, joilla on ongelmia kuivien limakalvojen kanssa ja ehk\u00e4isee virtsaamisvaivoja.","robots":{"index":"index","follow":"follow","max-snippet":"max-snippet:-1","max-image-preview":"max-image-preview:large","max-video-preview":"max-video-preview:-1"},"canonical":"https:\/\/reviva.fi\/fi\/tuote\/tyrnioljy-lamberts\/","og_locale":"fi_FI","og_type":"article","og_title":"Tyrni\u00f6ljy - Lamberts - Reviva","og_description":"Tyrni\u00f6ljy - Lamberts sis\u00e4lt\u00e4\u00e4 runsaasti omega-7-rasvahappoja. Hyv\u00e4 naisille, joilla on ongelmia kuivien limakalvojen kanssa ja ehk\u00e4isee virtsaamisvaivoja.","og_url":"https:\/\/reviva.fi\/fi\/tuote\/tyrnioljy-lamberts\/","og_site_name":"Reviva","article_modified_time":"2026-04-14T15:05:42+00:00","og_image":[{"width":1000,"height":1000,"url":"https:\/\/reviva.fi\/wp-content\/uploads\/2024\/01\/Havtornsolja-Lamberts.jpg","type":"image\/jpeg"}],"twitter_card":"summary_large_image","schema":{"@context":"https:\/\/schema.org","@graph":[{"@type":"WebPage","@id":"https:\/\/reviva.fi\/fi\/tuote\/tyrnioljy-lamberts\/","url":"https:\/\/reviva.fi\/fi\/tuote\/tyrnioljy-lamberts\/","name":"Tyrni\u00f6ljy - Lamberts - Reviva","isPartOf":{"@id":"https:\/\/reviva.fi\/fi\/#website"},"primaryImageOfPage":{"@id":"https:\/\/reviva.fi\/fi\/tuote\/tyrnioljy-lamberts\/#primaryimage"},"image":{"@id":"https:\/\/reviva.fi\/fi\/tuote\/tyrnioljy-lamberts\/#primaryimage"},"thumbnailUrl":"https:\/\/reviva.fi\/wp-content\/uploads\/2024\/01\/Havtornsolja-Lamberts.jpg","datePublished":"2024-01-22T13:40:05+00:00","dateModified":"2026-04-14T15:05:42+00:00","description":"Tyrni\u00f6ljy - Lamberts sis\u00e4lt\u00e4\u00e4 runsaasti omega-7-rasvahappoja. Hyv\u00e4 naisille, joilla on ongelmia kuivien limakalvojen kanssa ja ehk\u00e4isee virtsaamisvaivoja.","breadcrumb":{"@id":"https:\/\/reviva.fi\/fi\/tuote\/tyrnioljy-lamberts\/#breadcrumb"},"inLanguage":"fi","potentialAction":[{"@type":"ReadAction","target":["https:\/\/reviva.fi\/fi\/tuote\/tyrnioljy-lamberts\/"]}]},{"@type":"ImageObject","inLanguage":"fi","@id":"https:\/\/reviva.fi\/fi\/tuote\/tyrnioljy-lamberts\/#primaryimage","url":"https:\/\/reviva.fi\/wp-content\/uploads\/2024\/01\/Havtornsolja-Lamberts.jpg","contentUrl":"https:\/\/reviva.fi\/wp-content\/uploads\/2024\/01\/Havtornsolja-Lamberts.jpg","width":1000,"height":1000,"caption":"Tyrni\u00f6ljy"},{"@type":"BreadcrumbList","@id":"https:\/\/reviva.fi\/fi\/tuote\/tyrnioljy-lamberts\/#breadcrumb","itemListElement":[{"@type":"ListItem","position":1,"name":"Etusivu","item":"https:\/\/reviva.fi\/fi\/"},{"@type":"ListItem","position":2,"name":"Tuotteet","item":"https:\/\/reviva.fi\/produkter\/"},{"@type":"ListItem","position":3,"name":"Tyrni\u00f6ljy &#8211; Lamberts"}]},{"@type":"WebSite","@id":"https:\/\/reviva.fi\/fi\/#website","url":"https:\/\/reviva.fi\/fi\/","name":"Reviva","description":"","publisher":{"@id":"https:\/\/reviva.fi\/fi\/#organization"},"potentialAction":[{"@type":"SearchAction","target":{"@type":"EntryPoint","urlTemplate":"https:\/\/reviva.fi\/fi\/?s={search_term_string}"},"query-input":{"@type":"PropertyValueSpecification","valueRequired":true,"valueName":"search_term_string"}}],"inLanguage":"fi"},{"@type":"Organization","@id":"https:\/\/reviva.fi\/fi\/#organization","name":"Reviva","url":"https:\/\/reviva.fi\/fi\/","logo":{"@type":"ImageObject","inLanguage":"fi","@id":"https:\/\/reviva.fi\/fi\/#\/schema\/logo\/image\/","url":"https:\/\/reviva.fi\/wp-content\/uploads\/2023\/10\/reviva-logo2.svg","contentUrl":"https:\/\/reviva.fi\/wp-content\/uploads\/2023\/10\/reviva-logo2.svg","caption":"Reviva"},"image":{"@id":"https:\/\/reviva.fi\/fi\/#\/schema\/logo\/image\/"}}]},"product_price_amount":"29.25","product_price_currency":"EUR","og_availability":"instock","product_availability":"instock","product_retailer_item_id":"8497-30","product_condition":"new"},"taxonomy_info":{"product_cat":[{"value":91,"label":"Rasvahapot"},{"value":2444,"label":"Lamberts"}],"product_tag":[{"value":5752,"label":"\u00c5terfuktning"},{"value":5438,"label":"Ekologiska produkter"},{"value":442,"label":"ihonhoito"},{"value":411,"label":"kasvojen hoitoon"},{"value":4978,"label":"Kokonaisvaltainen terveys"},{"value":3171,"label":"Limakalvot"},{"value":476,"label":"lis\u00e4ravinne"},{"value":5568,"label":"Naturlig olja"},{"value":1607,"label":"sukuelinten kutina"},{"value":1279,"label":"tyrni\u00f6ljy"}]},"featured_image_src_large":["https:\/\/reviva.fi\/wp-content\/uploads\/2024\/01\/Havtornsolja-Lamberts.jpg",1000,1000,false],"author_info":[],"comment_info":0,"_links":{"self":[{"href":"https:\/\/reviva.fi\/fi\/wp-json\/wp\/v2\/product\/8357","targetHints":{"allow":["GET"]}}],"collection":[{"href":"https:\/\/reviva.fi\/fi\/wp-json\/wp\/v2\/product"}],"about":[{"href":"https:\/\/reviva.fi\/fi\/wp-json\/wp\/v2\/types\/product"}],"replies":[{"embeddable":true,"href":"https:\/\/reviva.fi\/fi\/wp-json\/wp\/v2\/comments?post=8357"}],"wp:featuredmedia":[{"embeddable":true,"href":"https:\/\/reviva.fi\/fi\/wp-json\/wp\/v2\/media\/8356"}],"wp:attachment":[{"href":"https:\/\/reviva.fi\/fi\/wp-json\/wp\/v2\/media?parent=8357"}],"wp:term":[{"taxonomy":"product_brand","embeddable":true,"href":"https:\/\/reviva.fi\/fi\/wp-json\/wp\/v2\/product_brand?post=8357"},{"taxonomy":"product_cat","embeddable":true,"href":"https:\/\/reviva.fi\/fi\/wp-json\/wp\/v2\/product_cat?post=8357"},{"taxonomy":"product_tag","embeddable":true,"href":"https:\/\/reviva.fi\/fi\/wp-json\/wp\/v2\/product_tag?post=8357"}],"curies":[{"name":"wp","href":"https:\/\/api.w.org\/{rel}","templated":true}]}}