{"id":8555,"date":"2024-02-07T14:13:26","date_gmt":"2024-02-07T12:13:26","guid":{"rendered":"https:\/\/reviva.fi\/?post_type=product&#038;p=8555"},"modified":"2025-02-03T15:36:07","modified_gmt":"2025-02-03T13:36:07","slug":"crataegus-orapihlaja","status":"publish","type":"product","link":"https:\/\/reviva.fi\/fi\/tuote\/crataegus-orapihlaja\/","title":{"rendered":"Crataegus &#8211; Orapihlaja"},"content":{"rendered":"<p>Crataegus tai Orapihlaja<\/p>\n<p>Tuotetiedot: 60 kapselia. 1 kapseli sis\u00e4lt\u00e4\u00e4 500 mg orapihlajauutetta.<\/p>\n<p>Crataegus-uute (standardoitu 2 % flavonoideihin, crataegus pinnatifida).<\/p>\n<p>Vaikuttavat aineet: flavonoidiglykosidit, saponiinit, prosyanidiinit, trimetyyliamiini, tanniinit, triterpeenihapot, typpiyhdisteet (mukaan lukien koliini, asetyylikoliini ja etanolarniini) ja puriiniaineet.<\/p>\n<p>K\u00e4ytetyt osat: kukat, lehdet ja marjat.<\/p>\n<p>Annostus: 1 kapseli 2 kertaa p\u00e4iv\u00e4ss\u00e4. Vaikutukset tulevat pidemm\u00e4n k\u00e4yt\u00f6n j\u00e4lkeen (v\u00e4hint\u00e4\u00e4n kuusi viikkoa).<\/p>\n<p>P\u00e4\u00e4asialliset k\u00e4ytt\u00f6tarkoitukset: Hawthorn on yksi arvokkaimmista syd\u00e4n- ja verenkiertol\u00e4\u00e4kkeist\u00e4mme.<\/p>\n","protected":false},"excerpt":{"rendered":"<p>Orapihjala tai Crataegus<\/p>\n<p><strong>Tuotetiedot<\/strong>: 60 kapselia. 1 kapseli sis\u00e4lt\u00e4\u00e4 500 mg orapihlajauutetta.<\/p>\n<p>Crataegus-uute (standardoitu 2 % flavonoideihin, crataegus pinnatifida).<\/p>\n<p>Vaikuttavat aineet: flavonoidiglykosidit, saponiinit, prosyanidiinit, trimetyyliamiini, tanniinit, triterpeenihapot, typpiyhdisteet (mukaan lukien koliini, asetyylikoliini ja etanolarniini) ja puriiniaineet.<\/p>\n<p>K\u00e4ytetyt osat: kukat, lehdet ja marjat.<\/p>\n<p>Annostus: 1 kapseli 2 kertaa p\u00e4iv\u00e4ss\u00e4. Vaikutukset tulevat pidemm\u00e4n k\u00e4yt\u00f6n j\u00e4lkeen (v\u00e4hint\u00e4\u00e4n kuusi viikkoa).<\/p>\n<p>P\u00e4\u00e4asialliset k\u00e4ytt\u00f6tarkoitukset: Hawthorn on yksi arvokkaimmista syd\u00e4n- ja verenkiertol\u00e4\u00e4kkeist\u00e4mme.<\/p>\n<p><strong>60 kapselia<\/strong><\/p>\n","protected":false},"featured_media":13989,"comment_status":"open","ping_status":"closed","template":"","meta":{"_acf_changed":false,"inline_featured_image":false,"_kad_blocks_custom_css":"","_kad_blocks_head_custom_js":"","_kad_blocks_body_custom_js":"","_kad_blocks_footer_custom_js":"","_kadence_starter_templates_imported_post":false,"_kad_post_transparent":"default","_kad_post_title":"","_kad_post_layout":"default","_kad_post_sidebar_id":"","_kad_post_content_style":"default","_kad_post_vertical_padding":"default","_kad_post_feature":"","_kad_post_feature_position":"","_kad_post_header":false,"_kad_post_footer":false},"product_brand":[],"product_cat":[141,2497,2492],"product_tag":[5082,5073,5078,5071,5069,5074,5070,5080,5072,5079,5088,5081,5077,5085,5083,5086,5075,5076,5087,5084],"class_list":{"0":"post-8555","1":"product","2":"type-product","3":"status-publish","4":"has-post-thumbnail","6":"product_cat-orter-fi","7":"product_cat-reviva-nutrition-fi","8":"product_cat-only-for-resellers-sweden-fi","9":"product_tag-crataegus-ahdistukseen","10":"product_tag-crataegus-ja-verenkierto","11":"product_tag-crataegus-sydamelle","12":"product_tag-crataegus-sydamen-terveys","13":"product_tag-hawthorn-hyodyt","14":"product_tag-hawthorn-kasviperainen-laake","15":"product_tag-hawthorn-lisaravinteet","16":"product_tag-hawthorn-sivuvaikutukset","17":"product_tag-hawthorn-verenpaine","18":"product_tag-hawthorn-verenpaineen-saato","19":"product_tag-miten-orapihlaja-toimii","20":"product_tag-orapihlaja-ateroskleroosiin","21":"product_tag-orapihlaja-ja-kolesteroli","22":"product_tag-orapihlaja-ja-stressi","23":"product_tag-orapihlaja-ja-verisuonet","24":"product_tag-orapihlaja-sydan-ja-verisuoniterveyteen","25":"product_tag-orapihlaja-sydanongelmiin","26":"product_tag-orapihlajauute","27":"product_tag-osta-crataegus-verkosta","28":"product_tag-paras-orapihlaja-lisaaine","30":"first","31":"instock","32":"taxable","33":"shipping-taxable","34":"purchasable","35":"product-type-simple","36":"entry","37":"content-bg","38":"loop-entry"},"acf":[],"yoast_head":"<!-- This site is optimized with the Yoast SEO plugin v25.8 - https:\/\/yoast.com\/wordpress\/plugins\/seo\/ -->\n<title>Crataegus - Orapihlaja - Reviva<\/title>\n<meta name=\"description\" content=\"Crataegus\/Orapihlaja on yksi arvokkaimmista syd\u00e4men ja verenkierron tekij\u00f6ist\u00e4mme. Sopii my\u00f6s ruoansulatush\u00e4iri\u00f6ihin, gastriittiin ja ripuliin.\" \/>\n<meta name=\"robots\" content=\"index, follow, max-snippet:-1, max-image-preview:large, max-video-preview:-1\" \/>\n<link rel=\"canonical\" href=\"https:\/\/reviva.fi\/fi\/tuote\/crataegus-orapihlaja\/\" \/>\n<meta property=\"og:locale\" content=\"fi_FI\" \/>\n<meta property=\"og:type\" content=\"article\" \/>\n<meta property=\"og:title\" content=\"Crataegus - Orapihlaja - Reviva\" \/>\n<meta property=\"og:description\" content=\"Crataegus\/Orapihlaja on yksi arvokkaimmista syd\u00e4men ja verenkierron tekij\u00f6ist\u00e4mme. Sopii my\u00f6s ruoansulatush\u00e4iri\u00f6ihin, gastriittiin ja ripuliin.\" \/>\n<meta property=\"og:url\" content=\"https:\/\/reviva.fi\/fi\/tuote\/crataegus-orapihlaja\/\" \/>\n<meta property=\"og:site_name\" content=\"Reviva\" \/>\n<meta property=\"article:modified_time\" content=\"2025-02-03T13:36:07+00:00\" \/>\n<meta property=\"og:image\" content=\"https:\/\/reviva.fi\/wp-content\/uploads\/2024\/02\/REV009-Crataegus-Photoroom-e1771585493768.png\" \/>\n\t<meta property=\"og:image:width\" content=\"2000\" \/>\n\t<meta property=\"og:image:height\" content=\"1333\" \/>\n\t<meta property=\"og:image:type\" content=\"image\/png\" \/>\n<meta name=\"twitter:card\" content=\"summary_large_image\" \/>\n<script type=\"application\/ld+json\" class=\"yoast-schema-graph\">{\"@context\":\"https:\/\/schema.org\",\"@graph\":[{\"@type\":\"WebPage\",\"@id\":\"https:\/\/reviva.fi\/fi\/tuote\/crataegus-orapihlaja\/\",\"url\":\"https:\/\/reviva.fi\/fi\/tuote\/crataegus-orapihlaja\/\",\"name\":\"Crataegus - Orapihlaja - Reviva\",\"isPartOf\":{\"@id\":\"https:\/\/reviva.fi\/fi\/#website\"},\"primaryImageOfPage\":{\"@id\":\"https:\/\/reviva.fi\/fi\/tuote\/crataegus-orapihlaja\/#primaryimage\"},\"image\":{\"@id\":\"https:\/\/reviva.fi\/fi\/tuote\/crataegus-orapihlaja\/#primaryimage\"},\"thumbnailUrl\":\"https:\/\/reviva.fi\/wp-content\/uploads\/2024\/02\/REV009-Crataegus-Photoroom-e1771585493768.png\",\"datePublished\":\"2024-02-07T12:13:26+00:00\",\"dateModified\":\"2025-02-03T13:36:07+00:00\",\"description\":\"Crataegus\/Orapihlaja on yksi arvokkaimmista syd\u00e4men ja verenkierron tekij\u00f6ist\u00e4mme. Sopii my\u00f6s ruoansulatush\u00e4iri\u00f6ihin, gastriittiin ja ripuliin.\",\"breadcrumb\":{\"@id\":\"https:\/\/reviva.fi\/fi\/tuote\/crataegus-orapihlaja\/#breadcrumb\"},\"inLanguage\":\"fi\",\"potentialAction\":[{\"@type\":\"ReadAction\",\"target\":[\"https:\/\/reviva.fi\/fi\/tuote\/crataegus-orapihlaja\/\"]}]},{\"@type\":\"ImageObject\",\"inLanguage\":\"fi\",\"@id\":\"https:\/\/reviva.fi\/fi\/tuote\/crataegus-orapihlaja\/#primaryimage\",\"url\":\"https:\/\/reviva.fi\/wp-content\/uploads\/2024\/02\/REV009-Crataegus-Photoroom-e1771585493768.png\",\"contentUrl\":\"https:\/\/reviva.fi\/wp-content\/uploads\/2024\/02\/REV009-Crataegus-Photoroom-e1771585493768.png\",\"width\":2000,\"height\":1333,\"caption\":\"Crataegus\"},{\"@type\":\"BreadcrumbList\",\"@id\":\"https:\/\/reviva.fi\/fi\/tuote\/crataegus-orapihlaja\/#breadcrumb\",\"itemListElement\":[{\"@type\":\"ListItem\",\"position\":1,\"name\":\"Etusivu\",\"item\":\"https:\/\/reviva.fi\/fi\/\"},{\"@type\":\"ListItem\",\"position\":2,\"name\":\"Tuotteet\",\"item\":\"https:\/\/reviva.fi\/produkter\/\"},{\"@type\":\"ListItem\",\"position\":3,\"name\":\"Crataegus &#8211; Orapihlaja\"}]},{\"@type\":\"WebSite\",\"@id\":\"https:\/\/reviva.fi\/fi\/#website\",\"url\":\"https:\/\/reviva.fi\/fi\/\",\"name\":\"Reviva\",\"description\":\"\",\"publisher\":{\"@id\":\"https:\/\/reviva.fi\/fi\/#organization\"},\"potentialAction\":[{\"@type\":\"SearchAction\",\"target\":{\"@type\":\"EntryPoint\",\"urlTemplate\":\"https:\/\/reviva.fi\/fi\/?s={search_term_string}\"},\"query-input\":{\"@type\":\"PropertyValueSpecification\",\"valueRequired\":true,\"valueName\":\"search_term_string\"}}],\"inLanguage\":\"fi\"},{\"@type\":\"Organization\",\"@id\":\"https:\/\/reviva.fi\/fi\/#organization\",\"name\":\"Reviva\",\"url\":\"https:\/\/reviva.fi\/fi\/\",\"logo\":{\"@type\":\"ImageObject\",\"inLanguage\":\"fi\",\"@id\":\"https:\/\/reviva.fi\/fi\/#\/schema\/logo\/image\/\",\"url\":\"https:\/\/reviva.fi\/wp-content\/uploads\/2023\/10\/reviva-logo2.svg\",\"contentUrl\":\"https:\/\/reviva.fi\/wp-content\/uploads\/2023\/10\/reviva-logo2.svg\",\"caption\":\"Reviva\"},\"image\":{\"@id\":\"https:\/\/reviva.fi\/fi\/#\/schema\/logo\/image\/\"}}]}<\/script>\n<meta property=\"product:price:amount\" content=\"27.10\" \/>\n<meta property=\"product:price:currency\" content=\"EUR\" \/>\n<meta property=\"og:availability\" content=\"instock\" \/>\n<meta property=\"product:availability\" content=\"instock\" \/>\n<meta property=\"product:retailer_item_id\" content=\"REV009\" \/>\n<meta property=\"product:condition\" content=\"new\" \/>\n<!-- \/ Yoast SEO plugin. -->","yoast_head_json":{"title":"Crataegus - Orapihlaja - Reviva","description":"Crataegus\/Orapihlaja on yksi arvokkaimmista syd\u00e4men ja verenkierron tekij\u00f6ist\u00e4mme. Sopii my\u00f6s ruoansulatush\u00e4iri\u00f6ihin, gastriittiin ja ripuliin.","robots":{"index":"index","follow":"follow","max-snippet":"max-snippet:-1","max-image-preview":"max-image-preview:large","max-video-preview":"max-video-preview:-1"},"canonical":"https:\/\/reviva.fi\/fi\/tuote\/crataegus-orapihlaja\/","og_locale":"fi_FI","og_type":"article","og_title":"Crataegus - Orapihlaja - Reviva","og_description":"Crataegus\/Orapihlaja on yksi arvokkaimmista syd\u00e4men ja verenkierron tekij\u00f6ist\u00e4mme. Sopii my\u00f6s ruoansulatush\u00e4iri\u00f6ihin, gastriittiin ja ripuliin.","og_url":"https:\/\/reviva.fi\/fi\/tuote\/crataegus-orapihlaja\/","og_site_name":"Reviva","article_modified_time":"2025-02-03T13:36:07+00:00","og_image":[{"width":2000,"height":1333,"url":"https:\/\/reviva.fi\/wp-content\/uploads\/2024\/02\/REV009-Crataegus-Photoroom-e1771585493768.png","type":"image\/png"}],"twitter_card":"summary_large_image","schema":{"@context":"https:\/\/schema.org","@graph":[{"@type":"WebPage","@id":"https:\/\/reviva.fi\/fi\/tuote\/crataegus-orapihlaja\/","url":"https:\/\/reviva.fi\/fi\/tuote\/crataegus-orapihlaja\/","name":"Crataegus - Orapihlaja - Reviva","isPartOf":{"@id":"https:\/\/reviva.fi\/fi\/#website"},"primaryImageOfPage":{"@id":"https:\/\/reviva.fi\/fi\/tuote\/crataegus-orapihlaja\/#primaryimage"},"image":{"@id":"https:\/\/reviva.fi\/fi\/tuote\/crataegus-orapihlaja\/#primaryimage"},"thumbnailUrl":"https:\/\/reviva.fi\/wp-content\/uploads\/2024\/02\/REV009-Crataegus-Photoroom-e1771585493768.png","datePublished":"2024-02-07T12:13:26+00:00","dateModified":"2025-02-03T13:36:07+00:00","description":"Crataegus\/Orapihlaja on yksi arvokkaimmista syd\u00e4men ja verenkierron tekij\u00f6ist\u00e4mme. Sopii my\u00f6s ruoansulatush\u00e4iri\u00f6ihin, gastriittiin ja ripuliin.","breadcrumb":{"@id":"https:\/\/reviva.fi\/fi\/tuote\/crataegus-orapihlaja\/#breadcrumb"},"inLanguage":"fi","potentialAction":[{"@type":"ReadAction","target":["https:\/\/reviva.fi\/fi\/tuote\/crataegus-orapihlaja\/"]}]},{"@type":"ImageObject","inLanguage":"fi","@id":"https:\/\/reviva.fi\/fi\/tuote\/crataegus-orapihlaja\/#primaryimage","url":"https:\/\/reviva.fi\/wp-content\/uploads\/2024\/02\/REV009-Crataegus-Photoroom-e1771585493768.png","contentUrl":"https:\/\/reviva.fi\/wp-content\/uploads\/2024\/02\/REV009-Crataegus-Photoroom-e1771585493768.png","width":2000,"height":1333,"caption":"Crataegus"},{"@type":"BreadcrumbList","@id":"https:\/\/reviva.fi\/fi\/tuote\/crataegus-orapihlaja\/#breadcrumb","itemListElement":[{"@type":"ListItem","position":1,"name":"Etusivu","item":"https:\/\/reviva.fi\/fi\/"},{"@type":"ListItem","position":2,"name":"Tuotteet","item":"https:\/\/reviva.fi\/produkter\/"},{"@type":"ListItem","position":3,"name":"Crataegus &#8211; Orapihlaja"}]},{"@type":"WebSite","@id":"https:\/\/reviva.fi\/fi\/#website","url":"https:\/\/reviva.fi\/fi\/","name":"Reviva","description":"","publisher":{"@id":"https:\/\/reviva.fi\/fi\/#organization"},"potentialAction":[{"@type":"SearchAction","target":{"@type":"EntryPoint","urlTemplate":"https:\/\/reviva.fi\/fi\/?s={search_term_string}"},"query-input":{"@type":"PropertyValueSpecification","valueRequired":true,"valueName":"search_term_string"}}],"inLanguage":"fi"},{"@type":"Organization","@id":"https:\/\/reviva.fi\/fi\/#organization","name":"Reviva","url":"https:\/\/reviva.fi\/fi\/","logo":{"@type":"ImageObject","inLanguage":"fi","@id":"https:\/\/reviva.fi\/fi\/#\/schema\/logo\/image\/","url":"https:\/\/reviva.fi\/wp-content\/uploads\/2023\/10\/reviva-logo2.svg","contentUrl":"https:\/\/reviva.fi\/wp-content\/uploads\/2023\/10\/reviva-logo2.svg","caption":"Reviva"},"image":{"@id":"https:\/\/reviva.fi\/fi\/#\/schema\/logo\/image\/"}}]},"product_price_amount":"27.10","product_price_currency":"EUR","og_availability":"instock","product_availability":"instock","product_retailer_item_id":"REV009","product_condition":"new"},"taxonomy_info":{"product_cat":[{"value":141,"label":"Yrtit"},{"value":2497,"label":"Reviva Nutrition"},{"value":2492,"label":"Only for resellers - Sweden"}],"product_tag":[{"value":5082,"label":"Crataegus ahdistukseen"},{"value":5073,"label":"Crataegus ja verenkierto"},{"value":5078,"label":"Crataegus syd\u00e4melle"},{"value":5071,"label":"Crataegus syd\u00e4men terveys"},{"value":5069,"label":"Hawthorn hy\u00f6dyt"},{"value":5074,"label":"Hawthorn kasviper\u00e4inen l\u00e4\u00e4ke"},{"value":5070,"label":"Hawthorn lis\u00e4ravinteet"},{"value":5080,"label":"Hawthorn sivuvaikutukset"},{"value":5072,"label":"Hawthorn verenpaine"},{"value":5079,"label":"Hawthorn verenpaineen s\u00e4\u00e4t\u00f6"},{"value":5088,"label":"Miten orapihlaja toimii?"},{"value":5081,"label":"Orapihlaja ateroskleroosiin"},{"value":5077,"label":"Orapihlaja ja kolesteroli"},{"value":5085,"label":"Orapihlaja ja stressi"},{"value":5083,"label":"Orapihlaja ja verisuonet"},{"value":5086,"label":"Orapihlaja syd\u00e4n- ja verisuoniterveyteen"},{"value":5075,"label":"Orapihlaja syd\u00e4nongelmiin"},{"value":5076,"label":"Orapihlajauute"},{"value":5087,"label":"Osta Crataegus verkosta"},{"value":5084,"label":"Paras orapihlaja lis\u00e4aine"}]},"featured_image_src_large":["https:\/\/reviva.fi\/wp-content\/uploads\/2024\/02\/REV009-Crataegus-Photoroom-1024x682.png",1024,682,true],"author_info":[],"comment_info":0,"_links":{"self":[{"href":"https:\/\/reviva.fi\/fi\/wp-json\/wp\/v2\/product\/8555","targetHints":{"allow":["GET"]}}],"collection":[{"href":"https:\/\/reviva.fi\/fi\/wp-json\/wp\/v2\/product"}],"about":[{"href":"https:\/\/reviva.fi\/fi\/wp-json\/wp\/v2\/types\/product"}],"replies":[{"embeddable":true,"href":"https:\/\/reviva.fi\/fi\/wp-json\/wp\/v2\/comments?post=8555"}],"wp:featuredmedia":[{"embeddable":true,"href":"https:\/\/reviva.fi\/fi\/wp-json\/wp\/v2\/media\/13989"}],"wp:attachment":[{"href":"https:\/\/reviva.fi\/fi\/wp-json\/wp\/v2\/media?parent=8555"}],"wp:term":[{"taxonomy":"product_brand","embeddable":true,"href":"https:\/\/reviva.fi\/fi\/wp-json\/wp\/v2\/product_brand?post=8555"},{"taxonomy":"product_cat","embeddable":true,"href":"https:\/\/reviva.fi\/fi\/wp-json\/wp\/v2\/product_cat?post=8555"},{"taxonomy":"product_tag","embeddable":true,"href":"https:\/\/reviva.fi\/fi\/wp-json\/wp\/v2\/product_tag?post=8555"}],"curies":[{"name":"wp","href":"https:\/\/api.w.org\/{rel}","templated":true}]}}