{"id":9301,"date":"2021-05-05T15:22:07","date_gmt":"2021-05-05T12:22:07","guid":{"rendered":"https:\/\/reviva.fi\/?post_type=product&#038;p=9301"},"modified":"2026-04-14T18:05:42","modified_gmt":"2026-04-14T15:05:42","slug":"magnesium-glysinaatti","status":"publish","type":"product","link":"https:\/\/reviva.fi\/fi\/tuote\/magnesium-glysinaatti\/","title":{"rendered":"Magnesiumglysinaatti"},"content":{"rendered":"<p><span style=\"font-family: var(--global-body-font-family);\"><strong>Magnesiumglysinaatti<\/strong> on mineraaliyhdiste, joka koostuu yhdest\u00e4 magnesium- ja kahdesta glysiinimolekyylist\u00e4 ja jota myyd\u00e4\u00e4n ravintolis\u00e4n\u00e4.<\/span><\/p>\n<p><strong>Magnesium edist\u00e4\u00e4:<\/strong><\/p>\n<ul>\n<li>v\u00e4hent\u00e4m\u00e4\u00e4n v\u00e4symyst\u00e4 ja uupumusta<\/li>\n<li>elektrolyyttitasapaino<\/li>\n<li>normaali energian kierto<\/li>\n<li>hermoston normaalia toimintaa<\/li>\n<li>normaali lihasten toiminta<\/li>\n<li>normaali proteiinisynteesi<\/li>\n<li>normaali prykologinen toiminta<\/li>\n<li>normaalin luurakenteen yll\u00e4pit\u00e4miseksi<\/li>\n<li>normaalien hampaiden yll\u00e4pit\u00e4miseen<\/li>\n<li>sill\u00e4 on rooli solunjakautumisprosessissa<\/li>\n<\/ul>\n<p>&nbsp;<\/p>\n<p>&nbsp;<\/p>\n","protected":false},"excerpt":{"rendered":"<p><span class=\"Y2IQFc\" lang=\"fi\">Jokainen kapseli sis\u00e4lt\u00e4\u00e4 550 mg magnesiumbisglysinaattia, joka tarjoaa 100 mg aktiivisia magnesiumioneja. <\/span><\/p>\n<p><span class=\"Y2IQFc\" lang=\"fi\">T\u00e4m\u00e4 magnesiummuoto on vaihtoehto niille, jotka saavat helposti ripulia magnesiumvalmisteista.<\/span><\/p>\n<p><strong>90 kapselia<\/strong><\/p>\n","protected":false},"featured_media":13935,"comment_status":"open","ping_status":"closed","template":"","meta":{"_acf_changed":false,"inline_featured_image":false,"_kad_blocks_custom_css":"","_kad_blocks_head_custom_js":"","_kad_blocks_body_custom_js":"","_kad_blocks_footer_custom_js":"","_kadence_starter_templates_imported_post":false,"_kad_post_transparent":"default","_kad_post_title":"","_kad_post_layout":"default","_kad_post_sidebar_id":"","_kad_post_content_style":"default","_kad_post_vertical_padding":"default","_kad_post_feature":"","_kad_post_feature_position":"","_kad_post_header":false,"_kad_post_footer":false},"product_brand":[],"product_cat":[93,92,5963,2376,2371,2375],"product_tag":[476,498,484,489,486,490,479,480,1372,519,517,520],"class_list":{"0":"post-9301","1":"product","2":"type-product","3":"status-publish","4":"has-post-thumbnail","6":"product_cat-mineraler-fi","7":"product_cat-magnesium-fi","8":"product_cat-synergos-fi","9":"product_cat-stressad-och-trott-fi","10":"product_cat-muskler-och-leder-fi","11":"product_cat-traning-fi","12":"product_tag-lisaravinne","13":"product_tag-luontais-lisaravinne","14":"product_tag-magnesium-glysinaatti","15":"product_tag-magnesium-jauhe","16":"product_tag-magnesium-lihaskramppi","17":"product_tag-magnesium-lisaravinne","18":"product_tag-magnesiumi","19":"product_tag-magnesiumi-hyodyt","20":"product_tag-ravintolisat-magnesium","21":"product_tag-uupumus","22":"product_tag-vasymys","23":"product_tag-vitamiini","25":"first","26":"instock","27":"taxable","28":"shipping-taxable","29":"purchasable","30":"product-type-simple","31":"entry","32":"content-bg","33":"loop-entry"},"acf":[],"yoast_head":"<!-- This site is optimized with the Yoast SEO plugin v25.8 - https:\/\/yoast.com\/wordpress\/plugins\/seo\/ -->\n<title>Magnesiumglysinaatti - Reviva<\/title>\n<meta name=\"description\" content=\"Magnesiumglysinaatti sopii niille, joilla on herkk\u00e4 vatsa ja jotka saavat ripulia tavallisista magnesiumravinteista. Hell\u00e4varaisempi vatsalle.\" \/>\n<meta name=\"robots\" content=\"index, follow, max-snippet:-1, max-image-preview:large, max-video-preview:-1\" \/>\n<link rel=\"canonical\" href=\"https:\/\/reviva.fi\/fi\/tuote\/magnesium-glysinaatti\/\" \/>\n<meta property=\"og:locale\" content=\"fi_FI\" \/>\n<meta property=\"og:type\" content=\"article\" \/>\n<meta property=\"og:title\" content=\"Magnesiumglysinaatti - Reviva\" \/>\n<meta property=\"og:description\" content=\"Magnesiumglysinaatti sopii niille, joilla on herkk\u00e4 vatsa ja jotka saavat ripulia tavallisista magnesiumravinteista. Hell\u00e4varaisempi vatsalle.\" \/>\n<meta property=\"og:url\" content=\"https:\/\/reviva.fi\/fi\/tuote\/magnesium-glysinaatti\/\" \/>\n<meta property=\"og:site_name\" content=\"Reviva\" \/>\n<meta property=\"article:modified_time\" content=\"2026-04-14T15:05:42+00:00\" \/>\n<meta property=\"og:image\" content=\"https:\/\/reviva.fi\/wp-content\/uploads\/2021\/05\/213-H-Magnesiumglycinat-Photoroom-e1771398385154.png\" \/>\n\t<meta property=\"og:image:width\" content=\"2000\" \/>\n\t<meta property=\"og:image:height\" content=\"1333\" \/>\n\t<meta property=\"og:image:type\" content=\"image\/png\" \/>\n<meta name=\"twitter:card\" content=\"summary_large_image\" \/>\n<script type=\"application\/ld+json\" class=\"yoast-schema-graph\">{\"@context\":\"https:\/\/schema.org\",\"@graph\":[{\"@type\":\"WebPage\",\"@id\":\"https:\/\/reviva.fi\/fi\/tuote\/magnesium-glysinaatti\/\",\"url\":\"https:\/\/reviva.fi\/fi\/tuote\/magnesium-glysinaatti\/\",\"name\":\"Magnesiumglysinaatti - Reviva\",\"isPartOf\":{\"@id\":\"https:\/\/reviva.fi\/fi\/#website\"},\"primaryImageOfPage\":{\"@id\":\"https:\/\/reviva.fi\/fi\/tuote\/magnesium-glysinaatti\/#primaryimage\"},\"image\":{\"@id\":\"https:\/\/reviva.fi\/fi\/tuote\/magnesium-glysinaatti\/#primaryimage\"},\"thumbnailUrl\":\"https:\/\/reviva.fi\/wp-content\/uploads\/2021\/05\/213-H-Magnesiumglycinat-Photoroom-e1771398385154.png\",\"datePublished\":\"2021-05-05T12:22:07+00:00\",\"dateModified\":\"2026-04-14T15:05:42+00:00\",\"description\":\"Magnesiumglysinaatti sopii niille, joilla on herkk\u00e4 vatsa ja jotka saavat ripulia tavallisista magnesiumravinteista. Hell\u00e4varaisempi vatsalle.\",\"breadcrumb\":{\"@id\":\"https:\/\/reviva.fi\/fi\/tuote\/magnesium-glysinaatti\/#breadcrumb\"},\"inLanguage\":\"fi\",\"potentialAction\":[{\"@type\":\"ReadAction\",\"target\":[\"https:\/\/reviva.fi\/fi\/tuote\/magnesium-glysinaatti\/\"]}]},{\"@type\":\"ImageObject\",\"inLanguage\":\"fi\",\"@id\":\"https:\/\/reviva.fi\/fi\/tuote\/magnesium-glysinaatti\/#primaryimage\",\"url\":\"https:\/\/reviva.fi\/wp-content\/uploads\/2021\/05\/213-H-Magnesiumglycinat-Photoroom-e1771398385154.png\",\"contentUrl\":\"https:\/\/reviva.fi\/wp-content\/uploads\/2021\/05\/213-H-Magnesiumglycinat-Photoroom-e1771398385154.png\",\"width\":2000,\"height\":1333,\"caption\":\"Magnesiumglycinat\"},{\"@type\":\"BreadcrumbList\",\"@id\":\"https:\/\/reviva.fi\/fi\/tuote\/magnesium-glysinaatti\/#breadcrumb\",\"itemListElement\":[{\"@type\":\"ListItem\",\"position\":1,\"name\":\"Etusivu\",\"item\":\"https:\/\/reviva.fi\/fi\/\"},{\"@type\":\"ListItem\",\"position\":2,\"name\":\"Tuotteet\",\"item\":\"https:\/\/reviva.fi\/produkter\/\"},{\"@type\":\"ListItem\",\"position\":3,\"name\":\"Magnesiumglysinaatti\"}]},{\"@type\":\"WebSite\",\"@id\":\"https:\/\/reviva.fi\/fi\/#website\",\"url\":\"https:\/\/reviva.fi\/fi\/\",\"name\":\"Reviva\",\"description\":\"\",\"publisher\":{\"@id\":\"https:\/\/reviva.fi\/fi\/#organization\"},\"potentialAction\":[{\"@type\":\"SearchAction\",\"target\":{\"@type\":\"EntryPoint\",\"urlTemplate\":\"https:\/\/reviva.fi\/fi\/?s={search_term_string}\"},\"query-input\":{\"@type\":\"PropertyValueSpecification\",\"valueRequired\":true,\"valueName\":\"search_term_string\"}}],\"inLanguage\":\"fi\"},{\"@type\":\"Organization\",\"@id\":\"https:\/\/reviva.fi\/fi\/#organization\",\"name\":\"Reviva\",\"url\":\"https:\/\/reviva.fi\/fi\/\",\"logo\":{\"@type\":\"ImageObject\",\"inLanguage\":\"fi\",\"@id\":\"https:\/\/reviva.fi\/fi\/#\/schema\/logo\/image\/\",\"url\":\"https:\/\/reviva.fi\/wp-content\/uploads\/2023\/10\/reviva-logo2.svg\",\"contentUrl\":\"https:\/\/reviva.fi\/wp-content\/uploads\/2023\/10\/reviva-logo2.svg\",\"caption\":\"Reviva\"},\"image\":{\"@id\":\"https:\/\/reviva.fi\/fi\/#\/schema\/logo\/image\/\"}}]}<\/script>\n<meta property=\"product:price:amount\" content=\"21.10\" \/>\n<meta property=\"product:price:currency\" content=\"EUR\" \/>\n<meta property=\"og:availability\" content=\"instock\" \/>\n<meta property=\"product:availability\" content=\"instock\" \/>\n<meta property=\"product:retailer_item_id\" content=\"213 H\" \/>\n<meta property=\"product:condition\" content=\"new\" \/>\n<!-- \/ Yoast SEO plugin. -->","yoast_head_json":{"title":"Magnesiumglysinaatti - Reviva","description":"Magnesiumglysinaatti sopii niille, joilla on herkk\u00e4 vatsa ja jotka saavat ripulia tavallisista magnesiumravinteista. Hell\u00e4varaisempi vatsalle.","robots":{"index":"index","follow":"follow","max-snippet":"max-snippet:-1","max-image-preview":"max-image-preview:large","max-video-preview":"max-video-preview:-1"},"canonical":"https:\/\/reviva.fi\/fi\/tuote\/magnesium-glysinaatti\/","og_locale":"fi_FI","og_type":"article","og_title":"Magnesiumglysinaatti - Reviva","og_description":"Magnesiumglysinaatti sopii niille, joilla on herkk\u00e4 vatsa ja jotka saavat ripulia tavallisista magnesiumravinteista. Hell\u00e4varaisempi vatsalle.","og_url":"https:\/\/reviva.fi\/fi\/tuote\/magnesium-glysinaatti\/","og_site_name":"Reviva","article_modified_time":"2026-04-14T15:05:42+00:00","og_image":[{"width":2000,"height":1333,"url":"https:\/\/reviva.fi\/wp-content\/uploads\/2021\/05\/213-H-Magnesiumglycinat-Photoroom-e1771398385154.png","type":"image\/png"}],"twitter_card":"summary_large_image","schema":{"@context":"https:\/\/schema.org","@graph":[{"@type":"WebPage","@id":"https:\/\/reviva.fi\/fi\/tuote\/magnesium-glysinaatti\/","url":"https:\/\/reviva.fi\/fi\/tuote\/magnesium-glysinaatti\/","name":"Magnesiumglysinaatti - Reviva","isPartOf":{"@id":"https:\/\/reviva.fi\/fi\/#website"},"primaryImageOfPage":{"@id":"https:\/\/reviva.fi\/fi\/tuote\/magnesium-glysinaatti\/#primaryimage"},"image":{"@id":"https:\/\/reviva.fi\/fi\/tuote\/magnesium-glysinaatti\/#primaryimage"},"thumbnailUrl":"https:\/\/reviva.fi\/wp-content\/uploads\/2021\/05\/213-H-Magnesiumglycinat-Photoroom-e1771398385154.png","datePublished":"2021-05-05T12:22:07+00:00","dateModified":"2026-04-14T15:05:42+00:00","description":"Magnesiumglysinaatti sopii niille, joilla on herkk\u00e4 vatsa ja jotka saavat ripulia tavallisista magnesiumravinteista. Hell\u00e4varaisempi vatsalle.","breadcrumb":{"@id":"https:\/\/reviva.fi\/fi\/tuote\/magnesium-glysinaatti\/#breadcrumb"},"inLanguage":"fi","potentialAction":[{"@type":"ReadAction","target":["https:\/\/reviva.fi\/fi\/tuote\/magnesium-glysinaatti\/"]}]},{"@type":"ImageObject","inLanguage":"fi","@id":"https:\/\/reviva.fi\/fi\/tuote\/magnesium-glysinaatti\/#primaryimage","url":"https:\/\/reviva.fi\/wp-content\/uploads\/2021\/05\/213-H-Magnesiumglycinat-Photoroom-e1771398385154.png","contentUrl":"https:\/\/reviva.fi\/wp-content\/uploads\/2021\/05\/213-H-Magnesiumglycinat-Photoroom-e1771398385154.png","width":2000,"height":1333,"caption":"Magnesiumglycinat"},{"@type":"BreadcrumbList","@id":"https:\/\/reviva.fi\/fi\/tuote\/magnesium-glysinaatti\/#breadcrumb","itemListElement":[{"@type":"ListItem","position":1,"name":"Etusivu","item":"https:\/\/reviva.fi\/fi\/"},{"@type":"ListItem","position":2,"name":"Tuotteet","item":"https:\/\/reviva.fi\/produkter\/"},{"@type":"ListItem","position":3,"name":"Magnesiumglysinaatti"}]},{"@type":"WebSite","@id":"https:\/\/reviva.fi\/fi\/#website","url":"https:\/\/reviva.fi\/fi\/","name":"Reviva","description":"","publisher":{"@id":"https:\/\/reviva.fi\/fi\/#organization"},"potentialAction":[{"@type":"SearchAction","target":{"@type":"EntryPoint","urlTemplate":"https:\/\/reviva.fi\/fi\/?s={search_term_string}"},"query-input":{"@type":"PropertyValueSpecification","valueRequired":true,"valueName":"search_term_string"}}],"inLanguage":"fi"},{"@type":"Organization","@id":"https:\/\/reviva.fi\/fi\/#organization","name":"Reviva","url":"https:\/\/reviva.fi\/fi\/","logo":{"@type":"ImageObject","inLanguage":"fi","@id":"https:\/\/reviva.fi\/fi\/#\/schema\/logo\/image\/","url":"https:\/\/reviva.fi\/wp-content\/uploads\/2023\/10\/reviva-logo2.svg","contentUrl":"https:\/\/reviva.fi\/wp-content\/uploads\/2023\/10\/reviva-logo2.svg","caption":"Reviva"},"image":{"@id":"https:\/\/reviva.fi\/fi\/#\/schema\/logo\/image\/"}}]},"product_price_amount":"21.10","product_price_currency":"EUR","og_availability":"instock","product_availability":"instock","product_retailer_item_id":"213 H","product_condition":"new"},"taxonomy_info":{"product_cat":[{"value":93,"label":"Mineraalit"},{"value":92,"label":"Magnesium"},{"value":5963,"label":"Synergos"},{"value":2376,"label":"Stressaantunut &amp; V\u00e4synyt"},{"value":2371,"label":"Nivelet &amp; Lihakset"},{"value":2375,"label":"Harjoittelu"}],"product_tag":[{"value":476,"label":"lis\u00e4ravinne"},{"value":498,"label":"luontais lis\u00e4ravinne"},{"value":484,"label":"magnesium glysinaatti"},{"value":489,"label":"magnesium jauhe"},{"value":486,"label":"magnesium lihaskramppi"},{"value":490,"label":"magnesium lis\u00e4ravinne"},{"value":479,"label":"magnesiumi"},{"value":480,"label":"magnesiumi hy\u00f6dyt"},{"value":1372,"label":"ravintolis\u00e4t magnesium"},{"value":519,"label":"uupumus"},{"value":517,"label":"v\u00e4symys"},{"value":520,"label":"vitamiini"}]},"featured_image_src_large":["https:\/\/reviva.fi\/wp-content\/uploads\/2021\/05\/213-H-Magnesiumglycinat-Photoroom-1024x682.png",1024,682,true],"author_info":[],"comment_info":0,"_links":{"self":[{"href":"https:\/\/reviva.fi\/fi\/wp-json\/wp\/v2\/product\/9301","targetHints":{"allow":["GET"]}}],"collection":[{"href":"https:\/\/reviva.fi\/fi\/wp-json\/wp\/v2\/product"}],"about":[{"href":"https:\/\/reviva.fi\/fi\/wp-json\/wp\/v2\/types\/product"}],"replies":[{"embeddable":true,"href":"https:\/\/reviva.fi\/fi\/wp-json\/wp\/v2\/comments?post=9301"}],"wp:featuredmedia":[{"embeddable":true,"href":"https:\/\/reviva.fi\/fi\/wp-json\/wp\/v2\/media\/13935"}],"wp:attachment":[{"href":"https:\/\/reviva.fi\/fi\/wp-json\/wp\/v2\/media?parent=9301"}],"wp:term":[{"taxonomy":"product_brand","embeddable":true,"href":"https:\/\/reviva.fi\/fi\/wp-json\/wp\/v2\/product_brand?post=9301"},{"taxonomy":"product_cat","embeddable":true,"href":"https:\/\/reviva.fi\/fi\/wp-json\/wp\/v2\/product_cat?post=9301"},{"taxonomy":"product_tag","embeddable":true,"href":"https:\/\/reviva.fi\/fi\/wp-json\/wp\/v2\/product_tag?post=9301"}],"curies":[{"name":"wp","href":"https:\/\/api.w.org\/{rel}","templated":true}]}}